{"id":642,"date":"2024-08-15T18:25:48","date_gmt":"2024-08-15T18:25:48","guid":{"rendered":"https:\/\/leandropinto.us\/LP\/?page_id=642"},"modified":"2024-08-21T22:05:49","modified_gmt":"2024-08-21T22:05:49","slug":"trading","status":"publish","type":"page","link":"https:\/\/leandropinto.us\/LP\/trading\/","title":{"rendered":"TRADING"},"content":{"rendered":"\n<h1 class=\"wp-block-heading\">NOVAS REGRAS COMERCIAIS<\/h1>\n\n\n\n<p><strong>Facilitando a Negocia\u00e7\u00e3o para Empresas de Todos os Tamanhos!<\/strong> <\/p>\n\n\n\n<p>Na LEANDRO PINTO LAW FIRM, tornamos a negocia\u00e7\u00e3o organizada acess\u00edvel a empresas de qualquer porte. Celebramos contratos em tempo real, transformando seus produtos em lucro e aquisi\u00e7\u00f5es em um processo transparente e simples.<\/p>\n\n\n\n<p>Trabalhamos rigorosamente de acordo com a Lei Federal de 21 de novembro de 2011 n\u00ba 325-FZ \u201cSobre Licita\u00e7\u00f5es Organizadas\u201d.<\/p>\n\n\n\n<p>Experimente uma nova era de negocia\u00e7\u00f5es eficazes e seguras conosco!<\/p>\n\n\n\n<p><strong>COMO COME\u00c7AR A TRABALHAR?<\/strong><\/p>\n\n\n\n<figure class=\"wp-block-table\"><table class=\"has-fixed-layout\"><tbody><tr><td><img decoding=\"async\" width=\"150\" height=\"86\" class=\"wp-image-724 lazyload\" style=\"--smush-placeholder-width: 150px; --smush-placeholder-aspect-ratio: 150\/86;width: 150px;\" data-src=\"https:\/\/leandropinto.us\/LP\/wp-content\/uploads\/2024\/08\/1.png\" alt=\"\" data-srcset=\"https:\/\/leandropinto.us\/LP\/wp-content\/uploads\/2024\/08\/1.png 456w, https:\/\/leandropinto.us\/LP\/wp-content\/uploads\/2024\/08\/1-300x171.png 300w\" data-sizes=\"(max-width: 150px) 100vw, 150px\" src=\"data:image\/svg+xml;base64,PHN2ZyB3aWR0aD0iMSIgaGVpZ2h0PSIxIiB4bWxucz0iaHR0cDovL3d3dy53My5vcmcvMjAwMC9zdmciPjwvc3ZnPg==\" \/><br>REGISTRANDO UMA EMPRESA<\/td><td><img decoding=\"async\" width=\"150\" height=\"86\" class=\"wp-image-725 lazyload\" style=\"--smush-placeholder-width: 150px; --smush-placeholder-aspect-ratio: 150\/86;width: 150px;\" data-src=\"https:\/\/leandropinto.us\/LP\/wp-content\/uploads\/2024\/08\/2.png\" alt=\"\" data-srcset=\"https:\/\/leandropinto.us\/LP\/wp-content\/uploads\/2024\/08\/2.png 456w, https:\/\/leandropinto.us\/LP\/wp-content\/uploads\/2024\/08\/2-300x171.png 300w\" data-sizes=\"(max-width: 150px) 100vw, 150px\" src=\"data:image\/svg+xml;base64,PHN2ZyB3aWR0aD0iMSIgaGVpZ2h0PSIxIiB4bWxucz0iaHR0cDovL3d3dy53My5vcmcvMjAwMC9zdmciPjwvc3ZnPg==\" \/><br>CONCLUINDO UM ACORDO<\/td><td><img decoding=\"async\" width=\"150\" height=\"86\" class=\"wp-image-726 lazyload\" style=\"--smush-placeholder-width: 150px; --smush-placeholder-aspect-ratio: 150\/86;width: 150px;\" data-src=\"https:\/\/leandropinto.us\/LP\/wp-content\/uploads\/2024\/08\/3.png\" alt=\"\" data-srcset=\"https:\/\/leandropinto.us\/LP\/wp-content\/uploads\/2024\/08\/3.png 456w, https:\/\/leandropinto.us\/LP\/wp-content\/uploads\/2024\/08\/3-300x171.png 300w\" data-sizes=\"(max-width: 150px) 100vw, 150px\" src=\"data:image\/svg+xml;base64,PHN2ZyB3aWR0aD0iMSIgaGVpZ2h0PSIxIiB4bWxucz0iaHR0cDovL3d3dy53My5vcmcvMjAwMC9zdmciPjwvc3ZnPg==\" \/><br>ADICIONE SEUS PRODUTOS<\/td><td><img decoding=\"async\" width=\"150\" height=\"86\" class=\"wp-image-727 lazyload\" style=\"--smush-placeholder-width: 150px; --smush-placeholder-aspect-ratio: 150\/86;width: 150px;\" data-src=\"https:\/\/leandropinto.us\/LP\/wp-content\/uploads\/2024\/08\/4.png\" alt=\"\" data-srcset=\"https:\/\/leandropinto.us\/LP\/wp-content\/uploads\/2024\/08\/4.png 456w, https:\/\/leandropinto.us\/LP\/wp-content\/uploads\/2024\/08\/4-300x171.png 300w\" data-sizes=\"(max-width: 150px) 100vw, 150px\" src=\"data:image\/svg+xml;base64,PHN2ZyB3aWR0aD0iMSIgaGVpZ2h0PSIxIiB4bWxucz0iaHR0cDovL3d3dy53My5vcmcvMjAwMC9zdmciPjwvc3ZnPg==\" \/><br>PARTICIPAMOS DE NEG\u00d3CIOS<\/td><\/tr><\/tbody><\/table><\/figure>\n\n\n\n<p><a href=\"https:\/\/leandropinto.us\/LP\/wp-login.php?redirect_to=https%3A%2F%2Fleandropinto.us%2FLP%2Fwp-admin%2F&amp;reauth=1\">FAZER LOGIN \/ ENTRAR<\/a><\/p>\n\n\n\n<p><\/p>\n","protected":false},"excerpt":{"rendered":"<p>NOVAS REGRAS COMERCIAIS Facilitando a Negocia\u00e7\u00e3o para Empresas de Todos os Tamanhos! Na LEANDRO PINTO LAW FIRM, tornamos a negocia\u00e7\u00e3o organizada acess\u00edvel a empresas de qualquer porte. Celebramos contratos em tempo real, transformando seus produtos em lucro e aquisi\u00e7\u00f5es em um processo transparente e simples. Trabalhamos rigorosamente de acordo com a Lei Federal de 21 [&hellip;]<\/p>\n","protected":false},"author":1,"featured_media":0,"parent":0,"menu_order":0,"comment_status":"closed","ping_status":"closed","template":"","meta":{"footnotes":""},"class_list":["post-642","page","type-page","status-publish","hentry"],"_links":{"self":[{"href":"https:\/\/leandropinto.us\/LP\/wp-json\/wp\/v2\/pages\/642","targetHints":{"allow":["GET"]}}],"collection":[{"href":"https:\/\/leandropinto.us\/LP\/wp-json\/wp\/v2\/pages"}],"about":[{"href":"https:\/\/leandropinto.us\/LP\/wp-json\/wp\/v2\/types\/page"}],"author":[{"embeddable":true,"href":"https:\/\/leandropinto.us\/LP\/wp-json\/wp\/v2\/users\/1"}],"replies":[{"embeddable":true,"href":"https:\/\/leandropinto.us\/LP\/wp-json\/wp\/v2\/comments?post=642"}],"version-history":[{"count":3,"href":"https:\/\/leandropinto.us\/LP\/wp-json\/wp\/v2\/pages\/642\/revisions"}],"predecessor-version":[{"id":723,"href":"https:\/\/leandropinto.us\/LP\/wp-json\/wp\/v2\/pages\/642\/revisions\/723"}],"wp:attachment":[{"href":"https:\/\/leandropinto.us\/LP\/wp-json\/wp\/v2\/media?parent=642"}],"curies":[{"name":"wp","href":"https:\/\/api.w.org\/{rel}","templated":true}]}}