{"id":245,"date":"2024-06-20T12:52:18","date_gmt":"2024-06-20T12:52:18","guid":{"rendered":"https:\/\/leandropinto.us\/LP\/?page_id=245"},"modified":"2024-06-20T12:52:19","modified_gmt":"2024-06-20T12:52:19","slug":"direito-esportivo","status":"publish","type":"page","link":"https:\/\/leandropinto.us\/LP\/direito-esportivo\/","title":{"rendered":"Direito Esportivo"},"content":{"rendered":"\n<h1 class=\"wp-block-heading\"> <\/h1>\n\n\n\n<figure class=\"wp-block-image\"><img decoding=\"async\" data-src=\"https:\/\/leandropinto.us\/portugues\/wp-content\/uploads\/2016\/09\/4557455469.jpg\" alt=\"4557455469\" class=\"wp-image-167 lazyload\" src=\"data:image\/svg+xml;base64,PHN2ZyB3aWR0aD0iMSIgaGVpZ2h0PSIxIiB4bWxucz0iaHR0cDovL3d3dy53My5vcmcvMjAwMC9zdmciPjwvc3ZnPg==\" \/><\/figure>\n\n\n\n<hr class=\"wp-block-separator has-alpha-channel-opacity\"\/>\n\n\n\n<p>Leandro Pinto Law Firm conta com a expertise necess\u00e1ria para defender os interesses de atletas, parceiros, intermediadores, clubes e patrocinadores, atuando de forma eficaz na elabora\u00e7\u00e3o contratual, gest\u00e3o, assessoria jur\u00eddica preventiva e contenciosa, conferindo ao cliente a seguran\u00e7a necess\u00e1ria para a celebra\u00e7\u00e3o do neg\u00f3cio jur\u00eddico.<\/p>\n\n\n\n<hr class=\"wp-block-separator has-alpha-channel-opacity\"\/>\n","protected":false},"excerpt":{"rendered":"<p>Leandro Pinto Law Firm conta com a expertise necess\u00e1ria para defender os interesses de atletas, parceiros, intermediadores, clubes e patrocinadores, atuando de forma eficaz na elabora\u00e7\u00e3o contratual, gest\u00e3o, assessoria jur\u00eddica preventiva e contenciosa, conferindo ao cliente a seguran\u00e7a necess\u00e1ria para a celebra\u00e7\u00e3o do neg\u00f3cio jur\u00eddico.<\/p>\n","protected":false},"author":1,"featured_media":0,"parent":0,"menu_order":0,"comment_status":"closed","ping_status":"closed","template":"","meta":{"footnotes":""},"class_list":["post-245","page","type-page","status-publish","hentry"],"_links":{"self":[{"href":"https:\/\/leandropinto.us\/LP\/wp-json\/wp\/v2\/pages\/245","targetHints":{"allow":["GET"]}}],"collection":[{"href":"https:\/\/leandropinto.us\/LP\/wp-json\/wp\/v2\/pages"}],"about":[{"href":"https:\/\/leandropinto.us\/LP\/wp-json\/wp\/v2\/types\/page"}],"author":[{"embeddable":true,"href":"https:\/\/leandropinto.us\/LP\/wp-json\/wp\/v2\/users\/1"}],"replies":[{"embeddable":true,"href":"https:\/\/leandropinto.us\/LP\/wp-json\/wp\/v2\/comments?post=245"}],"version-history":[{"count":0,"href":"https:\/\/leandropinto.us\/LP\/wp-json\/wp\/v2\/pages\/245\/revisions"}],"wp:attachment":[{"href":"https:\/\/leandropinto.us\/LP\/wp-json\/wp\/v2\/media?parent=245"}],"curies":[{"name":"wp","href":"https:\/\/api.w.org\/{rel}","templated":true}]}}