{"id":243,"date":"2024-06-20T12:51:34","date_gmt":"2024-06-20T12:51:34","guid":{"rendered":"https:\/\/leandropinto.us\/LP\/?page_id=243"},"modified":"2024-06-20T12:51:34","modified_gmt":"2024-06-20T12:51:34","slug":"cidadania-europeia-e-norte-americana","status":"publish","type":"page","link":"https:\/\/leandropinto.us\/LP\/cidadania-europeia-e-norte-americana\/","title":{"rendered":"CIDADANIA EUROP\u00c9IA E NORTE-AMERICANA"},"content":{"rendered":"\n<h1 class=\"wp-block-heading\"> <\/h1>\n\n\n\n<figure class=\"wp-block-image\"><img decoding=\"async\" data-src=\"https:\/\/leandropinto.us\/portugues\/wp-content\/uploads\/2016\/09\/advogado-leandro-pinto-cidadania.jpg\" alt=\"advogado-leandro-pinto-cidadania\" class=\"wp-image-100 lazyload\" src=\"data:image\/svg+xml;base64,PHN2ZyB3aWR0aD0iMSIgaGVpZ2h0PSIxIiB4bWxucz0iaHR0cDovL3d3dy53My5vcmcvMjAwMC9zdmciPjwvc3ZnPg==\" \/><\/figure>\n\n\n\n<hr class=\"wp-block-separator has-alpha-channel-opacity\"\/>\n\n\n\n<p>Sabemos das dificuldades e vasta burocracia para se aferir uma dupla cidadania. E \u00e9 por este motivo que nosso corpo jur\u00eddico pode lhe oferecer todo o conforto e atendimento necess\u00e1rio para alcan\u00e7ar este direito. Ao contratar a nossa equipe profissional acompanharemos todo o procedimento da obten\u00e7\u00e3o da cidadania, at\u00e9 a final entrega dos documentos oficiais.<\/p>\n","protected":false},"excerpt":{"rendered":"<p>Sabemos das dificuldades e vasta burocracia para se aferir uma dupla cidadania. E \u00e9 por este motivo que nosso corpo jur\u00eddico pode lhe oferecer todo o conforto e atendimento necess\u00e1rio para alcan\u00e7ar este direito. Ao contratar a nossa equipe profissional acompanharemos todo o procedimento da obten\u00e7\u00e3o da cidadania, at\u00e9 a final entrega dos documentos oficiais.<\/p>\n","protected":false},"author":1,"featured_media":0,"parent":0,"menu_order":0,"comment_status":"closed","ping_status":"closed","template":"","meta":{"footnotes":""},"class_list":["post-243","page","type-page","status-publish","hentry"],"_links":{"self":[{"href":"https:\/\/leandropinto.us\/LP\/wp-json\/wp\/v2\/pages\/243","targetHints":{"allow":["GET"]}}],"collection":[{"href":"https:\/\/leandropinto.us\/LP\/wp-json\/wp\/v2\/pages"}],"about":[{"href":"https:\/\/leandropinto.us\/LP\/wp-json\/wp\/v2\/types\/page"}],"author":[{"embeddable":true,"href":"https:\/\/leandropinto.us\/LP\/wp-json\/wp\/v2\/users\/1"}],"replies":[{"embeddable":true,"href":"https:\/\/leandropinto.us\/LP\/wp-json\/wp\/v2\/comments?post=243"}],"version-history":[{"count":1,"href":"https:\/\/leandropinto.us\/LP\/wp-json\/wp\/v2\/pages\/243\/revisions"}],"predecessor-version":[{"id":244,"href":"https:\/\/leandropinto.us\/LP\/wp-json\/wp\/v2\/pages\/243\/revisions\/244"}],"wp:attachment":[{"href":"https:\/\/leandropinto.us\/LP\/wp-json\/wp\/v2\/media?parent=243"}],"curies":[{"name":"wp","href":"https:\/\/api.w.org\/{rel}","templated":true}]}}