{"id":241,"date":"2024-06-20T12:50:42","date_gmt":"2024-06-20T12:50:42","guid":{"rendered":"https:\/\/leandropinto.us\/LP\/?page_id=241"},"modified":"2024-06-20T12:50:43","modified_gmt":"2024-06-20T12:50:43","slug":"repatriacao-dos-recursos","status":"publish","type":"page","link":"https:\/\/leandropinto.us\/LP\/repatriacao-dos-recursos\/","title":{"rendered":"REPATRIA\u00c7\u00c3O DOS RECURSOS"},"content":{"rendered":"\n<h1 class=\"wp-block-heading\"> <\/h1>\n\n\n\n<figure class=\"wp-block-image\"><img decoding=\"async\" data-src=\"https:\/\/leandropinto.us\/portugues\/wp-content\/uploads\/2016\/09\/advogado-leandro-pinto-repatriacao-dos-recursos.jpg\" alt=\"advogado-leandro-pinto-repatriacao-dos-recursos\" class=\"wp-image-97 lazyload\" src=\"data:image\/svg+xml;base64,PHN2ZyB3aWR0aD0iMSIgaGVpZ2h0PSIxIiB4bWxucz0iaHR0cDovL3d3dy53My5vcmcvMjAwMC9zdmciPjwvc3ZnPg==\" \/><\/figure>\n\n\n\n<hr class=\"wp-block-separator has-alpha-channel-opacity\"\/>\n\n\n\n<p>A Lei 13.254\/2016, posteriormente regulamentada pela Instru\u00e7\u00e3o Normativa 1.627\/2016, instituiu o chamado Regime Especial de Regulariza\u00e7\u00e3o Cambial e Tribut\u00e1ria (RERCT), que permite regularizar ativos (recursos, bens e direitos) possu\u00eddos no exterior e n\u00e3o corretamente declarados \u00e0s autoridades brasileiras (Receita Federal e Banco Central) no passado conforme exigido por Lei.<\/p>\n\n\n\n<p>Nossos profissionais est\u00e3o habilitados para prestar com seguran\u00e7a toda a assessoria necess\u00e1ria para que o seu direito seja alcan\u00e7ado com primazia e efici\u00eancia.<\/p>\n\n\n\n<hr class=\"wp-block-separator has-alpha-channel-opacity\"\/>\n","protected":false},"excerpt":{"rendered":"<p>A Lei 13.254\/2016, posteriormente regulamentada pela Instru\u00e7\u00e3o Normativa 1.627\/2016, instituiu o chamado Regime Especial de Regulariza\u00e7\u00e3o Cambial e Tribut\u00e1ria (RERCT), que permite regularizar ativos (recursos, bens e direitos) possu\u00eddos no exterior e n\u00e3o corretamente declarados \u00e0s autoridades brasileiras (Receita Federal e Banco Central) no passado conforme exigido por Lei. Nossos profissionais est\u00e3o habilitados para prestar [&hellip;]<\/p>\n","protected":false},"author":1,"featured_media":0,"parent":0,"menu_order":0,"comment_status":"closed","ping_status":"closed","template":"","meta":{"footnotes":""},"class_list":["post-241","page","type-page","status-publish","hentry"],"_links":{"self":[{"href":"https:\/\/leandropinto.us\/LP\/wp-json\/wp\/v2\/pages\/241","targetHints":{"allow":["GET"]}}],"collection":[{"href":"https:\/\/leandropinto.us\/LP\/wp-json\/wp\/v2\/pages"}],"about":[{"href":"https:\/\/leandropinto.us\/LP\/wp-json\/wp\/v2\/types\/page"}],"author":[{"embeddable":true,"href":"https:\/\/leandropinto.us\/LP\/wp-json\/wp\/v2\/users\/1"}],"replies":[{"embeddable":true,"href":"https:\/\/leandropinto.us\/LP\/wp-json\/wp\/v2\/comments?post=241"}],"version-history":[{"count":0,"href":"https:\/\/leandropinto.us\/LP\/wp-json\/wp\/v2\/pages\/241\/revisions"}],"wp:attachment":[{"href":"https:\/\/leandropinto.us\/LP\/wp-json\/wp\/v2\/media?parent=241"}],"curies":[{"name":"wp","href":"https:\/\/api.w.org\/{rel}","templated":true}]}}