{"id":237,"date":"2024-06-20T12:49:17","date_gmt":"2024-06-20T12:49:17","guid":{"rendered":"https:\/\/leandropinto.us\/LP\/?page_id=237"},"modified":"2024-06-20T12:49:17","modified_gmt":"2024-06-20T12:49:17","slug":"direito-imobiliario","status":"publish","type":"page","link":"https:\/\/leandropinto.us\/LP\/direito-imobiliario\/","title":{"rendered":"DIREITO IMOBILI\u00c1RIO"},"content":{"rendered":"\n<h1 class=\"wp-block-heading\"> <\/h1>\n\n\n\n<figure class=\"wp-block-image\"><img decoding=\"async\" data-src=\"https:\/\/leandropinto.us\/portugues\/wp-content\/uploads\/2016\/09\/imoveis.jpg\" alt=\"imoveis\" class=\"wp-image-58 lazyload\" src=\"data:image\/svg+xml;base64,PHN2ZyB3aWR0aD0iMSIgaGVpZ2h0PSIxIiB4bWxucz0iaHR0cDovL3d3dy53My5vcmcvMjAwMC9zdmciPjwvc3ZnPg==\" \/><\/figure>\n\n\n\n<hr class=\"wp-block-separator has-alpha-channel-opacity\"\/>\n\n\n\n<p>O nosso grupo de mercado imobili\u00e1rio possui s\u00f3lida experi\u00eancia e ampla capacita\u00e7\u00e3o t\u00e9cnica na atua\u00e7\u00e3o internacional para atender com seguran\u00e7a e confiabilidade \u00e0s necessidades jur\u00eddicas do setor imobili\u00e1rio brasileiro de nossos clientes.<\/p>\n\n\n\n<p>Prestamos assessoria a pessoas f\u00edsicas e jur\u00eddicas na realiza\u00e7\u00e3o de neg\u00f3cios imobili\u00e1rios, tais permutas, da\u00e7\u00e3o em pagamento, compra e venda, loca\u00e7\u00f5es, hipotecas, an\u00e1lise e desenvolvimento de contratos.<\/p>\n\n\n\n<p>Assist\u00eancia para estrutura\u00e7\u00e3o de opera\u00e7\u00f5es de securitiza\u00e7\u00e3o de receb\u00edveis imobili\u00e1rios, deb\u00eantures imobili\u00e1rias e fundos de investimento imobili\u00e1rio.<\/p>\n\n\n\n<p>Constitui\u00e7\u00e3o de shopping centers, hot\u00e9is, hospitais, parques tem\u00e1ticos, incorpora\u00e7\u00f5es imobili\u00e1rias, condom\u00ednios, loteamentos, cooperativas habitacionais e cons\u00f3rcios imobili\u00e1rios.<\/p>\n\n\n\n<p>Auditorias para avaliar, sob o aspecto jur\u00eddico, o patrim\u00f4nio imobili\u00e1rio de sociedades. Produ\u00e7\u00e3o de estudos e pareceres sobre os mais diversos temas imobili\u00e1rios.<\/p>\n","protected":false},"excerpt":{"rendered":"<p>O nosso grupo de mercado imobili\u00e1rio possui s\u00f3lida experi\u00eancia e ampla capacita\u00e7\u00e3o t\u00e9cnica na atua\u00e7\u00e3o internacional para atender com seguran\u00e7a e confiabilidade \u00e0s necessidades jur\u00eddicas do setor imobili\u00e1rio brasileiro de nossos clientes. Prestamos assessoria a pessoas f\u00edsicas e jur\u00eddicas na realiza\u00e7\u00e3o de neg\u00f3cios imobili\u00e1rios, tais permutas, da\u00e7\u00e3o em pagamento, compra e venda, loca\u00e7\u00f5es, hipotecas, an\u00e1lise [&hellip;]<\/p>\n","protected":false},"author":1,"featured_media":0,"parent":0,"menu_order":0,"comment_status":"closed","ping_status":"closed","template":"","meta":{"footnotes":""},"class_list":["post-237","page","type-page","status-publish","hentry"],"_links":{"self":[{"href":"https:\/\/leandropinto.us\/LP\/wp-json\/wp\/v2\/pages\/237","targetHints":{"allow":["GET"]}}],"collection":[{"href":"https:\/\/leandropinto.us\/LP\/wp-json\/wp\/v2\/pages"}],"about":[{"href":"https:\/\/leandropinto.us\/LP\/wp-json\/wp\/v2\/types\/page"}],"author":[{"embeddable":true,"href":"https:\/\/leandropinto.us\/LP\/wp-json\/wp\/v2\/users\/1"}],"replies":[{"embeddable":true,"href":"https:\/\/leandropinto.us\/LP\/wp-json\/wp\/v2\/comments?post=237"}],"version-history":[{"count":0,"href":"https:\/\/leandropinto.us\/LP\/wp-json\/wp\/v2\/pages\/237\/revisions"}],"wp:attachment":[{"href":"https:\/\/leandropinto.us\/LP\/wp-json\/wp\/v2\/media?parent=237"}],"curies":[{"name":"wp","href":"https:\/\/api.w.org\/{rel}","templated":true}]}}