{"id":235,"date":"2024-06-20T12:48:28","date_gmt":"2024-06-20T12:48:28","guid":{"rendered":"https:\/\/leandropinto.us\/LP\/?page_id=235"},"modified":"2024-06-20T12:48:28","modified_gmt":"2024-06-20T12:48:28","slug":"tributario","status":"publish","type":"page","link":"https:\/\/leandropinto.us\/LP\/tributario\/","title":{"rendered":"TRIBUT\u00c1RIO"},"content":{"rendered":"\n<h1 class=\"wp-block-heading\"> <\/h1>\n\n\n\n<figure class=\"wp-block-image\"><img decoding=\"async\" data-src=\"https:\/\/leandropinto.us\/portugues\/wp-content\/uploads\/2016\/09\/advogado-leandro-pinto-direito-tributario.jpg\" alt=\"advogado-leandro-pinto-direito-tributario\" class=\"wp-image-27 lazyload\" src=\"data:image\/svg+xml;base64,PHN2ZyB3aWR0aD0iMSIgaGVpZ2h0PSIxIiB4bWxucz0iaHR0cDovL3d3dy53My5vcmcvMjAwMC9zdmciPjwvc3ZnPg==\" \/><\/figure>\n\n\n\n<hr class=\"wp-block-separator has-alpha-channel-opacity\"\/>\n\n\n\n<p>Prestamos aux\u00edlio a empresas na resolu\u00e7\u00e3o das mais diversas quest\u00f5es, seja consultiva, contenciosa, administrativa ou judicial. Proporcionamos aos nossos clientes alternativas, benef\u00edcios e a vis\u00e3o de eventual risco envolvido em cada caso, agregando informa\u00e7\u00f5es relevantes no momento da tomada de decis\u00e3o dos departamentos jur\u00eddicos e tribut\u00e1rios, ou dos executivos das empresas.<\/p>\n\n\n\n<p>Assessoria em opera\u00e7\u00f5es no mercado financeiro e de capitais, assim como planejamento e estrutura\u00e7\u00e3o fiscal de aliena\u00e7\u00f5es, aquisi\u00e7\u00f5es, cis\u00f5es, incorpora\u00e7\u00f5es, fus\u00f5es e demais opera\u00e7\u00f5es societ\u00e1rias, inclusive com a avalia\u00e7\u00e3o das conting\u00eancias tribut\u00e1rias envolvidas nessas opera\u00e7\u00f5es, em especial, na compra e venda de empresas, IPOs e emiss\u00e3o de deb\u00eantures.<\/p>\n\n\n\n<hr class=\"wp-block-separator has-alpha-channel-opacity\"\/>\n","protected":false},"excerpt":{"rendered":"<p>Prestamos aux\u00edlio a empresas na resolu\u00e7\u00e3o das mais diversas quest\u00f5es, seja consultiva, contenciosa, administrativa ou judicial. Proporcionamos aos nossos clientes alternativas, benef\u00edcios e a vis\u00e3o de eventual risco envolvido em cada caso, agregando informa\u00e7\u00f5es relevantes no momento da tomada de decis\u00e3o dos departamentos jur\u00eddicos e tribut\u00e1rios, ou dos executivos das empresas. Assessoria em opera\u00e7\u00f5es no [&hellip;]<\/p>\n","protected":false},"author":1,"featured_media":0,"parent":0,"menu_order":0,"comment_status":"closed","ping_status":"closed","template":"","meta":{"footnotes":""},"class_list":["post-235","page","type-page","status-publish","hentry"],"_links":{"self":[{"href":"https:\/\/leandropinto.us\/LP\/wp-json\/wp\/v2\/pages\/235","targetHints":{"allow":["GET"]}}],"collection":[{"href":"https:\/\/leandropinto.us\/LP\/wp-json\/wp\/v2\/pages"}],"about":[{"href":"https:\/\/leandropinto.us\/LP\/wp-json\/wp\/v2\/types\/page"}],"author":[{"embeddable":true,"href":"https:\/\/leandropinto.us\/LP\/wp-json\/wp\/v2\/users\/1"}],"replies":[{"embeddable":true,"href":"https:\/\/leandropinto.us\/LP\/wp-json\/wp\/v2\/comments?post=235"}],"version-history":[{"count":0,"href":"https:\/\/leandropinto.us\/LP\/wp-json\/wp\/v2\/pages\/235\/revisions"}],"wp:attachment":[{"href":"https:\/\/leandropinto.us\/LP\/wp-json\/wp\/v2\/media?parent=235"}],"curies":[{"name":"wp","href":"https:\/\/api.w.org\/{rel}","templated":true}]}}