{"id":233,"date":"2024-06-20T12:47:35","date_gmt":"2024-06-20T12:47:35","guid":{"rendered":"https:\/\/leandropinto.us\/LP\/?page_id=233"},"modified":"2024-06-20T12:47:36","modified_gmt":"2024-06-20T12:47:36","slug":"previdenciario","status":"publish","type":"page","link":"https:\/\/leandropinto.us\/LP\/previdenciario\/","title":{"rendered":"PREVID\u00caNCIARIO"},"content":{"rendered":"\n<h1 class=\"wp-block-heading\"> <\/h1>\n\n\n\n<figure class=\"wp-block-image\"><img decoding=\"async\" data-src=\"https:\/\/leandropinto.us\/portugues\/wp-content\/uploads\/2016\/09\/advogado-leandro-pinto-direito-securitario-previdencia-privada.jpg\" alt=\"advogado-leandro-pinto-direito-securitario-previdencia-privada\" class=\"wp-image-25 lazyload\" src=\"data:image\/svg+xml;base64,PHN2ZyB3aWR0aD0iMSIgaGVpZ2h0PSIxIiB4bWxucz0iaHR0cDovL3d3dy53My5vcmcvMjAwMC9zdmciPjwvc3ZnPg==\" \/><\/figure>\n\n\n\n<hr class=\"wp-block-separator has-alpha-channel-opacity\"\/>\n\n\n\n<p>Oferece a seus clientes assessoria jur\u00eddica qualificada em quest\u00f5es previdenci\u00e1rias. A equipe dedicada \u00e0 mat\u00e9ria possui conhecimento e experi\u00eancia para fornecer assessoria \u00e1gil, precisa e t\u00e9cnica seja na esfera administrativa ou contenciosa. Atualizados atrav\u00e9s da leitura permanente de artigos jur\u00eddicos, estamos prontos para lhe assessorar neste ramo similar do direito.<\/p>\n\n\n\n<hr class=\"wp-block-separator has-alpha-channel-opacity\"\/>\n","protected":false},"excerpt":{"rendered":"<p>Oferece a seus clientes assessoria jur\u00eddica qualificada em quest\u00f5es previdenci\u00e1rias. A equipe dedicada \u00e0 mat\u00e9ria possui conhecimento e experi\u00eancia para fornecer assessoria \u00e1gil, precisa e t\u00e9cnica seja na esfera administrativa ou contenciosa. Atualizados atrav\u00e9s da leitura permanente de artigos jur\u00eddicos, estamos prontos para lhe assessorar neste ramo similar do direito.<\/p>\n","protected":false},"author":1,"featured_media":0,"parent":0,"menu_order":0,"comment_status":"closed","ping_status":"closed","template":"","meta":{"footnotes":""},"class_list":["post-233","page","type-page","status-publish","hentry"],"_links":{"self":[{"href":"https:\/\/leandropinto.us\/LP\/wp-json\/wp\/v2\/pages\/233","targetHints":{"allow":["GET"]}}],"collection":[{"href":"https:\/\/leandropinto.us\/LP\/wp-json\/wp\/v2\/pages"}],"about":[{"href":"https:\/\/leandropinto.us\/LP\/wp-json\/wp\/v2\/types\/page"}],"author":[{"embeddable":true,"href":"https:\/\/leandropinto.us\/LP\/wp-json\/wp\/v2\/users\/1"}],"replies":[{"embeddable":true,"href":"https:\/\/leandropinto.us\/LP\/wp-json\/wp\/v2\/comments?post=233"}],"version-history":[{"count":0,"href":"https:\/\/leandropinto.us\/LP\/wp-json\/wp\/v2\/pages\/233\/revisions"}],"wp:attachment":[{"href":"https:\/\/leandropinto.us\/LP\/wp-json\/wp\/v2\/media?parent=233"}],"curies":[{"name":"wp","href":"https:\/\/api.w.org\/{rel}","templated":true}]}}