{"id":231,"date":"2024-06-20T12:46:52","date_gmt":"2024-06-20T12:46:52","guid":{"rendered":"https:\/\/leandropinto.us\/LP\/?page_id=231"},"modified":"2024-06-20T12:46:52","modified_gmt":"2024-06-20T12:46:52","slug":"administrativo","status":"publish","type":"page","link":"https:\/\/leandropinto.us\/LP\/administrativo\/","title":{"rendered":"ADMINISTRATIVO"},"content":{"rendered":"\n<h1 class=\"wp-block-heading\"> <\/h1>\n\n\n\n<figure class=\"wp-block-image\"><img decoding=\"async\" data-src=\"https:\/\/leandropinto.us\/portugues\/wp-content\/uploads\/2016\/09\/advogado-leandro-pinto-direito-administrativo.jpg\" alt=\"advogado-leandro-pinto-direito-administrativo\" class=\"wp-image-85 lazyload\" src=\"data:image\/svg+xml;base64,PHN2ZyB3aWR0aD0iMSIgaGVpZ2h0PSIxIiB4bWxucz0iaHR0cDovL3d3dy53My5vcmcvMjAwMC9zdmciPjwvc3ZnPg==\" \/><\/figure>\n\n\n\n<hr class=\"wp-block-separator has-alpha-channel-opacity\"\/>\n\n\n\n<p>Contamos com uma equipe dedicada a casos consultivos e contenciosos de Direito Administrativo e Direito P\u00fablico com experi\u00eancia em licita\u00e7\u00f5es p\u00fablicas e contratos administrativos, concess\u00e3o de servi\u00e7os p\u00fablicos e parcerias p\u00fablico-privadas (PPPs), concess\u00e3o de direito de uso e aliena\u00e7\u00e3o de \u00e1reas p\u00fablicas, Lei de Improbidade Administrativa, Lei de Responsabilidade Fiscal e outras mat\u00e9rias correlatas.<\/p>\n\n\n\n<hr class=\"wp-block-separator has-alpha-channel-opacity\"\/>\n","protected":false},"excerpt":{"rendered":"<p>Contamos com uma equipe dedicada a casos consultivos e contenciosos de Direito Administrativo e Direito P\u00fablico com experi\u00eancia em licita\u00e7\u00f5es p\u00fablicas e contratos administrativos, concess\u00e3o de servi\u00e7os p\u00fablicos e parcerias p\u00fablico-privadas (PPPs), concess\u00e3o de direito de uso e aliena\u00e7\u00e3o de \u00e1reas p\u00fablicas, Lei de Improbidade Administrativa, Lei de Responsabilidade Fiscal e outras mat\u00e9rias correlatas.<\/p>\n","protected":false},"author":1,"featured_media":0,"parent":0,"menu_order":0,"comment_status":"closed","ping_status":"closed","template":"","meta":{"footnotes":""},"class_list":["post-231","page","type-page","status-publish","hentry"],"_links":{"self":[{"href":"https:\/\/leandropinto.us\/LP\/wp-json\/wp\/v2\/pages\/231","targetHints":{"allow":["GET"]}}],"collection":[{"href":"https:\/\/leandropinto.us\/LP\/wp-json\/wp\/v2\/pages"}],"about":[{"href":"https:\/\/leandropinto.us\/LP\/wp-json\/wp\/v2\/types\/page"}],"author":[{"embeddable":true,"href":"https:\/\/leandropinto.us\/LP\/wp-json\/wp\/v2\/users\/1"}],"replies":[{"embeddable":true,"href":"https:\/\/leandropinto.us\/LP\/wp-json\/wp\/v2\/comments?post=231"}],"version-history":[{"count":0,"href":"https:\/\/leandropinto.us\/LP\/wp-json\/wp\/v2\/pages\/231\/revisions"}],"wp:attachment":[{"href":"https:\/\/leandropinto.us\/LP\/wp-json\/wp\/v2\/media?parent=231"}],"curies":[{"name":"wp","href":"https:\/\/api.w.org\/{rel}","templated":true}]}}