{"id":229,"date":"2024-06-20T12:46:17","date_gmt":"2024-06-20T12:46:17","guid":{"rendered":"https:\/\/leandropinto.us\/LP\/?page_id=229"},"modified":"2024-06-20T12:46:18","modified_gmt":"2024-06-20T12:46:18","slug":"internacional","status":"publish","type":"page","link":"https:\/\/leandropinto.us\/LP\/internacional\/","title":{"rendered":"INTERNACIONAL"},"content":{"rendered":"\n<h1 class=\"wp-block-heading\"> <\/h1>\n\n\n\n<figure class=\"wp-block-image\"><img decoding=\"async\" data-src=\"https:\/\/leandropinto.us\/portugues\/wp-content\/uploads\/2016\/09\/advogado-leandro-pinto-international.jpg\" alt=\"advogado-leandro-pinto-international\" class=\"wp-image-82 lazyload\" src=\"data:image\/svg+xml;base64,PHN2ZyB3aWR0aD0iMSIgaGVpZ2h0PSIxIiB4bWxucz0iaHR0cDovL3d3dy53My5vcmcvMjAwMC9zdmciPjwvc3ZnPg==\" \/><\/figure>\n\n\n\n<hr class=\"wp-block-separator has-alpha-channel-opacity\"\/>\n\n\n\n<p>Os profissionais dedicados ao tema possuem s\u00f3lida forma\u00e7\u00e3o e experi\u00eancia internacional para assessorar empresas e associa\u00e7\u00f5es de classe nos mais diversos temas. Al\u00e9m dos nossos escrit\u00f3rios localizados no Brasil, contamos com filiais estabelecidas nos Estados Unidos, It\u00e1lia e Vaticano.<\/p>\n\n\n\n<p>Prestamos assessoria em contenciosos e arbitragens desenvolvidas sob as regras da Organiza\u00e7\u00e3o Mundial do Com\u00e9rcio, em controv\u00e9rsias relativas ao com\u00e9rcio ou a investimentos, dirimidas sob as regras do Mercosul e em procedimentos arbitrais privados.<\/p>\n\n\n\n<p>Assist\u00eancia e acompanhamento de negocia\u00e7\u00f5es bilaterais ou multilaterais para melhor aproveitamento de oportunidades ou diminui\u00e7\u00e3o de riscos decorrentes da abertura de mercados ocorrida por for\u00e7a de Tratados Bilaterais, Regionais, ou Multilaterais.<\/p>\n\n\n\n<hr class=\"wp-block-separator has-alpha-channel-opacity\"\/>\n","protected":false},"excerpt":{"rendered":"<p>Os profissionais dedicados ao tema possuem s\u00f3lida forma\u00e7\u00e3o e experi\u00eancia internacional para assessorar empresas e associa\u00e7\u00f5es de classe nos mais diversos temas. Al\u00e9m dos nossos escrit\u00f3rios localizados no Brasil, contamos com filiais estabelecidas nos Estados Unidos, It\u00e1lia e Vaticano. Prestamos assessoria em contenciosos e arbitragens desenvolvidas sob as regras da Organiza\u00e7\u00e3o Mundial do Com\u00e9rcio, em [&hellip;]<\/p>\n","protected":false},"author":1,"featured_media":0,"parent":0,"menu_order":0,"comment_status":"closed","ping_status":"closed","template":"","meta":{"footnotes":""},"class_list":["post-229","page","type-page","status-publish","hentry"],"_links":{"self":[{"href":"https:\/\/leandropinto.us\/LP\/wp-json\/wp\/v2\/pages\/229","targetHints":{"allow":["GET"]}}],"collection":[{"href":"https:\/\/leandropinto.us\/LP\/wp-json\/wp\/v2\/pages"}],"about":[{"href":"https:\/\/leandropinto.us\/LP\/wp-json\/wp\/v2\/types\/page"}],"author":[{"embeddable":true,"href":"https:\/\/leandropinto.us\/LP\/wp-json\/wp\/v2\/users\/1"}],"replies":[{"embeddable":true,"href":"https:\/\/leandropinto.us\/LP\/wp-json\/wp\/v2\/comments?post=229"}],"version-history":[{"count":0,"href":"https:\/\/leandropinto.us\/LP\/wp-json\/wp\/v2\/pages\/229\/revisions"}],"wp:attachment":[{"href":"https:\/\/leandropinto.us\/LP\/wp-json\/wp\/v2\/media?parent=229"}],"curies":[{"name":"wp","href":"https:\/\/api.w.org\/{rel}","templated":true}]}}