{"id":225,"date":"2024-06-20T12:45:00","date_gmt":"2024-06-20T12:45:00","guid":{"rendered":"https:\/\/leandropinto.us\/LP\/?page_id=225"},"modified":"2024-06-20T12:45:01","modified_gmt":"2024-06-20T12:45:01","slug":"familia-e-sucessoes","status":"publish","type":"page","link":"https:\/\/leandropinto.us\/LP\/familia-e-sucessoes\/","title":{"rendered":"FAMILIA E SUCESS\u00d5ES"},"content":{"rendered":"\n<h1 class=\"wp-block-heading\"> <\/h1>\n\n\n\n<figure class=\"wp-block-image\"><img decoding=\"async\" data-src=\"https:\/\/leandropinto.us\/portugues\/wp-content\/uploads\/2016\/09\/advogado-leandro-pinto-family.jpg\" alt=\"advogado-leandro-pinto-family\" class=\"wp-image-76 lazyload\" src=\"data:image\/svg+xml;base64,PHN2ZyB3aWR0aD0iMSIgaGVpZ2h0PSIxIiB4bWxucz0iaHR0cDovL3d3dy53My5vcmcvMjAwMC9zdmciPjwvc3ZnPg==\" \/><\/figure>\n\n\n\n<hr class=\"wp-block-separator has-alpha-channel-opacity\"\/>\n\n\n\n<p>As mat\u00e9rias tratadas na \u00e1rea de fam\u00edlia e sucess\u00f5es quase sempre geram desgaste emocional e psicol\u00f3gico aos envolvidos, exigindo do advogado uma voca\u00e7\u00e3o especial, que n\u00e3o se restringe apenas \u00e0 busca da correta aplica\u00e7\u00e3o da lei e defesa dos interesses do seu cliente. Muitos dos conflitos familiares surgem por absoluto desconhecimento das partes envolvidas das principais regras de fam\u00edlia e sucess\u00f5es. Outros se perpetuam no tempo pela aus\u00eancia de um correto aconselhamento e por decis\u00f5es estrategicamente equivocadas.<\/p>\n\n\n\n<p>Por este motivo, contamos com uma equipe experiente para auxiliar seus clientes na preven\u00e7\u00e3o e resolu\u00e7\u00e3o de conflitos dessa natureza.<\/p>\n\n\n\n<hr class=\"wp-block-separator has-alpha-channel-opacity\"\/>\n","protected":false},"excerpt":{"rendered":"<p>As mat\u00e9rias tratadas na \u00e1rea de fam\u00edlia e sucess\u00f5es quase sempre geram desgaste emocional e psicol\u00f3gico aos envolvidos, exigindo do advogado uma voca\u00e7\u00e3o especial, que n\u00e3o se restringe apenas \u00e0 busca da correta aplica\u00e7\u00e3o da lei e defesa dos interesses do seu cliente. Muitos dos conflitos familiares surgem por absoluto desconhecimento das partes envolvidas das [&hellip;]<\/p>\n","protected":false},"author":1,"featured_media":0,"parent":0,"menu_order":0,"comment_status":"closed","ping_status":"closed","template":"","meta":{"footnotes":""},"class_list":["post-225","page","type-page","status-publish","hentry"],"_links":{"self":[{"href":"https:\/\/leandropinto.us\/LP\/wp-json\/wp\/v2\/pages\/225","targetHints":{"allow":["GET"]}}],"collection":[{"href":"https:\/\/leandropinto.us\/LP\/wp-json\/wp\/v2\/pages"}],"about":[{"href":"https:\/\/leandropinto.us\/LP\/wp-json\/wp\/v2\/types\/page"}],"author":[{"embeddable":true,"href":"https:\/\/leandropinto.us\/LP\/wp-json\/wp\/v2\/users\/1"}],"replies":[{"embeddable":true,"href":"https:\/\/leandropinto.us\/LP\/wp-json\/wp\/v2\/comments?post=225"}],"version-history":[{"count":0,"href":"https:\/\/leandropinto.us\/LP\/wp-json\/wp\/v2\/pages\/225\/revisions"}],"wp:attachment":[{"href":"https:\/\/leandropinto.us\/LP\/wp-json\/wp\/v2\/media?parent=225"}],"curies":[{"name":"wp","href":"https:\/\/api.w.org\/{rel}","templated":true}]}}