{"id":223,"date":"2024-06-20T12:44:17","date_gmt":"2024-06-20T12:44:17","guid":{"rendered":"https:\/\/leandropinto.us\/LP\/?page_id=223"},"modified":"2024-06-20T12:44:18","modified_gmt":"2024-06-20T12:44:18","slug":"trabalhista","status":"publish","type":"page","link":"https:\/\/leandropinto.us\/LP\/trabalhista\/","title":{"rendered":"TRABALHISTA"},"content":{"rendered":"\n<h1 class=\"wp-block-heading\"> <\/h1>\n\n\n\n<figure class=\"wp-block-image\"><img decoding=\"async\" data-src=\"https:\/\/leandropinto.us\/portugues\/wp-content\/uploads\/2016\/09\/advogado-leandro-pinto-direito-empresarial.jpg\" alt=\"advogado-leandro-pinto-direito-empresarial\" class=\"wp-image-23 lazyload\" src=\"data:image\/svg+xml;base64,PHN2ZyB3aWR0aD0iMSIgaGVpZ2h0PSIxIiB4bWxucz0iaHR0cDovL3d3dy53My5vcmcvMjAwMC9zdmciPjwvc3ZnPg==\" \/><\/figure>\n\n\n\n<hr class=\"wp-block-separator has-alpha-channel-opacity\"\/>\n\n\n\n<p>Representa\u00e7\u00e3o de pessoas f\u00edsicas e jur\u00eddicas em processos judiciais e administrativos relacionados \u00e0 aplica\u00e7\u00e3o das normas trabalhistas e previdenci\u00e1rias. Representa\u00e7\u00e3o de sociedades e entidades sindicais em diss\u00eddios coletivos e negocia\u00e7\u00e3o de contratos coletivos de trabalho.<\/p>\n\n\n\n<p>Atendemos nossos clientes com enfoque preventivo, visando evitar conting\u00eancias, passivos e responsabilidades. Para tanto, buscamos a atualiza\u00e7\u00e3o constante e trabalhamos com as teses e jurisprud\u00eancias mais recentes.<\/p>\n\n\n\n<p>Prestamos assessoria jur\u00eddica e preventiva para departamentos de recursos humanos, abrangendo a elabora\u00e7\u00e3o e an\u00e1lise de contratos de trabalho, inclusive para contrata\u00e7\u00e3o de estrangeiros.<\/p>\n\n\n\n<hr class=\"wp-block-separator has-alpha-channel-opacity\"\/>\n","protected":false},"excerpt":{"rendered":"<p>Representa\u00e7\u00e3o de pessoas f\u00edsicas e jur\u00eddicas em processos judiciais e administrativos relacionados \u00e0 aplica\u00e7\u00e3o das normas trabalhistas e previdenci\u00e1rias. Representa\u00e7\u00e3o de sociedades e entidades sindicais em diss\u00eddios coletivos e negocia\u00e7\u00e3o de contratos coletivos de trabalho. Atendemos nossos clientes com enfoque preventivo, visando evitar conting\u00eancias, passivos e responsabilidades. Para tanto, buscamos a atualiza\u00e7\u00e3o constante e trabalhamos [&hellip;]<\/p>\n","protected":false},"author":1,"featured_media":0,"parent":0,"menu_order":0,"comment_status":"closed","ping_status":"closed","template":"","meta":{"footnotes":""},"class_list":["post-223","page","type-page","status-publish","hentry"],"_links":{"self":[{"href":"https:\/\/leandropinto.us\/LP\/wp-json\/wp\/v2\/pages\/223","targetHints":{"allow":["GET"]}}],"collection":[{"href":"https:\/\/leandropinto.us\/LP\/wp-json\/wp\/v2\/pages"}],"about":[{"href":"https:\/\/leandropinto.us\/LP\/wp-json\/wp\/v2\/types\/page"}],"author":[{"embeddable":true,"href":"https:\/\/leandropinto.us\/LP\/wp-json\/wp\/v2\/users\/1"}],"replies":[{"embeddable":true,"href":"https:\/\/leandropinto.us\/LP\/wp-json\/wp\/v2\/comments?post=223"}],"version-history":[{"count":0,"href":"https:\/\/leandropinto.us\/LP\/wp-json\/wp\/v2\/pages\/223\/revisions"}],"wp:attachment":[{"href":"https:\/\/leandropinto.us\/LP\/wp-json\/wp\/v2\/media?parent=223"}],"curies":[{"name":"wp","href":"https:\/\/api.w.org\/{rel}","templated":true}]}}