{"id":2218,"date":"2024-10-27T20:32:35","date_gmt":"2024-10-27T20:32:35","guid":{"rendered":"http:\/\/leandropinto.us\/LP\/?page_id=2218"},"modified":"2024-10-27T22:39:56","modified_gmt":"2024-10-27T22:39:56","slug":"jogos-de-azar-na-suica","status":"publish","type":"page","link":"https:\/\/leandropinto.us\/LP\/jogos-de-azar-na-suica\/","title":{"rendered":"JOGOS DE AZAR NA SU\u00cd\u00c7A"},"content":{"rendered":"<div data-colibri-id=\"2218-c1\" class=\"style-1009 style-local-2218-c1 position-relative\">\n  <!---->\n  <div data-colibri-component=\"section\" data-colibri-id=\"2218-c2\" id=\"custom\" class=\"h-section h-section-global-spacing d-flex align-items-lg-center align-items-md-center align-items-center style-1030 style-local-2218-c2 position-relative\">\n    <!---->\n    <!---->\n    <div class=\"h-section-grid-container h-section-boxed-container\">\n      <!---->\n      <div data-colibri-id=\"2218-c3\" class=\"h-row-container gutters-row-lg-2 gutters-row-md-2 gutters-row-0 gutters-row-v-lg-2 gutters-row-v-md-2 gutters-row-v-2 style-1031 style-local-2218-c3 position-relative\">\n        <!---->\n        <div class=\"h-row justify-content-lg-center justify-content-md-center justify-content-center align-items-lg-stretch align-items-md-stretch align-items-stretch gutters-col-lg-2 gutters-col-md-2 gutters-col-0 gutters-col-v-lg-2 gutters-col-v-md-2 gutters-col-v-2\">\n          <!---->\n          <div class=\"h-column h-column-container d-flex h-col-lg-auto h-col-md-auto h-col-auto style-1032-outer style-local-2218-c4-outer\">\n            <div data-colibri-id=\"2218-c4\" class=\"d-flex h-flex-basis h-column__inner h-ui-empty-state-container h-px-lg-2 h-px-md-2 h-px-2 v-inner-lg-2 v-inner-md-2 v-inner-2 style-1032 style-local-2218-c4 position-relative\">\n              <!---->\n              <!---->\n              <div class=\"w-100 h-y-container h-column__content h-column__v-align flex-basis-100\">\n                <!---->\n              <\/div>\n            <\/div>\n          <\/div>\n        <\/div>\n      <\/div>\n    <\/div>\n  <\/div>\n  <div data-colibri-component=\"section\" data-colibri-id=\"2218-c5\" id=\"content\" class=\"h-section h-section-global-spacing d-flex align-items-lg-center align-items-md-center align-items-center style-1036 style-local-2218-c5 position-relative\">\n    <!---->\n    <!---->\n    <div class=\"h-section-grid-container h-section-fluid-container\">\n      <!---->\n      <div data-colibri-id=\"2218-c6\" class=\"h-row-container gutters-row-lg-0 gutters-row-md-0 gutters-row-2 gutters-row-v-lg-0 gutters-row-v-md-0 gutters-row-v-2 style-1037 style-local-2218-c6 position-relative\">\n        <!---->\n        <div class=\"h-row justify-content-lg-center justify-content-md-center justify-content-center align-items-lg-stretch align-items-md-stretch align-items-stretch gutters-col-lg-0 gutters-col-md-0 gutters-col-2 gutters-col-v-lg-0 gutters-col-v-md-0 gutters-col-v-2\">\n          <!---->\n          <div class=\"h-column h-column-container d-flex h-col-lg-auto h-col-md-auto h-col-auto style-1038-outer style-local-2218-c7-outer\">\n            <div data-colibri-id=\"2218-c7\" class=\"d-flex h-flex-basis h-column__inner h-px-lg-0 h-px-md-0 h-px-0 v-inner-lg-0 v-inner-md-0 v-inner-0 style-1038 style-local-2218-c7 position-relative\">\n              <!---->\n              <!---->\n              <div class=\"w-100 h-y-container h-column__content h-column__v-align flex-basis-100 align-self-lg-start align-self-md-start align-self-start\">\n                <!---->\n                <div data-colibri-id=\"2218-c8\" class=\"h-global-transition-all h-heading style-1039 style-local-2218-c8 position-relative h-element\">\n                  <!---->\n                  <div class=\"h-heading__outer style-1039 style-local-2218-c8\">\n                    <!---->\n                    <!---->\n                    <h4 class=\"\">Regulamenta\u00e7\u00e3o de Jogos de Azar em Genebra: Entenda a Estrutura Legal Su\u00ed\u00e7a com o Dr. Leandro Pinto Law Firm<\/h4>\n                  <\/div>\n                <\/div>\n                <div data-colibri-id=\"2218-c9\" class=\"h-global-transition-all h-heading style-1040 style-local-2218-c9 position-relative h-element\">\n                  <!---->\n                  <div class=\"h-heading__outer style-1040 style-local-2218-c9\">\n                    <!---->\n                    <!---->\n                    <h2 class=\"\">The Secret of Success<\/h2>\n                  <\/div>\n                <\/div>\n                <div data-colibri-id=\"2218-c10\" class=\"h-text h-text-component style-1041 style-local-2218-c10 position-relative h-element\">\n                  <!---->\n                  <!---->\n                  <div class=\"\">\n                    <p>Na Su\u00ed\u00e7a, os jogos de azar s\u00e3o rigorosamente regulamentados em uma estrutura legal complexa e detalhada, que envolve tanto a legisla\u00e7\u00e3o federal quanto a supervis\u00e3o cantonal. Em Genebra, essas regras s\u00e3o especialmente robustas, com\n                      regulamenta\u00e7\u00f5es espec\u00edficas para proteger os jogadores e garantir um ambiente de jogos seguro e respons\u00e1vel. No Dr. Leandro Pinto Law Firm, temos vasta experi\u00eancia em orientar empresas e indiv\u00edduos a navegar por essa intricada legisla\u00e7\u00e3o,\n                      assegurando total conformidade com as normas locais e federais.<\/p>\n                    <p>Legisla\u00e7\u00e3o Federal sobre Jogos de Dinheiro<\/p>\n                    <p>A Su\u00ed\u00e7a estabelece as diretrizes gerais para o setor de jogos de azar atrav\u00e9s da Lei Federal sobre Jogos de Dinheiro (LGD). Essa lei abrange cassinos, loterias, apostas esportivas e jogos online, determinando que apenas operadores\n                      licenciados podem atuar no mercado su\u00ed\u00e7o. A LGD diferencia os jogos em duas categorias principais:<\/p>\n                    <p>Jogos de Grande Envergadura (Classe A): Incluem grandes cassinos e opera\u00e7\u00f5es com maior variedade de jogos.<\/p>\n                    <p>Jogos de Pequena Envergadura (Classe B): Incluem jogos beneficentes e locais, regulamentados principalmente pelos cant\u00f5es.<\/p>\n                    <p>No Dr. Leandro Pinto Law Firm, assessoramos nossos clientes na obten\u00e7\u00e3o de licen\u00e7as e no cumprimento rigoroso da LGD. Nossos advogados especializados garantem que seu neg\u00f3cio atenda aos requisitos de transpar\u00eancia, monitoramento financeiro\n                      e prote\u00e7\u00e3o ao jogador, estabelecidos pelo governo su\u00ed\u00e7o.<\/p>\n                    <p>\n                      <br>\n                    <\/p>\n                  <\/div>\n                <\/div>\n                <div data-colibri-id=\"2218-c11\" class=\"h-row-container gutters-row-lg-2 gutters-row-md-2 gutters-row-0 gutters-row-v-lg-2 gutters-row-v-md-2 gutters-row-v-0 style-1042 style-local-2218-c11 position-relative\">\n                  <!---->\n                  <div class=\"h-row justify-content-lg-center justify-content-md-center justify-content-center align-items-lg-stretch align-items-md-stretch align-items-stretch gutters-col-lg-2 gutters-col-md-2 gutters-col-0 gutters-col-v-lg-2 gutters-col-v-md-2 gutters-col-v-0\">\n                    <!---->\n                    <div class=\"h-column h-column-container d-flex h-col-lg-12 h-col-md-12 h-col-6 style-1043-outer style-local-2218-c12-outer\">\n                      <div data-colibri-id=\"2218-c12\" class=\"d-flex h-flex-basis h-column__inner h-px-lg-0 h-px-md-0 h-px-0 v-inner-lg-0 v-inner-md-0 v-inner-0 style-1043 style-local-2218-c12 position-relative\">\n                        <!---->\n                        <!---->\n                        <div class=\"w-100 h-y-container h-column__content h-column__v-align flex-basis-100 align-self-lg-start align-self-md-start align-self-start\">\n                          <!---->\n                          <div data-colibri-id=\"2218-c13\" class=\"h-global-transition-all h-heading style-1044 style-local-2218-c13 position-relative h-element\">\n                            <!---->\n                            <div class=\"h-heading__outer style-1044 style-local-2218-c13\">\n                              <!---->\n                              <!---->\n                              <h5 class=\"\">Regulamenta\u00e7\u00e3o Cantonal em Genebra: Suas Especificidades<\/h5>\n                            <\/div>\n                          <\/div>\n                          <div data-colibri-id=\"2218-c14\" class=\"h-text h-text-component style-1045 style-local-2218-c14 position-relative h-element\">\n                            <!---->\n                            <!---->\n                            <div class=\"\">\n                              <p>Genebra se destaca por uma regulamenta\u00e7\u00e3o cantonal detalhada, especialmente voltada para jogos beneficentes e opera\u00e7\u00f5es de pequena envergadura. Os eventos de jogos com fins caritativos precisam de autoriza\u00e7\u00e3o e devem seguir\n                                crit\u00e9rios estritos para manter a integridade e o objetivo social da atividade.<\/p>\n                              <p>\n                                <br>\n                              <\/p>\n                              <p>Nossa equipe no Dr. Leandro Pinto Law Firm possui um profundo conhecimento das exig\u00eancias locais de Genebra, permitindo um suporte jur\u00eddico eficiente para associa\u00e7\u00f5es, funda\u00e7\u00f5es e organiza\u00e7\u00f5es que buscam realizar eventos\n                                de jogos para fins sociais.<\/p>\n                              <p>\n                                <br>\n                              <\/p>\n                              <p>Jogos Online: A Regula\u00e7\u00e3o de uma Nova Fronteira<\/p>\n                              <p>\n                                <br>\n                              <\/p>\n                              <p>A Su\u00ed\u00e7a permite opera\u00e7\u00f5es de jogos de azar online, por\u00e9m, apenas operadores licenciados na Su\u00ed\u00e7a podem oferecer esses servi\u00e7os a residentes de Genebra. Sites estrangeiros s\u00e3o bloqueados, criando um ambiente controlado e seguro\n                                para os jogadores. Os operadores s\u00e3o obrigados a implementar medidas rigorosas de prote\u00e7\u00e3o ao jogador, como limites de aposta e ferramentas de autoexclus\u00e3o.<\/p>\n                              <p>\n                                <br>\n                              <\/p>\n                              <p>No Dr. Leandro Pinto Law Firm, auxiliamos operadores online a implementar essas ferramentas e garantimos que seus neg\u00f3cios estejam em conformidade com as regulamenta\u00e7\u00f5es su\u00ed\u00e7as, oferecendo uma experi\u00eancia segura e protegida\n                                aos usu\u00e1rios.<\/p>\n                            <\/div>\n                          <\/div>\n                        <\/div>\n                      <\/div>\n                    <\/div>\n                    <div class=\"h-column h-column-container d-flex h-col-lg-12 h-col-md-12 h-col-6 style-1043-outer style-local-2218-c15-outer\">\n                      <div data-colibri-id=\"2218-c15\" class=\"d-flex h-flex-basis h-column__inner h-px-lg-0 h-px-md-0 h-px-0 v-inner-lg-0 v-inner-md-0 v-inner-0 style-1043 style-local-2218-c15 position-relative\">\n                        <!---->\n                        <!---->\n                        <div class=\"w-100 h-y-container h-column__content h-column__v-align flex-basis-100 align-self-lg-start align-self-md-start align-self-start\">\n                          <!---->\n                          <div data-colibri-id=\"2218-c16\" class=\"h-global-transition-all h-heading style-1044 style-local-2218-c16 position-relative h-element\">\n                            <!---->\n                            <div class=\"h-heading__outer style-1044 style-local-2218-c16\">\n                              <!---->\n                              <!---->\n                              <h5 class=\"\">Prote\u00e7\u00e3o ao Jogador e Medidas Preventivas<\/h5>\n                            <\/div>\n                          <\/div>\n                          <div data-colibri-id=\"2218-c17\" class=\"h-text h-text-component style-1045 style-local-2218-c17 position-relative h-element\">\n                            <!---->\n                            <!---->\n                            <div class=\"\">\n                              <p>Uma das principais prioridades da regulamenta\u00e7\u00e3o su\u00ed\u00e7a \u00e9 proteger os jogadores, combatendo a adi\u00e7\u00e3o ao jogo e promovendo pr\u00e1ticas respons\u00e1veis. Operadores licenciados devem monitorar o comportamento dos jogadores e oferecer\n                                suporte para aqueles em situa\u00e7\u00e3o de risco. Al\u00e9m disso, as autoridades cantonais de Genebra promovem iniciativas de conscientiza\u00e7\u00e3o e programas de assist\u00eancia aos jogadores.<\/p>\n                              <p>\n                                <br>\n                              <\/p>\n                              <p>Nosso escrit\u00f3rio \u00e9 altamente qualificado para fornecer assessoria jur\u00eddica na implementa\u00e7\u00e3o de pol\u00edticas de prote\u00e7\u00e3o ao jogador e auxiliar empresas a aderirem aos programas cantonais e federais de preven\u00e7\u00e3o ao v\u00edcio.<\/p>\n                              <p>\n                                <br>\n                              <\/p>\n                              <p>Conformidade, San\u00e7\u00f5es e Fiscaliza\u00e7\u00e3o<\/p>\n                              <p>\n                                <br>\n                              <\/p>\n                              <p>A legisla\u00e7\u00e3o sobre jogos de azar na Su\u00ed\u00e7a prev\u00ea san\u00e7\u00f5es rigorosas para aqueles que violam as normas, com penalidades que variam de multas a restri\u00e7\u00f5es operacionais. Em Genebra, as autoridades locais trabalham ativamente para\n                                identificar e punir atividades n\u00e3o licenciadas.<\/p>\n                              <p>\n                                <br>\n                              <\/p>\n                              <p>O Dr. Leandro Pinto Law Firm oferece um acompanhamento preventivo e orientado para a conformidade, assegurando que sua opera\u00e7\u00e3o esteja protegida contra quaisquer riscos legais. Com nossa expertise, voc\u00ea poder\u00e1 atuar com seguran\u00e7a\n                                dentro do mercado su\u00ed\u00e7o de jogos de azar, sem comprometer a reputa\u00e7\u00e3o e a sustentabilidade do seu neg\u00f3cio.<\/p>\n                              <p>\n                                <br>\n                              <\/p>\n                            <\/div>\n                          <\/div>\n                        <\/div>\n                      <\/div>\n                    <\/div>\n                    <div class=\"h-column h-column-container d-flex h-col-lg-12 h-col-md-12 h-col-6 style-1043-outer style-local-2218-c18-outer\">\n                      <div data-colibri-id=\"2218-c18\" class=\"d-flex h-flex-basis h-column__inner h-px-lg-0 h-px-md-0 h-px-0 v-inner-lg-0 v-inner-md-0 v-inner-0 style-1043 style-local-2218-c18 position-relative\">\n                        <!---->\n                        <!---->\n                        <div class=\"w-100 h-y-container h-column__content h-column__v-align flex-basis-100 align-self-lg-start align-self-md-start align-self-start\">\n                          <!---->\n                          <div data-colibri-id=\"2218-c19\" class=\"h-global-transition-all h-heading style-1044 style-local-2218-c19 position-relative h-element\">\n                            <!---->\n                            <div class=\"h-heading__outer style-1044 style-local-2218-c19\">\n                              <!---->\n                              <!---->\n                              <h5 class=\"\">Nossos Diferenciais<\/h5>\n                            <\/div>\n                          <\/div>\n                          <div data-colibri-id=\"2218-c20\" class=\"h-text h-text-component style-1045 style-local-2218-c20 position-relative h-element\">\n                            <!---->\n                            <!---->\n                            <div class=\"\">\n                              <p>A vasta experi\u00eancia do Dr. Leandro Pinto e sua equipe nas \u00e1reas de direito internacional e compliance regulat\u00f3rio nos torna l\u00edderes em assessoria para operadores de jogos de azar. Conhecemos a complexidade da legisla\u00e7\u00e3o su\u00ed\u00e7a\n                                e as especificidades de Genebra, oferecendo solu\u00e7\u00f5es jur\u00eddicas personalizadas para neg\u00f3cios em um dos mercados mais regulamentados do mundo.<\/p>\n                              <p>\n                                <br>\n                              <\/p>\n                              <p>Entre em contato conosco para uma consulta personalizada e descubra como o Dr. Leandro Pinto Law Firm pode apoiar sua empresa em todas as etapas de adequa\u00e7\u00e3o ao rigoroso ambiente regulat\u00f3rio su\u00ed\u00e7o.<\/p>\n                            <\/div>\n                          <\/div>\n                        <\/div>\n                      <\/div>\n                    <\/div>\n                  <\/div>\n                <\/div>\n              <\/div>\n            <\/div>\n          <\/div>\n        <\/div>\n      <\/div>\n    <\/div>\n  <\/div>\n<\/div>","protected":false},"excerpt":{"rendered":"<p>Regulamenta\u00e7\u00e3o de Jogos de Azar em Genebra: Entenda a Estrutura Legal Su\u00ed\u00e7a com o Dr. Leandro Pinto Law Firm The Secret of Success Na Su\u00ed\u00e7a, os jogos de azar s\u00e3o rigorosamente regulamentados em uma estrutura legal complexa e detalhada, que envolve tanto a legisla\u00e7\u00e3o federal quanto a supervis\u00e3o cantonal. Em Genebra, essas regras s\u00e3o especialmente [&hellip;]<\/p>\n","protected":false},"author":1,"featured_media":0,"parent":0,"menu_order":0,"comment_status":"closed","ping_status":"closed","template":"page-templates\/full-width-page.php","meta":{"footnotes":""},"class_list":["post-2218","page","type-page","status-publish","hentry"],"_links":{"self":[{"href":"https:\/\/leandropinto.us\/LP\/wp-json\/wp\/v2\/pages\/2218","targetHints":{"allow":["GET"]}}],"collection":[{"href":"https:\/\/leandropinto.us\/LP\/wp-json\/wp\/v2\/pages"}],"about":[{"href":"https:\/\/leandropinto.us\/LP\/wp-json\/wp\/v2\/types\/page"}],"author":[{"embeddable":true,"href":"https:\/\/leandropinto.us\/LP\/wp-json\/wp\/v2\/users\/1"}],"replies":[{"embeddable":true,"href":"https:\/\/leandropinto.us\/LP\/wp-json\/wp\/v2\/comments?post=2218"}],"version-history":[{"count":5,"href":"https:\/\/leandropinto.us\/LP\/wp-json\/wp\/v2\/pages\/2218\/revisions"}],"predecessor-version":[{"id":2248,"href":"https:\/\/leandropinto.us\/LP\/wp-json\/wp\/v2\/pages\/2218\/revisions\/2248"}],"wp:attachment":[{"href":"https:\/\/leandropinto.us\/LP\/wp-json\/wp\/v2\/media?parent=2218"}],"curies":[{"name":"wp","href":"https:\/\/api.w.org\/{rel}","templated":true}]}}