{"id":219,"date":"2024-06-20T12:42:37","date_gmt":"2024-06-20T12:42:37","guid":{"rendered":"https:\/\/leandropinto.us\/LP\/?page_id=219"},"modified":"2024-06-20T12:42:38","modified_gmt":"2024-06-20T12:42:38","slug":"direito-societario","status":"publish","type":"page","link":"https:\/\/leandropinto.us\/LP\/direito-societario\/","title":{"rendered":"DIREITO SOCIET\u00c1RIO"},"content":{"rendered":"\n<figure class=\"wp-block-image\"><img decoding=\"async\" data-src=\"https:\/\/leandropinto.us\/portugues\/wp-content\/uploads\/2016\/09\/advogado-leandro-pinto-direito-societario.jpg\" alt=\"advogado-leandro-pinto-direito-societario\" class=\"wp-image-26 lazyload\" src=\"data:image\/svg+xml;base64,PHN2ZyB3aWR0aD0iMSIgaGVpZ2h0PSIxIiB4bWxucz0iaHR0cDovL3d3dy53My5vcmcvMjAwMC9zdmciPjwvc3ZnPg==\" \/><\/figure>\n\n\n\n<hr class=\"wp-block-separator has-alpha-channel-opacity\"\/>\n\n\n\n<p>Abrangemos todos os tipos societ\u00e1rios, assim como associa\u00e7\u00f5es e funda\u00e7\u00f5es. Nossa equipe possui vasta experi\u00eancia em governan\u00e7a corporativa, preparo de documentos societ\u00e1rios, auditoria legal, abertura e fechamento de capital, registro empresarial, participa\u00e7\u00e3o em assembleias gerais e reuni\u00f5es de s\u00f3cios. negocia\u00e7\u00e3o de acordos de acionistas e de s\u00f3cios, contratos de subscri\u00e7\u00e3o, de investimento, e quaisquer outros acordos necess\u00e1rios para regular as rela\u00e7\u00f5es societ\u00e1rias e \u201cjoint-ventures\u201d. Al\u00e9m da atua\u00e7\u00e3o consultiva, temos tamb\u00e9m ampla experi\u00eancia em disputas societ\u00e1rias, sejam judiciais ou arbitragens.<\/p>\n\n\n\n<hr class=\"wp-block-separator has-alpha-channel-opacity\"\/>\n","protected":false},"excerpt":{"rendered":"<p>Abrangemos todos os tipos societ\u00e1rios, assim como associa\u00e7\u00f5es e funda\u00e7\u00f5es. Nossa equipe possui vasta experi\u00eancia em governan\u00e7a corporativa, preparo de documentos societ\u00e1rios, auditoria legal, abertura e fechamento de capital, registro empresarial, participa\u00e7\u00e3o em assembleias gerais e reuni\u00f5es de s\u00f3cios. negocia\u00e7\u00e3o de acordos de acionistas e de s\u00f3cios, contratos de subscri\u00e7\u00e3o, de investimento, e quaisquer outros [&hellip;]<\/p>\n","protected":false},"author":1,"featured_media":0,"parent":0,"menu_order":0,"comment_status":"closed","ping_status":"closed","template":"","meta":{"footnotes":""},"class_list":["post-219","page","type-page","status-publish","hentry"],"_links":{"self":[{"href":"https:\/\/leandropinto.us\/LP\/wp-json\/wp\/v2\/pages\/219","targetHints":{"allow":["GET"]}}],"collection":[{"href":"https:\/\/leandropinto.us\/LP\/wp-json\/wp\/v2\/pages"}],"about":[{"href":"https:\/\/leandropinto.us\/LP\/wp-json\/wp\/v2\/types\/page"}],"author":[{"embeddable":true,"href":"https:\/\/leandropinto.us\/LP\/wp-json\/wp\/v2\/users\/1"}],"replies":[{"embeddable":true,"href":"https:\/\/leandropinto.us\/LP\/wp-json\/wp\/v2\/comments?post=219"}],"version-history":[{"count":1,"href":"https:\/\/leandropinto.us\/LP\/wp-json\/wp\/v2\/pages\/219\/revisions"}],"predecessor-version":[{"id":220,"href":"https:\/\/leandropinto.us\/LP\/wp-json\/wp\/v2\/pages\/219\/revisions\/220"}],"wp:attachment":[{"href":"https:\/\/leandropinto.us\/LP\/wp-json\/wp\/v2\/media?parent=219"}],"curies":[{"name":"wp","href":"https:\/\/api.w.org\/{rel}","templated":true}]}}