{"id":2141,"date":"2024-09-13T19:29:34","date_gmt":"2024-09-13T19:29:34","guid":{"rendered":"https:\/\/leandropinto.us\/LP\/?page_id=2141"},"modified":"2024-09-13T19:37:13","modified_gmt":"2024-09-13T19:37:13","slug":"politica-de-privacidade-e-cookies","status":"publish","type":"page","link":"https:\/\/leandropinto.us\/LP\/politica-de-privacidade-e-cookies\/","title":{"rendered":"Pol\u00edtica de Privacidade e Cookies"},"content":{"rendered":"<div data-colibri-id=\"2141-c1\" class=\"style-1002 style-local-2141-c1 position-relative\">\n  <!---->\n  <div data-colibri-component=\"section\" data-colibri-id=\"2141-c2\" id=\"custom\" class=\"h-section h-section-global-spacing d-flex align-items-lg-center align-items-md-center align-items-center style-1003 style-local-2141-c2 position-relative\">\n    <!---->\n    <!---->\n    <div class=\"h-section-grid-container h-section-boxed-container\">\n      <!---->\n      <div data-colibri-id=\"2141-c3\" class=\"h-row-container gutters-row-lg-2 gutters-row-md-2 gutters-row-0 gutters-row-v-lg-2 gutters-row-v-md-2 gutters-row-v-2 style-1004 style-local-2141-c3 position-relative\">\n        <!---->\n        <div class=\"h-row justify-content-lg-center justify-content-md-center justify-content-center align-items-lg-stretch align-items-md-stretch align-items-stretch gutters-col-lg-2 gutters-col-md-2 gutters-col-0 gutters-col-v-lg-2 gutters-col-v-md-2 gutters-col-v-2\">\n          <!---->\n          <div class=\"h-column h-column-container d-flex h-col-lg-auto h-col-md-auto h-col-auto style-1005-outer style-local-2141-c4-outer\">\n            <div data-colibri-id=\"2141-c4\" class=\"d-flex h-flex-basis h-column__inner h-px-lg-2 h-px-md-2 h-px-2 v-inner-lg-2 v-inner-md-2 v-inner-2 style-1005 style-local-2141-c4 position-relative\">\n              <!---->\n              <!---->\n              <div class=\"w-100 h-y-container h-column__content h-column__v-align flex-basis-100 align-self-lg-start align-self-md-start align-self-start\">\n                <!---->\n                <div data-colibri-id=\"2141-c7\" class=\"h-text h-text-component style-1008 style-local-2141-c7 position-relative h-element\">\n                  <!---->\n                  <!---->\n                  <div class=\"\">\n                    <p>Esta Pol\u00edtica de Privacidade se aplica \u00e0 coleta, uso e transmiss\u00e3o de dados de e sobre visitantes do&nbsp; site https:\/\/leandropinto.us\/LP\/ e de outros sites mantidos pela&nbsp;LEANDRO PINTO LAW FIRM (as \u201cEmpresas\u201d) que possuem links\n                      para esta Pol\u00edtica de Privacidade.<\/p>\n                    <h3>Nosso compromisso com sua privacidade<\/h3>\n                    <p>Obrigado por visitar o site das Firmas. As Firmas est\u00e3o comprometidas em proteger e respeitar a privacidade dos visitantes de seus sites. Esta Pol\u00edtica de Privacidade descreve:<\/p>\n                    <ul>\n                      <li>como e por que coletamos certas informa\u00e7\u00f5es suas por meio do site e dos servi\u00e7os online fornecidos por meio do site;<\/li>\n                      <li>com quem compartilhamos essas informa\u00e7\u00f5es;<\/li>\n                      <li>como armazenamos essas informa\u00e7\u00f5es, incluindo informa\u00e7\u00f5es sobre como protegemos as informa\u00e7\u00f5es;<\/li>\n                      <li>como voc\u00ea pode acessar e atualizar essas informa\u00e7\u00f5es; e<\/li>\n                      <li>outros aspectos relevantes da nossa pol\u00edtica.<\/li>\n                    <\/ul>\n                    <p>Caso tenha alguma d\u00favida sobre esta Pol\u00edtica de Privacidade ou sobre nossas pr\u00e1ticas de coleta e uso de informa\u00e7\u00f5es, entre em contato conosco usando as informa\u00e7\u00f5es na se\u00e7\u00e3o \u201cFale Conosco\u201d abaixo.<\/p>\n                    <h3>Informa\u00e7\u00f5es que coletamos e como as usamos<\/h3>\n                    <p><strong>Informa\u00e7\u00f5es n\u00e3o pessoais.<\/strong> Como muitos sites, podemos coletar certas informa\u00e7\u00f5es t\u00e9cnicas sobre seu uso do site e, geralmente, essas n\u00e3o s\u00e3o informa\u00e7\u00f5es que as Empresas poderiam usar para identific\u00e1-lo sem refer\u00eancia\n                      a outras informa\u00e7\u00f5es. Por exemplo, podemos coletar seu endere\u00e7o de protocolo de internet (IP), tipo de navegador, a identidade do seu provedor de servi\u00e7os de internet (ISP), o n\u00famero e a dura\u00e7\u00e3o das visitas \u00e0 p\u00e1gina, como voc\u00ea foi\n                      direcionado ao site e o n\u00famero de cliques que voc\u00ea faz ao usar o site. Isso n\u00e3o inclui informa\u00e7\u00f5es demogr\u00e1ficas sobre voc\u00ea. N\u00f3s rastreamos e referenciamos suas informa\u00e7\u00f5es de uso, em agrega\u00e7\u00e3o com as informa\u00e7\u00f5es de uso de outros\n                      visitantes do site, para entender melhor o qu\u00e3o eficaz \u00e9 nosso site e como os visitantes interagem com ele. Podemos usar terceiros, como o Google e nosso host de site, para fornecer servi\u00e7os de an\u00e1lise com base nesses dados. A an\u00e1lise\n                      e os dados subjacentes geralmente s\u00e3o acess\u00edveis apenas \u00e0s Empresas e seus provedores terceirizados.<\/p>\n                    <p>Al\u00e9m disso, algumas partes do nosso site podem usar cookies de sess\u00e3o ou persistentes. Um cookie \u00e9 um arquivo que os servidores da web colocam no computador de um usu\u00e1rio da Internet. Os cookies s\u00e3o projetados para armazenar informa\u00e7\u00f5es\n                      b\u00e1sicas sobre o usu\u00e1rio e transmitir essas informa\u00e7\u00f5es de volta aos servidores que os reconhecem. Eles podem ser usados \u200b\u200bpara medir o comportamento do visitante em e em conex\u00e3o com um site, inclusive por meio da transmiss\u00e3o de informa\u00e7\u00f5es\n                      de uso. Um cookie de sess\u00e3o permanece em sua m\u00e1quina apenas enquanto seu navegador estiver aberto e ajustado para o site que colocou o cookie. Um cookie persistente permanece em sua m\u00e1quina depois que voc\u00ea sai de sua conta e se torna\n                      ativo novamente quando voc\u00ea retorna ao site. Algumas partes do nosso site usam cookies conforme descrito abaixo. Voc\u00ea pode alterar as configura\u00e7\u00f5es do seu navegador da Internet para refletir sua prefer\u00eancia para aceitar, armazenar\n                      e\/ou excluir cookies.<\/p>\n                    <p>Observe que os sinais de n\u00e3o rastrear n\u00e3o s\u00e3o eficazes em nosso site.<\/p>\n                    <h3>Informa\u00e7\u00f5es pessoais<\/h3>\n                    <p>Voc\u00ea tem a oportunidade de enviar informa\u00e7\u00f5es pessoais (como nome, filia\u00e7\u00e3o \u00e0 empresa, cargo, endere\u00e7o de e-mail, n\u00famero de telefone, endere\u00e7o f\u00edsico e se voc\u00ea \u00e9 ou n\u00e3o um cliente atual da empresa) por meio do site para os seguintes\n                      prop\u00f3sitos:<\/p>\n                    <ul>\n                      <li><strong>Recebendo comunica\u00e7\u00f5es ou publica\u00e7\u00f5es .<\/strong> Se voc\u00ea solicitar um eNewsletter, um White Paper ou uma assinatura de um ou de um Blog, usaremos essas informa\u00e7\u00f5es para enviar as publica\u00e7\u00f5es solicitadas. As Firmas ou seus\n                        provedores de servi\u00e7o podem usar cookies persistentes para identific\u00e1-lo como assinante e continuar a entregar conte\u00fado a voc\u00ea.<\/li>\n                      <li><strong>Registrando-se como ex-aluno.<\/strong> Se voc\u00ea escolher se registrar como ex-aluno da empresa, usaremos essas informa\u00e7\u00f5es para enviar not\u00edcias e atualiza\u00e7\u00f5es.<\/li>\n                      <li><strong>Usando a fun\u00e7\u00e3o My Binder.<\/strong>&nbsp;Se voc\u00ea escolher se inscrever para usar a fun\u00e7\u00e3o \u201cMy Binder\u201d neste site, usaremos essas informa\u00e7\u00f5es para criar e permitir acesso \u00e0 sua conta My Binder.&nbsp;&nbsp;<\/li>\n                      <li><strong>Solicitando mais informa\u00e7\u00f5es.<\/strong> Voc\u00ea tem a oportunidade de nos fornecer feedback ou fazer perguntas por meio do link \u201cFale conosco\u201d. Usamos essas informa\u00e7\u00f5es para nos comunicar com voc\u00ea conforme solicitado.<\/li>\n                    <\/ul>\n                    <h3>Compartilhamento de suas informa\u00e7\u00f5es<\/h3>\n                    <p>Podemos compartilhar suas informa\u00e7\u00f5es pessoais com terceiros de uma ou mais das seguintes maneiras:<\/p>\n                    <ul>\n                      <li>Provedores de servi\u00e7os de terceiros, como hosts de sites: Usamos terceiros para hospedar nosso site. Esses terceiros podem ter acesso \u00e0s suas informa\u00e7\u00f5es pessoais enviadas por meio do site consistentes com a hospedagem do site.<\/li>\n                      <li>Organiza\u00e7\u00f5es terceirizadas que de outra forma auxiliam as Empresas no fornecimento de bens, servi\u00e7os ou informa\u00e7\u00f5es, incluindo provedores de armazenamento em nuvem no caso de dados da empresa e do cliente.<\/li>\n                      <li>Organiza\u00e7\u00f5es sucessoras. No caso de as Firmas passarem por uma transi\u00e7\u00e3o de neg\u00f3cios (como uma fus\u00e3o ou aquisi\u00e7\u00e3o), podemos transferir suas informa\u00e7\u00f5es pessoais para a organiza\u00e7\u00e3o sucessora em tal transa\u00e7\u00e3o. Se mudan\u00e7as materiais\n                        nas pr\u00e1ticas de privacidade das Firmas ocorrerem como resultado da transi\u00e7\u00e3o de neg\u00f3cios, as Firmas publicar\u00e3o um aviso no site.<\/li>\n                      <li>Auditores e outros consultores profissionais.<\/li>\n                      <li>Autoridades policiais ou outras ag\u00eancias governamentais e reguladoras ou outros terceiros, conforme exigido e de acordo com a lei ou regulamenta\u00e7\u00e3o aplic\u00e1vel.<\/li>\n                    <\/ul>\n                    <p>N\u00e3o compartilhamos nem vendemos informa\u00e7\u00f5es de identifica\u00e7\u00e3o pessoal a terceiros para fins de marketing comercial.<\/p>\n                    <p>N\u00f3s nos reservamos o direito de divulgar suas informa\u00e7\u00f5es pessoais conforme permitido ou exigido por lei ou regulamento.<\/p>\n                    <p>As informa\u00e7\u00f5es que podemos coletar de voc\u00ea podem ser transferidas, armazenadas e processadas por n\u00f3s em um destino fora do Espa\u00e7o Econ\u00f4mico Europeu (o \u201cEEE\u201d), incluindo os Estados Unidos e pa\u00edses cujas leis relativas \u00e0 privacidade\n                      de dados podem n\u00e3o ser compar\u00e1veis \u200b\u200b\u00e0s das jurisdi\u00e7\u00f5es do EEE, mas isso s\u00f3 ser\u00e1 feito de acordo com as leis aplic\u00e1veis.<\/p>\n                    <h3>Como armazenamos as informa\u00e7\u00f5es coletadas de voc\u00ea<\/h3>\n                    <p>Armazenamos suas informa\u00e7\u00f5es pessoais e n\u00e3o pessoais com os provedores de hospedagem e provedores de armazenamento em nuvem discutidos acima. Nossos departamentos administrativos podem armazenar informa\u00e7\u00f5es de aplicativos de acordo\n                      com pr\u00e1ticas de reten\u00e7\u00e3o firmes.<\/p>\n                    <p>As Empresas tomar\u00e3o todas as medidas razoavelmente necess\u00e1rias para garantir que suas informa\u00e7\u00f5es sejam tratadas com seguran\u00e7a e de acordo com nosso procedimento normal, esta pol\u00edtica e todas as leis aplic\u00e1veis.<\/p>\n                    <p>As Firmas usam medidas razo\u00e1veis \u200b\u200bde seguran\u00e7a administrativa, t\u00e9cnica e f\u00edsica para proteger suas informa\u00e7\u00f5es pessoais e n\u00e3o pessoais, on-line e off-line. Devido \u00e0 natureza do nosso site, atualmente n\u00e3o criptografamos nenhuma transmiss\u00e3o\n                      de ou para o site de nenhuma maneira. Se voc\u00ea n\u00e3o se sentir confort\u00e1vel com a transmiss\u00e3o n\u00e3o criptografada de informa\u00e7\u00f5es pessoais descritas aqui, n\u00e3o envie informa\u00e7\u00f5es para n\u00f3s por meio do site.<\/p>\n                    <p>Nossos funcion\u00e1rios, incluindo funcion\u00e1rios contratados, geralmente est\u00e3o sujeitos a restri\u00e7\u00f5es que limitam o uso de informa\u00e7\u00f5es obtidas das Empresas ao prop\u00f3sito comercial de fornecer nossos servi\u00e7os a voc\u00ea.<\/p>\n                    <p>No entanto, embora tomemos precau\u00e7\u00f5es razo\u00e1veis \u200b\u200bcontra poss\u00edveis viola\u00e7\u00f5es de seguran\u00e7a do site e de nossos bancos de dados e registros de clientes, nenhum site ou transmiss\u00e3o pela Internet \u00e9 completamente seguro, e n\u00e3o podemos garantir\n                      que acesso n\u00e3o autorizado, hacking, perda de dados ou outras viola\u00e7\u00f5es nunca ocorrer\u00e3o. Os propriet\u00e1rios de informa\u00e7\u00f5es pessoais s\u00e3o geralmente aconselhados a tomar medidas para manter suas informa\u00e7\u00f5es pessoais seguras na medida\n                      do poss\u00edvel.<\/p>\n                    <h3>Como acessar e atualizar suas informa\u00e7\u00f5es pessoais<\/h3>\n                    <p>A qualquer momento, voc\u00ea pode entrar em contato com as Empresas para solicitar que:<\/p>\n                    <ul>\n                      <li>fornecer-lhe uma c\u00f3pia de quaisquer dados pessoais de acordo com o Artigo 15 do Regulamento Geral de Prote\u00e7\u00e3o de Dados da UE (UE) 2016\/679 (\u201cGDPR\u201d) e\/ou a Se\u00e7\u00e3o 45 da Lei de Prote\u00e7\u00e3o de Dados de 2018 (\u201cDPA\u201d) (na medida em que cada\n                        um dos GDPR e DPA se aplique a voc\u00ea); e\/ou<\/li>\n                      <li>fazer altera\u00e7\u00f5es em suas informa\u00e7\u00f5es pessoais (incluindo a exclus\u00e3o dessas informa\u00e7\u00f5es).<\/li>\n                    <\/ul>\n                    <p>Se voc\u00ea solicitar que as Firmas atualizem ou modifiquem suas informa\u00e7\u00f5es, n\u00f3s alteraremos suas informa\u00e7\u00f5es pessoais dentro de um prazo razo\u00e1vel ap\u00f3s sua solicita\u00e7\u00e3o. Para solicitar modifica\u00e7\u00f5es de informa\u00e7\u00f5es pessoais que as Firmas\n                      possuem sobre voc\u00ea, entre em contato conosco usando as informa\u00e7\u00f5es na se\u00e7\u00e3o \u201cFale Conosco\u201d abaixo.<\/p>\n                    <p>No entanto, observe que, ap\u00f3s suas informa\u00e7\u00f5es pessoais serem alteradas, as Empresas continuar\u00e3o a ter o direito de armazenar todas as informa\u00e7\u00f5es pessoais coletadas de voc\u00ea por meio do site (incluindo informa\u00e7\u00f5es pessoais que n\u00e3o\n                      estejam mais em uso ativo devido \u00e0 sua altera\u00e7\u00e3o de acordo com esta Se\u00e7\u00e3o) em nossos arquivos e de usar e divulgar tais informa\u00e7\u00f5es pessoais para determinados fins permitidos ou exigidos pelas leis aplic\u00e1veis, incluindo conforme\n                      julgarmos necess\u00e1rio para cumprir com qualquer lei, regulamento, processo legal ou solicita\u00e7\u00e3o governamental aplic\u00e1vel, para fazer valer nossos direitos ou para proteger a seguran\u00e7a do nosso site ou de outros usu\u00e1rios. Por exemplo,\n                      somos obrigados por lei a reter certas informa\u00e7\u00f5es de candidatos a emprego por um m\u00ednimo de tr\u00eas anos (embora, quando o GDPR se aplicar, possamos reter informa\u00e7\u00f5es de candidatos a emprego por um per\u00edodo de tempo mais limitado).<\/p>\n                    <h3>Nossas Pol\u00edticas Relativas a Informa\u00e7\u00f5es de Menores<\/h3>\n                    <p>Este site n\u00e3o \u00e9 destinado a crian\u00e7as menores de treze anos e n\u00e3o coletamos intencionalmente informa\u00e7\u00f5es pessoais dessas crian\u00e7as. Crian\u00e7as menores de treze anos n\u00e3o devem usar nosso site ou nos fornecer nenhuma informa\u00e7\u00e3o pessoal.<\/p>\n                    <p>Caso descubramos que coletamos inadvertidamente informa\u00e7\u00f5es pessoais de crian\u00e7as menores de 13 anos, faremos todos os esfor\u00e7os razo\u00e1veis \u200b\u200bpara apagar tais informa\u00e7\u00f5es de nossos registros.<\/p>\n                    <h3>Altera\u00e7\u00f5es em nossa Pol\u00edtica de Privacidade<\/h3>\n                    <p>Reservamo-nos o direito de modificar ou emendar esta Pol\u00edtica de Privacidade a qualquer momento. Se tal modifica\u00e7\u00e3o incluir quaisquer altera\u00e7\u00f5es materiais significativas, forneceremos um aviso da atualiza\u00e7\u00e3o em nosso site. Voc\u00ea deve\n                      visitar o site com frequ\u00eancia para permanecer informado sobre o conte\u00fado atual desta pol\u00edtica.<\/p>\n                    <h3>Contate-nos<\/h3>\n                    <p>Os controladores de dados s\u00e3o LEANDRO PINTO LAW FIRM.<\/p>\n                    <p>Caso voc\u00ea tenha alguma d\u00favida, coment\u00e1rio ou preocupa\u00e7\u00e3o sobre nossa Pol\u00edtica de Privacidade e\/ou pr\u00e1ticas relacionadas a dados pessoais, envie um e-mail para law@lenadropinto.us.<\/p>\n                    <p>Esta pol\u00edtica foi atualizada pela \u00faltima vez em 13 de abril de 2024.<\/p>\n                  <\/div>\n                <\/div>\n              <\/div>\n            <\/div>\n          <\/div>\n        <\/div>\n      <\/div>\n    <\/div>\n  <\/div>\n<\/div>","protected":false},"excerpt":{"rendered":"<p>Esta Pol\u00edtica de Privacidade se aplica \u00e0 coleta, uso e transmiss\u00e3o de dados de e sobre visitantes do&nbsp; site https:\/\/leandropinto.us\/LP\/ e de outros sites mantidos pela&nbsp;LEANDRO PINTO LAW FIRM (as \u201cEmpresas\u201d) que possuem links para esta Pol\u00edtica de Privacidade. Nosso compromisso com sua privacidade Obrigado por visitar o site das Firmas. As Firmas est\u00e3o comprometidas [&hellip;]<\/p>\n","protected":false},"author":1,"featured_media":0,"parent":0,"menu_order":0,"comment_status":"closed","ping_status":"closed","template":"page-templates\/full-width-page.php","meta":{"footnotes":""},"class_list":["post-2141","page","type-page","status-publish","hentry"],"_links":{"self":[{"href":"https:\/\/leandropinto.us\/LP\/wp-json\/wp\/v2\/pages\/2141","targetHints":{"allow":["GET"]}}],"collection":[{"href":"https:\/\/leandropinto.us\/LP\/wp-json\/wp\/v2\/pages"}],"about":[{"href":"https:\/\/leandropinto.us\/LP\/wp-json\/wp\/v2\/types\/page"}],"author":[{"embeddable":true,"href":"https:\/\/leandropinto.us\/LP\/wp-json\/wp\/v2\/users\/1"}],"replies":[{"embeddable":true,"href":"https:\/\/leandropinto.us\/LP\/wp-json\/wp\/v2\/comments?post=2141"}],"version-history":[{"count":2,"href":"https:\/\/leandropinto.us\/LP\/wp-json\/wp\/v2\/pages\/2141\/revisions"}],"predecessor-version":[{"id":2146,"href":"https:\/\/leandropinto.us\/LP\/wp-json\/wp\/v2\/pages\/2141\/revisions\/2146"}],"wp:attachment":[{"href":"https:\/\/leandropinto.us\/LP\/wp-json\/wp\/v2\/media?parent=2141"}],"curies":[{"name":"wp","href":"https:\/\/api.w.org\/{rel}","templated":true}]}}