{"id":214,"date":"2024-06-20T12:34:03","date_gmt":"2024-06-20T12:34:03","guid":{"rendered":"https:\/\/leandropinto.us\/LP\/?page_id=214"},"modified":"2024-06-20T12:34:03","modified_gmt":"2024-06-20T12:34:03","slug":"direito-civil-e-empresarial","status":"publish","type":"page","link":"https:\/\/leandropinto.us\/LP\/direito-civil-e-empresarial\/","title":{"rendered":"DIREITO CIVIL E EMPRESARIAL"},"content":{"rendered":"\n<h1 class=\"wp-block-heading\"> <\/h1>\n\n\n\n<figure class=\"wp-block-image\"><img decoding=\"async\" data-src=\"https:\/\/leandropinto.us\/portugues\/wp-content\/uploads\/2016\/09\/direito-imobiliario.jpg\" alt=\"\" class=\"wp-image-63 lazyload\" src=\"data:image\/svg+xml;base64,PHN2ZyB3aWR0aD0iMSIgaGVpZ2h0PSIxIiB4bWxucz0iaHR0cDovL3d3dy53My5vcmcvMjAwMC9zdmciPjwvc3ZnPg==\" \/><\/figure>\n\n\n\n<hr class=\"wp-block-separator has-alpha-channel-opacity\"\/>\n\n\n\n<p>Dada sua amplitude, o Direito Civil transcende suas \u00e1reas e ramifica\u00e7\u00f5es, tornando-se mat\u00e9ria essencial para todos os ramos do direito, logo, nossos advogados s\u00e3o qualificados para analisar problemas sob diferentes \u00e2ngulos e propor solu\u00e7\u00f5es pr\u00e1ticas e condizentes com as necessidades espec\u00edficas de cada cliente. Atuamos, ainda, em car\u00e1ter transacional, valendo-se da nossa experi\u00eancia para auxiliar outras \u00e1reas tais como negocia\u00e7\u00f5es de empresas, investiga\u00e7\u00f5es, aquisi\u00e7\u00f5es e outras opera\u00e7\u00f5es que tenham por fim prevenir lit\u00edgios.<\/p>\n\n\n\n<hr class=\"wp-block-separator has-alpha-channel-opacity\"\/>\n","protected":false},"excerpt":{"rendered":"<p>Dada sua amplitude, o Direito Civil transcende suas \u00e1reas e ramifica\u00e7\u00f5es, tornando-se mat\u00e9ria essencial para todos os ramos do direito, logo, nossos advogados s\u00e3o qualificados para analisar problemas sob diferentes \u00e2ngulos e propor solu\u00e7\u00f5es pr\u00e1ticas e condizentes com as necessidades espec\u00edficas de cada cliente. Atuamos, ainda, em car\u00e1ter transacional, valendo-se da nossa experi\u00eancia para auxiliar [&hellip;]<\/p>\n","protected":false},"author":1,"featured_media":0,"parent":0,"menu_order":0,"comment_status":"closed","ping_status":"closed","template":"","meta":{"footnotes":""},"class_list":["post-214","page","type-page","status-publish","hentry"],"_links":{"self":[{"href":"https:\/\/leandropinto.us\/LP\/wp-json\/wp\/v2\/pages\/214","targetHints":{"allow":["GET"]}}],"collection":[{"href":"https:\/\/leandropinto.us\/LP\/wp-json\/wp\/v2\/pages"}],"about":[{"href":"https:\/\/leandropinto.us\/LP\/wp-json\/wp\/v2\/types\/page"}],"author":[{"embeddable":true,"href":"https:\/\/leandropinto.us\/LP\/wp-json\/wp\/v2\/users\/1"}],"replies":[{"embeddable":true,"href":"https:\/\/leandropinto.us\/LP\/wp-json\/wp\/v2\/comments?post=214"}],"version-history":[{"count":1,"href":"https:\/\/leandropinto.us\/LP\/wp-json\/wp\/v2\/pages\/214\/revisions"}],"predecessor-version":[{"id":215,"href":"https:\/\/leandropinto.us\/LP\/wp-json\/wp\/v2\/pages\/214\/revisions\/215"}],"wp:attachment":[{"href":"https:\/\/leandropinto.us\/LP\/wp-json\/wp\/v2\/media?parent=214"}],"curies":[{"name":"wp","href":"https:\/\/api.w.org\/{rel}","templated":true}]}}