{"id":2125,"date":"2024-09-13T19:23:21","date_gmt":"2024-09-13T19:23:21","guid":{"rendered":"https:\/\/leandropinto.us\/LP\/?page_id=2125"},"modified":"2024-09-13T19:26:24","modified_gmt":"2024-09-13T19:26:24","slug":"legal","status":"publish","type":"page","link":"https:\/\/leandropinto.us\/LP\/legal\/","title":{"rendered":"LEGAL"},"content":{"rendered":"<div data-colibri-id=\"2125-c1\" class=\"style-995 style-local-2125-c1 position-relative\">\n  <!---->\n  <div data-colibri-component=\"section\" data-colibri-id=\"2125-c2\" id=\"custom\" class=\"h-section h-section-global-spacing d-flex align-items-lg-center align-items-md-center align-items-center style-996 style-local-2125-c2 position-relative\">\n    <!---->\n    <!---->\n    <div class=\"h-section-grid-container h-section-boxed-container\">\n      <!---->\n      <div data-colibri-id=\"2125-c3\" class=\"h-row-container gutters-row-lg-2 gutters-row-md-2 gutters-row-0 gutters-row-v-lg-2 gutters-row-v-md-2 gutters-row-v-2 style-997 style-local-2125-c3 position-relative\">\n        <!---->\n        <div class=\"h-row justify-content-lg-center justify-content-md-center justify-content-center align-items-lg-stretch align-items-md-stretch align-items-stretch gutters-col-lg-2 gutters-col-md-2 gutters-col-0 gutters-col-v-lg-2 gutters-col-v-md-2 gutters-col-v-2\">\n          <!---->\n          <div class=\"h-column h-column-container d-flex h-col-lg-auto h-col-md-auto h-col-auto style-998-outer style-local-2125-c4-outer\">\n            <div data-colibri-id=\"2125-c4\" class=\"d-flex h-flex-basis h-column__inner h-px-lg-2 h-px-md-2 h-px-2 v-inner-lg-2 v-inner-md-2 v-inner-2 style-998 style-local-2125-c4 position-relative\">\n              <!---->\n              <!---->\n              <div class=\"w-100 h-y-container h-column__content h-column__v-align flex-basis-100 align-self-lg-start align-self-md-start align-self-start\">\n                <!---->\n                <div data-colibri-id=\"2125-c7\" class=\"h-text h-text-component style-1001 style-local-2125-c7 position-relative h-element\">\n                  <!---->\n                  <!---->\n                  <div class=\"\">\n                    <p>O material neste site foi preparado apenas para fins informativos e n\u00e3o \u00e9 aconselhamento jur\u00eddico. A apresenta\u00e7\u00e3o ou transmiss\u00e3o deste site, em parte ou no todo, e\/ou comunica\u00e7\u00e3o com LEANDRO PINTO LAW FIRM (as \u201cFirmas\u201d) por e-mail\n                      ou por meio deste site n\u00e3o tem a inten\u00e7\u00e3o de criar, e o recebimento dessas informa\u00e7\u00f5es n\u00e3o cria, uma rela\u00e7\u00e3o advogado-cliente.<\/p>\n                    <p>Qualquer informa\u00e7\u00e3o enviada \u00e0s Firmas por e-mail ou por meio deste site n\u00e3o \u00e9 segura e \u00e9 feita de forma n\u00e3o confidencial. As informa\u00e7\u00f5es contidas neste site s\u00e3o fornecidas apenas como informa\u00e7\u00f5es gerais que podem ou n\u00e3o refletir os\n                      desenvolvimentos legais mais atuais, n\u00e3o s\u00e3o fornecidas no curso de um relacionamento advogado-cliente e n\u00e3o se destinam a constituir aconselhamento jur\u00eddico ou substituir a obten\u00e7\u00e3o de aconselhamento jur\u00eddico de uma pessoa devidamente\n                      qualificada e autorizada. Ningu\u00e9m que receba informa\u00e7\u00f5es deve agir com base nelas sem primeiro procurar aconselhamento profissional. As Firmas expressamente se isentam de toda responsabilidade em rela\u00e7\u00e3o a a\u00e7\u00f5es tomadas ou n\u00e3o tomadas\n                      com base em qualquer ou todos os conte\u00fados deste site.<\/p>\n                    <p>As Firmas n\u00e3o necessariamente endossam, e n\u00e3o s\u00e3o respons\u00e1veis \u200b\u200bpor, qualquer conte\u00fado de terceiros que possa ser acessado por meio deste site. Este site pode ser considerado publicidade sob as leis aplic\u00e1veis \u200b\u200be regras \u00e9ticas.<\/p>\n                  <\/div>\n                <\/div>\n              <\/div>\n            <\/div>\n          <\/div>\n        <\/div>\n      <\/div>\n    <\/div>\n  <\/div>\n<\/div>","protected":false},"excerpt":{"rendered":"<p>O material neste site foi preparado apenas para fins informativos e n\u00e3o \u00e9 aconselhamento jur\u00eddico. A apresenta\u00e7\u00e3o ou transmiss\u00e3o deste site, em parte ou no todo, e\/ou comunica\u00e7\u00e3o com LEANDRO PINTO LAW FIRM (as \u201cFirmas\u201d) por e-mail ou por meio deste site n\u00e3o tem a inten\u00e7\u00e3o de criar, e o recebimento dessas informa\u00e7\u00f5es n\u00e3o cria, [&hellip;]<\/p>\n","protected":false},"author":1,"featured_media":0,"parent":0,"menu_order":0,"comment_status":"closed","ping_status":"closed","template":"page-templates\/full-width-page.php","meta":{"footnotes":""},"class_list":["post-2125","page","type-page","status-publish","hentry"],"_links":{"self":[{"href":"https:\/\/leandropinto.us\/LP\/wp-json\/wp\/v2\/pages\/2125","targetHints":{"allow":["GET"]}}],"collection":[{"href":"https:\/\/leandropinto.us\/LP\/wp-json\/wp\/v2\/pages"}],"about":[{"href":"https:\/\/leandropinto.us\/LP\/wp-json\/wp\/v2\/types\/page"}],"author":[{"embeddable":true,"href":"https:\/\/leandropinto.us\/LP\/wp-json\/wp\/v2\/users\/1"}],"replies":[{"embeddable":true,"href":"https:\/\/leandropinto.us\/LP\/wp-json\/wp\/v2\/comments?post=2125"}],"version-history":[{"count":2,"href":"https:\/\/leandropinto.us\/LP\/wp-json\/wp\/v2\/pages\/2125\/revisions"}],"predecessor-version":[{"id":2129,"href":"https:\/\/leandropinto.us\/LP\/wp-json\/wp\/v2\/pages\/2125\/revisions\/2129"}],"wp:attachment":[{"href":"https:\/\/leandropinto.us\/LP\/wp-json\/wp\/v2\/media?parent=2125"}],"curies":[{"name":"wp","href":"https:\/\/api.w.org\/{rel}","templated":true}]}}