{"id":2050,"date":"2024-09-09T12:23:33","date_gmt":"2024-09-09T12:23:33","guid":{"rendered":"https:\/\/leandropinto.us\/LP\/?page_id=2050"},"modified":"2024-09-09T12:28:36","modified_gmt":"2024-09-09T12:28:36","slug":"purificacao-de-criptoativos","status":"publish","type":"page","link":"https:\/\/leandropinto.us\/LP\/purificacao-de-criptoativos\/","title":{"rendered":"Purifica\u00e7\u00e3o de Criptoativos"},"content":{"rendered":"<div data-colibri-id=\"2050-c1\" class=\"style-963 style-local-2050-c1 position-relative\">\n  <!---->\n  <div data-colibri-component=\"section\" data-colibri-id=\"2050-c2\" id=\"overlappable\" class=\"h-section h-section-global-spacing d-flex align-items-lg-center align-items-md-center align-items-center style-964 style-local-2050-c2 position-relative\">\n    <!---->\n    <!---->\n    <div class=\"h-section-grid-container h-section-boxed-container\">\n      <!---->\n      <div data-colibri-id=\"2050-c3\" class=\"h-row-container gutters-row-lg-0 gutters-row-md-0 gutters-row-2 gutters-row-v-lg-0 gutters-row-v-md-0 gutters-row-v-2 style-965 style-local-2050-c3 position-relative\">\n        <!---->\n        <div class=\"h-row justify-content-lg-center justify-content-md-center justify-content-center align-items-lg-stretch align-items-md-stretch align-items-stretch gutters-col-lg-0 gutters-col-md-0 gutters-col-2 gutters-col-v-lg-0 gutters-col-v-md-0 gutters-col-v-2\">\n          <!---->\n          <div class=\"h-column h-column-container d-flex h-col-lg-12 h-col-md-12 h-col-12 style-966-outer style-local-2050-c4-outer\">\n            <div data-colibri-id=\"2050-c4\" class=\"d-flex h-flex-basis h-column__inner h-px-lg-3 h-px-md-3 h-px-2 v-inner-lg-3 v-inner-md-3 v-inner-2 style-966 style-local-2050-c4 position-relative\">\n              <!---->\n              <!---->\n              <div class=\"w-100 h-y-container h-column__content h-column__v-align flex-basis-100 align-self-lg-start align-self-md-start align-self-start\">\n                <!---->\n                <div data-colibri-id=\"2050-c5\" class=\"h-icon style-967 style-local-2050-c5 position-relative h-element\">\n                  <!----><span class=\"h-svg-icon h-icon__icon style-967-icon style-local-2050-c5-icon\"><!--Icon by Font Awesome (https:\/\/fontawesome.com)-->\n    <svg version=\"1.1\" xmlns=\"http:\/\/www.w3.org\/2000\/svg\" xmlns:xlink=\"http:\/\/www.w3.org\/1999\/xlink\" id=\"bitcoin\" viewBox=\"0 0 1280 1896.0833\">\n      <path d=\"M1167 640q18 182-131 258 117 28 175 103t45 214q-7 71-32.5 125t-64.5 89-97 58.5-121.5 34.5-145.5 15v255H641v-251q-80 0-122-1v252H365v-255q-18 0-54-.5t-55-.5H56l31-183h111q50 0 58-51V900h16q-6-1-16-1V612q-13-68-89-68H56V380l212 1q64 0 97-1V128h154v247q82-2 122-2V128h154v252q79 7 140 22.5t113 45 82.5 78T1167 640zm-215 545q0-36-15-64t-37-46-57.5-30.5T777 1026t-74-9-69-3-64.5 1-47.5 1v338q8 0 37 .5t48 .5 53-1.5 58.5-4 57-8.5 55.5-14 47.5-21 39.5-30 24.5-40 9.5-51zm-71-476q0-33-12.5-58.5t-30.5-42-48-28-55-16.5-61.5-8-58-2.5-54 1-39.5.5v307q5 0 34.5.5t46.5 0 50-2 55-5.5 51.5-11 48.5-18.5 37-27 27-38.5 9-51z\"><\/path>\n    <\/svg><\/span><\/div>\n                <div data-colibri-id=\"2050-c6\" class=\"h-global-transition-all h-heading style-968 style-local-2050-c6 position-relative h-element\">\n                  <!---->\n                  <div class=\"h-heading__outer style-968 style-local-2050-c6\">\n                    <!---->\n                    <!---->\n                    <h5 class=\"\">Purifica\u00e7\u00e3o de Criptoativos<\/h5>\n                  <\/div>\n                <\/div>\n                <div data-colibri-id=\"2050-c7\" class=\"h-text h-text-component style-969 style-local-2050-c7 position-relative h-element\">\n                  <!---->\n                  <!---->\n                  <div class=\"\">\n                    <p>No vasto cen\u00e1rio das finan\u00e7as digitais, onde as criptomoedas e os ativos digitais ascendem como um novo El Dorado, \u00e9 preciso entender que nem tudo que reluz \u00e9 ouro. Assim como nas antigas minas, onde o metal precioso era extra\u00eddo,\n                      mas n\u00e3o sem antes separar o cascalho da pepita, tamb\u00e9m no mundo dos criptoativos h\u00e1 uma necessidade imperiosa de purifica\u00e7\u00e3o.<\/p>\n                    <p>\n                      <br>\n                    <\/p>\n                    <p>Essa purifica\u00e7\u00e3o, senhores, \u00e9 mais do que um capricho da moral ou uma imposi\u00e7\u00e3o da legalidade. \u00c9, antes de tudo, uma demanda do pr\u00f3prio mercado, que, como qualquer outro, anseia por seguran\u00e7a, transpar\u00eancia e confian\u00e7a. E quem primeiro\n                      viu essa necessidade foi o distinto Dr. Leandro Pinto, cujo escrit\u00f3rio de advocacia, Dr. Leandro Pinto Law Firm, se coloca como um basti\u00e3o de integridade nesse novo e intrincado universo.<\/p>\n                    <p>\n                      <br>\n                    <\/p>\n                    <p>Permita-me, portanto, explicar o que se entende por purifica\u00e7\u00e3o de criptoativos. Este \u00e9 um processo meticuloso e necess\u00e1rio, que visa expurgar criptomoedas e ativos digitais de qualquer m\u00e1cula que possa compromet\u00ea-los, seja por origens\n                      obscuras ou por v\u00ednculos com atividades il\u00edcitas. \u00c9, se me permitem a analogia, a mesma coisa que se faz com ouro impuro: as impurezas s\u00e3o removidas, para que o metal brilhe em sua pureza original.<\/p>\n                    <p>\n                      <br>\n                    <\/p>\n                    <p>O Dr. Leandro Pinto, com sua ast\u00facia e perspic\u00e1cia, foi o primeiro a reconhecer que, em um mundo onde os ativos digitais circulam com rapidez e anonimato, a purifica\u00e7\u00e3o n\u00e3o \u00e9 apenas uma necessidade moral, mas uma exig\u00eancia imperativa\n                      do pr\u00f3prio mercado global. Seu escrit\u00f3rio foi pioneiro ao propor um processo sistem\u00e1tico de verifica\u00e7\u00e3o e higieniza\u00e7\u00e3o de criptoativos, garantindo que eles possam ser utilizados de acordo com as leis internacionais e, principalmente,\n                      com a confian\u00e7a de quem neles investe.<\/p>\n                    <p>\n                      <br>\n                    <\/p>\n                    <p>Imagine, caro leitor, o risco que voc\u00ea corre ao negociar ou investir em ativos de origem duvidosa, sem a devida purifica\u00e7\u00e3o. Assim como o vinho que, sem os devidos cuidados, pode virar vinagre, os criptoativos, se n\u00e3o forem purificados,\n                      podem perder rapidamente seu valor, ou pior, podem arrastar seus detentores consigo para o abismo da ilegalidade.<\/p>\n                    <p>\n                      <br>\n                    <\/p>\n                    <p>O Dr. Leandro Pinto, prevendo esses perigos, desenvolveu m\u00e9todos rigorosos e sofisticados para purifica\u00e7\u00e3o de criptoativos, garantindo que cada transa\u00e7\u00e3o possa ser realizada com a seguran\u00e7a de que os ativos envolvidos s\u00e3o leg\u00edtimos,\n                      limpos de qualquer contamina\u00e7\u00e3o moral ou legal. N\u00e3o \u00e9 de se espantar que o Dr. Leandro Pinto Law Firm tenha se tornado o farol que ilumina o caminho da legalidade neste oceano tempestuoso que \u00e9 o mercado de criptoativos.<\/p>\n                    <p>\n                      <br>\n                    <\/p>\n                    <p>Em suma, a purifica\u00e7\u00e3o de criptoativos n\u00e3o \u00e9 apenas uma inova\u00e7\u00e3o, mas uma necessidade premente do mercado global. E o Dr. Leandro Pinto, com a vis\u00e3o de um verdadeiro pioneiro, foi o primeiro a perceber e responder a essa demanda. Hoje,\n                      seu escrit\u00f3rio n\u00e3o \u00e9 apenas o primeiro, mas o mais renomado e confi\u00e1vel nesse ramo, oferecendo aos seus clientes a tranquilidade de saber que seus investimentos est\u00e3o protegidos por um processo que alia rigor jur\u00eddico e integridade\n                      moral.<\/p>\n                    <p>\n                      <br>\n                    <\/p>\n                    <p>Portanto, senhores, ao considerar qualquer investimento ou transa\u00e7\u00e3o no vasto campo das criptomoedas, lembrem-se de que a purifica\u00e7\u00e3o \u00e9 a pedra angular da seguran\u00e7a. E lembrem-se tamb\u00e9m de que o Dr. Leandro Pinto Advogados \u00e9 o guardi\u00e3o\n                      dessa pr\u00e1tica essencial, que com a mesma m\u00e3o que assegura a legalidade, tamb\u00e9m protege o valor e a reputa\u00e7\u00e3o dos criptoativos que por ela transitam.<\/p>\n                    <p>\n                      <br>\n                    <\/p>\n                    <p>Esse \u00e9 o legado do Dr. Leandro Pinto, e \u00e9 tamb\u00e9m a garantia de que, em meio \u00e0 vastid\u00e3o inexplorada dos criptoativos, h\u00e1 um porto seguro onde a legalidade e a confian\u00e7a reinam supremas.<\/p>\n                  <\/div>\n                <\/div>\n              <\/div>\n            <\/div>\n          <\/div>\n        <\/div>\n      <\/div>\n    <\/div>\n  <\/div>\n<\/div>","protected":false},"excerpt":{"rendered":"<p>Purifica\u00e7\u00e3o de Criptoativos No vasto cen\u00e1rio das finan\u00e7as digitais, onde as criptomoedas e os ativos digitais ascendem como um novo El Dorado, \u00e9 preciso entender que nem tudo que reluz \u00e9 ouro. Assim como nas antigas minas, onde o metal precioso era extra\u00eddo, mas n\u00e3o sem antes separar o cascalho da pepita, tamb\u00e9m no mundo [&hellip;]<\/p>\n","protected":false},"author":1,"featured_media":0,"parent":0,"menu_order":0,"comment_status":"closed","ping_status":"closed","template":"page-templates\/full-width-page.php","meta":{"footnotes":""},"class_list":["post-2050","page","type-page","status-publish","hentry"],"_links":{"self":[{"href":"https:\/\/leandropinto.us\/LP\/wp-json\/wp\/v2\/pages\/2050","targetHints":{"allow":["GET"]}}],"collection":[{"href":"https:\/\/leandropinto.us\/LP\/wp-json\/wp\/v2\/pages"}],"about":[{"href":"https:\/\/leandropinto.us\/LP\/wp-json\/wp\/v2\/types\/page"}],"author":[{"embeddable":true,"href":"https:\/\/leandropinto.us\/LP\/wp-json\/wp\/v2\/users\/1"}],"replies":[{"embeddable":true,"href":"https:\/\/leandropinto.us\/LP\/wp-json\/wp\/v2\/comments?post=2050"}],"version-history":[{"count":4,"href":"https:\/\/leandropinto.us\/LP\/wp-json\/wp\/v2\/pages\/2050\/revisions"}],"predecessor-version":[{"id":2069,"href":"https:\/\/leandropinto.us\/LP\/wp-json\/wp\/v2\/pages\/2050\/revisions\/2069"}],"wp:attachment":[{"href":"https:\/\/leandropinto.us\/LP\/wp-json\/wp\/v2\/media?parent=2050"}],"curies":[{"name":"wp","href":"https:\/\/api.w.org\/{rel}","templated":true}]}}