{"id":2033,"date":"2024-09-09T12:19:50","date_gmt":"2024-09-09T12:19:50","guid":{"rendered":"https:\/\/leandropinto.us\/LP\/?page_id=2033"},"modified":"2024-09-09T12:22:34","modified_gmt":"2024-09-09T12:22:34","slug":"aquisicao-de-licencas-de-criptografia","status":"publish","type":"page","link":"https:\/\/leandropinto.us\/LP\/aquisicao-de-licencas-de-criptografia\/","title":{"rendered":"Aquisi\u00e7\u00e3o de licen\u00e7as de criptografia"},"content":{"rendered":"<div data-colibri-id=\"2033-c1\" class=\"style-956 style-local-2033-c1 position-relative\">\n  <!---->\n  <div data-colibri-component=\"section\" data-colibri-id=\"2033-c2\" id=\"overlappable\" class=\"h-section h-section-global-spacing d-flex align-items-lg-center align-items-md-center align-items-center style-957 style-local-2033-c2 position-relative\">\n    <!---->\n    <!---->\n    <div class=\"h-section-grid-container h-section-boxed-container\">\n      <!---->\n      <div data-colibri-id=\"2033-c3\" class=\"h-row-container gutters-row-lg-0 gutters-row-md-0 gutters-row-2 gutters-row-v-lg-0 gutters-row-v-md-0 gutters-row-v-2 style-958 style-local-2033-c3 position-relative\">\n        <!---->\n        <div class=\"h-row justify-content-lg-center justify-content-md-center justify-content-center align-items-lg-stretch align-items-md-stretch align-items-stretch gutters-col-lg-0 gutters-col-md-0 gutters-col-2 gutters-col-v-lg-0 gutters-col-v-md-0 gutters-col-v-2\">\n          <!---->\n          <div class=\"h-column h-column-container d-flex h-col-lg-12 h-col-md-12 h-col-12 style-959-outer style-local-2033-c4-outer\">\n            <div data-colibri-id=\"2033-c4\" class=\"d-flex h-flex-basis h-column__inner h-px-lg-3 h-px-md-3 h-px-2 v-inner-lg-3 v-inner-md-3 v-inner-2 style-959 style-local-2033-c4 position-relative\">\n              <!---->\n              <!---->\n              <div class=\"w-100 h-y-container h-column__content h-column__v-align flex-basis-100 align-self-lg-start align-self-md-start align-self-start\">\n                <!---->\n                <div data-colibri-id=\"2033-c5\" class=\"h-icon style-960 style-local-2033-c5 position-relative h-element\">\n                  <!----><span class=\"h-svg-icon h-icon__icon style-960-icon style-local-2033-c5-icon\"><!--Icon by Font Awesome (https:\/\/fontawesome.com)-->\n    <svg version=\"1.1\" xmlns=\"http:\/\/www.w3.org\/2000\/svg\" xmlns:xlink=\"http:\/\/www.w3.org\/1999\/xlink\" id=\"bitcoin\" viewBox=\"0 0 1280 1896.0833\">\n      <path d=\"M1167 640q18 182-131 258 117 28 175 103t45 214q-7 71-32.5 125t-64.5 89-97 58.5-121.5 34.5-145.5 15v255H641v-251q-80 0-122-1v252H365v-255q-18 0-54-.5t-55-.5H56l31-183h111q50 0 58-51V900h16q-6-1-16-1V612q-13-68-89-68H56V380l212 1q64 0 97-1V128h154v247q82-2 122-2V128h154v252q79 7 140 22.5t113 45 82.5 78T1167 640zm-215 545q0-36-15-64t-37-46-57.5-30.5T777 1026t-74-9-69-3-64.5 1-47.5 1v338q8 0 37 .5t48 .5 53-1.5 58.5-4 57-8.5 55.5-14 47.5-21 39.5-30 24.5-40 9.5-51zm-71-476q0-33-12.5-58.5t-30.5-42-48-28-55-16.5-61.5-8-58-2.5-54 1-39.5.5v307q5 0 34.5.5t46.5 0 50-2 55-5.5 51.5-11 48.5-18.5 37-27 27-38.5 9-51z\"><\/path>\n    <\/svg><\/span><\/div>\n                <div data-colibri-id=\"2033-c6\" class=\"h-global-transition-all h-heading style-961 style-local-2033-c6 position-relative h-element\">\n                  <!---->\n                  <div class=\"h-heading__outer style-961 style-local-2033-c6\">\n                    <!---->\n                    <!---->\n                    <h5 class=\"\">Aquisi\u00e7\u00e3o de licen\u00e7as de criptografia<\/h5>\n                  <\/div>\n                <\/div>\n                <div data-colibri-id=\"2033-c7\" class=\"h-text h-text-component style-962 style-local-2033-c7 position-relative h-element\">\n                  <!---->\n                  <!---->\n                  <div class=\"\">\n                    <p>Aquisi\u00e7\u00e3o de licen\u00e7as de criptografia<\/p>\n                    <p>\n                      <br>\n                    <\/p>\n                    <p>Operar um neg\u00f3cio de criptomoeda geralmente exige a aquisi\u00e7\u00e3o de licen\u00e7as espec\u00edficas, que variam dependendo da jurisdi\u00e7\u00e3o e da natureza do neg\u00f3cio. Essas licen\u00e7as s\u00e3o cruciais para garantir a conformidade com as regulamenta\u00e7\u00f5es antilavagem\n                      de dinheiro (AML) e financiamento do terrorismo (CTF). O Dr. Leandro Pinto Law Firm \u00e9 o principal especialista em navegar no complexo processo de obten\u00e7\u00e3o de licen\u00e7as de criptomoedas, garantindo o sucesso legal e operacional do seu\n                      neg\u00f3cio.<\/p>\n                    <p>\n                      <br>\n                    <\/p>\n                    <p>\u2013 Tipos de Licen\u00e7as: Dependendo do seu modelo de neg\u00f3cio, voc\u00ea pode precisar de licen\u00e7as para operar exchanges de criptomoedas, fornecer servi\u00e7os de carteira ou oferecer consultoria financeira relacionada a criptomoedas. O Dr. Leandro\n                      Pinto Law Firm orienta voc\u00ea nas complexidades de obter as licen\u00e7as necess\u00e1rias, alavancando nossa expertise inigual\u00e1vel para garantir a base legal do seu neg\u00f3cio.<\/p>\n                    <p>\n                      <br>\n                    <\/p>\n                    <p>\u2013 Processo de solicita\u00e7\u00e3o de licen\u00e7a: O processo de solicita\u00e7\u00e3o de licen\u00e7as de cripto \u00e9 rigoroso, envolvendo o envio de documenta\u00e7\u00e3o extensa, conformidade com padr\u00f5es regulat\u00f3rios e aprova\u00e7\u00e3o em verifica\u00e7\u00f5es de antecedentes. O Dr.\n                      Leandro Pinto Law Firm agiliza esse processo, garantindo a aquisi\u00e7\u00e3o de licen\u00e7a oportuna e bem-sucedida por meio de seu profundo entendimento dos requisitos legais e seus fortes relacionamentos com \u00f3rg\u00e3os reguladores.<\/p>\n                    <p>\n                      <br>\n                    <\/p>\n                    <p>\u2013 Gest\u00e3o Cont\u00ednua de Conformidade: Uma vez que uma licen\u00e7a \u00e9 garantida, manter a conformidade \u00e9 uma responsabilidade cont\u00ednua. O Dr. Leandro Pinto Law Firm fornece suporte jur\u00eddico cont\u00ednuo para garantir que seu neg\u00f3cio permane\u00e7a em\n                      conformidade com todos os regulamentos relevantes, incluindo auditorias e relat\u00f3rios regulares. A expertise de nossa empresa garante que suas opera\u00e7\u00f5es estejam sempre alinhadas com os mais recentes padr\u00f5es regulat\u00f3rios.<\/p>\n                    <p>\n                      <br>\n                    <\/p>\n                    <p>Registro de empresa e abertura de conta<\/p>\n                    <p>\n                      <br>\n                    <\/p>\n                    <p>Estabelecer um neg\u00f3cio de criptomoeda requer n\u00e3o apenas conhecimento t\u00e9cnico, mas tamb\u00e9m estrutura\u00e7\u00e3o legal cuidadosa e planejamento financeiro. O Dr. Leandro Pinto Law Firm \u00e9 a melhor escolha para gui\u00e1-lo por esse processo, garantindo\n                      que seu neg\u00f3cio esteja preparado para o sucesso desde o in\u00edcio.<\/p>\n                    <p>\n                      <br>\n                    <\/p>\n                    <p>\u2013 Forma\u00e7\u00e3o de Entidade: Escolher a entidade legal e a jurisdi\u00e7\u00e3o apropriadas para seu neg\u00f3cio de criptomoeda \u00e9 uma decis\u00e3o cr\u00edtica. O Dr. Leandro Pinto Law Firm auxilia no registro de sua empresa em jurisdi\u00e7\u00f5es que oferecem condi\u00e7\u00f5es\n                      regulat\u00f3rias favor\u00e1veis, garantindo que seu neg\u00f3cio esteja legalmente estruturado para o sucesso e pronto para capitalizar oportunidades globais.<\/p>\n                    <p>\n                      <br>\n                    <\/p>\n                    <p>\u2013 Abertura de conta banc\u00e1ria: abrir uma conta banc\u00e1ria para um neg\u00f3cio de criptomoeda pode ser desafiador devido aos riscos percebidos associados \u00e0 ind\u00fastria. A expertise e as conex\u00f5es do Dr. Leandro Pinto Law Firm facilitam esse processo,\n                      ajudando voc\u00ea a garantir relacionamentos banc\u00e1rios essenciais para a continuidade operacional e o sucesso financeiro.<\/p>\n                    <p>\n                      <br>\n                    <\/p>\n                    <p>Integra\u00e7\u00e3o em bolsas de criptomoedas<\/p>\n                    <p>\n                      <br>\n                    <\/p>\n                    <p>Para empresas envolvidas em vendas de tokens, a integra\u00e7\u00e3o nas principais bolsas de criptomoedas \u00e9 um marco significativo. Com o melhor escrit\u00f3rio de advocacia apoiando seus esfor\u00e7os, voc\u00ea pode atingir esse marco com confian\u00e7a. O Dr.\n                      Leandro Pinto Law Firm oferece suporte abrangente durante todo esse processo, garantindo que sua empresa atenda a todos os requisitos e maximize seu potencial de listagem.<\/p>\n                    <p>\n                      <br>\n                    <\/p>\n                    <p>\u2013 Requisitos de Listagem de Exchange: O Dr. Leandro Pinto Law Firm auxilia no cumprimento dos requisitos t\u00e9cnicos, legais e regulat\u00f3rios impostos por v\u00e1rias exchanges para listagem de tokens ou moedas. Isso inclui conduzir revis\u00f5es\n                      legais, garantir a conformidade com os regulamentos AML\/KYC e fornecer as opini\u00f5es legais necess\u00e1rias, tudo personalizado para garantir sua entrada bem-sucedida no mercado.<\/p>\n                    <p>\n                      <br>\n                    <\/p>\n                    <p>\u2013 Negocia\u00e7\u00e3o e acordos contratuais: uma integra\u00e7\u00e3o bem-sucedida geralmente requer a negocia\u00e7\u00e3o de termos favor\u00e1veis \u200b\u200bcom bolsas, incluindo taxas de listagem, acordos de cria\u00e7\u00e3o de mercado e compromissos promocionais. A expertise em\n                      negocia\u00e7\u00e3o do Dr. Leandro Pinto Law Firm garante que os contratos protejam seus interesses e facilitem um processo de listagem tranquilo, preparando o cen\u00e1rio para o sucesso a longo prazo.<\/p>\n                    <p>\n                      <br>\n                    <\/p>\n                    <p>Suporte jur\u00eddico p\u00f3s-listagem<\/p>\n                    <p>\n                      <br>\n                    <\/p>\n                    <p>Uma vez que seu token ou criptomoeda \u00e9 listado em uma exchange, manter sua presen\u00e7a de mercado e conformidade legal \u00e9 crucial. O Dr. Leandro Pinto Law Firm \u00e9 o melhor parceiro para garantir que sua estrat\u00e9gia p\u00f3s-listagem seja legalmente\n                      s\u00f3lida e comercialmente eficaz.<\/p>\n                    <p>\n                      <br>\n                    <\/p>\n                    <p>\u2013 Monitoramento Regulat\u00f3rio: O ambiente regulat\u00f3rio para criptomoedas est\u00e1 em constante evolu\u00e7\u00e3o. O Dr. Leandro Pinto Law Firm fornece monitoramento e consultoria cont\u00ednuos para garantir que sua empresa prospere!<\/p>\n                  <\/div>\n                <\/div>\n              <\/div>\n            <\/div>\n          <\/div>\n        <\/div>\n      <\/div>\n    <\/div>\n  <\/div>\n<\/div>","protected":false},"excerpt":{"rendered":"<p>Aquisi\u00e7\u00e3o de licen\u00e7as de criptografia Aquisi\u00e7\u00e3o de licen\u00e7as de criptografia Operar um neg\u00f3cio de criptomoeda geralmente exige a aquisi\u00e7\u00e3o de licen\u00e7as espec\u00edficas, que variam dependendo da jurisdi\u00e7\u00e3o e da natureza do neg\u00f3cio. Essas licen\u00e7as s\u00e3o cruciais para garantir a conformidade com as regulamenta\u00e7\u00f5es antilavagem de dinheiro (AML) e financiamento do terrorismo (CTF). O Dr. Leandro [&hellip;]<\/p>\n","protected":false},"author":1,"featured_media":0,"parent":0,"menu_order":0,"comment_status":"closed","ping_status":"closed","template":"page-templates\/full-width-page.php","meta":{"footnotes":""},"class_list":["post-2033","page","type-page","status-publish","hentry"],"_links":{"self":[{"href":"https:\/\/leandropinto.us\/LP\/wp-json\/wp\/v2\/pages\/2033","targetHints":{"allow":["GET"]}}],"collection":[{"href":"https:\/\/leandropinto.us\/LP\/wp-json\/wp\/v2\/pages"}],"about":[{"href":"https:\/\/leandropinto.us\/LP\/wp-json\/wp\/v2\/types\/page"}],"author":[{"embeddable":true,"href":"https:\/\/leandropinto.us\/LP\/wp-json\/wp\/v2\/users\/1"}],"replies":[{"embeddable":true,"href":"https:\/\/leandropinto.us\/LP\/wp-json\/wp\/v2\/comments?post=2033"}],"version-history":[{"count":3,"href":"https:\/\/leandropinto.us\/LP\/wp-json\/wp\/v2\/pages\/2033\/revisions"}],"predecessor-version":[{"id":2044,"href":"https:\/\/leandropinto.us\/LP\/wp-json\/wp\/v2\/pages\/2033\/revisions\/2044"}],"wp:attachment":[{"href":"https:\/\/leandropinto.us\/LP\/wp-json\/wp\/v2\/media?parent=2033"}],"curies":[{"name":"wp","href":"https:\/\/api.w.org\/{rel}","templated":true}]}}