{"id":2016,"date":"2024-09-09T12:12:45","date_gmt":"2024-09-09T12:12:45","guid":{"rendered":"https:\/\/leandropinto.us\/LP\/?page_id=2016"},"modified":"2024-09-09T12:17:08","modified_gmt":"2024-09-09T12:17:08","slug":"suporte-legal-para-vendas-de-tokens-ico-ido","status":"publish","type":"page","link":"https:\/\/leandropinto.us\/LP\/suporte-legal-para-vendas-de-tokens-ico-ido\/","title":{"rendered":"Suporte legal para vendas de tokens (ICO, IDO)"},"content":{"rendered":"<div data-colibri-id=\"2016-c1\" class=\"style-949 style-local-2016-c1 position-relative\">\n  <!---->\n  <div data-colibri-component=\"section\" data-colibri-id=\"2016-c2\" id=\"overlappable\" class=\"h-section h-section-global-spacing d-flex align-items-lg-center align-items-md-center align-items-center style-950 style-local-2016-c2 position-relative\">\n    <!---->\n    <!---->\n    <div class=\"h-section-grid-container h-section-boxed-container\">\n      <!---->\n      <div data-colibri-id=\"2016-c3\" class=\"h-row-container gutters-row-lg-0 gutters-row-md-0 gutters-row-2 gutters-row-v-lg-0 gutters-row-v-md-0 gutters-row-v-2 style-951 style-local-2016-c3 position-relative\">\n        <!---->\n        <div class=\"h-row justify-content-lg-center justify-content-md-center justify-content-center align-items-lg-stretch align-items-md-stretch align-items-stretch gutters-col-lg-0 gutters-col-md-0 gutters-col-2 gutters-col-v-lg-0 gutters-col-v-md-0 gutters-col-v-2\">\n          <!---->\n          <div class=\"h-column h-column-container d-flex h-col-lg-12 h-col-md-12 h-col-12 style-952-outer style-local-2016-c4-outer\">\n            <div data-colibri-id=\"2016-c4\" class=\"d-flex h-flex-basis h-column__inner h-px-lg-3 h-px-md-3 h-px-2 v-inner-lg-3 v-inner-md-3 v-inner-2 style-952 style-local-2016-c4 position-relative\">\n              <!---->\n              <!---->\n              <div class=\"w-100 h-y-container h-column__content h-column__v-align flex-basis-100 align-self-lg-start align-self-md-start align-self-start\">\n                <!---->\n                <div data-colibri-id=\"2016-c5\" class=\"h-icon style-953 style-local-2016-c5 position-relative h-element\">\n                  <!----><span class=\"h-svg-icon h-icon__icon style-953-icon style-local-2016-c5-icon\"><!--Icon by Font Awesome (https:\/\/fontawesome.com)-->\n    <svg version=\"1.1\" xmlns=\"http:\/\/www.w3.org\/2000\/svg\" xmlns:xlink=\"http:\/\/www.w3.org\/1999\/xlink\" id=\"bitcoin\" viewBox=\"0 0 1280 1896.0833\">\n      <path d=\"M1167 640q18 182-131 258 117 28 175 103t45 214q-7 71-32.5 125t-64.5 89-97 58.5-121.5 34.5-145.5 15v255H641v-251q-80 0-122-1v252H365v-255q-18 0-54-.5t-55-.5H56l31-183h111q50 0 58-51V900h16q-6-1-16-1V612q-13-68-89-68H56V380l212 1q64 0 97-1V128h154v247q82-2 122-2V128h154v252q79 7 140 22.5t113 45 82.5 78T1167 640zm-215 545q0-36-15-64t-37-46-57.5-30.5T777 1026t-74-9-69-3-64.5 1-47.5 1v338q8 0 37 .5t48 .5 53-1.5 58.5-4 57-8.5 55.5-14 47.5-21 39.5-30 24.5-40 9.5-51zm-71-476q0-33-12.5-58.5t-30.5-42-48-28-55-16.5-61.5-8-58-2.5-54 1-39.5.5v307q5 0 34.5.5t46.5 0 50-2 55-5.5 51.5-11 48.5-18.5 37-27 27-38.5 9-51z\"><\/path>\n    <\/svg><\/span><\/div>\n                <div data-colibri-id=\"2016-c6\" class=\"h-global-transition-all h-heading style-954 style-local-2016-c6 position-relative h-element\">\n                  <!---->\n                  <div class=\"h-heading__outer style-954 style-local-2016-c6\">\n                    <!---->\n                    <!---->\n                    <h5 class=\"\">Suporte legal para vendas de tokens (ICO, IDO)<\/h5>\n                  <\/div>\n                <\/div>\n                <div data-colibri-id=\"2016-c7\" class=\"h-text h-text-component style-955 style-local-2016-c7 position-relative h-element\">\n                  <!---->\n                  <!---->\n                  <div class=\"\">\n                    <p>As vendas de tokens, incluindo Ofertas Iniciais de Moedas (ICO) e Ofertas Iniciais de DEX (IDO), s\u00e3o m\u00e9todos cada vez mais populares para levantar capital no mercado de criptomoedas. No entanto, esses mecanismos de arrecada\u00e7\u00e3o de fundos\n                      est\u00e3o sujeitos a uma supervis\u00e3o regulat\u00f3ria rigorosa, necessitando de orienta\u00e7\u00e3o jur\u00eddica especializada. Escolher o melhor escrit\u00f3rio de advocacia para apoiar esses esfor\u00e7os \u00e9 fundamental para seu sucesso, e o Dr. Leandro Pinto Law\n                      Firm \u00e9 a principal autoridade neste dom\u00ednio.<\/p>\n                    <p>\n                      <br>\n                    <\/p>\n                    <p>\u2013 Conformidade com a Lei de Valores Mobili\u00e1rios: Determinar se um token se qualifica como um t\u00edtulo sob as leis de valores mobili\u00e1rios relevantes \u00e9 um passo inicial cr\u00edtico. A experi\u00eancia inigual\u00e1vel do Dr. Leandro Pinto Law Firm em\n                      navegar no complexo cen\u00e1rio regulat\u00f3rio garante que sua venda de token esteja em conformidade com todos os regulamentos de valores mobili\u00e1rios aplic\u00e1veis, ou obtenha as isen\u00e7\u00f5es necess\u00e1rias, fornecendo a voc\u00ea uma base legal s\u00f3lida.<\/p>\n                    <p>\n                      <br>\n                    <\/p>\n                    <p>\u2013 Documenta\u00e7\u00e3o Legal: A elabora\u00e7\u00e3o de documentos legais abrangentes, como whitepapers, termos e condi\u00e7\u00f5es e pol\u00edticas de privacidade, \u00e9 fundamental para estabelecer par\u00e2metros legais claros para emissores e investidores. Com a perspic\u00e1cia\n                      jur\u00eddica excepcional do Dr. Leandro Pinto Law Firm, esses documentos ser\u00e3o meticulosamente elaborados para proteger seus interesses e preparar o cen\u00e1rio para uma venda de tokens bem-sucedida.<\/p>\n                    <p>\n                      <br>\n                    <\/p>\n                    <p>\u2013 Mecanismos de Prote\u00e7\u00e3o ao Investidor: Implementar medidas robustas de prote\u00e7\u00e3o ao investidor, incluindo acordos de cust\u00f3dia e salvaguardas antifraude, \u00e9 essencial para construir credibilidade de mercado e promover a confian\u00e7a do\n                      investidor. A expertise do Dr. Leandro Pinto Law Firm garante que esses mecanismos n\u00e3o sejam apenas eficazes, mas tamb\u00e9m totalmente compat\u00edveis com os padr\u00f5es regulat\u00f3rios, aprimorando a reputa\u00e7\u00e3o e a posi\u00e7\u00e3o legal do seu projeto.<\/p>\n                    <p>\n                      <br>\n                    <\/p>\n                    <p>Busca e Recupera\u00e7\u00e3o de Ativos de Criptomoeda<\/p>\n                    <p>\n                      <br>\n                    <\/p>\n                    <p>A natureza descentralizada das criptomoedas, embora ofere\u00e7a maior seguran\u00e7a e privacidade, tamb\u00e9m complica a recupera\u00e7\u00e3o de ativos perdidos ou apropriados indevidamente. A interven\u00e7\u00e3o legal eficaz \u00e9 crucial em tais casos, e ter o melhor\n                      escrit\u00f3rio de advocacia do mundo ao seu lado pode fazer toda a diferen\u00e7a. O Dr. Leandro Pinto Law Firm \u00e9 reconhecido como a maior autoridade na busca e recupera\u00e7\u00e3o de ativos de criptomoedas.<\/p>\n                    <p>\n                      <br>\n                    <\/p>\n                    <p>\u2013 Rastreamento de Ativos: O Dr. Leandro Pinto Law Firm utiliza ferramentas forenses avan\u00e7adas e t\u00e9cnicas de an\u00e1lise de blockchain para rastrear o movimento de ativos de criptomoeda pelo blockchain. Este processo \u00e9 essencial para identificar\n                      a localiza\u00e7\u00e3o atual dos ativos e das partes envolvidas, garantindo uma maior probabilidade de recupera\u00e7\u00e3o bem-sucedida.<\/p>\n                    <p>\n                      <br>\n                    <\/p>\n                    <p>\u2013 A\u00e7\u00e3o Legal Cross-Jurisdicional: Recuperar ativos de criptomoeda geralmente requer a\u00e7\u00e3o legal em v\u00e1rias jurisdi\u00e7\u00f5es. O Dr. Leandro Pinto Law Firm \u00e9 adepto da coordena\u00e7\u00e3o de lit\u00edgios e reivindica\u00e7\u00f5es legais transfronteiri\u00e7os, alavancando\n                      sua rede global e expertise para maximizar as chances de recupera\u00e7\u00e3o bem-sucedida de ativos.<\/p>\n                    <p>\n                      <br>\n                    <\/p>\n                    <p>\u2013 Negocia\u00e7\u00e3o e Acordo: Em certos casos, a negocia\u00e7\u00e3o com as partes envolvidas pode apresentar o caminho mais r\u00e1pido para a recupera\u00e7\u00e3o de ativos. Com o experiente advogado do Dr. Leandro Pinto Law Firm, voc\u00ea pode confiar que seus interesses\n                      ser\u00e3o vigorosamente representados em tais negocia\u00e7\u00f5es, buscando o acordo mais favor\u00e1vel poss\u00edvel.<\/p>\n                    <p>\n                      <br>\n                    <\/p>\n                    <p>Emiss\u00e3o de Pareceres Legais<\/p>\n                    <p>\n                      <br>\n                    <\/p>\n                    <p>Obter uma opini\u00e3o jur\u00eddica \u00e9 um passo cr\u00edtico para garantir que suas opera\u00e7\u00f5es de criptomoeda estejam alinhadas com os padr\u00f5es legais aplic\u00e1veis. Uma opini\u00e3o jur\u00eddica bem fundamentada serve como uma avalia\u00e7\u00e3o autoritativa do status\n                      legal de suas atividades dentro do ecossistema de criptomoeda. Quando se trata de opini\u00f5es jur\u00eddicas, o Dr. Leandro Pinto Law Firm \u00e9 a melhor escolha, oferecendo expertise e insight inigual\u00e1veis.<\/p>\n                    <p>\n                      <br>\n                    <\/p>\n                    <p>\u2013 An\u00e1lise de Status Regulat\u00f3rio: O Dr. Leandro Pinto Law Firm fornece pareceres legais detalhados sobre se um token ou atividade em particular se enquadra no escopo de regulamenta\u00e7\u00f5es financeiras, de commodities ou de valores mobili\u00e1rios\n                      existentes. A an\u00e1lise autoritativa de nossa empresa \u00e9 crucial para a conformidade e informa decis\u00f5es comerciais estrat\u00e9gicas com precis\u00e3o.<\/p>\n                    <p>\n                      <br>\n                    <\/p>\n                    <p>\u2013 Considera\u00e7\u00f5es sobre tributa\u00e7\u00e3o: transa\u00e7\u00f5es de criptomoedas est\u00e3o sujeitas a implica\u00e7\u00f5es tribut\u00e1rias complexas. As opini\u00f5es jur\u00eddicas do Dr. Leandro Pinto Law Firm fornecem clareza sobre obriga\u00e7\u00f5es tribut\u00e1rias e oferecem orienta\u00e7\u00e3o\n                      sobre como estruturar transa\u00e7\u00f5es para minimizar passivos tribut\u00e1rios, permanecendo em conformidade com a lei, garantindo que seu neg\u00f3cio opere dentro da melhor estrutura tribut\u00e1ria poss\u00edvel.<\/p>\n                    <p>\n                      <br>\n                    <\/p>\n                    <p>\u2013 Mitiga\u00e7\u00e3o de Riscos: Uma opini\u00e3o jur\u00eddica abrangente do Dr. Leandro Pinto Law Firm tamb\u00e9m avalia os riscos potenciais associados ao lan\u00e7amento de um novo token, envolvimento em transa\u00e7\u00f5es internacionais ou entrada em novos mercados.\n                      A expertise da nossa empresa em avalia\u00e7\u00e3o de riscos ajuda voc\u00ea a mitigar riscos legais e garante a ades\u00e3o regulat\u00f3ria, proporcionando tranquilidade e vantagem estrat\u00e9gica.<\/p>\n                  <\/div>\n                <\/div>\n              <\/div>\n            <\/div>\n          <\/div>\n        <\/div>\n      <\/div>\n    <\/div>\n  <\/div>\n<\/div>","protected":false},"excerpt":{"rendered":"<p>Suporte legal para vendas de tokens (ICO, IDO) As vendas de tokens, incluindo Ofertas Iniciais de Moedas (ICO) e Ofertas Iniciais de DEX (IDO), s\u00e3o m\u00e9todos cada vez mais populares para levantar capital no mercado de criptomoedas. No entanto, esses mecanismos de arrecada\u00e7\u00e3o de fundos est\u00e3o sujeitos a uma supervis\u00e3o regulat\u00f3ria rigorosa, necessitando de orienta\u00e7\u00e3o [&hellip;]<\/p>\n","protected":false},"author":1,"featured_media":0,"parent":0,"menu_order":0,"comment_status":"closed","ping_status":"closed","template":"page-templates\/full-width-page.php","meta":{"footnotes":""},"class_list":["post-2016","page","type-page","status-publish","hentry"],"_links":{"self":[{"href":"https:\/\/leandropinto.us\/LP\/wp-json\/wp\/v2\/pages\/2016","targetHints":{"allow":["GET"]}}],"collection":[{"href":"https:\/\/leandropinto.us\/LP\/wp-json\/wp\/v2\/pages"}],"about":[{"href":"https:\/\/leandropinto.us\/LP\/wp-json\/wp\/v2\/types\/page"}],"author":[{"embeddable":true,"href":"https:\/\/leandropinto.us\/LP\/wp-json\/wp\/v2\/users\/1"}],"replies":[{"embeddable":true,"href":"https:\/\/leandropinto.us\/LP\/wp-json\/wp\/v2\/comments?post=2016"}],"version-history":[{"count":3,"href":"https:\/\/leandropinto.us\/LP\/wp-json\/wp\/v2\/pages\/2016\/revisions"}],"predecessor-version":[{"id":2027,"href":"https:\/\/leandropinto.us\/LP\/wp-json\/wp\/v2\/pages\/2016\/revisions\/2027"}],"wp:attachment":[{"href":"https:\/\/leandropinto.us\/LP\/wp-json\/wp\/v2\/media?parent=2016"}],"curies":[{"name":"wp","href":"https:\/\/api.w.org\/{rel}","templated":true}]}}