{"id":2,"date":"2024-06-08T12:50:28","date_gmt":"2024-06-08T12:50:28","guid":{"rendered":"https:\/\/leandropinto.us\/LP\/?page_id=2"},"modified":"2024-08-22T16:53:34","modified_gmt":"2024-08-22T16:53:34","slug":"areas-de-atuacao","status":"publish","type":"page","link":"https:\/\/leandropinto.us\/LP\/areas-de-atuacao\/","title":{"rendered":"\u00c1REAS DE ATUA\u00c7\u00c3O"},"content":{"rendered":"<div data-colibri-id=\"2-c1\" class=\"style-389 style-local-2-c1 position-relative\">\n  <!---->\n  <div data-colibri-component=\"section\" data-colibri-id=\"2-c2\" id=\"content\" class=\"h-section h-section-global-spacing d-flex align-items-lg-center align-items-md-center align-items-center style-517 style-local-2-c2 position-relative\">\n    <!---->\n    <!---->\n    <div class=\"h-section-grid-container h-section-fluid-container\">\n      <!---->\n      <div data-colibri-id=\"2-c3\" class=\"h-row-container gutters-row-lg-0 gutters-row-md-0 gutters-row-2 gutters-row-v-lg-0 gutters-row-v-md-0 gutters-row-v-2 style-518 style-local-2-c3 position-relative\">\n        <!---->\n        <div class=\"h-row justify-content-lg-center justify-content-md-center justify-content-center align-items-lg-stretch align-items-md-stretch align-items-stretch gutters-col-lg-0 gutters-col-md-0 gutters-col-2 gutters-col-v-lg-0 gutters-col-v-md-0 gutters-col-v-2\">\n          <!---->\n          <div class=\"h-column h-column-container d-flex h-col-lg-auto h-col-md-auto h-col-auto style-519-outer style-local-2-c4-outer\">\n            <div data-colibri-id=\"2-c4\" class=\"d-flex h-flex-basis h-column__inner h-px-lg-0 h-px-md-0 h-px-0 v-inner-lg-0 v-inner-md-0 v-inner-0 style-519 style-local-2-c4 position-relative\">\n              <!---->\n              <!---->\n              <div class=\"w-100 h-y-container h-column__content h-column__v-align flex-basis-100 align-self-lg-start align-self-md-start align-self-start\">\n                <!---->\n                <div data-colibri-id=\"2-c5\" class=\"h-global-transition-all h-heading style-520 style-local-2-c5 position-relative h-element\">\n                  <!---->\n                  <div class=\"h-heading__outer style-520 style-local-2-c5\">\n                    <!---->\n                    <!---->\n                    <h4 class=\"\">NOSSAS \u00c1REAS DE ATUA\u00c7\u00c3O:<\/h4>\n                  <\/div>\n                <\/div>\n                <div data-colibri-id=\"2-c6\" class=\"h-global-transition-all h-heading style-521 style-local-2-c6 position-relative h-element\">\n                  <!---->\n                  <div class=\"h-heading__outer style-521 style-local-2-c6\">\n                    <!---->\n                    <!---->\n                    <h2 class=\"\">LEANDRO PINTO LAW FIRM<\/h2>\n                  <\/div>\n                <\/div>\n                <div data-colibri-id=\"2-c7\" class=\"h-text h-text-component style-522 style-local-2-c7 position-relative h-element\">\n                  <!---->\n                  <!---->\n                  <div class=\"\">\n                    <p>Leandro Pinto Law Firm dedica-se ao atendimento de clientes do setor privado e p\u00fablico em assuntos relacionados a direito banc\u00e1rio e opera\u00e7\u00f5es financeiras.<\/p>\n                    <p>&nbsp;<\/p>\n                    <ul>\n                      <li>\n                        <a href=\"https:\/\/leandropinto.us\/LP\/direito-civil-e-empresarial\">DIREITO CIVIL E EMPRESARIAL<\/a>\n                      <\/li>\n                      <li>\n                        <a href=\"https:\/\/leandropinto.us\/LP\/direito-societario\">SOCIET\u00c1RIO<\/a>\n                      <\/li>\n                      <li>FUS\u00d5ES E AQUISI\u00c7\u00d5ES<\/li>\n                      <li>\n                        <a href=\"https:\/\/leandropinto.us\/LP\/trabalhista\">TRABALHISTA<\/a>\n                      <\/li>\n                      <li>\n                        <a href=\"https:\/\/leandropinto.us\/LP\/direito-eleitoral\">ELEITORAL<\/a>\n                      <\/li>\n                      <li>\n                        <a href=\"https:\/\/leandropinto.us\/LP\/familia-e-sucessoes\">FAM\u00cdLIA E SUCESS\u00d5ES<\/a>\n                      <\/li>\n                      <li>\n                        <a href=\"https:\/\/leandropinto.us\/LP\/internacional\">INTERNACIONAL<\/a>\n                      <\/li>\n                      <li>\n                        <a href=\"https:\/\/leandropinto.us\/LP\/administrativo\">ADMINISTRATIVO<\/a>\n                      <\/li>\n                      <li>\n                        <a href=\"https:\/\/leandropinto.us\/LP\/previdenciario\">PREVIDENCI\u00c1RIO<\/a>\n                      <\/li>\n                      <li>\n                        <a href=\"https:\/\/leandropinto.us\/LP\/tributario\">TRIBUT\u00c1RIO<\/a>\n                      <\/li>\n                      <li>\n                        <a href=\"https:\/\/leandropinto.us\/LP\/direito-imobiliario\">DIREITO IMOBILI\u00c1RIO<\/a>\n                      <\/li>\n                      <li>\n                        <a href=\"https:\/\/leandropinto.us\/LP\/repatriacao-dos-recursos\">DIREITO DO CONSUMIDOR<\/a>\n                      <\/li>\n                      <li>\n                        <a href=\"https:\/\/leandropinto.us\/LP\/repatriacao-dos-recursos\">REPATRIA\u00c7\u00c3O DOS RECURSOS<\/a>\n                      <\/li>\n                      <li>\n                        <a href=\"https:\/\/leandropinto.us\/LP\/cidadania-europeia-e-norte-americana\">CIDADANIA EUROP\u00c9IA E NORTE-AMERICANA<\/a>\n                      <\/li>\n                      <li>\n                        <a href=\"https:\/\/leandropinto.us\/LP\/direito-esportivo\">DIREITO ESPORTIVO<\/a>\n                      <\/li>\n                      <li>\n                        <a href=\"https:\/\/leandropinto.us\/LP\/direito-bancario\">DIREITO BANC\u00c1RIO<\/a>\n                      <\/li>\n                    <\/ul>\n                    <p>\n                      <br>\n                    <\/p>\n                    <p>\n                      <br>\n                    <\/p>\n                    <p>\n                      <br>\n                    <\/p>\n                  <\/div>\n                <\/div>\n                <div data-colibri-id=\"2-c8\" class=\"h-row-container gutters-row-lg-2 gutters-row-md-2 gutters-row-0 gutters-row-v-lg-2 gutters-row-v-md-2 gutters-row-v-0 style-523 style-local-2-c8 position-relative\">\n                  <!---->\n                  <div class=\"h-row justify-content-lg-center justify-content-md-center justify-content-center align-items-lg-stretch align-items-md-stretch align-items-stretch gutters-col-lg-2 gutters-col-md-2 gutters-col-0 gutters-col-v-lg-2 gutters-col-v-md-2 gutters-col-v-0\">\n                    <!---->\n                    <div class=\"h-column h-column-container d-flex h-col-lg-6 h-col-md-6 h-col-6 style-524-outer style-local-2-c9-outer\">\n                      <div data-colibri-id=\"2-c9\" class=\"d-flex h-flex-basis h-column__inner h-px-lg-0 h-px-md-0 h-px-0 v-inner-lg-0 v-inner-md-0 v-inner-0 style-524 style-local-2-c9 position-relative\">\n                        <!---->\n                        <!---->\n                        <div class=\"w-100 h-y-container h-column__content h-column__v-align flex-basis-100 align-self-lg-start align-self-md-start align-self-start\">\n                          <!---->\n                          <div data-colibri-id=\"2-c10\" class=\"h-global-transition-all h-heading style-525 style-local-2-c10 position-relative h-element\">\n                            <!---->\n                            <div class=\"h-heading__outer style-525 style-local-2-c10\">\n                              <!---->\n                              <!---->\n                              <h5 class=\"\">Brasil<\/h5>\n                            <\/div>\n                          <\/div>\n                          <div data-colibri-id=\"2-c11\" class=\"h-text h-text-component style-526 style-local-2-c11 position-relative h-element\">\n                            <!---->\n                            <!---->\n                            <div class=\"\">\n                              <p>Pra\u00e7a Gen. Craveiro Lopes, 19 \u2013 2 andar \u2013 Bela Vista, S\u00e3o Paulo&nbsp;\n                                <br>\n                              <\/p>\n                              <p>+55 11 98089-0000<\/p>\n                            <\/div>\n                          <\/div>\n                        <\/div>\n                      <\/div>\n                    <\/div>\n                    <div class=\"h-column h-column-container d-flex h-col-lg-6 h-col-md-6 h-col-6 style-524-outer style-local-2-c12-outer\">\n                      <div data-colibri-id=\"2-c12\" class=\"d-flex h-flex-basis h-column__inner h-px-lg-0 h-px-md-0 h-px-0 v-inner-lg-0 v-inner-md-0 v-inner-0 style-524 style-local-2-c12 position-relative\">\n                        <!---->\n                        <!---->\n                        <div class=\"w-100 h-y-container h-column__content h-column__v-align flex-basis-100 align-self-lg-start align-self-md-start align-self-start\">\n                          <!---->\n                          <div data-colibri-id=\"2-c13\" class=\"h-global-transition-all h-heading style-525 style-local-2-c13 position-relative h-element\">\n                            <!---->\n                            <div class=\"h-heading__outer style-525 style-local-2-c13\">\n                              <!---->\n                              <!---->\n                              <h5 class=\"\">IT\u00c1LIA<\/h5>\n                            <\/div>\n                          <\/div>\n                          <div data-colibri-id=\"2-c14\" class=\"h-text h-text-component style-526 style-local-2-c14 position-relative h-element\">\n                            <!---->\n                            <!---->\n                            <div class=\"\">\n                              <p>178 St. Corso di Francia Roma, Italia<\/p>\n                              <p>+39 366 1511-981<\/p>\n                            <\/div>\n                          <\/div>\n                        <\/div>\n                      <\/div>\n                    <\/div>\n                    <div class=\"h-column h-column-container d-flex h-col-lg-6 h-col-md-6 h-col-6 style-524-outer style-local-2-c15-outer\">\n                      <div data-colibri-id=\"2-c15\" class=\"d-flex h-flex-basis h-column__inner h-px-lg-0 h-px-md-0 h-px-0 v-inner-lg-0 v-inner-md-0 v-inner-0 style-524 style-local-2-c15 position-relative\">\n                        <!---->\n                        <!---->\n                        <div class=\"w-100 h-y-container h-column__content h-column__v-align flex-basis-100 align-self-lg-start align-self-md-start align-self-start\">\n                          <!---->\n                          <div data-colibri-id=\"2-c16\" class=\"h-global-transition-all h-heading style-525 style-local-2-c16 position-relative h-element\">\n                            <!---->\n                            <div class=\"h-heading__outer style-525 style-local-2-c16\">\n                              <!---->\n                              <!---->\n                              <h5 class=\"\">E.U.A.<\/h5>\n                            <\/div>\n                          <\/div>\n                          <div data-colibri-id=\"2-c17\" class=\"h-text h-text-component style-526 style-local-2-c17 position-relative h-element\">\n                            <!---->\n                            <!---->\n                            <div class=\"\">\n                              <p><strong>&nbsp;<\/strong>381 Park Avenue South\n                                <br>Manhattan, New York, New York<\/p>\n                              <p>+1 310-666-66-84<\/p>\n                              <p>\n                                <br>\n                              <\/p>\n                            <\/div>\n                          <\/div>\n                        <\/div>\n                      <\/div>\n                    <\/div>\n                    <div class=\"h-column h-column-container d-flex h-col-lg-6 h-col-md-6 h-col-6 style-524-outer style-local-2-c18-outer\">\n                      <div data-colibri-id=\"2-c18\" class=\"d-flex h-flex-basis h-column__inner h-px-lg-0 h-px-md-0 h-px-0 v-inner-lg-0 v-inner-md-0 v-inner-0 style-524 style-local-2-c18 position-relative\">\n                        <!---->\n                        <!---->\n                        <div class=\"w-100 h-y-container h-column__content h-column__v-align flex-basis-100 align-self-lg-start align-self-md-start align-self-start\">\n                          <!---->\n                          <div data-colibri-id=\"2-c19\" class=\"h-global-transition-all h-heading style-525 style-local-2-c19 position-relative h-element\">\n                            <!---->\n                            <div class=\"h-heading__outer style-525 style-local-2-c19\">\n                              <!---->\n                              <!---->\n                              <h5 class=\"\">PORTUGAL<\/h5>\n                            <\/div>\n                          <\/div>\n                          <div data-colibri-id=\"2-c20\" class=\"h-text h-text-component style-526 style-local-2-c20 position-relative h-element\">\n                            <!---->\n                            <!---->\n                            <div class=\"\">\n                              <p>Avenida Miguel Bombarda, 42 \u2013 5,\u00ba B\n                                <br>1050-166 \u2013 Lisboa<\/p>\n                              <p>+21 795-0497<\/p>\n                            <\/div>\n                          <\/div>\n                        <\/div>\n                      <\/div>\n                    <\/div>\n                  <\/div>\n                <\/div>\n              <\/div>\n            <\/div>\n          <\/div>\n          <div class=\"h-column h-column-container d-flex h-col-lg-auto h-col-md-auto h-col-auto style-527-outer style-local-2-c21-outer\">\n            <div data-colibri-id=\"2-c21\" class=\"d-flex h-flex-basis h-column__inner h-ui-empty-state-container h-px-lg-0 h-px-md-0 h-px-0 v-inner-lg-0 v-inner-md-0 v-inner-0 style-527 style-local-2-c21 position-relative\">\n              <!---->\n              <!---->\n              <div class=\"w-100 h-y-container h-column__content h-column__v-align flex-basis-100\">\n                <!---->\n              <\/div>\n            <\/div>\n          <\/div>\n        <\/div>\n      <\/div>\n    <\/div>\n  <\/div>\n<\/div>","protected":false},"excerpt":{"rendered":"<p>NOSSAS \u00c1REAS DE ATUA\u00c7\u00c3O: LEANDRO PINTO LAW FIRM Leandro Pinto Law Firm dedica-se ao atendimento de clientes do setor privado e p\u00fablico em assuntos relacionados a direito banc\u00e1rio e opera\u00e7\u00f5es financeiras. &nbsp; DIREITO CIVIL E EMPRESARIAL SOCIET\u00c1RIO FUS\u00d5ES E AQUISI\u00c7\u00d5ES TRABALHISTA ELEITORAL FAM\u00cdLIA E SUCESS\u00d5ES INTERNACIONAL ADMINISTRATIVO PREVIDENCI\u00c1RIO TRIBUT\u00c1RIO DIREITO IMOBILI\u00c1RIO DIREITO DO CONSUMIDOR REPATRIA\u00c7\u00c3O [&hellip;]<\/p>\n","protected":false},"author":1,"featured_media":805,"parent":0,"menu_order":0,"comment_status":"closed","ping_status":"closed","template":"page-templates\/full-width-page.php","meta":{"footnotes":""},"class_list":["post-2","page","type-page","status-publish","has-post-thumbnail","hentry"],"_links":{"self":[{"href":"https:\/\/leandropinto.us\/LP\/wp-json\/wp\/v2\/pages\/2","targetHints":{"allow":["GET"]}}],"collection":[{"href":"https:\/\/leandropinto.us\/LP\/wp-json\/wp\/v2\/pages"}],"about":[{"href":"https:\/\/leandropinto.us\/LP\/wp-json\/wp\/v2\/types\/page"}],"author":[{"embeddable":true,"href":"https:\/\/leandropinto.us\/LP\/wp-json\/wp\/v2\/users\/1"}],"replies":[{"embeddable":true,"href":"https:\/\/leandropinto.us\/LP\/wp-json\/wp\/v2\/comments?post=2"}],"version-history":[{"count":20,"href":"https:\/\/leandropinto.us\/LP\/wp-json\/wp\/v2\/pages\/2\/revisions"}],"predecessor-version":[{"id":1008,"href":"https:\/\/leandropinto.us\/LP\/wp-json\/wp\/v2\/pages\/2\/revisions\/1008"}],"wp:featuredmedia":[{"embeddable":true,"href":"https:\/\/leandropinto.us\/LP\/wp-json\/wp\/v2\/media\/805"}],"wp:attachment":[{"href":"https:\/\/leandropinto.us\/LP\/wp-json\/wp\/v2\/media?parent=2"}],"curies":[{"name":"wp","href":"https:\/\/api.w.org\/{rel}","templated":true}]}}