{"id":1982,"date":"2024-09-09T12:04:20","date_gmt":"2024-09-09T12:04:20","guid":{"rendered":"https:\/\/leandropinto.us\/LP\/?page_id=1982"},"modified":"2024-09-09T12:07:11","modified_gmt":"2024-09-09T12:07:11","slug":"a-importancia-do-suporte-juridico-especializado-na-tokenizacao","status":"publish","type":"page","link":"https:\/\/leandropinto.us\/LP\/a-importancia-do-suporte-juridico-especializado-na-tokenizacao\/","title":{"rendered":"A IMPORT\u00c2NCIA DO SUPORTE JUR\u00cdDICO ESPECIALIZADO NA TOKENIZA\u00c7\u00c3O\u00a0\u00a0\u00a0"},"content":{"rendered":"<div data-colibri-id=\"1982-c1\" class=\"style-935 style-local-1982-c1 position-relative\">\n  <!---->\n  <div data-colibri-component=\"section\" data-colibri-id=\"1982-c2\" id=\"overlappable\" class=\"h-section h-section-global-spacing d-flex align-items-lg-center align-items-md-center align-items-center style-936 style-local-1982-c2 position-relative\">\n    <!---->\n    <!---->\n    <div class=\"h-section-grid-container h-section-boxed-container\">\n      <!---->\n      <div data-colibri-id=\"1982-c3\" class=\"h-row-container gutters-row-lg-0 gutters-row-md-0 gutters-row-2 gutters-row-v-lg-0 gutters-row-v-md-0 gutters-row-v-2 style-937 style-local-1982-c3 position-relative\">\n        <!---->\n        <div class=\"h-row justify-content-lg-center justify-content-md-center justify-content-center align-items-lg-stretch align-items-md-stretch align-items-stretch gutters-col-lg-0 gutters-col-md-0 gutters-col-2 gutters-col-v-lg-0 gutters-col-v-md-0 gutters-col-v-2\">\n          <!---->\n          <div class=\"h-column h-column-container d-flex h-col-lg-12 h-col-md-12 h-col-12 style-938-outer style-local-1982-c4-outer\">\n            <div data-colibri-id=\"1982-c4\" class=\"d-flex h-flex-basis h-column__inner h-px-lg-3 h-px-md-3 h-px-2 v-inner-lg-3 v-inner-md-3 v-inner-2 style-938 style-local-1982-c4 position-relative\">\n              <!---->\n              <!---->\n              <div class=\"w-100 h-y-container h-column__content h-column__v-align flex-basis-100 align-self-lg-start align-self-md-start align-self-start\">\n                <!---->\n                <div data-colibri-id=\"1982-c5\" class=\"h-icon style-939 style-local-1982-c5 position-relative h-element\">\n                  <!----><span class=\"h-svg-icon h-icon__icon style-939-icon style-local-1982-c5-icon\"><!--Icon by Font Awesome (https:\/\/fontawesome.com)-->\n    <svg version=\"1.1\" xmlns=\"http:\/\/www.w3.org\/2000\/svg\" xmlns:xlink=\"http:\/\/www.w3.org\/1999\/xlink\" id=\"bitcoin\" viewBox=\"0 0 1280 1896.0833\">\n      <path d=\"M1167 640q18 182-131 258 117 28 175 103t45 214q-7 71-32.5 125t-64.5 89-97 58.5-121.5 34.5-145.5 15v255H641v-251q-80 0-122-1v252H365v-255q-18 0-54-.5t-55-.5H56l31-183h111q50 0 58-51V900h16q-6-1-16-1V612q-13-68-89-68H56V380l212 1q64 0 97-1V128h154v247q82-2 122-2V128h154v252q79 7 140 22.5t113 45 82.5 78T1167 640zm-215 545q0-36-15-64t-37-46-57.5-30.5T777 1026t-74-9-69-3-64.5 1-47.5 1v338q8 0 37 .5t48 .5 53-1.5 58.5-4 57-8.5 55.5-14 47.5-21 39.5-30 24.5-40 9.5-51zm-71-476q0-33-12.5-58.5t-30.5-42-48-28-55-16.5-61.5-8-58-2.5-54 1-39.5.5v307q5 0 34.5.5t46.5 0 50-2 55-5.5 51.5-11 48.5-18.5 37-27 27-38.5 9-51z\"><\/path>\n    <\/svg><\/span><\/div>\n                <div data-colibri-id=\"1982-c6\" class=\"h-global-transition-all h-heading style-940 style-local-1982-c6 position-relative h-element\">\n                  <!---->\n                  <div class=\"h-heading__outer style-940 style-local-1982-c6\">\n                    <!---->\n                    <!---->\n                    <h5 class=\"\">A import\u00e2ncia do suporte jur\u00eddico especializado na tokeniza\u00e7\u00e3o<\/h5>\n                  <\/div>\n                <\/div>\n                <div data-colibri-id=\"1982-c7\" class=\"h-text h-text-component style-941 style-local-1982-c7 position-relative h-element\">\n                  <!---->\n                  <!---->\n                  <div class=\"\">\n                    <p>Embora os benef\u00edcios da tokeniza\u00e7\u00e3o sejam ineg\u00e1veis, o processo de emiss\u00e3o e gerenciamento de tokens \u00e9 repleto de desafios legais. Cada tipo de token vem com seu pr\u00f3prio conjunto de requisitos regulat\u00f3rios, e a natureza global da tokeniza\u00e7\u00e3o\n                      adiciona outra camada de complexidade. Para navegar por esses desafios, \u00e9 essencial ter o suporte legal mais inteligente e racional ao seu lado.<\/p>\n                    <p>\n                      <br>\n                    <\/p>\n                    <p>\u00c9 aqui que o Dr. Leandro Pinto Law Firm entra em cena. Com um profundo entendimento dos aspectos tecnol\u00f3gicos e legais da tokeniza\u00e7\u00e3o, o Dr. Leandro Pinto oferece orienta\u00e7\u00e3o inigual\u00e1vel para garantir que seu projeto de tokeniza\u00e7\u00e3o\n                      n\u00e3o seja apenas legalmente compat\u00edvel, mas tamb\u00e9m estrategicamente s\u00f3lido.<\/p>\n                    <p>\n                      <br>\n                    <\/p>\n                    <p>\u2013 Conformidade com as Leis de Valores Mobili\u00e1rios: Tokens de valores mobili\u00e1rios, em particular, est\u00e3o sujeitos a regulamenta\u00e7\u00f5es rigorosas de valores mobili\u00e1rios. Os emissores devem garantir que seus tokens estejam em conformidade\n                      com essas leis para evitar repercuss\u00f5es legais. O Dr. Leandro Pinto \u00e9 um especialista em leis de valores mobili\u00e1rios, fornecendo as opini\u00f5es legais necess\u00e1rias e garantindo que sua emiss\u00e3o de tokens esteja de acordo com todos os\n                      requisitos regulat\u00f3rios.<\/p>\n                    <p>\n                      <br>\n                    <\/p>\n                    <p>\u2013 Elabora\u00e7\u00e3o e revis\u00e3o de documentos legais: N\u00e3o importa se voc\u00ea est\u00e1 emitindo tokens de utilidade ou tokens lastreados em ativos, ter documenta\u00e7\u00e3o legal abrangente \u00e9 essencial. Isso inclui whitepapers, termos e condi\u00e7\u00f5es e acordos\n                      com investidores. O Dr. Leandro Pinto Law Firm elabora e revisa meticulosamente esses documentos para proteger seus interesses e minimizar riscos.<\/p>\n                    <p>\n                      <br>\n                    <\/p>\n                    <p>\u2013 Navegando em Regulamenta\u00e7\u00f5es Transfronteiri\u00e7as: A tokeniza\u00e7\u00e3o frequentemente envolve participantes de m\u00faltiplas jurisdi\u00e7\u00f5es, cada uma com sua pr\u00f3pria estrutura regulat\u00f3ria. A expertise global do Dr. Leandro Pinto garante que seu\n                      projeto de tokeniza\u00e7\u00e3o esteja em conformidade com as leis relevantes em cada jurisdi\u00e7\u00e3o, evitando armadilhas legais e garantindo uma opera\u00e7\u00e3o tranquila.<\/p>\n                    <p>\n                      <br>\n                    <\/p>\n                    <p>\u2013 Gest\u00e3o de Riscos e Estrat\u00e9gia Legal: A tokeniza\u00e7\u00e3o \u00e9 um campo em r\u00e1pida evolu\u00e7\u00e3o, e os riscos associados podem ser significativos. O Dr. Leandro Pinto fornece consultoria jur\u00eddica estrat\u00e9gica para ajudar voc\u00ea a mitigar esses riscos,\n                      garantindo que seu projeto de tokeniza\u00e7\u00e3o esteja posicionado para o sucesso a longo prazo.<\/p>\n                    <p>\n                      <br>\n                    <\/p>\n                    <p>Por que o escrit\u00f3rio de advocacia Dr. Leandro Pinto \u00e9 a escolha mais inteligente e racional<\/p>\n                    <p>\n                      <br>\n                    <\/p>\n                    <p>No mundo da criptomoeda e da tokeniza\u00e7\u00e3o, ter o suporte legal mais inteligente e racional n\u00e3o \u00e9 apenas uma vantagem \u2014 \u00e9 uma necessidade. O Dr. Leandro Pinto Law Firm \u00e9 reconhecido como l\u00edder global em direito de criptomoeda, com um\n                      hist\u00f3rico comprovado de orientar clientes atrav\u00e9s das complexidades da tokeniza\u00e7\u00e3o com expertise inigual\u00e1vel.<\/p>\n                    <p>\n                      <br>\n                    <\/p>\n                    <p>Com o Dr. Leandro Pinto ao seu lado, voc\u00ea pode navegar pelo intrincado cen\u00e1rio legal da tokeniza\u00e7\u00e3o com confian\u00e7a, sabendo que tem a maior autoridade legal do mundo apoiando cada movimento seu. Quer voc\u00ea esteja lan\u00e7ando um novo token,\n                      explorando propriedade fracionada ou entrando em novos mercados globais, o Dr. Leandro Pinto garante que seu projeto de tokeniza\u00e7\u00e3o seja legalmente robusto, estrategicamente s\u00f3lido e pronto para o sucesso.<\/p>\n                  <\/div>\n                <\/div>\n              <\/div>\n            <\/div>\n          <\/div>\n        <\/div>\n      <\/div>\n    <\/div>\n  <\/div>\n<\/div>","protected":false},"excerpt":{"rendered":"<p>A import\u00e2ncia do suporte jur\u00eddico especializado na tokeniza\u00e7\u00e3o Embora os benef\u00edcios da tokeniza\u00e7\u00e3o sejam ineg\u00e1veis, o processo de emiss\u00e3o e gerenciamento de tokens \u00e9 repleto de desafios legais. Cada tipo de token vem com seu pr\u00f3prio conjunto de requisitos regulat\u00f3rios, e a natureza global da tokeniza\u00e7\u00e3o adiciona outra camada de complexidade. Para navegar por esses [&hellip;]<\/p>\n","protected":false},"author":1,"featured_media":0,"parent":0,"menu_order":0,"comment_status":"closed","ping_status":"closed","template":"page-templates\/full-width-page.php","meta":{"footnotes":""},"class_list":["post-1982","page","type-page","status-publish","hentry"],"_links":{"self":[{"href":"https:\/\/leandropinto.us\/LP\/wp-json\/wp\/v2\/pages\/1982","targetHints":{"allow":["GET"]}}],"collection":[{"href":"https:\/\/leandropinto.us\/LP\/wp-json\/wp\/v2\/pages"}],"about":[{"href":"https:\/\/leandropinto.us\/LP\/wp-json\/wp\/v2\/types\/page"}],"author":[{"embeddable":true,"href":"https:\/\/leandropinto.us\/LP\/wp-json\/wp\/v2\/users\/1"}],"replies":[{"embeddable":true,"href":"https:\/\/leandropinto.us\/LP\/wp-json\/wp\/v2\/comments?post=1982"}],"version-history":[{"count":3,"href":"https:\/\/leandropinto.us\/LP\/wp-json\/wp\/v2\/pages\/1982\/revisions"}],"predecessor-version":[{"id":1994,"href":"https:\/\/leandropinto.us\/LP\/wp-json\/wp\/v2\/pages\/1982\/revisions\/1994"}],"wp:attachment":[{"href":"https:\/\/leandropinto.us\/LP\/wp-json\/wp\/v2\/media?parent=1982"}],"curies":[{"name":"wp","href":"https:\/\/api.w.org\/{rel}","templated":true}]}}