{"id":1963,"date":"2024-09-09T11:57:59","date_gmt":"2024-09-09T11:57:59","guid":{"rendered":"https:\/\/leandropinto.us\/LP\/?page_id=1963"},"modified":"2024-09-09T12:03:31","modified_gmt":"2024-09-09T12:03:31","slug":"tokens","status":"publish","type":"page","link":"https:\/\/leandropinto.us\/LP\/tokens\/","title":{"rendered":"TOKENS"},"content":{"rendered":"<div data-colibri-id=\"1963-c1\" class=\"style-928 style-local-1963-c1 position-relative\">\n  <!---->\n  <div data-colibri-component=\"section\" data-colibri-id=\"1963-c2\" id=\"overlappable\" class=\"h-section h-section-global-spacing d-flex align-items-lg-center align-items-md-center align-items-center style-929 style-local-1963-c2 position-relative\">\n    <!---->\n    <!---->\n    <div class=\"h-section-grid-container h-section-boxed-container\">\n      <!---->\n      <div data-colibri-id=\"1963-c3\" class=\"h-row-container gutters-row-lg-0 gutters-row-md-0 gutters-row-2 gutters-row-v-lg-0 gutters-row-v-md-0 gutters-row-v-2 style-930 style-local-1963-c3 position-relative\">\n        <!---->\n        <div class=\"h-row justify-content-lg-center justify-content-md-center justify-content-center align-items-lg-stretch align-items-md-stretch align-items-stretch gutters-col-lg-0 gutters-col-md-0 gutters-col-2 gutters-col-v-lg-0 gutters-col-v-md-0 gutters-col-v-2\">\n          <!---->\n          <div class=\"h-column h-column-container d-flex h-col-lg-12 h-col-md-12 h-col-12 style-931-outer style-local-1963-c4-outer\">\n            <div data-colibri-id=\"1963-c4\" class=\"d-flex h-flex-basis h-column__inner h-px-lg-3 h-px-md-3 h-px-2 v-inner-lg-3 v-inner-md-3 v-inner-2 style-931 style-local-1963-c4 position-relative\">\n              <!---->\n              <!---->\n              <div class=\"w-100 h-y-container h-column__content h-column__v-align flex-basis-100 align-self-lg-start align-self-md-start align-self-start\">\n                <!---->\n                <div data-colibri-id=\"1963-c5\" class=\"h-icon style-932 style-local-1963-c5 position-relative h-element\">\n                  <!----><span class=\"h-svg-icon h-icon__icon style-932-icon style-local-1963-c5-icon\"><!--Icon by Font Awesome (https:\/\/fontawesome.com)-->\n    <svg version=\"1.1\" xmlns=\"http:\/\/www.w3.org\/2000\/svg\" xmlns:xlink=\"http:\/\/www.w3.org\/1999\/xlink\" id=\"bitcoin\" viewBox=\"0 0 1280 1896.0833\">\n      <path d=\"M1167 640q18 182-131 258 117 28 175 103t45 214q-7 71-32.5 125t-64.5 89-97 58.5-121.5 34.5-145.5 15v255H641v-251q-80 0-122-1v252H365v-255q-18 0-54-.5t-55-.5H56l31-183h111q50 0 58-51V900h16q-6-1-16-1V612q-13-68-89-68H56V380l212 1q64 0 97-1V128h154v247q82-2 122-2V128h154v252q79 7 140 22.5t113 45 82.5 78T1167 640zm-215 545q0-36-15-64t-37-46-57.5-30.5T777 1026t-74-9-69-3-64.5 1-47.5 1v338q8 0 37 .5t48 .5 53-1.5 58.5-4 57-8.5 55.5-14 47.5-21 39.5-30 24.5-40 9.5-51zm-71-476q0-33-12.5-58.5t-30.5-42-48-28-55-16.5-61.5-8-58-2.5-54 1-39.5.5v307q5 0 34.5.5t46.5 0 50-2 55-5.5 51.5-11 48.5-18.5 37-27 27-38.5 9-51z\"><\/path>\n    <\/svg><\/span><\/div>\n                <div data-colibri-id=\"1963-c6\" class=\"h-global-transition-all h-heading style-933 style-local-1963-c6 position-relative h-element\">\n                  <!---->\n                  <div class=\"h-heading__outer style-933 style-local-1963-c6\">\n                    <!---->\n                    <!---->\n                    <h5 class=\"\">responsive design displayed on two lines of title<\/h5>\n                  <\/div>\n                <\/div>\n                <div data-colibri-id=\"1963-c7\" class=\"h-text h-text-component style-934 style-local-1963-c7 position-relative h-element\">\n                  <!---->\n                  <!---->\n                  <div class=\"\">\n                    <h5>Compreendendo tokens e tokeniza\u00e7\u00e3o: pavimentando o caminho para um novo mundo com orienta\u00e7\u00e3o jur\u00eddica especializada<\/h5>\n                    <p>&nbsp;No cen\u00e1rio em r\u00e1pida evolu\u00e7\u00e3o das finan\u00e7as digitais, o conceito de tokens e o fen\u00f4meno mais amplo da tokeniza\u00e7\u00e3o representam uma mudan\u00e7a significativa em como os ativos s\u00e3o definidos, possu\u00eddos e trocados. \u00c0 medida que esse novo\n                      mundo se desenrola, as oportunidades de inova\u00e7\u00e3o s\u00e3o vastas \u2014 mas tamb\u00e9m as complexidades. Navegar por essas complexidades com sucesso requer n\u00e3o apenas um profundo entendimento da tecnologia, mas tamb\u00e9m o suporte de uma equipe jur\u00eddica\n                      excepcional. O Dr. Leandro Pinto, uma das maiores autoridades mundiais em direito de criptomoedas, est\u00e1 pronto para gui\u00e1-lo por essa jornada transformadora.<\/p>\n                    <p>\n                      <br>\n                    <\/p>\n                    <p>O que s\u00e3o tokens?<\/p>\n                    <p>\n                      <br>\n                    <\/p>\n                    <p>Em sua ess\u00eancia, um token \u00e9 uma representa\u00e7\u00e3o digital de um ativo ou utilit\u00e1rio espec\u00edfico, normalmente emitido em um blockchain. Os tokens podem assumir v\u00e1rias formas e servir a diferentes prop\u00f3sitos, dependendo de sua estrutura subjacente\n                      e do ecossistema em que operam. Geralmente, h\u00e1 tr\u00eas tipos de tokens:<\/p>\n                    <p>\n                      <br>\n                    <\/p>\n                    <p>\u2013 Utility Tokens: Esses tokens concedem aos detentores acesso a produtos ou servi\u00e7os espec\u00edficos dentro de um ecossistema de blockchain. Eles n\u00e3o s\u00e3o projetados para serem investimentos, mas sim para servir a um prop\u00f3sito funcional\n                      dentro da plataforma. Por exemplo, os utility tokens podem ser usados \u200b\u200bpara pagar por servi\u00e7os em um aplicativo descentralizado (DApp) ou para obter acesso a recursos premium.<\/p>\n                    <p>\n                      <br>\n                    <\/p>\n                    <p>\u2013 Security Tokens: Diferentemente dos utility tokens, os security tokens representam a propriedade de um ativo subjacente, como a\u00e7\u00f5es de uma empresa ou uma participa\u00e7\u00e3o em um investimento imobili\u00e1rio. Como eles derivam seu valor de\n                      um ativo externo e negoci\u00e1vel, os security tokens est\u00e3o sujeitos a regulamenta\u00e7\u00f5es de valores mobili\u00e1rios, tornando sua emiss\u00e3o e negocia\u00e7\u00e3o mais complexas e regulamentadas.<\/p>\n                    <p>\n                      <br>\n                    <\/p>\n                    <p>\u2013 Tokens lastreados em ativos: esses tokens s\u00e3o atrelados ao valor de ativos do mundo real, como ouro, im\u00f3veis ou moedas fiduci\u00e1rias. Os tokens lastreados em ativos trazem liquidez a ativos tradicionalmente il\u00edquidos ao permitir propriedade\n                      fracionada, tornando-os mais acess\u00edveis a uma gama mais ampla de investidores.<\/p>\n                    <p>\n                      <br>\n                    <\/p>\n                    <p>O poder da tokeniza\u00e7\u00e3o<\/p>\n                    <p>\n                      <br>\n                    <\/p>\n                    <p>Tokeniza\u00e7\u00e3o \u00e9 o processo de convers\u00e3o de direitos sobre um ativo em um token digital em um blockchain. Este conceito inovador tem o potencial de revolucionar v\u00e1rios setores, incluindo finan\u00e7as, im\u00f3veis e at\u00e9 mesmo arte, introduzindo\n                      novos n\u00edveis de acessibilidade, transpar\u00eancia e efici\u00eancia.<\/p>\n                    <p>\n                      <br>\n                    <\/p>\n                    <p>\u2013 Propriedade Fracionada: Um dos aspectos mais transformadores da tokeniza\u00e7\u00e3o \u00e9 sua capacidade de dividir a propriedade de um ativo em partes menores e mais gerenci\u00e1veis. Esse modelo de propriedade fracionada permite que os investidores\n                      comprem uma parte de um ativo \u2014 seja ele imobili\u00e1rio, belas-artes ou commodities \u2014 sem precisar adquirir o ativo inteiro. Isso democratiza as oportunidades de investimento, permitindo que uma base mais ampla de indiv\u00edduos participe\n                      de mercados que antes estavam fora de alcance.<\/p>\n                    <p>\n                      <br>\n                    <\/p>\n                    <p>\u2013 Liquidez Aprimorada: Tradicionalmente, ativos como im\u00f3veis ou itens colecion\u00e1veis \u200b\u200bs\u00e3o il\u00edquidos, o que significa que n\u00e3o podem ser facilmente vendidos ou trocados por dinheiro. A tokeniza\u00e7\u00e3o muda isso ao criar um mercado secund\u00e1rio\n                      onde ativos tokenizados podem ser negociados 24 horas por dia, 7 dias por semana, aumentando a liquidez e facilitando para os investidores entrarem e sa\u00edrem de posi\u00e7\u00f5es.<\/p>\n                    <p>\n                      <br>\n                    <\/p>\n                    <p>\u2013 Maior Transpar\u00eancia e Seguran\u00e7a: A tecnologia Blockchain, que sustenta a tokeniza\u00e7\u00e3o, oferece transpar\u00eancia e seguran\u00e7a inigual\u00e1veis. Cada transa\u00e7\u00e3o envolvendo um ativo tokenizado \u00e9 registrada em um livro-raz\u00e3o p\u00fablico, fornecendo\n                      um registro claro e imut\u00e1vel de propriedade. Essa transpar\u00eancia reduz o risco de fraude e aumenta a confian\u00e7a entre os participantes do ecossistema.<\/p>\n                    <p>\n                      <br>\n                    <\/p>\n                    <p>\u2013 Alcance e acesso globais: a tokeniza\u00e7\u00e3o transcende fronteiras geogr\u00e1ficas, permitindo que ativos sejam negociados e possu\u00eddos globalmente. Isso abre novos mercados para propriet\u00e1rios de ativos e fornece aos investidores acesso a\n                      uma gama mais diversificada de oportunidades. A natureza global da tokeniza\u00e7\u00e3o tamb\u00e9m ajuda a eliminar barreiras relacionadas \u00e0 convers\u00e3o de moeda, regulamenta\u00e7\u00f5es transfronteiri\u00e7as e outros obst\u00e1culos tradicionais.<\/p>\n                  <\/div>\n                <\/div>\n              <\/div>\n            <\/div>\n          <\/div>\n        <\/div>\n      <\/div>\n    <\/div>\n  <\/div>\n<\/div>","protected":false},"excerpt":{"rendered":"<p>responsive design displayed on two lines of title Compreendendo tokens e tokeniza\u00e7\u00e3o: pavimentando o caminho para um novo mundo com orienta\u00e7\u00e3o jur\u00eddica especializada &nbsp;No cen\u00e1rio em r\u00e1pida evolu\u00e7\u00e3o das finan\u00e7as digitais, o conceito de tokens e o fen\u00f4meno mais amplo da tokeniza\u00e7\u00e3o representam uma mudan\u00e7a significativa em como os ativos s\u00e3o definidos, possu\u00eddos e trocados. [&hellip;]<\/p>\n","protected":false},"author":1,"featured_media":0,"parent":0,"menu_order":0,"comment_status":"closed","ping_status":"closed","template":"page-templates\/full-width-page.php","meta":{"footnotes":""},"class_list":["post-1963","page","type-page","status-publish","hentry"],"_links":{"self":[{"href":"https:\/\/leandropinto.us\/LP\/wp-json\/wp\/v2\/pages\/1963","targetHints":{"allow":["GET"]}}],"collection":[{"href":"https:\/\/leandropinto.us\/LP\/wp-json\/wp\/v2\/pages"}],"about":[{"href":"https:\/\/leandropinto.us\/LP\/wp-json\/wp\/v2\/types\/page"}],"author":[{"embeddable":true,"href":"https:\/\/leandropinto.us\/LP\/wp-json\/wp\/v2\/users\/1"}],"replies":[{"embeddable":true,"href":"https:\/\/leandropinto.us\/LP\/wp-json\/wp\/v2\/comments?post=1963"}],"version-history":[{"count":3,"href":"https:\/\/leandropinto.us\/LP\/wp-json\/wp\/v2\/pages\/1963\/revisions"}],"predecessor-version":[{"id":1977,"href":"https:\/\/leandropinto.us\/LP\/wp-json\/wp\/v2\/pages\/1963\/revisions\/1977"}],"wp:attachment":[{"href":"https:\/\/leandropinto.us\/LP\/wp-json\/wp\/v2\/media?parent=1963"}],"curies":[{"name":"wp","href":"https:\/\/api.w.org\/{rel}","templated":true}]}}