{"id":145,"date":"2024-06-08T19:04:17","date_gmt":"2024-06-08T19:04:17","guid":{"rendered":"https:\/\/leandropinto.us\/LP\/?page_id=145"},"modified":"2024-08-22T17:12:55","modified_gmt":"2024-08-22T17:12:55","slug":"direito-eleitoral","status":"publish","type":"page","link":"https:\/\/leandropinto.us\/LP\/direito-eleitoral\/","title":{"rendered":"DIREITO ELEITORAL"},"content":{"rendered":"<div data-colibri-id=\"145-c1\" class=\"style-370 style-local-145-c1 position-relative\">\n  <!---->\n  <div data-colibri-component=\"section\" data-colibri-id=\"145-c2\" id=\"blank\" class=\"h-section h-section-global-spacing d-flex align-items-lg-center align-items-md-center align-items-center style-375 style-local-145-c2 position-relative\">\n    <!---->\n    <!---->\n    <div class=\"h-section-grid-container h-section-boxed-container\">\n      <!---->\n      <div data-colibri-id=\"145-c3\" class=\"h-row-container gutters-row-lg-2 gutters-row-md-2 gutters-row-0 gutters-row-v-lg-2 gutters-row-v-md-2 gutters-row-v-2 style-376 style-local-145-c3 position-relative\">\n        <!---->\n        <div class=\"h-row justify-content-lg-center justify-content-md-center justify-content-center align-items-lg-stretch align-items-md-stretch align-items-stretch gutters-col-lg-2 gutters-col-md-2 gutters-col-0 gutters-col-v-lg-2 gutters-col-v-md-2 gutters-col-v-2\">\n          <!---->\n          <div class=\"h-column h-column-container d-flex h-col-lg-auto h-col-md-auto h-col-auto style-377-outer style-local-145-c4-outer\">\n            <div data-colibri-id=\"145-c4\" class=\"d-flex h-flex-basis h-column__inner h-px-lg-2 h-px-md-2 h-px-2 v-inner-lg-2 v-inner-md-2 v-inner-2 style-377 style-local-145-c4 position-relative\">\n              <!---->\n              <!---->\n              <div class=\"w-100 h-y-container h-column__content h-column__v-align flex-basis-100 align-self-lg-start align-self-md-start align-self-start\">\n                <!---->\n                <div data-colibri-id=\"145-c5\" class=\"h-text h-text-component style-383 style-local-145-c5 position-relative h-element\">\n                  <!---->\n                  <!---->\n                  <div class=\"\">\n                    <h1>DIREITO ELEITORAL\n                      <br>\n                      <br>\n                    <\/h1>\n                    <p><strong>Assessoria em campanhas eleitorais<\/strong>, atua\u00e7\u00e3o consultiva e contenciosa em todas as \u00e1reas (orienta\u00e7\u00f5es sobre proibi\u00e7\u00f5es da legisla\u00e7\u00e3o, treinamento de equipes, an\u00e1lise de mensagens de pr\u00e9-campanha e de campanha eleitoral,\n                      orienta\u00e7\u00e3o sobre propaganda nas m\u00eddias sociais, propositura e defesa em a\u00e7\u00f5es pertinentes \u00e0 disputa eleitoral, atua\u00e7\u00e3o em presta\u00e7\u00e3o de contas eleitorais);<\/p>\n                    <p><strong>Propositura e defesa em processos eleitorais em geral <\/strong>(infra\u00e7\u00f5es em propaganda eleitoral; a\u00e7\u00e3o de impugna\u00e7\u00e3o de mandato eletivo e a\u00e7\u00e3o de investiga\u00e7\u00e3o judicial eleitoral \u2013 abuso de poder econ\u00f4mico, abuso de poder pol\u00edtico\n                      e uso indevido dos meios de comunica\u00e7\u00e3o social; capta\u00e7\u00e3o il\u00edcita de sufr\u00e1gio; irregularidades em arrecada\u00e7\u00e3o e gastos de recursos em campanhas;<\/p>\n                    <p>An\u00e1lise pr\u00e9via de condi\u00e7\u00f5es de elegibilidade e inelegibilidades;<\/p>\n                    <p>Impugna\u00e7\u00e3o e defesa em processos de registro de candidatura;<\/p>\n                    <p>Propositura e defesa em a\u00e7\u00f5es de cassa\u00e7\u00e3o de diploma ou de mandato;<\/p>\n                    <p>Atua\u00e7\u00e3o em processos de julgamento de contas eleitorais;<\/p>\n                    <p>Assessoria a empresas de pesquisa eleitoral (orienta\u00e7\u00e3o sobre as regras eleitorais e seus prazos, atua\u00e7\u00e3o de defesa em questionamentos judiciais);<\/p>\n                    <p>Atua\u00e7\u00e3o em processos criminais em mat\u00e9ria eleitoral;<\/p>\n                    <p>Elabora\u00e7\u00e3o de pareceres em mat\u00e9ria eleitoral;<\/p>\n                  <\/div>\n                <\/div>\n              <\/div>\n            <\/div>\n          <\/div>\n          <div class=\"h-column h-column-container d-flex h-col-lg-auto h-col-md-auto h-col-auto style-378-outer style-local-145-c6-outer\">\n            <div data-colibri-id=\"145-c6\" class=\"d-flex h-flex-basis h-column__inner h-px-lg-2 h-px-md-2 h-px-2 v-inner-lg-2 v-inner-md-2 v-inner-2 style-378 style-local-145-c6 position-relative\">\n              <!---->\n              <!---->\n              <div class=\"w-100 h-y-container h-column__content h-column__v-align flex-basis-100 align-self-lg-start align-self-md-start align-self-start\">\n                <!---->\n                <div data-colibri-id=\"145-c7\" class=\"h-text h-text-component style-384 style-local-145-c7 position-relative h-element\">\n                  <!---->\n                  <!---->\n                  <div class=\"\">\n                    <h1>PRESTA\u00c7\u00c3O DE CONTAS ELEITORAL<\/h1>\n                    <p> Compromisso com transpar\u00eancia e responsabilidade na presta\u00e7\u00e3o de contas, conforme a Resolu\u00e7\u00e3o n\u00ba 23.731.<\/p>\n                    <p>\uf0b7 Ades\u00e3o estrita aos prazos estabelecidos pela Resolu\u00e7\u00e3o n\u00ba 23.731 para a entrega dos relat\u00f3rios de presta\u00e7\u00e3o de contas, garantindo assim o cumprimento legal e a transpar\u00eancia no processo.<\/p>\n                    <p>\uf0b7 Detalhamento claro e transparente de gastos de campanha, conforme os formatos e padr\u00f5es definidos na Resolu\u00e7\u00e3o, assegurando a precis\u00e3o e a integridade das informa\u00e7\u00f5es financeiras.<\/p>\n                    <p>\uf0b7 Apoio a auditorias independentes para garantir integridade dos relat\u00f3rios.<\/p>\n                    <p>\uf0b7 Disponibilidade de informa\u00e7\u00f5es para consulta p\u00fablica de acordo com a Resolu\u00e7\u00e3o.<\/p>\n                    <p>\uf0b7 Esclarecimento de d\u00favidas sobre a Resolu\u00e7\u00e3o e procedimentos de presta\u00e7\u00e3o de contas.<\/p>\n                    <p>\uf0b7 Fundamenta\u00e7\u00e3o da campanha em princ\u00edpios \u00e9ticos e transpar\u00eancia, em total conson\u00e2ncia com as diretrizes e exig\u00eancias da Resolu\u00e7\u00e3o, refor\u00e7ando o compromisso com a lisura e a integridade do pleito.<\/p>\n                    <p>\uf0b7 Cumprimento rigoroso dos prazos e obriga\u00e7\u00f5es para garantir legitimidade eleitoral.<\/p>\n                  <\/div>\n                <\/div>\n              <\/div>\n            <\/div>\n          <\/div>\n        <\/div>\n      <\/div>\n    <\/div>\n  <\/div>\n<\/div>","protected":false},"excerpt":{"rendered":"<p>DIREITO ELEITORAL Assessoria em campanhas eleitorais, atua\u00e7\u00e3o consultiva e contenciosa em todas as \u00e1reas (orienta\u00e7\u00f5es sobre proibi\u00e7\u00f5es da legisla\u00e7\u00e3o, treinamento de equipes, an\u00e1lise de mensagens de pr\u00e9-campanha e de campanha eleitoral, orienta\u00e7\u00e3o sobre propaganda nas m\u00eddias sociais, propositura e defesa em a\u00e7\u00f5es pertinentes \u00e0 disputa eleitoral, atua\u00e7\u00e3o em presta\u00e7\u00e3o de contas eleitorais); Propositura e defesa [&hellip;]<\/p>\n","protected":false},"author":1,"featured_media":0,"parent":0,"menu_order":0,"comment_status":"closed","ping_status":"closed","template":"page-templates\/full-width-page.php","meta":{"footnotes":""},"class_list":["post-145","page","type-page","status-publish","hentry"],"_links":{"self":[{"href":"https:\/\/leandropinto.us\/LP\/wp-json\/wp\/v2\/pages\/145","targetHints":{"allow":["GET"]}}],"collection":[{"href":"https:\/\/leandropinto.us\/LP\/wp-json\/wp\/v2\/pages"}],"about":[{"href":"https:\/\/leandropinto.us\/LP\/wp-json\/wp\/v2\/types\/page"}],"author":[{"embeddable":true,"href":"https:\/\/leandropinto.us\/LP\/wp-json\/wp\/v2\/users\/1"}],"replies":[{"embeddable":true,"href":"https:\/\/leandropinto.us\/LP\/wp-json\/wp\/v2\/comments?post=145"}],"version-history":[{"count":6,"href":"https:\/\/leandropinto.us\/LP\/wp-json\/wp\/v2\/pages\/145\/revisions"}],"predecessor-version":[{"id":1031,"href":"https:\/\/leandropinto.us\/LP\/wp-json\/wp\/v2\/pages\/145\/revisions\/1031"}],"wp:attachment":[{"href":"https:\/\/leandropinto.us\/LP\/wp-json\/wp\/v2\/media?parent=145"}],"curies":[{"name":"wp","href":"https:\/\/api.w.org\/{rel}","templated":true}]}}