{"id":1287,"date":"2024-08-27T16:51:58","date_gmt":"2024-08-27T16:51:58","guid":{"rendered":"https:\/\/leandropinto.us\/LP\/?page_id=1287"},"modified":"2024-08-29T17:34:20","modified_gmt":"2024-08-29T17:34:20","slug":"servicos-de-patrimonio-privado","status":"publish","type":"page","link":"https:\/\/leandropinto.us\/LP\/servicos-de-patrimonio-privado\/","title":{"rendered":"Servi\u00e7os de patrim\u00f4nio privado"},"content":{"rendered":"<div data-colibri-id=\"1287-c1\" class=\"style-727 style-local-1287-c1 position-relative\">\n  <!---->\n  <div data-colibri-component=\"section\" data-colibri-id=\"1287-c2\" id=\"content\" class=\"h-section h-section-global-spacing d-flex align-items-lg-center align-items-md-center align-items-center style-731 style-local-1287-c2 position-relative\">\n    <!---->\n    <!---->\n    <div class=\"h-section-grid-container h-section-boxed-container\">\n      <div data-colibri-id=\"1287-c6\" class=\"h-row-container gutters-row-lg-2 gutters-row-md-2 gutters-row-2 gutters-row-v-lg-2 gutters-row-v-md-2 gutters-row-v-2 style-735 style-local-1287-c6 position-relative\">\n        <!---->\n        <div class=\"h-row justify-content-lg-center justify-content-md-center justify-content-center align-items-lg-stretch align-items-md-stretch align-items-stretch gutters-col-lg-2 gutters-col-md-2 gutters-col-2 gutters-col-v-lg-2 gutters-col-v-md-2 gutters-col-v-2\">\n          <!---->\n          <div class=\"h-column h-column-container d-flex h-col-lg-auto h-col-md-auto h-col-auto style-736-outer style-local-1287-c7-outer\">\n            <div data-colibri-id=\"1287-c7\" class=\"d-flex h-flex-basis h-column__inner h-px-lg-2 h-px-md-2 h-px-0 v-inner-lg-2 v-inner-md-2 v-inner-0 style-736 style-local-1287-c7 position-relative\">\n              <!---->\n              <!---->\n              <div class=\"w-100 h-y-container h-column__content h-column__v-align flex-basis-100 align-self-lg-start align-self-md-start align-self-start\">\n                <!---->\n                <div data-colibri-id=\"1287-c8\" class=\"h-global-transition-all h-heading style-737 style-local-1287-c8 position-relative h-element\">\n                  <!---->\n                  <div class=\"h-heading__outer style-737 style-local-1287-c8\">\n                    <!---->\n                    <!---->\n                    <h2 class=\"\">Servi\u00e7os de patrim\u00f4nio privado<\/h2>\n                  <\/div>\n                <\/div>\n                <div data-colibri-id=\"1287-c9\" class=\"h-lead h-text h-text-component style-738 style-local-1287-c9 position-relative h-element\">\n                  <!---->\n                  <!---->\n                  <div class=\"\">\n                    <p>O time de servi\u00e7os de patrim\u00f4nio privado da LEANDRO PINTO LAW FIRM possui a expertise e o alcance internacional necess\u00e1rios para garantir que seus ativos globais sejam gerenciados, protegidos, preservados e administrados de acordo\n                      com suas expectativas e objetivos estrat\u00e9gicos.<\/p>\n                    <p>Trabalhando em conjunto com seus consultores, desenvolvemos um servi\u00e7o personalizado que atende \u00e0s suas necessidades espec\u00edficas. Voc\u00ea se beneficiar\u00e1 de uma gest\u00e3o de ativos eficiente e em conformidade com as regulamenta\u00e7\u00f5es vigentes.\n                      Nossa equipe adapta-se rapidamente \u00e0s circunst\u00e2ncias particulares e \u00e0s condi\u00e7\u00f5es regulat\u00f3rias em constante evolu\u00e7\u00e3o.<\/p>\n                  <\/div>\n                <\/div>\n              <\/div>\n            <\/div>\n          <\/div>\n        <\/div>\n      <\/div>\n      <div data-colibri-id=\"1287-c3\" class=\"h-row-container gutters-row-lg-2 gutters-row-md-2 gutters-row-2 gutters-row-v-lg-2 gutters-row-v-md-2 gutters-row-v-2 style-732 style-local-1287-c3 position-relative\">\n        <!---->\n        <div class=\"h-row justify-content-lg-center justify-content-md-center justify-content-center align-items-lg-stretch align-items-md-stretch align-items-stretch gutters-col-lg-2 gutters-col-md-2 gutters-col-2 gutters-col-v-lg-2 gutters-col-v-md-2 gutters-col-v-2\">\n          <!---->\n          <div class=\"h-column h-column-container d-flex h-col-lg-auto h-col-md-auto h-col-auto style-733-outer style-local-1287-c4-outer\">\n            <div data-colibri-id=\"1287-c4\" class=\"d-flex h-flex-basis h-column__inner h-px-lg-0 h-px-md-0 h-px-0 v-inner-lg-0 v-inner-md-0 v-inner-0 style-733 style-local-1287-c4 position-relative\">\n              <!---->\n              <!---->\n              <div class=\"w-100 h-y-container h-column__content h-column__v-align flex-basis-100 align-self-lg-start align-self-md-start align-self-start\">\n                <!---->\n                <div data-colibri-id=\"1287-c5\" class=\"d-block style-734 style-local-1287-c5 position-relative h-element\">\n                  <!---->\n                  <div class=\"h-image__frame-container-outer\">\n                    <div class=\"h-image__frame-container\">\n                      <!---->\n                      <!---->\n                      <img fetchpriority=\"high\" decoding=\"async\" width=\"680\" height=\"340\" src=\"https:\/\/leandropinto.us\/LP\/wp-content\/uploads\/2024\/08\/cropped-Screenshot-2024-08-27-at-13-55-58-patrimonio-privado-Pesquisa-Google-1.png\" class=\"wp-image-1292 style-734-image style-local-1287-c5-image\" alt=\"\" srcset=\"https:\/\/leandropinto.us\/LP\/wp-content\/uploads\/2024\/08\/cropped-Screenshot-2024-08-27-at-13-55-58-patrimonio-privado-Pesquisa-Google-1.png 680w, https:\/\/leandropinto.us\/LP\/wp-content\/uploads\/2024\/08\/cropped-Screenshot-2024-08-27-at-13-55-58-patrimonio-privado-Pesquisa-Google-1-300x150.png 300w\" sizes=\"(max-width: 680px) 100vw, 680px\" \/>\n                      <div class=\"h-image__frame style-734-frameImage style-local-1287-c5-frameImage\"><\/div>\n                    <\/div>\n                  <\/div>\n                <\/div>\n              <\/div>\n            <\/div>\n          <\/div>\n        <\/div>\n      <\/div>\n    <\/div>\n  <\/div>\n<\/div>","protected":false},"excerpt":{"rendered":"<p>Servi\u00e7os de patrim\u00f4nio privado O time de servi\u00e7os de patrim\u00f4nio privado da LEANDRO PINTO LAW FIRM possui a expertise e o alcance internacional necess\u00e1rios para garantir que seus ativos globais sejam gerenciados, protegidos, preservados e administrados de acordo com suas expectativas e objetivos estrat\u00e9gicos. Trabalhando em conjunto com seus consultores, desenvolvemos um servi\u00e7o personalizado que [&hellip;]<\/p>\n","protected":false},"author":1,"featured_media":0,"parent":0,"menu_order":0,"comment_status":"closed","ping_status":"closed","template":"page-templates\/full-width-page.php","meta":{"footnotes":""},"class_list":["post-1287","page","type-page","status-publish","hentry"],"_links":{"self":[{"href":"https:\/\/leandropinto.us\/LP\/wp-json\/wp\/v2\/pages\/1287","targetHints":{"allow":["GET"]}}],"collection":[{"href":"https:\/\/leandropinto.us\/LP\/wp-json\/wp\/v2\/pages"}],"about":[{"href":"https:\/\/leandropinto.us\/LP\/wp-json\/wp\/v2\/types\/page"}],"author":[{"embeddable":true,"href":"https:\/\/leandropinto.us\/LP\/wp-json\/wp\/v2\/users\/1"}],"replies":[{"embeddable":true,"href":"https:\/\/leandropinto.us\/LP\/wp-json\/wp\/v2\/comments?post=1287"}],"version-history":[{"count":3,"href":"https:\/\/leandropinto.us\/LP\/wp-json\/wp\/v2\/pages\/1287\/revisions"}],"predecessor-version":[{"id":1439,"href":"https:\/\/leandropinto.us\/LP\/wp-json\/wp\/v2\/pages\/1287\/revisions\/1439"}],"wp:attachment":[{"href":"https:\/\/leandropinto.us\/LP\/wp-json\/wp\/v2\/media?parent=1287"}],"curies":[{"name":"wp","href":"https:\/\/api.w.org\/{rel}","templated":true}]}}