{"id":1214,"date":"2024-08-27T15:12:34","date_gmt":"2024-08-27T15:12:34","guid":{"rendered":"https:\/\/leandropinto.us\/LP\/?page_id=1214"},"modified":"2024-08-27T15:30:47","modified_gmt":"2024-08-27T15:30:47","slug":"servicos-de-fundos","status":"publish","type":"page","link":"https:\/\/leandropinto.us\/LP\/servicos-de-fundos\/","title":{"rendered":"Servi\u00e7os de fundos"},"content":{"rendered":"<div data-colibri-id=\"1214-c1\" class=\"style-667 style-local-1214-c1 position-relative\">\n  <!---->\n  <div data-colibri-component=\"section\" data-colibri-id=\"1214-c2\" id=\"custom\" class=\"h-section h-section-global-spacing d-flex align-items-lg-center align-items-md-center align-items-center style-672 style-local-1214-c2 position-relative\">\n    <!---->\n    <!---->\n    <div class=\"h-section-grid-container h-section-boxed-container\">\n      <!---->\n      <div data-colibri-id=\"1214-c3\" class=\"h-row-container gutters-row-lg-2 gutters-row-md-2 gutters-row-0 gutters-row-v-lg-2 gutters-row-v-md-2 gutters-row-v-2 style-675 style-local-1214-c3 position-relative\">\n        <!---->\n        <div class=\"h-row justify-content-lg-center justify-content-md-center justify-content-center align-items-lg-stretch align-items-md-stretch align-items-stretch gutters-col-lg-2 gutters-col-md-2 gutters-col-0 gutters-col-v-lg-2 gutters-col-v-md-2 gutters-col-v-2\">\n          <!---->\n          <div class=\"h-column h-column-container d-flex h-col-lg-auto h-col-md-auto h-col-auto style-676-outer style-local-1214-c4-outer\">\n            <div data-colibri-id=\"1214-c4\" class=\"d-flex h-flex-basis h-column__inner h-px-lg-2 h-px-md-2 h-px-2 v-inner-lg-2 v-inner-md-2 v-inner-2 style-676 style-local-1214-c4 position-relative\">\n              <!---->\n              <!---->\n              <div class=\"w-100 h-y-container h-column__content h-column__v-align flex-basis-100 align-self-lg-start align-self-md-start align-self-start\">\n                <!---->\n                <div data-colibri-id=\"1214-c5\" class=\"h-text h-text-component style-677 style-local-1214-c5 position-relative h-element\">\n                  <!---->\n                  <!---->\n                  <div class=\"\">\n                    <p>Fornecemos suporte a gestores de fundos por meio de nossas equipes de especialistas em 86 jurisdi\u00e7\u00f5es ao redor do mundo.<\/p>\n                    <p>Nossas solu\u00e7\u00f5es globais para servi\u00e7os de fundos s\u00e3o personalizadas para cada cliente e administradas localmente por especialistas que falam o seu idioma.<\/p>\n                  <\/div>\n                <\/div>\n              <\/div>\n            <\/div>\n          <\/div>\n        <\/div>\n      <\/div>\n      <div data-colibri-id=\"1214-c6\" class=\"h-row-container gutters-row-lg-2 gutters-row-md-2 gutters-row-0 gutters-row-v-lg-2 gutters-row-v-md-2 gutters-row-v-2 style-673 style-local-1214-c6 position-relative\">\n        <!---->\n        <div class=\"h-row justify-content-lg-center justify-content-md-center justify-content-center align-items-lg-stretch align-items-md-stretch align-items-stretch gutters-col-lg-2 gutters-col-md-2 gutters-col-0 gutters-col-v-lg-2 gutters-col-v-md-2 gutters-col-v-2\">\n          <!---->\n          <div class=\"h-column h-column-container d-flex h-col-lg-auto h-col-md-auto h-col-auto style-674-outer style-local-1214-c7-outer\">\n            <div data-colibri-id=\"1214-c7\" class=\"d-flex h-flex-basis h-column__inner h-px-lg-2 h-px-md-2 h-px-2 v-inner-lg-2 v-inner-md-2 v-inner-2 style-674 style-local-1214-c7 position-relative\">\n              <!---->\n              <!---->\n              <div class=\"w-100 h-y-container h-column__content h-column__v-align flex-basis-100 align-self-lg-start align-self-md-start align-self-start\">\n                <!---->\n                <div data-colibri-id=\"1214-c8\" class=\"h-global-transition-all h-heading style-678 style-local-1214-c8 position-relative h-element\">\n                  <!---->\n                  <div class=\"h-heading__outer style-678 style-local-1214-c8\">\n                    <!---->\n                    <!---->\n                    <h1 class=\"\">Nossa solu\u00e7\u00e3o de fundos<\/h1>\n                  <\/div>\n                <\/div>\n              <\/div>\n            <\/div>\n          <\/div>\n          <div class=\"h-column h-column-container d-flex h-col-lg-auto h-col-md-auto h-col-auto style-679-outer style-local-1214-c9-outer\">\n            <div data-colibri-id=\"1214-c9\" class=\"d-flex h-flex-basis h-column__inner h-px-lg-2 h-px-md-2 h-px-2 v-inner-lg-2 v-inner-md-2 v-inner-2 style-679 style-local-1214-c9 position-relative\">\n              <!---->\n              <!---->\n              <div class=\"w-100 h-y-container h-column__content h-column__v-align flex-basis-100 align-self-lg-start align-self-md-start align-self-start\">\n                <!---->\n                <div data-colibri-id=\"1214-c10\" class=\"d-block style-683 style-local-1214-c10 position-relative h-element\">\n                  <!---->\n                  <div class=\"h-image__frame-container-outer\">\n                    <div class=\"h-image__frame-container\">\n                      <!---->\n                      <!---->\n                      <img fetchpriority=\"high\" decoding=\"async\" width=\"331\" height=\"331\" src=\"https:\/\/leandropinto.us\/LP\/wp-content\/uploads\/2024\/08\/cropped-Screenshot-2024-08-22-at-13-59-43-ALCANCE-GLOBAL-Pesquisa-Google.png\" class=\"wp-image-1217 style-683-image style-local-1214-c10-image\" alt=\"\" srcset=\"https:\/\/leandropinto.us\/LP\/wp-content\/uploads\/2024\/08\/cropped-Screenshot-2024-08-22-at-13-59-43-ALCANCE-GLOBAL-Pesquisa-Google.png 331w, https:\/\/leandropinto.us\/LP\/wp-content\/uploads\/2024\/08\/cropped-Screenshot-2024-08-22-at-13-59-43-ALCANCE-GLOBAL-Pesquisa-Google-300x300.png 300w, https:\/\/leandropinto.us\/LP\/wp-content\/uploads\/2024\/08\/cropped-Screenshot-2024-08-22-at-13-59-43-ALCANCE-GLOBAL-Pesquisa-Google-150x150.png 150w\" sizes=\"(max-width: 331px) 100vw, 331px\" \/>\n                      <div class=\"h-image__frame h-hide-lg h-hide-md h-hide-sm style-683-frameImage style-local-1214-c10-frameImage\"><\/div>\n                    <\/div>\n                  <\/div>\n                <\/div>\n              <\/div>\n            <\/div>\n          <\/div>\n        <\/div>\n      <\/div>\n      <div data-colibri-id=\"1214-c11\" class=\"h-row-container gutters-row-lg-2 gutters-row-md-2 gutters-row-0 gutters-row-v-lg-2 gutters-row-v-md-2 gutters-row-v-2 style-680 style-local-1214-c11 position-relative\">\n        <!---->\n        <div class=\"h-row justify-content-lg-center justify-content-md-center justify-content-center align-items-lg-stretch align-items-md-stretch align-items-stretch gutters-col-lg-2 gutters-col-md-2 gutters-col-0 gutters-col-v-lg-2 gutters-col-v-md-2 gutters-col-v-2\">\n          <!---->\n          <div class=\"h-column h-column-container d-flex h-col-lg-auto h-col-md-auto h-col-auto style-681-outer style-local-1214-c12-outer\">\n            <div data-colibri-id=\"1214-c12\" class=\"d-flex h-flex-basis h-column__inner h-px-lg-2 h-px-md-2 h-px-2 v-inner-lg-2 v-inner-md-2 v-inner-2 style-681 style-local-1214-c12 position-relative\">\n              <!---->\n              <!---->\n              <div class=\"w-100 h-y-container h-column__content h-column__v-align flex-basis-100 align-self-lg-start align-self-md-start align-self-start\">\n                <!---->\n                <div data-colibri-id=\"1214-c13\" class=\"h-text h-text-component style-682 style-local-1214-c13 position-relative h-element\">\n                  <!---->\n                  <!---->\n                  <div class=\"\">\n                    <h2>Fornecemos suporte aos nossos clientes de forma integral onde quer que operem, independentemente de onde seu capital \u00e9 investido.<\/h2>\n                    <p>Nossas solu\u00e7\u00f5es para gestores cobrem todo o ciclo de vida do seu fundo. Vamos te ajudar a executar sua estrat\u00e9gia e a expandir sua empresa em todas as etapas:<\/p>\n                    <ul>\n                      <li>Estabelecer suas entidades de fundos e levantar capital<\/li>\n                      <li>Aquisi\u00e7\u00e3o e estrutura\u00e7\u00e3o de ativos<\/li>\n                      <li>Elabora\u00e7\u00e3o de relat\u00f3rios precisos sobre contas e limited partners (LPs)<\/li>\n                      <li>Servi\u00e7os recorrentes e ad hoc<\/li>\n                    <\/ul>\n                    <p>\n                      <br>\n                    <\/p>\n                  <\/div>\n                <\/div>\n              <\/div>\n            <\/div>\n          <\/div>\n        <\/div>\n      <\/div>\n    <\/div>\n  <\/div>\n  <div data-colibri-component=\"section\" data-colibri-id=\"1214-c14\" id=\"content\" class=\"h-section h-section-global-spacing d-flex align-items-lg-center align-items-md-center align-items-center style-700 style-local-1214-c14 h-overflow-hidden position-relative\">\n    <!---->\n    <!---->\n    <div class=\"h-section-grid-container h-section-fluid-container\">\n      <!---->\n      <div data-colibri-id=\"1214-c15\" class=\"h-row-container gutters-row-lg-0 gutters-row-md-0 gutters-row-2 gutters-row-v-lg-0 gutters-row-v-md-0 gutters-row-v-2 style-701 style-local-1214-c15 position-relative\">\n        <!---->\n        <div class=\"h-row justify-content-lg-center justify-content-md-center justify-content-center align-items-lg-stretch align-items-md-stretch align-items-stretch gutters-col-lg-0 gutters-col-md-0 gutters-col-2 gutters-col-v-lg-0 gutters-col-v-md-0 gutters-col-v-2\">\n          <!---->\n          <div class=\"h-column h-column-container d-flex h-col-lg-auto h-col-md-auto h-col-auto style-702-outer style-local-1214-c16-outer\">\n            <div data-colibri-id=\"1214-c16\" class=\"d-flex h-flex-basis h-column__inner h-ui-empty-state-container h-px-lg-0 h-px-md-0 h-px-0 v-inner-lg-0 v-inner-md-0 v-inner-0 style-702 style-local-1214-c16 position-relative\">\n              <!---->\n              <!---->\n              <div class=\"w-100 h-y-container h-column__content h-column__v-align flex-basis-100\">\n                <!---->\n              <\/div>\n            <\/div>\n          <\/div>\n          <div class=\"h-column h-column-container d-flex h-col-lg-auto h-col-md-auto h-col-auto style-703-outer style-local-1214-c17-outer\">\n            <div data-colibri-id=\"1214-c17\" class=\"d-flex h-flex-basis h-column__inner h-px-lg-0 h-px-md-0 h-px-0 v-inner-lg-0 v-inner-md-0 v-inner-0 style-703 style-local-1214-c17 position-relative\">\n              <!---->\n              <!---->\n              <div class=\"w-100 h-y-container h-column__content h-column__v-align flex-basis-100 align-self-lg-start align-self-md-start align-self-start\">\n                <!---->\n                <div data-colibri-id=\"1214-c18\" class=\"h-global-transition-all h-heading style-704 style-local-1214-c18 position-relative h-element\">\n                  <!---->\n                  <div class=\"h-heading__outer style-704 style-local-1214-c18\">\n                    <!---->\n                    <!---->\n                    <h4 class=\"\">Como podemos ajud\u00e1-lo <\/h4>\n                  <\/div>\n                <\/div>\n                <div data-colibri-id=\"1214-c19\" class=\"h-row-container gutters-row-lg-2 gutters-row-md-2 gutters-row-0 gutters-row-v-lg-2 gutters-row-v-md-2 gutters-row-v-0 style-707 style-local-1214-c19 position-relative\">\n                  <!---->\n                  <div class=\"h-row justify-content-lg-center justify-content-md-center justify-content-center align-items-lg-stretch align-items-md-stretch align-items-stretch gutters-col-lg-2 gutters-col-md-2 gutters-col-0 gutters-col-v-lg-2 gutters-col-v-md-2 gutters-col-v-0\">\n                    <!---->\n                    <div class=\"h-column h-column-container d-flex h-col-lg-6 h-col-md-6 h-col-6 style-708-outer style-local-1214-c20-outer\">\n                      <div data-colibri-id=\"1214-c20\" class=\"d-flex h-flex-basis h-column__inner h-px-lg-0 h-px-md-0 h-px-2 v-inner-lg-0 v-inner-md-0 v-inner-2 style-708 style-local-1214-c20 position-relative\">\n                        <!---->\n                        <!---->\n                        <div class=\"w-100 h-y-container h-column__content h-column__v-align flex-basis-100 align-self-lg-start align-self-md-start align-self-start\">\n                          <!---->\n                          <div data-colibri-id=\"1214-c21\" class=\"h-text h-text-component style-710 style-local-1214-c21 position-relative h-element\">\n                            <!---->\n                            <!---->\n                            <div class=\"\">\n                              <h5>&nbsp;Segundo a diretriz<\/h5>\n                              <p>europeia para gestores de fundos de investimento alternativos (European Alternative Investment Fund Manager Directive &#8211; AIFMD), um fundo estabelecido ou comercializado na Uni\u00e3o Europeia deve nomear um AIFM, tamb\u00e9m conhecido\n                                como um \u201cManCo\u201d, para fornecer servi\u00e7os detalhados de portf\u00f3lio e gest\u00e3o de riscos.<\/p>\n                              <p>Somos licenciados para oferecer servi\u00e7os externos, desde AIFM at\u00e9 fundos, atrav\u00e9s de estruturas dedicadas ao cliente. Estes servi\u00e7os incluem as demandas administrativas de portf\u00f3lio e gest\u00e3o de riscos, com nossos experts\n                                estabelecendo o perfil de risco para cada AIF e garantindo que voc\u00ea estar\u00e1 em compliance com todos os requerimentos.&nbsp;<\/p>\n                              <p>N\u00f3s tamb\u00e9m damos suporte \u00e0s suas atividades de distribui\u00e7\u00e3o e marketing e produzimos relat\u00f3rios Annex IV, al\u00e9m de outros servi\u00e7os auxiliares, para que voc\u00ea possa maximizar sua capacidade de alcan\u00e7ar investidores europeus.<\/p>\n                            <\/div>\n                          <\/div>\n                        <\/div>\n                      <\/div>\n                    <\/div>\n                    <div class=\"h-column h-column-container d-flex h-col-lg-6 h-col-md-6 h-col-6 style-708-outer style-local-1214-c22-outer\">\n                      <div data-colibri-id=\"1214-c22\" class=\"d-flex h-flex-basis h-column__inner h-px-lg-0 h-px-md-0 h-px-2 v-inner-lg-0 v-inner-md-0 v-inner-2 style-708 style-local-1214-c22 position-relative\">\n                        <!---->\n                        <!---->\n                        <div class=\"w-100 h-y-container h-column__content h-column__v-align flex-basis-100 align-self-lg-start align-self-md-start align-self-start\">\n                          <!---->\n                          <div data-colibri-id=\"1214-c23\" class=\"h-global-transition-all h-heading style-709 style-local-1214-c23 position-relative h-element\">\n                            <!---->\n                            <div class=\"h-heading__outer style-709 style-local-1214-c23\">\n                              <!---->\n                              <!---->\n                              <h5 class=\"\">Gest\u00e3o de Ativos<\/h5>\n                            <\/div>\n                          <\/div>\n                          <div data-colibri-id=\"1214-c24\" class=\"h-text h-text-component style-710 style-local-1214-c24 position-relative h-element\">\n                            <!---->\n                            <!---->\n                            <div class=\"\">\n                              <h5>&nbsp;\n                                <br>\n                              <\/h5>\n                              <p>seja para te manter em compliance com toda a variedade de regulamenta\u00e7\u00f5es, fornecer solu\u00e7\u00f5es de contabilidade corporativa ou para ajud\u00e1-lo a identificar novas oportunidades, oferecemos um pacote completo de servi\u00e7os quando\n                                se trata de suas demandas por gest\u00e3o de ativos.&nbsp;<\/p>\n                              <p>&nbsp;<\/p>\n                            <\/div>\n                          <\/div>\n                        <\/div>\n                      <\/div>\n                    <\/div>\n                    <div class=\"h-column h-column-container d-flex h-col-lg-6 h-col-md-6 h-col-6 style-708-outer style-local-1214-c25-outer\">\n                      <div data-colibri-id=\"1214-c25\" class=\"d-flex h-flex-basis h-column__inner h-px-lg-0 h-px-md-0 h-px-2 v-inner-lg-0 v-inner-md-0 v-inner-2 style-708 style-local-1214-c25 position-relative\">\n                        <!---->\n                        <!---->\n                        <div class=\"w-100 h-y-container h-column__content h-column__v-align flex-basis-100 align-self-lg-start align-self-md-start align-self-start\">\n                          <!---->\n                          <div data-colibri-id=\"1214-c26\" class=\"h-global-transition-all h-heading style-709 style-local-1214-c26 position-relative h-element\">\n                            <!---->\n                            <div class=\"h-heading__outer style-709 style-local-1214-c26\">\n                              <!---->\n                              <!---->\n                              <h5 class=\"\">servi\u00e7os Deposit\u00e1rios<\/h5>\n                            <\/div>\n                          <\/div>\n                          <div data-colibri-id=\"1214-c27\" class=\"h-text h-text-component style-710 style-local-1214-c27 position-relative h-element\">\n                            <!---->\n                            <!---->\n                            <div class=\"\">\n                              <p>Somos uma empresa licenciada para atuar como um deposit\u00e1rio que segue a diretriz europeia para gestores de fundos alternativos (European Alternative Investment Fund Manager Directive \u2013&nbsp;AIFMD). Nossas equipes multil\u00edngues\n                                e experientes oferecem servi\u00e7os otimizados de deposit\u00e1rios, que ajudam gestores de fundos imobili\u00e1rios a garantir que suas estruturas est\u00e3o em compliance, para que a prote\u00e7\u00e3o do investidor esteja assegurada.&nbsp;<\/p>\n                              <p>N\u00f3s fornecemos monitoramento de fluxo de caixa para verificar se a contabilidade financeira est\u00e1 sendo feita corretamente e identificar quaisquer movimentos inconsistentes. Realizamos todos os processos obrigat\u00f3rios de due\n                                diligence e verifica\u00e7\u00f5es de propriedade de ativos assim que surgirem, mantendo um registro atualizado dos ativos dos fundos.<\/p>\n                              <p>Tamb\u00e9m determinamos a precis\u00e3o da distribui\u00e7\u00e3o de renda dos fundos de investimento alternativos (Alternative Investmend Funds \u2013 AIF), supervisionamos os procedimentos operacionais apropriados, acompanhamos o compliance em\n                                rela\u00e7\u00e3o \u00e0s restri\u00e7\u00f5es de investimentos e monitoramos a valida\u00e7\u00e3o adequada de unidades e a\u00e7\u00f5es.&nbsp;<\/p>\n                            <\/div>\n                          <\/div>\n                        <\/div>\n                      <\/div>\n                    <\/div>\n                    <div class=\"h-column h-column-container d-flex h-col-lg-6 h-col-md-6 h-col-6 style-708-outer style-local-1214-c28-outer\">\n                      <div data-colibri-id=\"1214-c28\" class=\"d-flex h-flex-basis h-column__inner h-px-lg-0 h-px-md-0 h-px-2 v-inner-lg-0 v-inner-md-0 v-inner-2 style-708 style-local-1214-c28 position-relative\">\n                        <!---->\n                        <!---->\n                        <div class=\"w-100 h-y-container h-column__content h-column__v-align flex-basis-100 align-self-lg-start align-self-md-start align-self-start\">\n                          <!---->\n                          <div data-colibri-id=\"1214-c29\" class=\"h-global-transition-all h-heading style-709 style-local-1214-c29 position-relative h-element\">\n                            <!---->\n                            <div class=\"h-heading__outer style-709 style-local-1214-c29\">\n                              <!---->\n                              <!---->\n                              <h5 class=\"\">Servi\u00e7os de Administra\u00e7\u00e3o de fundos<\/h5>\n                            <\/div>\n                          <\/div>\n                          <div data-colibri-id=\"1214-c30\" class=\"h-text h-text-component style-710 style-local-1214-c30 position-relative h-element\">\n                            <!---->\n                            <!---->\n                            <div class=\"\">\n                              <p>Te ajudamos criar fundos e outras entidades do ponto de vista financeiro, jur\u00eddico e de valores para minimizar riscos e otimizar a governan\u00e7a e o controle.\n                                <br>\n                                <br>Cuidamos da gest\u00e3o dos fundos para que voc\u00ea possa se concentrar em seu neg\u00f3cio principal \u2013 executar sua estrat\u00e9gia de fundos.<\/p>\n                            <\/div>\n                          <\/div>\n                        <\/div>\n                      <\/div>\n                    <\/div>\n                  <\/div>\n                <\/div>\n              <\/div>\n            <\/div>\n          <\/div>\n        <\/div>\n      <\/div>\n    <\/div>\n  <\/div>\n<\/div>","protected":false},"excerpt":{"rendered":"<p>Fornecemos suporte a gestores de fundos por meio de nossas equipes de especialistas em 86 jurisdi\u00e7\u00f5es ao redor do mundo. Nossas solu\u00e7\u00f5es globais para servi\u00e7os de fundos s\u00e3o personalizadas para cada cliente e administradas localmente por especialistas que falam o seu idioma. Nossa solu\u00e7\u00e3o de fundos Fornecemos suporte aos nossos clientes de forma integral onde [&hellip;]<\/p>\n","protected":false},"author":1,"featured_media":0,"parent":0,"menu_order":0,"comment_status":"closed","ping_status":"closed","template":"page-templates\/full-width-page.php","meta":{"footnotes":""},"class_list":["post-1214","page","type-page","status-publish","hentry"],"_links":{"self":[{"href":"https:\/\/leandropinto.us\/LP\/wp-json\/wp\/v2\/pages\/1214","targetHints":{"allow":["GET"]}}],"collection":[{"href":"https:\/\/leandropinto.us\/LP\/wp-json\/wp\/v2\/pages"}],"about":[{"href":"https:\/\/leandropinto.us\/LP\/wp-json\/wp\/v2\/types\/page"}],"author":[{"embeddable":true,"href":"https:\/\/leandropinto.us\/LP\/wp-json\/wp\/v2\/users\/1"}],"replies":[{"embeddable":true,"href":"https:\/\/leandropinto.us\/LP\/wp-json\/wp\/v2\/comments?post=1214"}],"version-history":[{"count":3,"href":"https:\/\/leandropinto.us\/LP\/wp-json\/wp\/v2\/pages\/1214\/revisions"}],"predecessor-version":[{"id":1237,"href":"https:\/\/leandropinto.us\/LP\/wp-json\/wp\/v2\/pages\/1214\/revisions\/1237"}],"wp:attachment":[{"href":"https:\/\/leandropinto.us\/LP\/wp-json\/wp\/v2\/media?parent=1214"}],"curies":[{"name":"wp","href":"https:\/\/api.w.org\/{rel}","templated":true}]}}