{"id":1152,"date":"2024-08-27T14:24:28","date_gmt":"2024-08-27T14:24:28","guid":{"rendered":"https:\/\/leandropinto.us\/LP\/?page_id=1152"},"modified":"2024-08-27T15:33:42","modified_gmt":"2024-08-27T15:33:42","slug":"contabilidade-e-impostos","status":"publish","type":"page","link":"https:\/\/leandropinto.us\/LP\/contabilidade-e-impostos\/","title":{"rendered":"Contabilidade e impostos"},"content":{"rendered":"<div data-colibri-id=\"1152-c1\" class=\"style-602 style-local-1152-c1 position-relative\">\n  <!---->\n  <div data-colibri-component=\"section\" data-colibri-id=\"1152-c2\" id=\"features\" class=\"h-section h-section-global-spacing d-flex align-items-lg-center align-items-md-center align-items-center style-609 style-local-1152-c2 position-relative\">\n    <!---->\n    <!---->\n    <div class=\"h-section-grid-container h-section-boxed-container\">\n      <div data-colibri-id=\"1152-c28\" class=\"h-row-container gutters-row-lg-2 gutters-row-md-2 gutters-row-0 gutters-row-v-lg-2 gutters-row-v-md-2 gutters-row-v-2 style-619 style-local-1152-c28 position-relative\">\n        <!---->\n        <div class=\"h-row justify-content-lg-center justify-content-md-center justify-content-center align-items-lg-stretch align-items-md-stretch align-items-stretch gutters-col-lg-2 gutters-col-md-2 gutters-col-0 gutters-col-v-lg-2 gutters-col-v-md-2 gutters-col-v-2\">\n          <!---->\n          <div class=\"h-column h-column-container d-flex h-col-lg-auto h-col-md-auto h-col-auto style-620-outer style-local-1152-c29-outer\">\n            <div data-colibri-id=\"1152-c29\" class=\"d-flex h-flex-basis h-column__inner h-px-lg-2 h-px-md-2 h-px-2 v-inner-lg-2 v-inner-md-2 v-inner-2 style-620 style-local-1152-c29 position-relative\">\n              <!---->\n              <!---->\n              <div class=\"w-100 h-y-container h-column__content h-column__v-align flex-basis-100 align-self-lg-start align-self-md-start align-self-start\">\n                <!---->\n                <div data-colibri-id=\"1152-c30\" class=\"h-global-transition-all h-heading style-621 style-local-1152-c30 position-relative h-element\">\n                  <!---->\n                  <div class=\"h-heading__outer style-621 style-local-1152-c30\">\n                    <!---->\n                    <!---->\n                    <h2 class=\"\">Contabilidade e impostos<\/h2>\n                  <\/div>\n                <\/div>\n                <div data-colibri-id=\"1152-c31\" class=\"h-lead h-text h-text-component style-622 style-local-1152-c31 position-relative h-element\">\n                  <!---->\n                  <!---->\n                  <div class=\"\">\n                    <p>LEANDRO PINTO LAW FIRM oferece uma gama completa de servi\u00e7os cont\u00e1beis e fiscais que asseguram conformidade com os padr\u00f5es locais e internacionais.<\/p>\n                    <p>Estamos preparados para apoiar voc\u00ea em todas as fases da sua transforma\u00e7\u00e3o financeira. Nossos servi\u00e7os incluem suporte em contabilidade transacional, contabilidade estatut\u00e1ria local, assist\u00eancia tribut\u00e1ria e solu\u00e7\u00f5es de consultoria\n                      cont\u00e1bil e fiscal, personalizadas para atender \u00e0s necessidades espec\u00edficas da sua organiza\u00e7\u00e3o.<\/p>\n                  <\/div>\n                <\/div>\n              <\/div>\n            <\/div>\n          <\/div>\n        <\/div>\n      <\/div>\n      <div data-colibri-id=\"1152-c3\" class=\"h-row-container gutters-row-lg-2 gutters-row-md-2 gutters-row-2 gutters-row-v-lg-2 gutters-row-v-md-2 gutters-row-v-2 style-610 style-local-1152-c3 position-relative\">\n        <!---->\n        <div class=\"h-row justify-content-lg-center justify-content-md-center justify-content-center align-items-lg-stretch align-items-md-stretch align-items-stretch gutters-col-lg-2 gutters-col-md-2 gutters-col-2 gutters-col-v-lg-2 gutters-col-v-md-2 gutters-col-v-2\">\n          <!---->\n          <div class=\"h-column h-column-container d-flex h-col-lg-4 h-col-md-6 h-col-12 style-611-outer style-local-1152-c4-outer\">\n            <div data-colibri-id=\"1152-c4\" class=\"d-flex h-flex-basis h-column__inner h-px-lg-0 h-px-md-0 h-px-0 v-inner-lg-0 v-inner-md-0 v-inner-0 style-611 style-local-1152-c4 position-relative\">\n              <!---->\n              <!---->\n              <div class=\"w-100 h-y-container h-column__content h-column__v-align flex-basis-100 align-self-lg-start align-self-md-start align-self-start\">\n                <!---->\n                <div data-colibri-id=\"1152-c5\" class=\"d-block style-612 style-local-1152-c5 position-relative h-element\">\n                  <!---->\n                  <div class=\"h-image__frame-container-outer\">\n                    <div class=\"h-image__frame-container\">\n                      <!---->\n                      <!---->\n                      <img fetchpriority=\"high\" decoding=\"async\" width=\"451\" height=\"451\" src=\"https:\/\/leandropinto.us\/LP\/wp-content\/uploads\/2024\/08\/cropped-Screenshot-2024-08-27-at-11-33-38-contabilidade-Pesquisa-Google.png\" class=\"wp-image-1165 style-612-image style-local-1152-c5-image\" alt=\"\" srcset=\"https:\/\/leandropinto.us\/LP\/wp-content\/uploads\/2024\/08\/cropped-Screenshot-2024-08-27-at-11-33-38-contabilidade-Pesquisa-Google.png 451w, https:\/\/leandropinto.us\/LP\/wp-content\/uploads\/2024\/08\/cropped-Screenshot-2024-08-27-at-11-33-38-contabilidade-Pesquisa-Google-300x300.png 300w, https:\/\/leandropinto.us\/LP\/wp-content\/uploads\/2024\/08\/cropped-Screenshot-2024-08-27-at-11-33-38-contabilidade-Pesquisa-Google-150x150.png 150w\" sizes=\"(max-width: 451px) 100vw, 451px\" \/>\n                      <div class=\"h-image__frame h-hide-lg h-hide-md h-hide-sm style-612-frameImage style-local-1152-c5-frameImage\"><\/div>\n                    <\/div>\n                  <\/div>\n                <\/div>\n                <div data-colibri-id=\"1152-c6\" class=\"h-row-container gutters-row-lg-0 gutters-row-md-0 gutters-row-2 gutters-row-v-lg-0 gutters-row-v-md-0 gutters-row-v-2 style-613 style-local-1152-c6 position-relative\">\n                  <!---->\n                  <div class=\"h-row justify-content-lg-center justify-content-md-center justify-content-center align-items-lg-stretch align-items-md-stretch align-items-stretch gutters-col-lg-0 gutters-col-md-0 gutters-col-2 gutters-col-v-lg-0 gutters-col-v-md-0 gutters-col-v-2\">\n                    <!---->\n                    <div class=\"h-column h-column-container d-flex h-col-lg-auto h-col-md-auto h-col-auto style-614-outer style-local-1152-c7-outer\">\n                      <div data-colibri-id=\"1152-c7\" class=\"d-flex h-flex-basis h-column__inner h-px-lg-2 h-px-md-3 h-px-2 v-inner-lg-2 v-inner-md-3 v-inner-2 style-614 style-local-1152-c7 position-relative\">\n                        <!---->\n                        <!---->\n                        <div class=\"w-100 h-y-container h-column__content h-column__v-align flex-basis-100 align-self-lg-start align-self-md-start align-self-start\">\n                          <!---->\n                          <div data-colibri-id=\"1152-c8\" class=\"h-global-transition-all h-heading style-615 style-local-1152-c8 position-relative h-element\">\n                            <!---->\n                            <div class=\"h-heading__outer style-615 style-local-1152-c8\">\n                              <!---->\n                              <!---->\n                              <h4 class=\"\">Servi\u00e7os de Contabilidade Transacional<\/h4>\n                            <\/div>\n                          <\/div>\n                          <div data-colibri-id=\"1152-c9\" class=\"h-text h-text-component style-616 style-local-1152-c9 position-relative h-element\">\n                            <!---->\n                            <!---->\n                            <div class=\"\">\n                              <p>\n                                <br>\n                              <\/p>\n                              <p>Oferecemos suporte completo para contabilidade em transa\u00e7\u00f5es tanto centralizadas quanto locais, abrangendo pagamentos, faturamento e cobran\u00e7a.<\/p>\n                              <ul>\n                                <li>Processamento de transa\u00e7\u00f5es em sistemas locais<\/li>\n                                <li>Processamento de transa\u00e7\u00f5es em sistemas centralizados<\/li>\n                                <li>Pagamentos<\/li>\n                                <li>Faturamento<\/li>\n                                <li>Cobran\u00e7a<\/li>\n                              <\/ul>\n                              <p>\n                                <br>\n                              <\/p>\n                            <\/div>\n                          <\/div>\n                        <\/div>\n                      <\/div>\n                    <\/div>\n                  <\/div>\n                <\/div>\n              <\/div>\n            <\/div>\n          <\/div>\n          <div class=\"h-column h-column-container d-flex h-col-lg-4 h-col-md-6 h-col-12 style-611-outer style-local-1152-c12-outer\">\n            <div data-colibri-id=\"1152-c12\" class=\"d-flex h-flex-basis h-column__inner h-px-lg-0 h-px-md-0 h-px-0 v-inner-lg-0 v-inner-md-0 v-inner-0 style-611 style-local-1152-c12 position-relative\">\n              <!---->\n              <!---->\n              <div class=\"w-100 h-y-container h-column__content h-column__v-align flex-basis-100 align-self-lg-start align-self-md-start align-self-start\">\n                <!---->\n                <div data-colibri-id=\"1152-c13\" class=\"d-block style-612 style-local-1152-c13 position-relative h-element\">\n                  <!---->\n                  <div class=\"h-image__frame-container-outer\">\n                    <div class=\"h-image__frame-container\">\n                      <!---->\n                      <!---->\n                      <img decoding=\"async\" width=\"343\" height=\"343\" data-src=\"https:\/\/leandropinto.us\/LP\/wp-content\/uploads\/2024\/08\/cropped-Screenshot-2024-08-27-at-11-33-46-contabilidade-Pesquisa-Google.png\" class=\"wp-image-1167 style-612-image style-local-1152-c13-image lazyload\" alt=\"\" data-srcset=\"https:\/\/leandropinto.us\/LP\/wp-content\/uploads\/2024\/08\/cropped-Screenshot-2024-08-27-at-11-33-46-contabilidade-Pesquisa-Google.png 343w, https:\/\/leandropinto.us\/LP\/wp-content\/uploads\/2024\/08\/cropped-Screenshot-2024-08-27-at-11-33-46-contabilidade-Pesquisa-Google-300x300.png 300w, https:\/\/leandropinto.us\/LP\/wp-content\/uploads\/2024\/08\/cropped-Screenshot-2024-08-27-at-11-33-46-contabilidade-Pesquisa-Google-150x150.png 150w\" data-sizes=\"(max-width: 343px) 100vw, 343px\" src=\"data:image\/svg+xml;base64,PHN2ZyB3aWR0aD0iMSIgaGVpZ2h0PSIxIiB4bWxucz0iaHR0cDovL3d3dy53My5vcmcvMjAwMC9zdmciPjwvc3ZnPg==\" style=\"--smush-placeholder-width: 343px; --smush-placeholder-aspect-ratio: 343\/343;\" \/>\n                      <div class=\"h-image__frame h-hide-lg h-hide-md h-hide-sm style-612-frameImage style-local-1152-c13-frameImage\"><\/div>\n                    <\/div>\n                  <\/div>\n                <\/div>\n                <div data-colibri-id=\"1152-c14\" class=\"h-row-container gutters-row-lg-0 gutters-row-md-0 gutters-row-2 gutters-row-v-lg-0 gutters-row-v-md-0 gutters-row-v-2 style-613 style-local-1152-c14 position-relative\">\n                  <!---->\n                  <div class=\"h-row justify-content-lg-center justify-content-md-center justify-content-center align-items-lg-stretch align-items-md-stretch align-items-stretch gutters-col-lg-0 gutters-col-md-0 gutters-col-2 gutters-col-v-lg-0 gutters-col-v-md-0 gutters-col-v-2\">\n                    <!---->\n                    <div class=\"h-column h-column-container d-flex h-col-lg-auto h-col-md-auto h-col-auto style-614-outer style-local-1152-c15-outer\">\n                      <div data-colibri-id=\"1152-c15\" class=\"d-flex h-flex-basis h-column__inner h-px-lg-2 h-px-md-3 h-px-2 v-inner-lg-2 v-inner-md-3 v-inner-2 style-614 style-local-1152-c15 position-relative\">\n                        <!---->\n                        <!---->\n                        <div class=\"w-100 h-y-container h-column__content h-column__v-align flex-basis-100 align-self-lg-start align-self-md-start align-self-start\">\n                          <!---->\n                          <div data-colibri-id=\"1152-c16\" class=\"h-global-transition-all h-heading style-615 style-local-1152-c16 position-relative h-element\">\n                            <!---->\n                            <div class=\"h-heading__outer style-615 style-local-1152-c16\">\n                              <!---->\n                              <!---->\n                              <h4 class=\"\">Contabilidade estatut\u00e1ria e suporte tribut\u00e1rio <\/h4>\n                            <\/div>\n                          <\/div>\n                          <div data-colibri-id=\"1152-c17\" class=\"h-text h-text-component style-616 style-local-1152-c17 position-relative h-element\">\n                            <!---->\n                            <!---->\n                            <div class=\"\">\n                              <p><strong>Servi\u00e7os Estatut\u00e1rios e Regulat\u00f3rios Globais e Locais<\/strong><\/p>\n                              <p>Oferecemos suporte abrangente em servi\u00e7os estatut\u00e1rios e regulat\u00f3rios, incluindo arquivamento, elabora\u00e7\u00e3o de relat\u00f3rios e prepara\u00e7\u00e3o de declara\u00e7\u00f5es.<\/p>\n                              <ul>\n                                <li>Servi\u00e7os fiscais estatut\u00e1rios locais<\/li>\n                                <li>Servi\u00e7os globais de compliance cont\u00e1bil e fiscal<\/li>\n                                <li>Servi\u00e7os fiscais sobre pr\u00eamios de seguro (IPT)<\/li>\n                              <\/ul>\n                              <p>\n                                <br>\n                              <\/p>\n                            <\/div>\n                          <\/div>\n                        <\/div>\n                      <\/div>\n                    <\/div>\n                  <\/div>\n                <\/div>\n              <\/div>\n            <\/div>\n          <\/div>\n          <div class=\"h-column h-column-container d-flex h-col-lg-4 h-col-md-6 h-col-12 style-611-outer style-local-1152-c20-outer\">\n            <div data-colibri-id=\"1152-c20\" class=\"d-flex h-flex-basis h-column__inner h-px-lg-0 h-px-md-0 h-px-0 v-inner-lg-0 v-inner-md-0 v-inner-0 style-611 style-local-1152-c20 position-relative\">\n              <!---->\n              <!---->\n              <div class=\"w-100 h-y-container h-column__content h-column__v-align flex-basis-100 align-self-lg-start align-self-md-start align-self-start\">\n                <!---->\n                <div data-colibri-id=\"1152-c21\" class=\"d-block style-612 style-local-1152-c21 position-relative h-element\">\n                  <!---->\n                  <div class=\"h-image__frame-container-outer\">\n                    <div class=\"h-image__frame-container\">\n                      <!---->\n                      <!---->\n                      <img decoding=\"async\" width=\"405\" height=\"405\" data-src=\"https:\/\/leandropinto.us\/LP\/wp-content\/uploads\/2024\/08\/cropped-Screenshot-2024-08-27-at-11-33-59-contabilidade-Pesquisa-Google.png\" class=\"wp-image-1168 style-612-image style-local-1152-c21-image lazyload\" alt=\"\" data-srcset=\"https:\/\/leandropinto.us\/LP\/wp-content\/uploads\/2024\/08\/cropped-Screenshot-2024-08-27-at-11-33-59-contabilidade-Pesquisa-Google.png 405w, https:\/\/leandropinto.us\/LP\/wp-content\/uploads\/2024\/08\/cropped-Screenshot-2024-08-27-at-11-33-59-contabilidade-Pesquisa-Google-300x300.png 300w, https:\/\/leandropinto.us\/LP\/wp-content\/uploads\/2024\/08\/cropped-Screenshot-2024-08-27-at-11-33-59-contabilidade-Pesquisa-Google-150x150.png 150w\" data-sizes=\"(max-width: 405px) 100vw, 405px\" src=\"data:image\/svg+xml;base64,PHN2ZyB3aWR0aD0iMSIgaGVpZ2h0PSIxIiB4bWxucz0iaHR0cDovL3d3dy53My5vcmcvMjAwMC9zdmciPjwvc3ZnPg==\" style=\"--smush-placeholder-width: 405px; --smush-placeholder-aspect-ratio: 405\/405;\" \/>\n                      <div class=\"h-image__frame h-hide-lg h-hide-md h-hide-sm style-612-frameImage style-local-1152-c21-frameImage\"><\/div>\n                    <\/div>\n                  <\/div>\n                <\/div>\n                <div data-colibri-id=\"1152-c22\" class=\"h-row-container gutters-row-lg-0 gutters-row-md-0 gutters-row-2 gutters-row-v-lg-0 gutters-row-v-md-0 gutters-row-v-2 style-613 style-local-1152-c22 position-relative\">\n                  <!---->\n                  <div class=\"h-row justify-content-lg-center justify-content-md-center justify-content-center align-items-lg-stretch align-items-md-stretch align-items-stretch gutters-col-lg-0 gutters-col-md-0 gutters-col-2 gutters-col-v-lg-0 gutters-col-v-md-0 gutters-col-v-2\">\n                    <!---->\n                    <div class=\"h-column h-column-container d-flex h-col-lg-auto h-col-md-auto h-col-auto style-614-outer style-local-1152-c23-outer\">\n                      <div data-colibri-id=\"1152-c23\" class=\"d-flex h-flex-basis h-column__inner h-px-lg-2 h-px-md-3 h-px-2 v-inner-lg-2 v-inner-md-3 v-inner-2 style-614 style-local-1152-c23 position-relative\">\n                        <!---->\n                        <!---->\n                        <div class=\"w-100 h-y-container h-column__content h-column__v-align flex-basis-100 align-self-lg-start align-self-md-start align-self-start\">\n                          <!---->\n                          <div data-colibri-id=\"1152-c24\" class=\"h-global-transition-all h-heading style-615 style-local-1152-c24 position-relative h-element\">\n                            <!---->\n                            <div class=\"h-heading__outer style-615 style-local-1152-c24\">\n                              <!---->\n                              <!---->\n                              <h4 class=\"\">Servi\u00e7os de Consultoria Cont\u00e1bil e Fiscal<\/h4>\n                            <\/div>\n                          <\/div>\n                          <div data-colibri-id=\"1152-c25\" class=\"h-text h-text-component style-616 style-local-1152-c25 position-relative h-element\">\n                            <!---->\n                            <!---->\n                            <div class=\"\">\n                              <p><strong>&nbsp;<\/strong>Fornecemos orienta\u00e7\u00e3o especializada em transforma\u00e7\u00e3o financeira, todas as quest\u00f5es cont\u00e1beis e tribut\u00e1rias, al\u00e9m de suporte para a localiza\u00e7\u00e3o de sistemas ERP.<\/p>\n                              <ul>\n                                <li>Transforma\u00e7\u00e3o financeira<\/li>\n                                <li>Consultoria fiscal<\/li>\n                                <li>Localiza\u00e7\u00e3o de sistemas ERP<\/li>\n                              <\/ul>\n                              <p>\n                                <br>\n                              <\/p>\n                            <\/div>\n                          <\/div>\n                        <\/div>\n                      <\/div>\n                    <\/div>\n                  <\/div>\n                <\/div>\n              <\/div>\n            <\/div>\n          <\/div>\n        <\/div>\n      <\/div>\n    <\/div>\n  <\/div>\n<\/div>","protected":false},"excerpt":{"rendered":"<p>Contabilidade e impostos LEANDRO PINTO LAW FIRM oferece uma gama completa de servi\u00e7os cont\u00e1beis e fiscais que asseguram conformidade com os padr\u00f5es locais e internacionais. Estamos preparados para apoiar voc\u00ea em todas as fases da sua transforma\u00e7\u00e3o financeira. Nossos servi\u00e7os incluem suporte em contabilidade transacional, contabilidade estatut\u00e1ria local, assist\u00eancia tribut\u00e1ria e solu\u00e7\u00f5es de consultoria cont\u00e1bil [&hellip;]<\/p>\n","protected":false},"author":1,"featured_media":0,"parent":0,"menu_order":0,"comment_status":"closed","ping_status":"closed","template":"page-templates\/full-width-page.php","meta":{"footnotes":""},"class_list":["post-1152","page","type-page","status-publish","hentry"],"_links":{"self":[{"href":"https:\/\/leandropinto.us\/LP\/wp-json\/wp\/v2\/pages\/1152","targetHints":{"allow":["GET"]}}],"collection":[{"href":"https:\/\/leandropinto.us\/LP\/wp-json\/wp\/v2\/pages"}],"about":[{"href":"https:\/\/leandropinto.us\/LP\/wp-json\/wp\/v2\/types\/page"}],"author":[{"embeddable":true,"href":"https:\/\/leandropinto.us\/LP\/wp-json\/wp\/v2\/users\/1"}],"replies":[{"embeddable":true,"href":"https:\/\/leandropinto.us\/LP\/wp-json\/wp\/v2\/comments?post=1152"}],"version-history":[{"count":5,"href":"https:\/\/leandropinto.us\/LP\/wp-json\/wp\/v2\/pages\/1152\/revisions"}],"predecessor-version":[{"id":1251,"href":"https:\/\/leandropinto.us\/LP\/wp-json\/wp\/v2\/pages\/1152\/revisions\/1251"}],"wp:attachment":[{"href":"https:\/\/leandropinto.us\/LP\/wp-json\/wp\/v2\/media?parent=1152"}],"curies":[{"name":"wp","href":"https:\/\/api.w.org\/{rel}","templated":true}]}}