{"id":1109,"date":"2024-08-27T13:59:34","date_gmt":"2024-08-27T13:59:34","guid":{"rendered":"https:\/\/leandropinto.us\/LP\/?page_id=1109"},"modified":"2024-08-27T15:33:05","modified_gmt":"2024-08-27T15:33:05","slug":"colibri-1109","status":"publish","type":"page","link":"https:\/\/leandropinto.us\/LP\/colibri-1109\/","title":{"rendered":"Our global services"},"content":{"rendered":"<div data-colibri-id=\"1109-c1\" class=\"style-584 style-local-1109-c1 position-relative\">\n  <!---->\n  <div data-colibri-component=\"section\" data-colibri-id=\"1109-c2\" id=\"features\" class=\"h-section h-section-global-spacing d-flex align-items-lg-center align-items-md-center align-items-center style-588 style-local-1109-c2 position-relative\">\n    <!---->\n    <!---->\n    <div class=\"h-section-grid-container h-section-boxed-container\">\n      <div data-colibri-id=\"1109-c28\" class=\"h-row-container gutters-row-lg-2 gutters-row-md-2 gutters-row-0 gutters-row-v-lg-2 gutters-row-v-md-2 gutters-row-v-2 style-598 style-local-1109-c28 position-relative\">\n        <!---->\n        <div class=\"h-row justify-content-lg-center justify-content-md-center justify-content-center align-items-lg-stretch align-items-md-stretch align-items-stretch gutters-col-lg-2 gutters-col-md-2 gutters-col-0 gutters-col-v-lg-2 gutters-col-v-md-2 gutters-col-v-2\">\n          <!---->\n          <div class=\"h-column h-column-container d-flex h-col-lg-auto h-col-md-auto h-col-auto style-599-outer style-local-1109-c29-outer\">\n            <div data-colibri-id=\"1109-c29\" class=\"d-flex h-flex-basis h-column__inner h-px-lg-2 h-px-md-2 h-px-2 v-inner-lg-2 v-inner-md-2 v-inner-2 style-599 style-local-1109-c29 position-relative\">\n              <!---->\n              <!---->\n              <div class=\"w-100 h-y-container h-column__content h-column__v-align flex-basis-100 align-self-lg-start align-self-md-start align-self-start\">\n                <!---->\n                <div data-colibri-id=\"1109-c30\" class=\"h-global-transition-all h-heading style-600 style-local-1109-c30 position-relative h-element\">\n                  <!---->\n                  <div class=\"h-heading__outer style-600 style-local-1109-c30\">\n                    <!---->\n                    <!---->\n                    <h2 class=\"\">Nossos servi\u00e7os globais<\/h2>\n                  <\/div>\n                <\/div>\n                <div data-colibri-id=\"1109-c31\" class=\"h-lead h-text h-text-component style-601 style-local-1109-c31 position-relative h-element\">\n                  <!---->\n                  <!---->\n                  <div class=\"\">\n                    <p>\n                      <br>\n                    <\/p>\n                    <p>LEANDRO PINTO LAW FIRM \u00e9 um provedor l\u00edder de servi\u00e7os administrativos, dedicado a auxiliar clientes a investir e operar com seguran\u00e7a em escala global.<\/p>\n                  <\/div>\n                <\/div>\n              <\/div>\n            <\/div>\n          <\/div>\n        <\/div>\n      <\/div>\n      <div data-colibri-id=\"1109-c3\" class=\"h-row-container gutters-row-lg-2 gutters-row-md-2 gutters-row-2 gutters-row-v-lg-2 gutters-row-v-md-2 gutters-row-v-2 style-589 style-local-1109-c3 position-relative\">\n        <!---->\n        <div class=\"h-row justify-content-lg-center justify-content-md-center justify-content-center align-items-lg-stretch align-items-md-stretch align-items-stretch gutters-col-lg-2 gutters-col-md-2 gutters-col-2 gutters-col-v-lg-2 gutters-col-v-md-2 gutters-col-v-2\">\n          <!---->\n          <div class=\"h-column h-column-container d-flex h-col-lg-4 h-col-md-6 h-col-12 style-590-outer style-local-1109-c4-outer\">\n            <div data-colibri-id=\"1109-c4\" class=\"d-flex h-flex-basis h-column__inner h-px-lg-0 h-px-md-0 h-px-0 v-inner-lg-0 v-inner-md-0 v-inner-0 style-590 style-local-1109-c4 position-relative\">\n              <!---->\n              <!---->\n              <div class=\"w-100 h-y-container h-column__content h-column__v-align flex-basis-100 align-self-lg-start align-self-md-start align-self-start\">\n                <!---->\n                <div data-colibri-id=\"1109-c5\" class=\"d-block style-591 style-local-1109-c5 position-relative h-element\">\n                  <!---->\n                  <div class=\"h-image__frame-container-outer\">\n                    <div class=\"h-image__frame-container\">\n                      <!---->\n                      <!---->\n                      <img fetchpriority=\"high\" decoding=\"async\" width=\"417\" height=\"310\" src=\"https:\/\/leandropinto.us\/LP\/wp-content\/uploads\/2024\/08\/cropped-cropped-cropped-Screenshot-2024-08-27-at-10-48-35-escritorio-de-advocacia-Pesquisa-Google.png\" class=\"wp-image-1113 style-591-image style-local-1109-c5-image\" alt=\"\" srcset=\"https:\/\/leandropinto.us\/LP\/wp-content\/uploads\/2024\/08\/cropped-cropped-cropped-Screenshot-2024-08-27-at-10-48-35-escritorio-de-advocacia-Pesquisa-Google.png 417w, https:\/\/leandropinto.us\/LP\/wp-content\/uploads\/2024\/08\/cropped-cropped-cropped-Screenshot-2024-08-27-at-10-48-35-escritorio-de-advocacia-Pesquisa-Google-300x223.png 300w\" sizes=\"(max-width: 417px) 100vw, 417px\" \/>\n                      <div class=\"h-image__frame h-hide-lg h-hide-md h-hide-sm style-591-frameImage style-local-1109-c5-frameImage\"><\/div>\n                    <\/div>\n                  <\/div>\n                <\/div>\n                <div data-colibri-id=\"1109-c6\" class=\"h-row-container gutters-row-lg-0 gutters-row-md-0 gutters-row-2 gutters-row-v-lg-0 gutters-row-v-md-0 gutters-row-v-2 style-592 style-local-1109-c6 position-relative\">\n                  <!---->\n                  <div class=\"h-row justify-content-lg-center justify-content-md-center justify-content-center align-items-lg-stretch align-items-md-stretch align-items-stretch gutters-col-lg-0 gutters-col-md-0 gutters-col-2 gutters-col-v-lg-0 gutters-col-v-md-0 gutters-col-v-2\">\n                    <!---->\n                    <div class=\"h-column h-column-container d-flex h-col-lg-auto h-col-md-auto h-col-auto style-593-outer style-local-1109-c7-outer\">\n                      <div data-colibri-id=\"1109-c7\" class=\"d-flex h-flex-basis h-column__inner h-px-lg-2 h-px-md-3 h-px-2 v-inner-lg-2 v-inner-md-3 v-inner-2 style-593 style-local-1109-c7 position-relative\">\n                        <!---->\n                        <!---->\n                        <div class=\"w-100 h-y-container h-column__content h-column__v-align flex-basis-100 align-self-lg-start align-self-md-start align-self-start\">\n                          <!---->\n                          <div data-colibri-id=\"1109-c8\" class=\"h-global-transition-all h-heading style-594 style-local-1109-c8 position-relative h-element\">\n                            <!---->\n                            <div class=\"h-heading__outer style-594 style-local-1109-c8\">\n                              <!---->\n                              <!---->\n                              <h4 class=\"\">&nbsp;<\/h4>\n                            <\/div>\n                          <\/div>\n                          <div data-colibri-id=\"1109-c9\" class=\"h-text h-text-component style-595 style-local-1109-c9 position-relative h-element\">\n                            <!---->\n                            <!---->\n                            <div class=\"\">\n                              <p>Os servi\u00e7os que prestamos est\u00e3o agrupados em oito \u00e1reas principais da administra\u00e7\u00e3o de empresas. Nosso modelo \u00fanico de entrega global significa que podemos cobrir uma ampla gama de diversos setores.<\/p>\n                            <\/div>\n                          <\/div>\n                        <\/div>\n                      <\/div>\n                    <\/div>\n                  <\/div>\n                <\/div>\n              <\/div>\n            <\/div>\n          <\/div>\n          <div class=\"h-column h-column-container d-flex h-col-lg-4 h-col-md-6 h-col-12 style-590-outer style-local-1109-c12-outer\">\n            <div data-colibri-id=\"1109-c12\" class=\"d-flex h-flex-basis h-column__inner h-px-lg-0 h-px-md-0 h-px-0 v-inner-lg-0 v-inner-md-0 v-inner-0 style-590 style-local-1109-c12 position-relative\">\n              <!---->\n              <!---->\n              <div class=\"w-100 h-y-container h-column__content h-column__v-align flex-basis-100 align-self-lg-start align-self-md-start align-self-start\">\n                <!---->\n                <div data-colibri-id=\"1109-c13\" class=\"d-block style-591 style-local-1109-c13 position-relative h-element\">\n                  <!---->\n                  <div class=\"h-image__frame-container-outer\">\n                    <div class=\"h-image__frame-container\">\n                      <!---->\n                      <!---->\n                      <img decoding=\"async\" data-src=\"https:\/\/leandropinto.us\/LP\/wp-content\/uploads\/2024\/08\/colibri-image-34.png\" class=\"wp-image-810 style-591-image style-local-1109-c13-image lazyload\" alt=\"\" src=\"data:image\/svg+xml;base64,PHN2ZyB3aWR0aD0iMSIgaGVpZ2h0PSIxIiB4bWxucz0iaHR0cDovL3d3dy53My5vcmcvMjAwMC9zdmciPjwvc3ZnPg==\" style=\"--smush-placeholder-width: 640px; --smush-placeholder-aspect-ratio: 640\/426;\" \/>\n                      <div class=\"h-image__frame h-hide-lg h-hide-md h-hide-sm style-591-frameImage style-local-1109-c13-frameImage\"><\/div>\n                    <\/div>\n                  <\/div>\n                <\/div>\n                <div data-colibri-id=\"1109-c14\" class=\"h-row-container gutters-row-lg-0 gutters-row-md-0 gutters-row-2 gutters-row-v-lg-0 gutters-row-v-md-0 gutters-row-v-2 style-592 style-local-1109-c14 position-relative\">\n                  <!---->\n                  <div class=\"h-row justify-content-lg-center justify-content-md-center justify-content-center align-items-lg-stretch align-items-md-stretch align-items-stretch gutters-col-lg-0 gutters-col-md-0 gutters-col-2 gutters-col-v-lg-0 gutters-col-v-md-0 gutters-col-v-2\">\n                    <!---->\n                    <div class=\"h-column h-column-container d-flex h-col-lg-auto h-col-md-auto h-col-auto style-593-outer style-local-1109-c15-outer\">\n                      <div data-colibri-id=\"1109-c15\" class=\"d-flex h-flex-basis h-column__inner h-px-lg-2 h-px-md-3 h-px-2 v-inner-lg-2 v-inner-md-3 v-inner-2 style-593 style-local-1109-c15 position-relative\">\n                        <!---->\n                        <!---->\n                        <div class=\"w-100 h-y-container h-column__content h-column__v-align flex-basis-100 align-self-lg-start align-self-md-start align-self-start\">\n                          <!---->\n                          <div data-colibri-id=\"1109-c16\" class=\"h-global-transition-all h-heading style-594 style-local-1109-c16 position-relative h-element\">\n                            <!---->\n                            <div class=\"h-heading__outer style-594 style-local-1109-c16\">\n                              <!---->\n                              <!---->\n                              <h4 class=\"\">&nbsp;<\/h4>\n                            <\/div>\n                          <\/div>\n                          <div data-colibri-id=\"1109-c17\" class=\"h-text h-text-component style-595 style-local-1109-c17 position-relative h-element\">\n                            <!---->\n                            <!---->\n                            <div class=\"\">\n                              <h2>\n                                <br>\n                              <\/h2>\n                              <p>Nosso modelo de servi\u00e7o global e plataforma tecnol\u00f3gica colocam nossos clientes no controle de seu portf\u00f3lio de entidades e localiza\u00e7\u00f5es globais. As informa\u00e7\u00f5es de dados que fornecemos mant\u00eam-nos informados sobre a regulamenta\u00e7\u00e3o\n                                emergente, o estado da sua pr\u00f3pria atividade e quaisquer pontos de risco.\n                                <br>\n                                <br> Atendemos empresas, institui\u00e7\u00f5es financeiras, gestores de ativos, investidores de private equity e imobili\u00e1rio e family offices. Nossos clientes incluem a maioria das empresas Fortune Global 500, FTSE 100 e das 300 maiores\n                                empresas de private equity.<\/p>\n                            <\/div>\n                          <\/div>\n                        <\/div>\n                      <\/div>\n                    <\/div>\n                  <\/div>\n                <\/div>\n              <\/div>\n            <\/div>\n          <\/div>\n          <div class=\"h-column h-column-container d-flex h-col-lg-4 h-col-md-6 h-col-12 style-590-outer style-local-1109-c20-outer\">\n            <div data-colibri-id=\"1109-c20\" class=\"d-flex h-flex-basis h-column__inner h-px-lg-0 h-px-md-0 h-px-0 v-inner-lg-0 v-inner-md-0 v-inner-0 style-590 style-local-1109-c20 position-relative\">\n              <!---->\n              <!---->\n              <div class=\"w-100 h-y-container h-column__content h-column__v-align flex-basis-100 align-self-lg-start align-self-md-start align-self-start\">\n                <!---->\n                <div data-colibri-id=\"1109-c21\" class=\"d-block style-591 style-local-1109-c21 position-relative h-element\">\n                  <!---->\n                  <div class=\"h-image__frame-container-outer\">\n                    <div class=\"h-image__frame-container\">\n                      <!---->\n                      <!---->\n                      <img decoding=\"async\" data-src=\"https:\/\/leandropinto.us\/LP\/wp-content\/uploads\/2024\/08\/colibri-image-32.png\" class=\"wp-image-827 style-591-image style-local-1109-c21-image lazyload\" alt=\"\" src=\"data:image\/svg+xml;base64,PHN2ZyB3aWR0aD0iMSIgaGVpZ2h0PSIxIiB4bWxucz0iaHR0cDovL3d3dy53My5vcmcvMjAwMC9zdmciPjwvc3ZnPg==\" style=\"--smush-placeholder-width: 1920px; --smush-placeholder-aspect-ratio: 1920\/1280;\" \/>\n                      <div class=\"h-image__frame h-hide-lg h-hide-md h-hide-sm style-591-frameImage style-local-1109-c21-frameImage\"><\/div>\n                    <\/div>\n                  <\/div>\n                <\/div>\n                <div data-colibri-id=\"1109-c22\" class=\"h-row-container gutters-row-lg-0 gutters-row-md-0 gutters-row-2 gutters-row-v-lg-0 gutters-row-v-md-0 gutters-row-v-2 style-592 style-local-1109-c22 position-relative\">\n                  <!---->\n                  <div class=\"h-row justify-content-lg-center justify-content-md-center justify-content-center align-items-lg-stretch align-items-md-stretch align-items-stretch gutters-col-lg-0 gutters-col-md-0 gutters-col-2 gutters-col-v-lg-0 gutters-col-v-md-0 gutters-col-v-2\">\n                    <!---->\n                    <div class=\"h-column h-column-container d-flex h-col-lg-auto h-col-md-auto h-col-auto style-593-outer style-local-1109-c23-outer\">\n                      <div data-colibri-id=\"1109-c23\" class=\"d-flex h-flex-basis h-column__inner h-px-lg-2 h-px-md-3 h-px-2 v-inner-lg-2 v-inner-md-3 v-inner-2 style-593 style-local-1109-c23 position-relative\">\n                        <!---->\n                        <!---->\n                        <div class=\"w-100 h-y-container h-column__content h-column__v-align flex-basis-100 align-self-lg-start align-self-md-start align-self-start\">\n                          <!---->\n                          <div data-colibri-id=\"1109-c24\" class=\"h-global-transition-all h-heading style-594 style-local-1109-c24 position-relative h-element\">\n                            <!---->\n                            <div class=\"h-heading__outer style-594 style-local-1109-c24\">\n                              <!---->\n                              <!---->\n                              <h4 class=\"\">&nbsp;<\/h4>\n                            <\/div>\n                          <\/div>\n                          <div data-colibri-id=\"1109-c25\" class=\"h-text h-text-component style-595 style-local-1109-c25 position-relative h-element\">\n                            <!---->\n                            <!---->\n                            <div class=\"\">\n                              <h2>Alcance global, local conhecimento<\/h2>\n                              <h2>\n                                <br>\n                              <\/h2>\n                              <p>Com mais de 11.000 colegas em mais de 125 escrit\u00f3rios em 87 jurisdi\u00e7\u00f5es, todos trabalhando com os mesmos altos padr\u00f5es de servi\u00e7o e seguran\u00e7a, oferecemos aos nossos clientes experi\u00eancia local onde ela \u00e9 mais necess\u00e1ria. As\n                                nossas localiza\u00e7\u00f5es cobrem 92% do PIB mundial e 95% do fluxo de IDE.\n                                <br>\n                                <br> Somos uma pe\u00e7a fundamental na governan\u00e7a de nossos clientes, prestando os servi\u00e7os cont\u00e1beis, fiscais, de folha de pagamento, de administra\u00e7\u00e3o de fundos e de gest\u00e3o de pessoas jur\u00eddicas essenciais para seu sucesso. Garantimos\n                                que as regras sejam seguidas, que as reputa\u00e7\u00f5es sejam protegidas e que a conformidade operacional seja mantida.<\/p>\n                            <\/div>\n                          <\/div>\n                        <\/div>\n                      <\/div>\n                    <\/div>\n                  <\/div>\n                <\/div>\n              <\/div>\n            <\/div>\n          <\/div>\n        <\/div>\n      <\/div>\n    <\/div>\n  <\/div>\n<\/div>","protected":false},"excerpt":{"rendered":"<p>Nossos servi\u00e7os globais LEANDRO PINTO LAW FIRM \u00e9 um provedor l\u00edder de servi\u00e7os administrativos, dedicado a auxiliar clientes a investir e operar com seguran\u00e7a em escala global. &nbsp; Os servi\u00e7os que prestamos est\u00e3o agrupados em oito \u00e1reas principais da administra\u00e7\u00e3o de empresas. Nosso modelo \u00fanico de entrega global significa que podemos cobrir uma ampla gama [&hellip;]<\/p>\n","protected":false},"author":1,"featured_media":0,"parent":0,"menu_order":0,"comment_status":"closed","ping_status":"closed","template":"page-templates\/full-width-page.php","meta":{"footnotes":""},"class_list":["post-1109","page","type-page","status-publish","hentry"],"_links":{"self":[{"href":"https:\/\/leandropinto.us\/LP\/wp-json\/wp\/v2\/pages\/1109","targetHints":{"allow":["GET"]}}],"collection":[{"href":"https:\/\/leandropinto.us\/LP\/wp-json\/wp\/v2\/pages"}],"about":[{"href":"https:\/\/leandropinto.us\/LP\/wp-json\/wp\/v2\/types\/page"}],"author":[{"embeddable":true,"href":"https:\/\/leandropinto.us\/LP\/wp-json\/wp\/v2\/users\/1"}],"replies":[{"embeddable":true,"href":"https:\/\/leandropinto.us\/LP\/wp-json\/wp\/v2\/comments?post=1109"}],"version-history":[{"count":5,"href":"https:\/\/leandropinto.us\/LP\/wp-json\/wp\/v2\/pages\/1109\/revisions"}],"predecessor-version":[{"id":1244,"href":"https:\/\/leandropinto.us\/LP\/wp-json\/wp\/v2\/pages\/1109\/revisions\/1244"}],"wp:attachment":[{"href":"https:\/\/leandropinto.us\/LP\/wp-json\/wp\/v2\/media?parent=1109"}],"curies":[{"name":"wp","href":"https:\/\/api.w.org\/{rel}","templated":true}]}}