{"id":758,"date":"2024-09-13T23:45:51","date_gmt":"2024-09-13T23:45:51","guid":{"rendered":"https:\/\/leandropinto.us\/LP\/it\/?page_id=758"},"modified":"2024-09-13T23:47:29","modified_gmt":"2024-09-13T23:47:29","slug":"legal","status":"publish","type":"page","link":"https:\/\/leandropinto.us\/LP\/it\/legal\/","title":{"rendered":"Legal"},"content":{"rendered":"<div data-colibri-id=\"758-c1\" class=\"style-540 style-local-758-c1 position-relative\">\n  <!---->\n  <div data-colibri-component=\"section\" data-colibri-id=\"758-c2\" id=\"custom\" class=\"h-section h-section-global-spacing d-flex align-items-lg-center align-items-md-center align-items-center style-541 style-local-758-c2 position-relative\">\n    <!---->\n    <!---->\n    <div class=\"h-section-grid-container h-section-boxed-container\">\n      <!---->\n      <div data-colibri-id=\"758-c5\" class=\"h-row-container gutters-row-lg-2 gutters-row-md-2 gutters-row-0 gutters-row-v-lg-2 gutters-row-v-md-2 gutters-row-v-2 style-544 style-local-758-c5 position-relative\">\n        <!---->\n        <div class=\"h-row justify-content-lg-center justify-content-md-center justify-content-center align-items-lg-stretch align-items-md-stretch align-items-stretch gutters-col-lg-2 gutters-col-md-2 gutters-col-0 gutters-col-v-lg-2 gutters-col-v-md-2 gutters-col-v-2\">\n          <!---->\n          <div class=\"h-column h-column-container d-flex h-col-lg-auto h-col-md-auto h-col-auto style-545-outer style-local-758-c6-outer\">\n            <div data-colibri-id=\"758-c6\" class=\"d-flex h-flex-basis h-column__inner h-px-lg-2 h-px-md-2 h-px-2 v-inner-lg-2 v-inner-md-2 v-inner-2 style-545 style-local-758-c6 position-relative\">\n              <!---->\n              <!---->\n              <div class=\"w-100 h-y-container h-column__content h-column__v-align flex-basis-100 align-self-lg-start align-self-md-start align-self-start\">\n                <!---->\n                <div data-colibri-id=\"758-c7\" class=\"h-text h-text-component style-546 style-local-758-c7 position-relative h-element\">\n                  <!---->\n                  <!---->\n                  <div class=\"\">\n                    <p>Il materiale presente su questo sito Web \u00e8 stato preparato solo a scopo informativo e non costituisce consulenza legale. La presentazione o la trasmissione di questo sito web, in tutto o in parte, e\/o la comunicazione con STUDIO LEGALE\n                      LEANDRO PINTO (gli \u201cStudi\u201d) tramite posta elettronica o tramite questo sito web non ha lo scopo di creare, e la ricezione di tali informazioni non crea un rapporto avvocato-cliente.<\/p>\n                    <p>Qualsiasi informazione inviata alle Aziende tramite e-mail o tramite questo sito Web non \u00e8 sicura e non \u00e8 riservata. Le informazioni contenute in questo sito Web sono fornite solo come informazioni generali che possono o meno riflettere\n                      gli sviluppi legali pi\u00f9 attuali, non vengono fornite nel corso di un rapporto avvocato-cliente e non intendono costituire una consulenza legale o sostituire l&#8217;ottenimento di una consulenza legale. da una persona debitamente qualificata\n                      e autorizzata. Nessuno che riceve informazioni dovrebbe agire di conseguenza senza prima chiedere una consulenza professionale. Le Aziende declinano espressamente ogni responsabilit\u00e0 in relazione ad azioni intraprese o non intraprese\n                      sulla base di uno o tutti i contenuti di questo sito web.<\/p>\n                    <p>Le Aziende non approvano necessariamente e non sono responsabili per i contenuti di terzi a cui \u00e8 possibile accedere tramite questo sito web. Questo sito web pu\u00f2 essere considerato pubblicit\u00e0 ai sensi delle leggi applicabili e delle\n                      norme etiche.<\/p>\n                  <\/div>\n                <\/div>\n              <\/div>\n            <\/div>\n          <\/div>\n        <\/div>\n      <\/div>\n    <\/div>\n  <\/div>\n<\/div>","protected":false},"excerpt":{"rendered":"<p>Il materiale presente su questo sito Web \u00e8 stato preparato solo a scopo informativo e non costituisce consulenza legale. La presentazione o la trasmissione di questo sito web, in tutto o in parte, e\/o la comunicazione con STUDIO LEGALE LEANDRO PINTO (gli \u201cStudi\u201d) tramite posta elettronica o tramite questo sito web non ha lo scopo [&hellip;]<\/p>\n","protected":false},"author":1,"featured_media":0,"parent":0,"menu_order":0,"comment_status":"closed","ping_status":"closed","template":"page-templates\/full-width-page.php","meta":{"footnotes":""},"class_list":["post-758","page","type-page","status-publish","hentry"],"_links":{"self":[{"href":"https:\/\/leandropinto.us\/LP\/it\/wp-json\/wp\/v2\/pages\/758","targetHints":{"allow":["GET"]}}],"collection":[{"href":"https:\/\/leandropinto.us\/LP\/it\/wp-json\/wp\/v2\/pages"}],"about":[{"href":"https:\/\/leandropinto.us\/LP\/it\/wp-json\/wp\/v2\/types\/page"}],"author":[{"embeddable":true,"href":"https:\/\/leandropinto.us\/LP\/it\/wp-json\/wp\/v2\/users\/1"}],"replies":[{"embeddable":true,"href":"https:\/\/leandropinto.us\/LP\/it\/wp-json\/wp\/v2\/comments?post=758"}],"version-history":[{"count":1,"href":"https:\/\/leandropinto.us\/LP\/it\/wp-json\/wp\/v2\/pages\/758\/revisions"}],"predecessor-version":[{"id":762,"href":"https:\/\/leandropinto.us\/LP\/it\/wp-json\/wp\/v2\/pages\/758\/revisions\/762"}],"wp:attachment":[{"href":"https:\/\/leandropinto.us\/LP\/it\/wp-json\/wp\/v2\/media?parent=758"}],"curies":[{"name":"wp","href":"https:\/\/api.w.org\/{rel}","templated":true}]}}