{"id":621,"date":"2024-09-09T12:56:07","date_gmt":"2024-09-09T12:56:07","guid":{"rendered":"https:\/\/leandropinto.us\/LP\/it\/?page_id=621"},"modified":"2024-09-09T14:10:19","modified_gmt":"2024-09-09T14:10:19","slug":"purificazione-delle-criptovalute","status":"publish","type":"page","link":"https:\/\/leandropinto.us\/LP\/it\/purificazione-delle-criptovalute\/","title":{"rendered":"Purificazione delle criptovalute"},"content":{"rendered":"<div data-colibri-id=\"621-c1\" class=\"style-493 style-local-621-c1 position-relative\">\n  <!---->\n  <div data-colibri-component=\"section\" data-colibri-id=\"621-c2\" id=\"overlappable\" class=\"h-section h-section-global-spacing d-flex align-items-lg-center align-items-md-center align-items-center style-495 style-local-621-c2 position-relative\">\n    <!---->\n    <!---->\n    <div class=\"h-section-grid-container h-section-boxed-container\">\n      <!---->\n      <div data-colibri-id=\"621-c3\" class=\"h-row-container gutters-row-lg-0 gutters-row-md-0 gutters-row-2 gutters-row-v-lg-0 gutters-row-v-md-0 gutters-row-v-2 style-496 style-local-621-c3 position-relative\">\n        <!---->\n        <div class=\"h-row justify-content-lg-center justify-content-md-center justify-content-center align-items-lg-stretch align-items-md-stretch align-items-stretch gutters-col-lg-0 gutters-col-md-0 gutters-col-2 gutters-col-v-lg-0 gutters-col-v-md-0 gutters-col-v-2\">\n          <!---->\n          <div class=\"h-column h-column-container d-flex h-col-lg-12 h-col-md-12 h-col-12 style-497-outer style-local-621-c4-outer\">\n            <div data-colibri-id=\"621-c4\" class=\"d-flex h-flex-basis h-column__inner h-px-lg-3 h-px-md-3 h-px-2 v-inner-lg-3 v-inner-md-3 v-inner-2 style-497 style-local-621-c4 position-relative\">\n              <!---->\n              <!---->\n              <div class=\"w-100 h-y-container h-column__content h-column__v-align flex-basis-100 align-self-lg-start align-self-md-start align-self-start\">\n                <!---->\n                <div data-colibri-id=\"621-c5\" class=\"h-icon style-498 style-local-621-c5 position-relative h-element\">\n                  <!----><span class=\"h-svg-icon h-icon__icon style-498-icon style-local-621-c5-icon\"><!--Icon by Font Awesome (https:\/\/fontawesome.com)-->\n    <svg version=\"1.1\" xmlns=\"http:\/\/www.w3.org\/2000\/svg\" xmlns:xlink=\"http:\/\/www.w3.org\/1999\/xlink\" id=\"bitcoin\" viewBox=\"0 0 1280 1896.0833\">\n      <path d=\"M1167 640q18 182-131 258 117 28 175 103t45 214q-7 71-32.5 125t-64.5 89-97 58.5-121.5 34.5-145.5 15v255H641v-251q-80 0-122-1v252H365v-255q-18 0-54-.5t-55-.5H56l31-183h111q50 0 58-51V900h16q-6-1-16-1V612q-13-68-89-68H56V380l212 1q64 0 97-1V128h154v247q82-2 122-2V128h154v252q79 7 140 22.5t113 45 82.5 78T1167 640zm-215 545q0-36-15-64t-37-46-57.5-30.5T777 1026t-74-9-69-3-64.5 1-47.5 1v338q8 0 37 .5t48 .5 53-1.5 58.5-4 57-8.5 55.5-14 47.5-21 39.5-30 24.5-40 9.5-51zm-71-476q0-33-12.5-58.5t-30.5-42-48-28-55-16.5-61.5-8-58-2.5-54 1-39.5.5v307q5 0 34.5.5t46.5 0 50-2 55-5.5 51.5-11 48.5-18.5 37-27 27-38.5 9-51z\"><\/path>\n    <\/svg><\/span><\/div>\n                <div data-colibri-id=\"621-c6\" class=\"h-global-transition-all h-heading style-499 style-local-621-c6 position-relative h-element\">\n                  <!---->\n                  <div class=\"h-heading__outer style-499 style-local-621-c6\">\n                    <!---->\n                    <!---->\n                    <h5 class=\"\">Purificazione delle criptovalute<\/h5>\n                  <\/div>\n                <\/div>\n                <div data-colibri-id=\"621-c7\" class=\"h-text h-text-component style-500 style-local-621-c7 position-relative h-element\">\n                  <!---->\n                  <!---->\n                  <div class=\"\">\n                    <p>Nel vasto panorama della finanza digitale, dove criptovalute e asset digitali emergono come un nuovo El Dorado, bisogna capire che non \u00e8 tutto oro ci\u00f2 che luccica. Proprio come nelle vecchie miniere, dove si estraeva il metallo prezioso,\n                      ma non prima di aver separato la ghiaia dalla pepita, anche nel mondo delle criptoattive c&#8217;\u00e8 un&#8217;imperativa necessit\u00e0 di purificazione.<\/p>\n                    <p>\n                      <br>\n                    <\/p>\n                    <p>Questa purificazione, signori, \u00e8 pi\u00f9 di un capriccio della moralit\u00e0 o un&#8217;imposizione della legalit\u00e0. \u00c8, soprattutto, una richiesta del mercato stesso, che, come ogni altro, anela a sicurezza, trasparenza e fiducia. E la persona che\n                      per prima ha visto questa esigenza \u00e8 stato l&#8217;illustre Dr. Leandro Pinto, il cui studio legale, Dr. Leandro Pinto Law Firm, si erge come un baluardo di integrit\u00e0 in questo nuovo e intricato universo.<\/p>\n                    <p>\n                      <br>\n                    <\/p>\n                    <p>Permettetemi, quindi, di spiegare cosa si intende per purificazione delle criptovalute. Si tratta di un processo meticoloso e necessario, che mira a ripulire le criptovalute e le risorse digitali da qualsiasi macchia che potrebbe comprometterle,\n                      sia per origini oscure che per legami con attivit\u00e0 illecite. \u00c8, se mi permettete l&#8217;analogia, la stessa cosa che si fa con l&#8217;oro impuro: le impurit\u00e0 vengono rimosse, in modo che il metallo brilli nella sua purezza originale.<\/p>\n                    <p>\n                      <br>\n                    <\/p>\n                    <p>Il dott. Leandro Pinto, con la sua astuzia e intuito, \u00e8 stato il primo a riconoscere che, in un mondo in cui gli asset digitali circolano con velocit\u00e0 e anonimato, la purificazione non \u00e8 solo una necessit\u00e0 morale, ma un requisito imperativo\n                      del mercato globale stesso. Il suo ufficio \u00e8 stato un pioniere nel proporre un processo sistematico per la verifica e la sanificazione dei criptoattivi, assicurando che possano essere utilizzati in conformit\u00e0 con le leggi internazionali\n                      e, soprattutto, con la fiducia di coloro che investono in essi.<\/p>\n                    <p>\n                      <br>\n                    <\/p>\n                    <p>Immagina, caro lettore, il rischio che corri quando fai trading o investi in asset di dubbia provenienza, senza una corretta purificazione. Proprio come il vino che, senza la dovuta cura, pu\u00f2 trasformarsi in aceto, i criptoattivi,\n                      se non purificati, possono perdere rapidamente il loro valore o, peggio, possono trascinare i loro detentori con s\u00e9 nell&#8217;abisso dell&#8217;illegalit\u00e0.<\/p>\n                    <p>\n                      <br>\n                    <\/p>\n                    <p>Il dott. Leandro Pinto, prevedendo questi pericoli, ha sviluppato metodi rigorosi e sofisticati per purificare i criptoattivi, assicurando che ogni transazione possa essere eseguita con la certezza che gli asset coinvolti siano legittimi,\n                      puliti da qualsiasi contaminazione morale o legale. Non sorprende che lo studio legale Dr. Leandro Pinto sia diventato il faro che illumina il percorso verso la legalit\u00e0 in questo oceano in tempesta che \u00e8 il mercato delle criptovalute.<\/p>\n                    <p>\n                      <br>\n                    <\/p>\n                    <p>In breve, la purificazione dei criptoattivi non \u00e8 solo un&#8217;innovazione, ma un&#8217;esigenza impellente per il mercato globale. E il dott. Leandro Pinto, con la visione di un vero pioniere, \u00e8 stato il primo a percepire e rispondere a questa\n                      esigenza. Oggi, il vostro studio non \u00e8 solo il primo, ma il pi\u00f9 rinomato e affidabile in questo campo, offrendo ai propri clienti la tranquillit\u00e0 di sapere che i loro investimenti sono protetti da un processo che unisce rigore legale\n                      e integrit\u00e0 morale.<\/p>\n                    <p>\n                      <br>\n                    <\/p>\n                    <p>Pertanto, signori, quando considerate qualsiasi investimento o transazione nel vasto campo delle criptovalute, ricordate che la purificazione \u00e8 la pietra angolare della sicurezza. E ricordate anche che lo studio legale Dr. Leandro\n                      Pinto \u00e8 il custode di questa pratica essenziale, che con la stessa mano che assicura la legalit\u00e0, protegge anche il valore e la reputazione delle criptovalute che lo attraversano.<\/p>\n                    <p>\n                      <br>\n                    <\/p>\n                    <p>Questa \u00e8 l&#8217;eredit\u00e0 del Dott. Leandro Pinto, ed \u00e8 anche la garanzia che, nella vastit\u00e0 inesplorata delle criptovalute, esiste un rifugio sicuro in cui legalit\u00e0 e fiducia regnano sovrane.<\/p>\n                  <\/div>\n                <\/div>\n              <\/div>\n            <\/div>\n          <\/div>\n        <\/div>\n      <\/div>\n    <\/div>\n  <\/div>\n<\/div>","protected":false},"excerpt":{"rendered":"<p>Purificazione delle criptovalute Nel vasto panorama della finanza digitale, dove criptovalute e asset digitali emergono come un nuovo El Dorado, bisogna capire che non \u00e8 tutto oro ci\u00f2 che luccica. Proprio come nelle vecchie miniere, dove si estraeva il metallo prezioso, ma non prima di aver separato la ghiaia dalla pepita, anche nel mondo delle [&hellip;]<\/p>\n","protected":false},"author":1,"featured_media":0,"parent":0,"menu_order":0,"comment_status":"closed","ping_status":"closed","template":"page-templates\/full-width-page.php","meta":{"footnotes":""},"class_list":["post-621","page","type-page","status-publish","hentry"],"_links":{"self":[{"href":"https:\/\/leandropinto.us\/LP\/it\/wp-json\/wp\/v2\/pages\/621","targetHints":{"allow":["GET"]}}],"collection":[{"href":"https:\/\/leandropinto.us\/LP\/it\/wp-json\/wp\/v2\/pages"}],"about":[{"href":"https:\/\/leandropinto.us\/LP\/it\/wp-json\/wp\/v2\/types\/page"}],"author":[{"embeddable":true,"href":"https:\/\/leandropinto.us\/LP\/it\/wp-json\/wp\/v2\/users\/1"}],"replies":[{"embeddable":true,"href":"https:\/\/leandropinto.us\/LP\/it\/wp-json\/wp\/v2\/comments?post=621"}],"version-history":[{"count":4,"href":"https:\/\/leandropinto.us\/LP\/it\/wp-json\/wp\/v2\/pages\/621\/revisions"}],"predecessor-version":[{"id":701,"href":"https:\/\/leandropinto.us\/LP\/it\/wp-json\/wp\/v2\/pages\/621\/revisions\/701"}],"wp:attachment":[{"href":"https:\/\/leandropinto.us\/LP\/it\/wp-json\/wp\/v2\/media?parent=621"}],"curies":[{"name":"wp","href":"https:\/\/api.w.org\/{rel}","templated":true}]}}