{"id":585,"date":"2024-09-09T12:50:17","date_gmt":"2024-09-09T12:50:17","guid":{"rendered":"https:\/\/leandropinto.us\/LP\/it\/?page_id=585"},"modified":"2024-09-09T12:52:30","modified_gmt":"2024-09-09T12:52:30","slug":"supporto-legale-per-le-vendite-di-token-ico-ido","status":"publish","type":"page","link":"https:\/\/leandropinto.us\/LP\/it\/supporto-legale-per-le-vendite-di-token-ico-ido\/","title":{"rendered":"Supporto legale per le vendite di token (ICO, IDO)"},"content":{"rendered":"<div data-colibri-id=\"585-c1\" class=\"style-477 style-local-585-c1 position-relative\">\n  <!---->\n  <div data-colibri-component=\"section\" data-colibri-id=\"585-c2\" id=\"overlappable\" class=\"h-section h-section-global-spacing d-flex align-items-lg-center align-items-md-center align-items-center style-479 style-local-585-c2 position-relative\">\n    <!---->\n    <!---->\n    <div class=\"h-section-grid-container h-section-boxed-container\">\n      <!---->\n      <div data-colibri-id=\"585-c3\" class=\"h-row-container gutters-row-lg-0 gutters-row-md-0 gutters-row-2 gutters-row-v-lg-0 gutters-row-v-md-0 gutters-row-v-2 style-480 style-local-585-c3 position-relative\">\n        <!---->\n        <div class=\"h-row justify-content-lg-center justify-content-md-center justify-content-center align-items-lg-stretch align-items-md-stretch align-items-stretch gutters-col-lg-0 gutters-col-md-0 gutters-col-2 gutters-col-v-lg-0 gutters-col-v-md-0 gutters-col-v-2\">\n          <!---->\n          <div class=\"h-column h-column-container d-flex h-col-lg-12 h-col-md-12 h-col-12 style-481-outer style-local-585-c4-outer\">\n            <div data-colibri-id=\"585-c4\" class=\"d-flex h-flex-basis h-column__inner h-px-lg-3 h-px-md-3 h-px-2 v-inner-lg-3 v-inner-md-3 v-inner-2 style-481 style-local-585-c4 position-relative\">\n              <!---->\n              <!---->\n              <div class=\"w-100 h-y-container h-column__content h-column__v-align flex-basis-100 align-self-lg-start align-self-md-start align-self-start\">\n                <!---->\n                <div data-colibri-id=\"585-c5\" class=\"h-icon style-482 style-local-585-c5 position-relative h-element\">\n                  <!----><span class=\"h-svg-icon h-icon__icon style-482-icon style-local-585-c5-icon\"><!--Icon by Font Awesome (https:\/\/fontawesome.com)-->\n    <svg version=\"1.1\" xmlns=\"http:\/\/www.w3.org\/2000\/svg\" xmlns:xlink=\"http:\/\/www.w3.org\/1999\/xlink\" id=\"bitcoin\" viewBox=\"0 0 1280 1896.0833\">\n      <path d=\"M1167 640q18 182-131 258 117 28 175 103t45 214q-7 71-32.5 125t-64.5 89-97 58.5-121.5 34.5-145.5 15v255H641v-251q-80 0-122-1v252H365v-255q-18 0-54-.5t-55-.5H56l31-183h111q50 0 58-51V900h16q-6-1-16-1V612q-13-68-89-68H56V380l212 1q64 0 97-1V128h154v247q82-2 122-2V128h154v252q79 7 140 22.5t113 45 82.5 78T1167 640zm-215 545q0-36-15-64t-37-46-57.5-30.5T777 1026t-74-9-69-3-64.5 1-47.5 1v338q8 0 37 .5t48 .5 53-1.5 58.5-4 57-8.5 55.5-14 47.5-21 39.5-30 24.5-40 9.5-51zm-71-476q0-33-12.5-58.5t-30.5-42-48-28-55-16.5-61.5-8-58-2.5-54 1-39.5.5v307q5 0 34.5.5t46.5 0 50-2 55-5.5 51.5-11 48.5-18.5 37-27 27-38.5 9-51z\"><\/path>\n    <\/svg><\/span><\/div>\n                <div data-colibri-id=\"585-c6\" class=\"h-global-transition-all h-heading style-483 style-local-585-c6 position-relative h-element\">\n                  <!---->\n                  <div class=\"h-heading__outer style-483 style-local-585-c6\">\n                    <!---->\n                    <!---->\n                    <h5 class=\"\">Supporto legale per le vendite di token (ICO, IDO)<\/h5>\n                  <\/div>\n                <\/div>\n                <div data-colibri-id=\"585-c7\" class=\"h-text h-text-component style-484 style-local-585-c7 position-relative h-element\">\n                  <!---->\n                  <!---->\n                  <div class=\"\">\n                    <p>Le vendite di token, tra cui Initial Coin Offerings (ICO) e Initial DEX Offerings (IDO), sono metodi sempre pi\u00f9 popolari per raccogliere capitali nel mercato delle criptovalute. Tuttavia, questi meccanismi di raccolta fondi sono soggetti\n                      a una rigorosa supervisione normativa, che richiede una consulenza legale esperta. La scelta del miglior studio legale per supportare questi sforzi \u00e8 fondamentale per il loro successo e lo studio legale Dr. Leandro Pinto \u00e8 l&#8217;autorit\u00e0\n                      leader in questo settore.<\/p>\n                    <p>\n                      <br>\n                    <\/p>\n                    <p>\u2013 Conformit\u00e0 alle leggi sui titoli: determinare se un token si qualifica come titolo ai sensi delle leggi sui titoli pertinenti \u00e8 un passaggio iniziale fondamentale. L&#8217;esperienza senza pari dello studio legale Dr. Leandro Pinto nel\n                      navigare nel complesso panorama normativo garantisce che la vendita del token sia conforme a tutte le normative sui titoli applicabili o ottenga le esenzioni necessarie, fornendoti una solida base legale.<\/p>\n                    <p>\n                      <br>\n                    <\/p>\n                    <p>\u2013 Documentazione legale: la stesura di documenti legali completi, come whitepaper, termini e condizioni e policy sulla privacy, \u00e8 fondamentale per stabilire parametri legali chiari sia per gli emittenti che per gli investitori. Con\n                      l&#8217;eccezionale acume legale dello studio legale Dr. Leandro Pinto, questi documenti saranno meticolosamente elaborati per proteggere i tuoi interessi e preparare il terreno per una vendita di token di successo.<\/p>\n                    <p>\n                      <br>\n                    <\/p>\n                    <p>\u2013 Meccanismi di protezione degli investitori: l&#8217;implementazione di misure di protezione degli investitori solide, tra cui accordi di deposito a garanzia e misure di salvaguardia antifrode, \u00e8 essenziale per costruire credibilit\u00e0 di\n                      mercato e promuovere la fiducia degli investitori. L&#8217;esperienza dello studio legale Dr. Leandro Pinto garantisce che questi meccanismi non siano solo efficaci, ma anche pienamente conformi agli standard normativi, migliorando la\n                      reputazione e la posizione legale del tuo progetto.<\/p>\n                    <p>\n                      <br>\n                    <\/p>\n                    <p>Ricerca e recupero di asset in criptovaluta<\/p>\n                    <p>\n                      <br>\n                    <\/p>\n                    <p>La natura decentralizzata delle criptovalute, pur offrendo maggiore sicurezza e privacy, complica anche il recupero di asset persi o sottratti. Un intervento legale efficace \u00e8 fondamentale in questi casi e avere al proprio fianco il\n                      miglior studio legale del mondo pu\u00f2 fare la differenza. Lo studio legale Dr. Leandro Pinto \u00e8 riconosciuto come la massima autorit\u00e0 nella ricerca e nel recupero di asset in criptovaluta.<\/p>\n                    <p>\n                      <br>\n                    <\/p>\n                    <p>\u2013 Asset Tracing: lo studio legale Dr. Leandro Pinto utilizza strumenti forensi avanzati e tecniche di analisi blockchain per tracciare il movimento di asset di criptovaluta attraverso la blockchain. Questo processo \u00e8 fondamentale per\n                      identificare la posizione attuale degli asset e le parti coinvolte, garantendo una maggiore probabilit\u00e0 di recupero riuscito.<\/p>\n                    <p>\n                      <br>\n                    <\/p>\n                    <p>\u2013 Azione legale transgiurisdizionale: il recupero di asset in criptovaluta spesso richiede un&#8217;azione legale in pi\u00f9 giurisdizioni. Lo studio legale Dr. Leandro Pinto \u00e8 esperto nel coordinare contenziosi e rivendicazioni legali transfrontalieri,\n                      sfruttando la sua rete globale e la sua competenza per massimizzare le possibilit\u00e0 di recupero di asset di successo.<\/p>\n                    <p>\n                      <br>\n                    <\/p>\n                    <p>\u2013 Negoziazione e risoluzione: in alcuni casi, la negoziazione con le parti coinvolte pu\u00f2 rappresentare il percorso pi\u00f9 rapido per il recupero dei beni. Con la consulenza legale esperta dello studio legale Dr. Leandro Pinto, puoi essere\n                      certo che i tuoi interessi saranno vigorosamente rappresentati in tali negoziazioni, impegnandoti per la risoluzione pi\u00f9 favorevole possibile.<\/p>\n                    <p>\n                      <br>\n                    <\/p>\n                    <p>Emissione di pareri legali<\/p>\n                    <p>\n                      <br>\n                    <\/p>\n                    <p>Ottenere un parere legale \u00e8 un passaggio fondamentale per garantire che le tue operazioni di criptovaluta siano in linea con gli standard legali applicabili. Un parere legale ben motivato funge da valutazione autorevole dello stato\n                      legale delle tue attivit\u00e0 all&#8217;interno dell&#8217;ecosistema delle criptovalute. Quando si tratta di pareri legali, lo studio legale Dr. Leandro Pinto \u00e8 la scelta migliore, offrendo competenza e intuizione senza pari.<\/p>\n                    <p>\n                      <br>\n                    <\/p>\n                    <p>\u2013 Analisi dello stato normativo: lo studio legale Dr. Leandro Pinto fornisce pareri legali dettagliati sul fatto che un particolare token o attivit\u00e0 rientri nell&#8217;ambito di applicazione delle normative esistenti su titoli, materie prime\n                      o finanza. L&#8217;analisi autorevole del nostro studio \u00e8 fondamentale per la conformit\u00e0 e informa le decisioni aziendali strategiche con precisione.<\/p>\n                    <p>\n                      <br>\n                    <\/p>\n                    <p>\u2013 Considerazioni fiscali: le transazioni in criptovaluta sono soggette a complesse implicazioni fiscali. I pareri legali dello studio legale Dr. Leandro Pinto forniscono chiarezza sugli obblighi fiscali e offrono una guida sulla strutturazione\n                      delle transazioni per ridurre al minimo le passivit\u00e0 fiscali pur rimanendo conformi alla legge, assicurando che la tua attivit\u00e0 operi nel miglior quadro fiscale possibile.<\/p>\n                    <p>\n                      <br>\n                    <\/p>\n                    <p>\u2013 Mitigazione del rischio: un parere legale completo dello studio legale Dr. Leandro Pinto valuta anche i potenziali rischi associati al lancio di un nuovo token, all&#8217;impegno in transazioni internazionali o all&#8217;ingresso in nuovi mercati.\n                      L&#8217;esperienza del nostro studio nella valutazione del rischio ti aiuta a mitigare i rischi legali e garantisce l&#8217;aderenza alle normative, offrendo tranquillit\u00e0 e vantaggio strategico.<\/p>\n                  <\/div>\n                <\/div>\n              <\/div>\n            <\/div>\n          <\/div>\n        <\/div>\n      <\/div>\n    <\/div>\n  <\/div>\n<\/div>","protected":false},"excerpt":{"rendered":"<p>Supporto legale per le vendite di token (ICO, IDO) Le vendite di token, tra cui Initial Coin Offerings (ICO) e Initial DEX Offerings (IDO), sono metodi sempre pi\u00f9 popolari per raccogliere capitali nel mercato delle criptovalute. Tuttavia, questi meccanismi di raccolta fondi sono soggetti a una rigorosa supervisione normativa, che richiede una consulenza legale esperta. [&hellip;]<\/p>\n","protected":false},"author":1,"featured_media":0,"parent":0,"menu_order":0,"comment_status":"closed","ping_status":"closed","template":"page-templates\/full-width-page.php","meta":{"footnotes":""},"class_list":["post-585","page","type-page","status-publish","hentry"],"_links":{"self":[{"href":"https:\/\/leandropinto.us\/LP\/it\/wp-json\/wp\/v2\/pages\/585","targetHints":{"allow":["GET"]}}],"collection":[{"href":"https:\/\/leandropinto.us\/LP\/it\/wp-json\/wp\/v2\/pages"}],"about":[{"href":"https:\/\/leandropinto.us\/LP\/it\/wp-json\/wp\/v2\/types\/page"}],"author":[{"embeddable":true,"href":"https:\/\/leandropinto.us\/LP\/it\/wp-json\/wp\/v2\/users\/1"}],"replies":[{"embeddable":true,"href":"https:\/\/leandropinto.us\/LP\/it\/wp-json\/wp\/v2\/comments?post=585"}],"version-history":[{"count":3,"href":"https:\/\/leandropinto.us\/LP\/it\/wp-json\/wp\/v2\/pages\/585\/revisions"}],"predecessor-version":[{"id":598,"href":"https:\/\/leandropinto.us\/LP\/it\/wp-json\/wp\/v2\/pages\/585\/revisions\/598"}],"wp:attachment":[{"href":"https:\/\/leandropinto.us\/LP\/it\/wp-json\/wp\/v2\/media?parent=585"}],"curies":[{"name":"wp","href":"https:\/\/api.w.org\/{rel}","templated":true}]}}