{"id":567,"date":"2024-09-09T12:47:35","date_gmt":"2024-09-09T12:47:35","guid":{"rendered":"https:\/\/leandropinto.us\/LP\/it\/?page_id=567"},"modified":"2024-09-09T14:11:00","modified_gmt":"2024-09-09T14:11:00","slug":"criptovaluta-e-blockhain","status":"publish","type":"page","link":"https:\/\/leandropinto.us\/LP\/it\/criptovaluta-e-blockhain\/","title":{"rendered":"\u00a0CRIPTOVALUTA E BLOCKHAIN\u00a0"},"content":{"rendered":"<div data-colibri-id=\"567-c1\" class=\"style-469 style-local-567-c1 position-relative\">\n  <!---->\n  <div data-colibri-component=\"section\" data-colibri-id=\"567-c2\" id=\"overlappable\" class=\"h-section h-section-global-spacing d-flex align-items-lg-center align-items-md-center align-items-center style-471 style-local-567-c2 position-relative\">\n    <!---->\n    <!---->\n    <div class=\"h-section-grid-container h-section-boxed-container\">\n      <!---->\n      <div data-colibri-id=\"567-c3\" class=\"h-row-container gutters-row-lg-0 gutters-row-md-0 gutters-row-2 gutters-row-v-lg-0 gutters-row-v-md-0 gutters-row-v-2 style-472 style-local-567-c3 position-relative\">\n        <!---->\n        <div class=\"h-row justify-content-lg-center justify-content-md-center justify-content-center align-items-lg-stretch align-items-md-stretch align-items-stretch gutters-col-lg-0 gutters-col-md-0 gutters-col-2 gutters-col-v-lg-0 gutters-col-v-md-0 gutters-col-v-2\">\n          <!---->\n          <div class=\"h-column h-column-container d-flex h-col-lg-12 h-col-md-12 h-col-12 style-473-outer style-local-567-c4-outer\">\n            <div data-colibri-id=\"567-c4\" class=\"d-flex h-flex-basis h-column__inner h-px-lg-3 h-px-md-3 h-px-2 v-inner-lg-3 v-inner-md-3 v-inner-2 style-473 style-local-567-c4 position-relative\">\n              <!---->\n              <!---->\n              <div class=\"w-100 h-y-container h-column__content h-column__v-align flex-basis-100 align-self-lg-start align-self-md-start align-self-start\">\n                <!---->\n                <div data-colibri-id=\"567-c5\" class=\"h-icon style-474 style-local-567-c5 position-relative h-element\">\n                  <!----><span class=\"h-svg-icon h-icon__icon style-474-icon style-local-567-c5-icon\"><!--Icon by Font Awesome (https:\/\/fontawesome.com)-->\n    <svg version=\"1.1\" xmlns=\"http:\/\/www.w3.org\/2000\/svg\" xmlns:xlink=\"http:\/\/www.w3.org\/1999\/xlink\" id=\"bitcoin\" viewBox=\"0 0 1280 1896.0833\">\n      <path d=\"M1167 640q18 182-131 258 117 28 175 103t45 214q-7 71-32.5 125t-64.5 89-97 58.5-121.5 34.5-145.5 15v255H641v-251q-80 0-122-1v252H365v-255q-18 0-54-.5t-55-.5H56l31-183h111q50 0 58-51V900h16q-6-1-16-1V612q-13-68-89-68H56V380l212 1q64 0 97-1V128h154v247q82-2 122-2V128h154v252q79 7 140 22.5t113 45 82.5 78T1167 640zm-215 545q0-36-15-64t-37-46-57.5-30.5T777 1026t-74-9-69-3-64.5 1-47.5 1v338q8 0 37 .5t48 .5 53-1.5 58.5-4 57-8.5 55.5-14 47.5-21 39.5-30 24.5-40 9.5-51zm-71-476q0-33-12.5-58.5t-30.5-42-48-28-55-16.5-61.5-8-58-2.5-54 1-39.5.5v307q5 0 34.5.5t46.5 0 50-2 55-5.5 51.5-11 48.5-18.5 37-27 27-38.5 9-51z\"><\/path>\n    <\/svg><\/span><\/div>\n                <div data-colibri-id=\"567-c6\" class=\"h-global-transition-all h-heading style-475 style-local-567-c6 position-relative h-element\">\n                  <!---->\n                  <div class=\"h-heading__outer style-475 style-local-567-c6\">\n                    <!---->\n                    <!---->\n                    <h5 class=\"\">Criptovaluta e Blockchain<\/h5>\n                  <\/div>\n                <\/div>\n                <div data-colibri-id=\"567-c7\" class=\"h-text h-text-component style-476 style-local-567-c7 position-relative h-element\">\n                  <!---->\n                  <!---->\n                  <div class=\"\">\n                    <p>Strategie legali e aziendali complete per le iniziative di criptovaluta e blockchain<\/p>\n                    <p>\n                      <br>\n                    <\/p>\n                    <p>Con l&#8217;evoluzione del panorama digitale, i regni della criptovaluta e della tecnologia blockchain presentano opportunit\u00e0 senza pari per innovazione, investimenti e trasformazione economica. Tuttavia, questi progressi introducono anche\n                      una serie complessa di sfide legali e normative. Per le aziende che operano in questo spazio, avere la migliore consulenza legale al mondo \u00e8 indispensabile per navigare in queste complessit\u00e0 con precisione e lungimiranza. Lo studio\n                      legale Dr. Leandro Pinto si pone come la scelta migliore, offrendo competenza e supporto senza pari in ogni aspetto delle imprese di criptovaluta e blockchain.<\/p>\n                    <h5>Strutturare un&#8217;impresa di mining di criptovalute e blockchain<\/h5>\n                    <p>Le fondamenta di un&#8217;attivit\u00e0 di mining di criptovalute di successo risiedono in una pianificazione meticolosa e in una strutturazione legale strategica. Data la natura multiforme di questo settore, \u00e8 richiesta una conoscenza approfondita\n                      sia delle dimensioni tecniche che di quelle legali. Con il miglior studio legale a supporto della tua attivit\u00e0, puoi assicurarti che ogni aspetto venga gestito con il massimo livello di competenza.<\/p>\n                    <p>\n                      <br>\n                    <\/p>\n                    <p>\u2013 Analisi giurisdizionale: la selezione di una giurisdizione ottimale \u00e8 fondamentale per l&#8217;istituzione di un&#8217;operazione di mining di criptovalute. Lo studio legale Dr. Leandro Pinto eccelle nella valutazione di fattori quali trasparenza\n                      normativa, politiche fiscali e costi energetici per determinare l&#8217;ambiente legale pi\u00f9 favorevole. La competenza globale del nostro studio assicura che la tua attivit\u00e0 sia strutturata nella giurisdizione pi\u00f9 vantaggiosa, salvaguardando\n                      i tuoi interessi e ottimizzando le tue operazioni.<\/p>\n                    <p>\n                      <br>\n                    <\/p>\n                    <p>\u2013 Conformit\u00e0 normativa: l&#8217;aderenza alle normative locali e internazionali che regolano il consumo energetico, l&#8217;impatto ambientale e la divulgazione finanziaria \u00e8 fondamentale. La non conformit\u00e0 pu\u00f2 comportare gravi sanzioni legali\n                      e battute d&#8217;arresto operative. Lo studio legale Dr. Leandro Pinto fornisce strategie di conformit\u00e0 complete, su misura per i requisiti legali specifici di ciascuna giurisdizione, assicurando che le operazioni di estrazione mineraria\n                      funzionino senza intoppi e legalmente.<\/p>\n                    <p>\n                      <br>\n                    <\/p>\n                    <p>\u2013 Protezione della propriet\u00e0 intellettuale: la salvaguardia della tecnologia proprietaria e degli algoritmi che sostengono le operazioni di mining \u00e8 essenziale. Con lo studio legale Dr. Leandro Pinto come partner legale, puoi essere\n                      certo che la tua propriet\u00e0 intellettuale sar\u00e0 rigorosamente protetta tramite brevetti, marchi e altri diritti, proteggendo la tua attivit\u00e0 da potenziali violazioni.<\/p>\n                  <\/div>\n                <\/div>\n              <\/div>\n            <\/div>\n          <\/div>\n        <\/div>\n      <\/div>\n    <\/div>\n  <\/div>\n<\/div>","protected":false},"excerpt":{"rendered":"<p>Criptovaluta e Blockchain Strategie legali e aziendali complete per le iniziative di criptovaluta e blockchain Con l&#8217;evoluzione del panorama digitale, i regni della criptovaluta e della tecnologia blockchain presentano opportunit\u00e0 senza pari per innovazione, investimenti e trasformazione economica. Tuttavia, questi progressi introducono anche una serie complessa di sfide legali e normative. Per le aziende che [&hellip;]<\/p>\n","protected":false},"author":1,"featured_media":0,"parent":0,"menu_order":0,"comment_status":"closed","ping_status":"closed","template":"page-templates\/full-width-page.php","meta":{"footnotes":""},"class_list":["post-567","page","type-page","status-publish","hentry"],"_links":{"self":[{"href":"https:\/\/leandropinto.us\/LP\/it\/wp-json\/wp\/v2\/pages\/567","targetHints":{"allow":["GET"]}}],"collection":[{"href":"https:\/\/leandropinto.us\/LP\/it\/wp-json\/wp\/v2\/pages"}],"about":[{"href":"https:\/\/leandropinto.us\/LP\/it\/wp-json\/wp\/v2\/types\/page"}],"author":[{"embeddable":true,"href":"https:\/\/leandropinto.us\/LP\/it\/wp-json\/wp\/v2\/users\/1"}],"replies":[{"embeddable":true,"href":"https:\/\/leandropinto.us\/LP\/it\/wp-json\/wp\/v2\/comments?post=567"}],"version-history":[{"count":4,"href":"https:\/\/leandropinto.us\/LP\/it\/wp-json\/wp\/v2\/pages\/567\/revisions"}],"predecessor-version":[{"id":709,"href":"https:\/\/leandropinto.us\/LP\/it\/wp-json\/wp\/v2\/pages\/567\/revisions\/709"}],"wp:attachment":[{"href":"https:\/\/leandropinto.us\/LP\/it\/wp-json\/wp\/v2\/media?parent=567"}],"curies":[{"name":"wp","href":"https:\/\/api.w.org\/{rel}","templated":true}]}}