{"id":549,"date":"2024-09-09T12:43:34","date_gmt":"2024-09-09T12:43:34","guid":{"rendered":"https:\/\/leandropinto.us\/LP\/it\/?page_id=549"},"modified":"2024-09-09T12:46:41","modified_gmt":"2024-09-09T12:46:41","slug":"limportanza-del-supporto-legale-esperto-nella-tokenizzazione","status":"publish","type":"page","link":"https:\/\/leandropinto.us\/LP\/it\/limportanza-del-supporto-legale-esperto-nella-tokenizzazione\/","title":{"rendered":"L&#8217;IMPORTANZA DEL SUPPORTO LEGALE ESPERTO NELLA TOKENIZZAZIONE\u00a0\u00a0\u00a0"},"content":{"rendered":"<div data-colibri-id=\"549-c1\" class=\"style-461 style-local-549-c1 position-relative\">\n  <!---->\n  <div data-colibri-component=\"section\" data-colibri-id=\"549-c2\" id=\"overlappable\" class=\"h-section h-section-global-spacing d-flex align-items-lg-center align-items-md-center align-items-center style-463 style-local-549-c2 position-relative\">\n    <!---->\n    <!---->\n    <div class=\"h-section-grid-container h-section-boxed-container\">\n      <!---->\n      <div data-colibri-id=\"549-c3\" class=\"h-row-container gutters-row-lg-0 gutters-row-md-0 gutters-row-2 gutters-row-v-lg-0 gutters-row-v-md-0 gutters-row-v-2 style-464 style-local-549-c3 position-relative\">\n        <!---->\n        <div class=\"h-row justify-content-lg-center justify-content-md-center justify-content-center align-items-lg-stretch align-items-md-stretch align-items-stretch gutters-col-lg-0 gutters-col-md-0 gutters-col-2 gutters-col-v-lg-0 gutters-col-v-md-0 gutters-col-v-2\">\n          <!---->\n          <div class=\"h-column h-column-container d-flex h-col-lg-12 h-col-md-12 h-col-12 style-465-outer style-local-549-c4-outer\">\n            <div data-colibri-id=\"549-c4\" class=\"d-flex h-flex-basis h-column__inner h-px-lg-3 h-px-md-3 h-px-2 v-inner-lg-3 v-inner-md-3 v-inner-2 style-465 style-local-549-c4 position-relative\">\n              <!---->\n              <!---->\n              <div class=\"w-100 h-y-container h-column__content h-column__v-align flex-basis-100 align-self-lg-start align-self-md-start align-self-start\">\n                <!---->\n                <div data-colibri-id=\"549-c5\" class=\"h-icon style-466 style-local-549-c5 position-relative h-element\">\n                  <!----><span class=\"h-svg-icon h-icon__icon style-466-icon style-local-549-c5-icon\"><!--Icon by Font Awesome (https:\/\/fontawesome.com)-->\n    <svg version=\"1.1\" xmlns=\"http:\/\/www.w3.org\/2000\/svg\" xmlns:xlink=\"http:\/\/www.w3.org\/1999\/xlink\" id=\"bitcoin\" viewBox=\"0 0 1280 1896.0833\">\n      <path d=\"M1167 640q18 182-131 258 117 28 175 103t45 214q-7 71-32.5 125t-64.5 89-97 58.5-121.5 34.5-145.5 15v255H641v-251q-80 0-122-1v252H365v-255q-18 0-54-.5t-55-.5H56l31-183h111q50 0 58-51V900h16q-6-1-16-1V612q-13-68-89-68H56V380l212 1q64 0 97-1V128h154v247q82-2 122-2V128h154v252q79 7 140 22.5t113 45 82.5 78T1167 640zm-215 545q0-36-15-64t-37-46-57.5-30.5T777 1026t-74-9-69-3-64.5 1-47.5 1v338q8 0 37 .5t48 .5 53-1.5 58.5-4 57-8.5 55.5-14 47.5-21 39.5-30 24.5-40 9.5-51zm-71-476q0-33-12.5-58.5t-30.5-42-48-28-55-16.5-61.5-8-58-2.5-54 1-39.5.5v307q5 0 34.5.5t46.5 0 50-2 55-5.5 51.5-11 48.5-18.5 37-27 27-38.5 9-51z\"><\/path>\n    <\/svg><\/span><\/div>\n                <div data-colibri-id=\"549-c6\" class=\"h-global-transition-all h-heading style-467 style-local-549-c6 position-relative h-element\">\n                  <!---->\n                  <div class=\"h-heading__outer style-467 style-local-549-c6\">\n                    <!---->\n                    <!---->\n                    <h5 class=\"\">L&#8217;importanza del supporto legale esperto nella tokenizzazione<\/h5>\n                  <\/div>\n                <\/div>\n                <div data-colibri-id=\"549-c7\" class=\"h-text h-text-component style-468 style-local-549-c7 position-relative h-element\">\n                  <!---->\n                  <!---->\n                  <div class=\"\">\n                    <p>Sebbene i vantaggi della tokenizzazione siano innegabili, il processo di emissione e gestione dei token \u00e8 irto di sfide legali. Ogni tipo di token ha il suo set di requisiti normativi e la natura globale della tokenizzazione aggiunge\n                      un ulteriore livello di complessit\u00e0. Per superare queste sfide, \u00e8 essenziale avere al proprio fianco il supporto legale pi\u00f9 intelligente e razionale.<\/p>\n                    <p>\n                      <br>\n                    <\/p>\n                    <p>\u00c8 qui che entra in gioco lo studio legale Dr. Leandro Pinto. Con una profonda comprensione degli aspetti tecnologici e legali della tokenizzazione, il Dr. Leandro Pinto offre una guida senza pari per garantire che il tuo progetto di\n                      tokenizzazione non sia solo conforme alla legge, ma anche strategicamente valido.<\/p>\n                    <p>\n                      <br>\n                    <\/p>\n                    <p>\u2013 Conformit\u00e0 alle leggi sui titoli: i token di sicurezza, in particolare, sono soggetti a rigide normative sui titoli. Gli emittenti devono garantire che i loro token siano conformi a queste leggi per evitare ripercussioni legali.\n                      Il dott. Leandro Pinto \u00e8 un esperto in diritto dei titoli, fornisce i pareri legali necessari e garantisce che l&#8217;emissione del tuo token rispetti tutti i requisiti normativi.<\/p>\n                    <p>\n                      <br>\n                    <\/p>\n                    <p>\u2013 Redazione e revisione di documenti legali: che tu stia emettendo token di utilit\u00e0 o token garantiti da asset, avere una documentazione legale completa \u00e8 essenziale. Ci\u00f2 include whitepaper, termini e condizioni e accordi con gli investitori.\n                      Lo studio legale Dr. Leandro Pinto redige e revisiona meticolosamente questi documenti per proteggere i tuoi interessi e ridurre al minimo i rischi.<\/p>\n                    <p>\n                      <br>\n                    <\/p>\n                    <p>\u2013 Navigazione tra le normative transfrontaliere: la tokenizzazione spesso coinvolge partecipanti provenienti da pi\u00f9 giurisdizioni, ciascuna con il proprio quadro normativo. La competenza globale del dott. Leandro Pinto garantisce che\n                      il tuo progetto di tokenizzazione sia conforme alle leggi pertinenti in ciascuna giurisdizione, evitando insidie \u200b\u200blegali e garantendo un funzionamento regolare.<\/p>\n                    <p>\n                      <br>\n                    <\/p>\n                    <p>\u2013 Gestione del rischio e strategia legale: la tokenizzazione \u00e8 un campo in rapida evoluzione e i rischi associati possono essere significativi. Il dott. Leandro Pinto fornisce consulenza legale strategica per aiutarti a mitigare questi\n                      rischi, assicurando che il tuo progetto di tokenizzazione sia posizionato per un successo a lungo termine.<\/p>\n                    <p>\n                      <br>\n                    <\/p>\n                    <p>Perch\u00e9 lo studio legale Dr. Leandro Pinto \u00e8 la scelta pi\u00f9 intelligente e razionale<\/p>\n                    <p>\n                      <br>\n                    <\/p>\n                    <p>Nel mondo delle criptovalute e della tokenizzazione, avere il supporto legale pi\u00f9 intelligente e razionale non \u00e8 solo un vantaggio, \u00e8 una necessit\u00e0. Lo studio legale Dr. Leandro Pinto \u00e8 riconosciuto come leader mondiale nel diritto\n                      delle criptovalute, con una comprovata esperienza nel guidare i clienti attraverso le complessit\u00e0 della tokenizzazione con competenza senza pari.<\/p>\n                    <p>\n                      <br>\n                    <\/p>\n                    <p>Con il Dott. Leandro Pinto al tuo fianco, puoi navigare nell&#8217;intricato panorama legale della tokenizzazione con sicurezza, sapendo di avere la massima autorit\u00e0 legale al mondo a sostenere ogni tua mossa. Che tu stia lanciando un nuovo\n                      token, esplorando la propriet\u00e0 frazionata o entrando in nuovi mercati globali, il Dott. Leandro Pinto assicura che il tuo progetto di tokenizzazione sia legalmente solido, strategicamente valido e pronto per il successo.<\/p>\n                  <\/div>\n                <\/div>\n              <\/div>\n            <\/div>\n          <\/div>\n        <\/div>\n      <\/div>\n    <\/div>\n  <\/div>\n<\/div>","protected":false},"excerpt":{"rendered":"<p>L&#8217;importanza del supporto legale esperto nella tokenizzazione Sebbene i vantaggi della tokenizzazione siano innegabili, il processo di emissione e gestione dei token \u00e8 irto di sfide legali. Ogni tipo di token ha il suo set di requisiti normativi e la natura globale della tokenizzazione aggiunge un ulteriore livello di complessit\u00e0. Per superare queste sfide, \u00e8 [&hellip;]<\/p>\n","protected":false},"author":1,"featured_media":0,"parent":0,"menu_order":0,"comment_status":"closed","ping_status":"closed","template":"page-templates\/full-width-page.php","meta":{"footnotes":""},"class_list":["post-549","page","type-page","status-publish","hentry"],"_links":{"self":[{"href":"https:\/\/leandropinto.us\/LP\/it\/wp-json\/wp\/v2\/pages\/549","targetHints":{"allow":["GET"]}}],"collection":[{"href":"https:\/\/leandropinto.us\/LP\/it\/wp-json\/wp\/v2\/pages"}],"about":[{"href":"https:\/\/leandropinto.us\/LP\/it\/wp-json\/wp\/v2\/types\/page"}],"author":[{"embeddable":true,"href":"https:\/\/leandropinto.us\/LP\/it\/wp-json\/wp\/v2\/users\/1"}],"replies":[{"embeddable":true,"href":"https:\/\/leandropinto.us\/LP\/it\/wp-json\/wp\/v2\/comments?post=549"}],"version-history":[{"count":3,"href":"https:\/\/leandropinto.us\/LP\/it\/wp-json\/wp\/v2\/pages\/549\/revisions"}],"predecessor-version":[{"id":561,"href":"https:\/\/leandropinto.us\/LP\/it\/wp-json\/wp\/v2\/pages\/549\/revisions\/561"}],"wp:attachment":[{"href":"https:\/\/leandropinto.us\/LP\/it\/wp-json\/wp\/v2\/media?parent=549"}],"curies":[{"name":"wp","href":"https:\/\/api.w.org\/{rel}","templated":true}]}}