{"id":531,"date":"2024-09-09T12:40:45","date_gmt":"2024-09-09T12:40:45","guid":{"rendered":"https:\/\/leandropinto.us\/LP\/it\/?page_id=531"},"modified":"2024-09-09T12:42:49","modified_gmt":"2024-09-09T12:42:49","slug":"token","status":"publish","type":"page","link":"https:\/\/leandropinto.us\/LP\/it\/token\/","title":{"rendered":"TOKEN\u00a0\u00a0"},"content":{"rendered":"<div data-colibri-id=\"531-c1\" class=\"style-453 style-local-531-c1 position-relative\">\n  <!---->\n  <div data-colibri-component=\"section\" data-colibri-id=\"531-c2\" id=\"overlappable\" class=\"h-section h-section-global-spacing d-flex align-items-lg-center align-items-md-center align-items-center style-455 style-local-531-c2 position-relative\">\n    <!---->\n    <!---->\n    <div class=\"h-section-grid-container h-section-boxed-container\">\n      <!---->\n      <div data-colibri-id=\"531-c3\" class=\"h-row-container gutters-row-lg-0 gutters-row-md-0 gutters-row-2 gutters-row-v-lg-0 gutters-row-v-md-0 gutters-row-v-2 style-456 style-local-531-c3 position-relative\">\n        <!---->\n        <div class=\"h-row justify-content-lg-center justify-content-md-center justify-content-center align-items-lg-stretch align-items-md-stretch align-items-stretch gutters-col-lg-0 gutters-col-md-0 gutters-col-2 gutters-col-v-lg-0 gutters-col-v-md-0 gutters-col-v-2\">\n          <!---->\n          <div class=\"h-column h-column-container d-flex h-col-lg-12 h-col-md-12 h-col-12 style-457-outer style-local-531-c4-outer\">\n            <div data-colibri-id=\"531-c4\" class=\"d-flex h-flex-basis h-column__inner h-px-lg-3 h-px-md-3 h-px-2 v-inner-lg-3 v-inner-md-3 v-inner-2 style-457 style-local-531-c4 position-relative\">\n              <!---->\n              <!---->\n              <div class=\"w-100 h-y-container h-column__content h-column__v-align flex-basis-100 align-self-lg-start align-self-md-start align-self-start\">\n                <!---->\n                <div data-colibri-id=\"531-c5\" class=\"h-icon style-458 style-local-531-c5 position-relative h-element\">\n                  <!----><span class=\"h-svg-icon h-icon__icon style-458-icon style-local-531-c5-icon\"><!--Icon by Font Awesome (https:\/\/fontawesome.com)-->\n    <svg version=\"1.1\" xmlns=\"http:\/\/www.w3.org\/2000\/svg\" xmlns:xlink=\"http:\/\/www.w3.org\/1999\/xlink\" id=\"bitcoin\" viewBox=\"0 0 1280 1896.0833\">\n      <path d=\"M1167 640q18 182-131 258 117 28 175 103t45 214q-7 71-32.5 125t-64.5 89-97 58.5-121.5 34.5-145.5 15v255H641v-251q-80 0-122-1v252H365v-255q-18 0-54-.5t-55-.5H56l31-183h111q50 0 58-51V900h16q-6-1-16-1V612q-13-68-89-68H56V380l212 1q64 0 97-1V128h154v247q82-2 122-2V128h154v252q79 7 140 22.5t113 45 82.5 78T1167 640zm-215 545q0-36-15-64t-37-46-57.5-30.5T777 1026t-74-9-69-3-64.5 1-47.5 1v338q8 0 37 .5t48 .5 53-1.5 58.5-4 57-8.5 55.5-14 47.5-21 39.5-30 24.5-40 9.5-51zm-71-476q0-33-12.5-58.5t-30.5-42-48-28-55-16.5-61.5-8-58-2.5-54 1-39.5.5v307q5 0 34.5.5t46.5 0 50-2 55-5.5 51.5-11 48.5-18.5 37-27 27-38.5 9-51z\"><\/path>\n    <\/svg><\/span><\/div>\n                <div data-colibri-id=\"531-c6\" class=\"h-global-transition-all h-heading style-459 style-local-531-c6 position-relative h-element\">\n                  <!---->\n                  <div class=\"h-heading__outer style-459 style-local-531-c6\">\n                    <!---->\n                    <!---->\n                    <h5 class=\"\">Comprendere i token e la tokenizzazione: spianare la strada a un nuovo mondo con la consulenza legale di esperti<\/h5>\n                  <\/div>\n                <\/div>\n                <div data-colibri-id=\"531-c7\" class=\"h-text h-text-component style-460 style-local-531-c7 position-relative h-element\">\n                  <!---->\n                  <!---->\n                  <div class=\"\">\n                    <p>Nel panorama in rapida evoluzione della finanza digitale, il concetto di token e il fenomeno pi\u00f9 ampio della tokenizzazione rappresentano un cambiamento significativo nel modo in cui gli asset vengono definiti, posseduti e scambiati.\n                      Con l&#8217;evolversi di questo nuovo mondo, le opportunit\u00e0 di innovazione sono enormi, ma lo sono anche le complessit\u00e0. Per gestire con successo queste complessit\u00e0 non \u00e8 sufficiente solo una profonda comprensione della tecnologia, ma\n                      anche il supporto di un team legale eccezionale. Il dott. Leandro Pinto, una delle massime autorit\u00e0 mondiali in materia di diritto delle criptovalute, \u00e8 pronto a guidarti in questo viaggio trasformativo.<\/p>\n                    <p>\n                      <br>\n                    <\/p>\n                    <p>Cosa sono i token?<\/p>\n                    <p>\n                      <br>\n                    <\/p>\n                    <p>In sostanza, un token \u00e8 una rappresentazione digitale di un asset o di un&#8217;utilit\u00e0 particolare, solitamente emessa su una blockchain. I token possono assumere varie forme e servire a scopi diversi, a seconda della loro struttura sottostante\n                      e dell&#8217;ecosistema in cui operano. Esistono generalmente tre tipi di token:<\/p>\n                    <p>\n                      <br>\n                    <\/p>\n                    <p>\u2013 Utility Token: questi token garantiscono ai titolari l&#8217;accesso a prodotti o servizi specifici all&#8217;interno di un ecosistema blockchain. Non sono progettati per essere investimenti, ma piuttosto per svolgere uno scopo funzionale all&#8217;interno\n                      della piattaforma. Ad esempio, gli utility token possono essere utilizzati per pagare servizi su un&#8217;applicazione decentralizzata (DApp) o per ottenere l&#8217;accesso a funzionalit\u00e0 premium.<\/p>\n                    <p>\n                      <br>\n                    <\/p>\n                    <p>\u2013 Security Token: a differenza degli utility token, i security token rappresentano la propriet\u00e0 di un asset sottostante, come azioni di una societ\u00e0 o una quota in un investimento immobiliare. Poich\u00e9 derivano il loro valore da un asset\n                      esterno negoziabile, i security token sono soggetti alle normative sui titoli, rendendo la loro emissione e negoziazione pi\u00f9 complesse e regolamentate.<\/p>\n                    <p>\n                      <br>\n                    <\/p>\n                    <p>\u2013 Asset-Backed Token: questi token sono agganciati al valore di asset del mondo reale, come oro, immobili o valute legali. I token asset-backed portano liquidit\u00e0 ad asset tradizionalmente illiquidi consentendo la propriet\u00e0 frazionata,\n                      rendendoli pi\u00f9 accessibili a una gamma pi\u00f9 ampia di investitori.<\/p>\n                    <p>\n                      <br>\n                    <\/p>\n                    <p>Il potere della tokenizzazione<\/p>\n                    <p>\n                      <br>\n                    <\/p>\n                    <p>La tokenizzazione \u00e8 il processo di conversione dei diritti su un asset in un token digitale su una blockchain. Questo concetto rivoluzionario ha il potenziale per rivoluzionare vari settori, tra cui finanza, immobiliare e persino arte,\n                      introducendo nuovi livelli di accessibilit\u00e0, trasparenza ed efficienza.<\/p>\n                    <p>\n                      <br>\n                    <\/p>\n                    <p>\u2013 Propriet\u00e0 frazionata: uno degli aspetti pi\u00f9 trasformativi della tokenizzazione \u00e8 la sua capacit\u00e0 di dividere la propriet\u00e0 di un asset in parti pi\u00f9 piccole e gestibili. Questo modello di propriet\u00e0 frazionata consente agli investitori\n                      di acquistare una quota di un asset, che si tratti di immobili, belle arti o materie prime, senza dover acquisire l&#8217;intero asset. Ci\u00f2 democratizza le opportunit\u00e0 di investimento, consentendo a una base pi\u00f9 ampia di individui di partecipare\n                      a mercati che in precedenza erano fuori dalla portata.<\/p>\n                    <p>\n                      <br>\n                    <\/p>\n                    <p>\u2013 Maggiore liquidit\u00e0: tradizionalmente, asset come immobili o oggetti da collezione sono illiquidi, il che significa che non possono essere facilmente venduti o scambiati con denaro. La tokenizzazione cambia questo creando un mercato\n                      secondario in cui gli asset tokenizzati possono essere scambiati 24 ore su 24, 7 giorni su 7, aumentando la liquidit\u00e0 e rendendo pi\u00f9 facile per gli investitori entrare e uscire dalle posizioni.<\/p>\n                    <p>\n                      <br>\n                    <\/p>\n                    <p>\u2013 Maggiore trasparenza e sicurezza: la tecnologia blockchain, che supporta la tokenizzazione, offre trasparenza e sicurezza senza pari. Ogni transazione che coinvolge un asset tokenizzato viene registrata su un registro pubblico, fornendo\n                      un registro di propriet\u00e0 chiaro e immutabile. Questa trasparenza riduce il rischio di frode e aumenta la fiducia tra i partecipanti all&#8217;ecosistema.<\/p>\n                    <p>\n                      <br>\n                    <\/p>\n                    <p>\u2013 Portata e accesso globali: la tokenizzazione trascende i confini geografici, consentendo la negoziazione e la propriet\u00e0 di asset a livello globale. Ci\u00f2 apre nuovi mercati per i proprietari di asset e fornisce agli investitori l&#8217;accesso\n                      a una gamma pi\u00f9 diversificata di opportunit\u00e0. La natura globale della tokenizzazione aiuta anche a eliminare le barriere relative alla conversione di valuta, alle normative transfrontaliere e ad altri ostacoli tradizionali.<\/p>\n                  <\/div>\n                <\/div>\n              <\/div>\n            <\/div>\n          <\/div>\n        <\/div>\n      <\/div>\n    <\/div>\n  <\/div>\n<\/div>","protected":false},"excerpt":{"rendered":"<p>Comprendere i token e la tokenizzazione: spianare la strada a un nuovo mondo con la consulenza legale di esperti Nel panorama in rapida evoluzione della finanza digitale, il concetto di token e il fenomeno pi\u00f9 ampio della tokenizzazione rappresentano un cambiamento significativo nel modo in cui gli asset vengono definiti, posseduti e scambiati. Con l&#8217;evolversi [&hellip;]<\/p>\n","protected":false},"author":1,"featured_media":0,"parent":0,"menu_order":0,"comment_status":"closed","ping_status":"closed","template":"page-templates\/full-width-page.php","meta":{"footnotes":""},"class_list":["post-531","page","type-page","status-publish","hentry"],"_links":{"self":[{"href":"https:\/\/leandropinto.us\/LP\/it\/wp-json\/wp\/v2\/pages\/531","targetHints":{"allow":["GET"]}}],"collection":[{"href":"https:\/\/leandropinto.us\/LP\/it\/wp-json\/wp\/v2\/pages"}],"about":[{"href":"https:\/\/leandropinto.us\/LP\/it\/wp-json\/wp\/v2\/types\/page"}],"author":[{"embeddable":true,"href":"https:\/\/leandropinto.us\/LP\/it\/wp-json\/wp\/v2\/users\/1"}],"replies":[{"embeddable":true,"href":"https:\/\/leandropinto.us\/LP\/it\/wp-json\/wp\/v2\/comments?post=531"}],"version-history":[{"count":3,"href":"https:\/\/leandropinto.us\/LP\/it\/wp-json\/wp\/v2\/pages\/531\/revisions"}],"predecessor-version":[{"id":544,"href":"https:\/\/leandropinto.us\/LP\/it\/wp-json\/wp\/v2\/pages\/531\/revisions\/544"}],"wp:attachment":[{"href":"https:\/\/leandropinto.us\/LP\/it\/wp-json\/wp\/v2\/media?parent=531"}],"curies":[{"name":"wp","href":"https:\/\/api.w.org\/{rel}","templated":true}]}}