{"id":249,"date":"2024-08-28T22:35:23","date_gmt":"2024-08-28T22:35:23","guid":{"rendered":"https:\/\/leandropinto.us\/LP\/it\/?page_id=249"},"modified":"2024-08-28T22:50:46","modified_gmt":"2024-08-28T22:50:46","slug":"conto-di-deposito","status":"publish","type":"page","link":"https:\/\/leandropinto.us\/LP\/it\/conto-di-deposito\/","title":{"rendered":"CONTO DI DEPOSITO"},"content":{"rendered":"<div data-colibri-id=\"249-c1\" class=\"style-334 style-local-249-c1 position-relative\">\n  <!---->\n  <div data-colibri-component=\"section\" data-colibri-id=\"249-c2\" id=\"custom\" class=\"h-section h-section-global-spacing d-flex align-items-lg-center align-items-md-center align-items-center style-336 style-local-249-c2 position-relative\">\n    <!---->\n    <!---->\n    <div class=\"h-section-grid-container h-section-boxed-container\">\n      <!---->\n      <div data-colibri-id=\"249-c3\" class=\"h-row-container gutters-row-lg-2 gutters-row-md-2 gutters-row-0 gutters-row-v-lg-2 gutters-row-v-md-2 gutters-row-v-2 style-345 style-local-249-c3 position-relative\">\n        <!---->\n        <div class=\"h-row justify-content-lg-center justify-content-md-center justify-content-center align-items-lg-stretch align-items-md-stretch align-items-stretch gutters-col-lg-2 gutters-col-md-2 gutters-col-0 gutters-col-v-lg-2 gutters-col-v-md-2 gutters-col-v-2\">\n          <!---->\n          <div class=\"h-column h-column-container d-flex h-col-lg-auto h-col-md-auto h-col-auto style-346-outer style-local-249-c4-outer\">\n            <div data-colibri-id=\"249-c4\" class=\"d-flex h-flex-basis h-column__inner h-px-lg-2 h-px-md-2 h-px-2 v-inner-lg-2 v-inner-md-2 v-inner-2 style-346 style-local-249-c4 position-relative\">\n              <!---->\n              <!---->\n              <div class=\"w-100 h-y-container h-column__content h-column__v-align flex-basis-100 align-self-lg-start align-self-md-start align-self-start\">\n                <!---->\n                <div data-colibri-id=\"249-c5\" class=\"h-global-transition-all h-heading style-347 style-local-249-c5 position-relative h-element\">\n                  <!---->\n                  <div class=\"h-heading__outer style-347 style-local-249-c5\">\n                    <!---->\n                    <!---->\n                    <h1 class=\"\">Conto di deposito a garanzia<\/h1>\n                  <\/div>\n                <\/div>\n              <\/div>\n            <\/div>\n          <\/div>\n        <\/div>\n      <\/div>\n    <\/div>\n  <\/div>\n  <div data-colibri-component=\"section\" data-colibri-id=\"249-c6\" id=\"overlappable\" class=\"h-section h-section-global-spacing d-flex align-items-lg-center align-items-md-center align-items-center style-339 style-local-249-c6 position-relative\">\n    <!---->\n    <!---->\n    <div class=\"h-section-grid-container h-section-boxed-container\">\n      <!---->\n      <div data-colibri-id=\"249-c7\" class=\"h-row-container gutters-row-lg-2 gutters-row-md-0 gutters-row-2 gutters-row-v-lg-2 gutters-row-v-md-0 gutters-row-v-2 style-340 style-local-249-c7 position-relative\">\n        <!---->\n        <div class=\"h-row justify-content-lg-center justify-content-md-center justify-content-center align-items-lg-stretch align-items-md-stretch align-items-stretch gutters-col-lg-2 gutters-col-md-0 gutters-col-2 gutters-col-v-lg-2 gutters-col-v-md-0 gutters-col-v-2\">\n          <!---->\n          <div class=\"h-column h-column-container d-flex h-col-lg-4 h-col-md-4 h-col-12 style-341-outer style-local-249-c8-outer\">\n            <div data-colibri-id=\"249-c8\" class=\"d-flex h-flex-basis h-column__inner h-px-lg-2 h-px-md-3 h-px-2 v-inner-lg-0 v-inner-md-3 v-inner-2 style-341 style-local-249-c8 position-relative\">\n              <!---->\n              <!---->\n              <div class=\"w-100 h-y-container h-column__content h-column__v-align flex-basis-100 align-self-lg-start align-self-md-start align-self-start\">\n                <!---->\n                <div data-colibri-id=\"249-c9\" class=\"h-icon style-342 style-local-249-c9 position-relative h-element\">\n                  <!----><span class=\"h-svg-icon h-icon__icon style-342-icon style-local-249-c9-icon\"><!--Icon by Font Awesome (https:\/\/fontawesome.com)-->\n    <svg version=\"1.1\" xmlns=\"http:\/\/www.w3.org\/2000\/svg\" xmlns:xlink=\"http:\/\/www.w3.org\/1999\/xlink\" id=\"refresh\" viewBox=\"0 0 1536 1896.0833\">\n      <path d=\"M1511 1056q0 5-1 7-64 268-268 434.5T764 1664q-146 0-282.5-55T238 1452l-129 129q-19 19-45 19t-45-19-19-45v-448q0-26 19-45t45-19h448q26 0 45 19t19 45-19 45l-137 137q71 66 161 102t187 36q134 0 250-65t186-179q11-17 53-117 8-23 30-23h192q13 0 22.5 9.5t9.5 22.5zm25-800v448q0 26-19 45t-45 19h-448q-26 0-45-19t-19-45 19-45l138-138Q969 384 768 384q-134 0-250 65T332 628q-11 17-53 117-8 23-30 23H50q-13 0-22.5-9.5T18 736v-7q65-268 270-434.5T768 128q146 0 284 55.5T1297 340l130-129q19-19 45-19t45 19 19 45z\"><\/path>\n    <\/svg><\/span><\/div>\n                <div data-colibri-id=\"249-c10\" class=\"h-global-transition-all h-heading style-343 style-local-249-c10 position-relative h-element\">\n                  <!---->\n                  <div class=\"h-heading__outer style-343 style-local-249-c10\">\n                    <!---->\n                    <!---->\n                    <h5 class=\"\">tranquillit\u00e0<\/h5>\n                  <\/div>\n                <\/div>\n                <div data-colibri-id=\"249-c11\" class=\"h-text h-text-component style-344 style-local-249-c11 position-relative h-element\">\n                  <!---->\n                  <!---->\n                  <div class=\"\">\n                    <p>Maggiore flessibilit\u00e0 e sicurezza. I pagamenti vengono effettuati rigorosamente in conformit\u00e0 con i termini contrattuali stabiliti, garantendo la massima tranquillit\u00e0 e conformit\u00e0.<\/p>\n                  <\/div>\n                <\/div>\n              <\/div>\n            <\/div>\n          <\/div>\n          <div class=\"h-column h-column-container d-flex h-col-lg-4 h-col-md-4 h-col-12 style-341-outer style-local-249-c12-outer\">\n            <div data-colibri-id=\"249-c12\" class=\"d-flex h-flex-basis h-column__inner h-px-lg-2 h-px-md-3 h-px-2 v-inner-lg-0 v-inner-md-3 v-inner-2 style-341 style-local-249-c12 position-relative\">\n              <!---->\n              <!---->\n              <div class=\"w-100 h-y-container h-column__content h-column__v-align flex-basis-100 align-self-lg-start align-self-md-start align-self-start\">\n                <!---->\n                <div data-colibri-id=\"249-c13\" class=\"h-icon style-342 style-local-249-c13 position-relative h-element\">\n                  <!----><span class=\"h-svg-icon h-icon__icon style-342-icon style-local-249-c13-icon\"><!--Icon by Font Awesome (https:\/\/fontawesome.com)-->\n    <svg version=\"1.1\" xmlns=\"http:\/\/www.w3.org\/2000\/svg\" xmlns:xlink=\"http:\/\/www.w3.org\/1999\/xlink\" id=\"check\" viewBox=\"0 0 1792 1896.0833\">\n      <path d=\"M1671 566q0 40-28 68l-724 724-136 136q-28 28-68 28t-68-28l-136-136-362-362q-28-28-28-68t28-68l136-136q28-28 68-28t68 28l294 295 656-657q28-28 68-28t68 28l136 136q28 28 28 68z\"><\/path>\n    <\/svg><\/span><\/div>\n                <div data-colibri-id=\"249-c14\" class=\"h-global-transition-all h-heading style-343 style-local-249-c14 position-relative h-element\">\n                  <!---->\n                  <div class=\"h-heading__outer style-343 style-local-249-c14\">\n                    <!---->\n                    <!---->\n                    <h5 class=\"\">beneficiari<\/h5>\n                  <\/div>\n                <\/div>\n                <div data-colibri-id=\"249-c15\" class=\"h-text h-text-component style-344 style-local-249-c15 position-relative h-element\">\n                  <!---->\n                  <!---->\n                  <div class=\"\">\n                    <p>La registrazione dei conti beneficiari terzi ti consente di personalizzare il processo di pagamento, adattandolo proprio alle tue specifiche esigenze operative.<\/p>\n                  <\/div>\n                <\/div>\n              <\/div>\n            <\/div>\n          <\/div>\n          <div class=\"h-column h-column-container d-flex h-col-lg-4 h-col-md-4 h-col-12 style-341-outer style-local-249-c16-outer\">\n            <div data-colibri-id=\"249-c16\" class=\"d-flex h-flex-basis h-column__inner h-px-lg-2 h-px-md-3 h-px-2 v-inner-lg-0 v-inner-md-3 v-inner-2 style-341 style-local-249-c16 position-relative\">\n              <!---->\n              <!---->\n              <div class=\"w-100 h-y-container h-column__content h-column__v-align flex-basis-100 align-self-lg-start align-self-md-start align-self-start\">\n                <!---->\n                <div data-colibri-id=\"249-c17\" class=\"h-icon style-342 style-local-249-c17 position-relative h-element\">\n                  <!----><span class=\"h-svg-icon h-icon__icon style-342-icon style-local-249-c17-icon\"><!--Icon by Font Awesome (https:\/\/fontawesome.com)-->\n    <svg version=\"1.1\" xmlns=\"http:\/\/www.w3.org\/2000\/svg\" xmlns:xlink=\"http:\/\/www.w3.org\/1999\/xlink\" id=\"user\" viewBox=\"0 0 1354.8114 1896.0833\">\n      <path d=\"M1280 1399q0 109-62.5 187t-150.5 78H213q-88 0-150.5-78T0 1399q0-85 8.5-160.5t31.5-152 58.5-131 94-89T327 832q131 128 313 128t313-128q76 0 134.5 34.5t94 89 58.5 131 31.5 152 8.5 160.5zm-256-887q0 159-112.5 271.5T640 896 368.5 783.5 256 512t112.5-271.5T640 128t271.5 112.5T1024 512z\"><\/path>\n    <\/svg><\/span><\/div>\n                <div data-colibri-id=\"249-c18\" class=\"h-global-transition-all h-heading style-343 style-local-249-c18 position-relative h-element\">\n                  <!---->\n                  <div class=\"h-heading__outer style-343 style-local-249-c18\">\n                    <!---->\n                    <!---->\n                    <h5 class=\"\">Fiducia<\/h5>\n                  <\/div>\n                <\/div>\n                <div data-colibri-id=\"249-c19\" class=\"h-text h-text-component style-344 style-local-249-c19 position-relative h-element\">\n                  <!---->\n                  <!---->\n                  <div class=\"\">\n                    <p>Semplificare e accelerare la gestione dei beneficiari finanziari, rafforzando al contempo la fiducia tra le parti coinvolte.<\/p>\n                  <\/div>\n                <\/div>\n              <\/div>\n            <\/div>\n          <\/div>\n        <\/div>\n      <\/div>\n    <\/div>\n  <\/div>\n  <div data-colibri-component=\"section\" data-colibri-id=\"249-c20\" id=\"content\" class=\"h-section h-section-global-spacing d-flex align-items-lg-center align-items-md-center align-items-center style-348 style-local-249-c20 position-relative\">\n    <!---->\n    <!---->\n    <div class=\"h-section-grid-container h-section-fluid-container\">\n      <!---->\n      <div data-colibri-id=\"249-c21\" class=\"h-row-container gutters-row-lg-0 gutters-row-md-0 gutters-row-2 gutters-row-v-lg-0 gutters-row-v-md-0 gutters-row-v-2 style-349 style-local-249-c21 position-relative\">\n        <!---->\n        <div class=\"h-row justify-content-lg-center justify-content-md-center justify-content-center align-items-lg-stretch align-items-md-stretch align-items-stretch gutters-col-lg-0 gutters-col-md-0 gutters-col-2 gutters-col-v-lg-0 gutters-col-v-md-0 gutters-col-v-2\">\n          <!---->\n          <div class=\"h-column h-column-container d-flex h-col-lg-auto h-col-md-auto h-col-auto style-350-outer style-local-249-c22-outer\">\n            <div data-colibri-id=\"249-c22\" class=\"d-flex h-flex-basis h-column__inner h-px-lg-0 h-px-md-0 h-px-0 v-inner-lg-0 v-inner-md-0 v-inner-0 style-350 style-local-249-c22 position-relative\">\n              <!---->\n              <!---->\n              <div class=\"w-100 h-y-container h-column__content h-column__v-align flex-basis-100 align-self-lg-start align-self-md-start align-self-start\">\n                <!---->\n                <div data-colibri-id=\"249-c23\" class=\"h-global-transition-all h-heading style-351 style-local-249-c23 position-relative h-element\">\n                  <!---->\n                  <div class=\"h-heading__outer style-351 style-local-249-c23\">\n                    <!---->\n                    <!---->\n                    <h4 class=\"\">Conto di deposito a garanzia<\/h4>\n                  <\/div>\n                <\/div>\n                <div data-colibri-id=\"249-c25\" class=\"h-text h-text-component style-353 style-local-249-c25 position-relative h-element\">\n                  <!---->\n                  <!---->\n                  <div class=\"\">\n                    <p>Il *Conto di deposito a garanzia* \u00e8 uno strumento fiduciario di incomparabile complessit\u00e0 ed erudizione, intriso di flessibilit\u00e0 giuridica e sicurezza senza pari, ampiamente sancito e utilizzato nelle giurisdizioni pi\u00f9 prestigiose,\n                      sia a livello nazionale che internazionale. Questo meccanismo fiduciario opera come un baluardo imparziale, garantendo l\u2019esecuzione meticolosa e impeccabile delle transazioni finanziarie e commerciali, perfettamente adattabile alle\n                      diverse strutture di governance giuridica, sia nel contesto nazionale che transfrontaliero.<\/p>\n                  <\/div>\n                <\/div>\n                <div data-colibri-id=\"249-c26\" class=\"h-row-container gutters-row-lg-2 gutters-row-md-2 gutters-row-0 gutters-row-v-lg-2 gutters-row-v-md-2 gutters-row-v-0 style-354 style-local-249-c26 position-relative\">\n                  <!---->\n                  <div class=\"h-row justify-content-lg-center justify-content-md-center justify-content-center align-items-lg-stretch align-items-md-stretch align-items-stretch gutters-col-lg-2 gutters-col-md-2 gutters-col-0 gutters-col-v-lg-2 gutters-col-v-md-2 gutters-col-v-0\">\n                    <!---->\n                    <div class=\"h-column h-column-container d-flex h-col-lg-6 h-col-md-6 h-col-6 style-355-outer style-local-249-c27-outer\">\n                      <div data-colibri-id=\"249-c27\" class=\"d-flex h-flex-basis h-column__inner h-px-lg-0 h-px-md-0 h-px-0 v-inner-lg-0 v-inner-md-0 v-inner-0 style-355 style-local-249-c27 position-relative\">\n                        <!---->\n                        <!---->\n                        <div class=\"w-100 h-y-container h-column__content h-column__v-align flex-basis-100 align-self-lg-start align-self-md-start align-self-start\">\n                          <!---->\n                          <div data-colibri-id=\"249-c28\" class=\"h-global-transition-all h-heading style-356 style-local-249-c28 position-relative h-element\">\n                            <!---->\n                            <div class=\"h-heading__outer style-356 style-local-249-c28\">\n                              <!---->\n                              <!---->\n                              <h5 class=\"\">Sotto<\/h5>\n                            <\/div>\n                          <\/div>\n                          <div data-colibri-id=\"249-c29\" class=\"h-text h-text-component style-357 style-local-249-c29 position-relative h-element\">\n                            <!---->\n                            <!---->\n                            <div class=\"\">\n                              <p>Sotto l&#8217;egida di tale disposizione, le erogazioni vengono effettuate strettamente subordinate agli accordi contrattuali preventivamente stipulati, assicurando insindacabilmente il rispetto degli obblighi assunti e garantendo\n                                ai soggetti coinvolti un&#8217;incommensurabile serenit\u00e0 e un assoluto rispetto. Il *Conto di deposito a garanzia* trascende la sua funzione tradizionale, affermandosi come una salvaguardia essenziale nel preservare l&#8217;integrit\u00e0\n                                e la buona fede in transazioni altamente complesse.<\/p>\n                            <\/div>\n                          <\/div>\n                        <\/div>\n                      <\/div>\n                    <\/div>\n                    <div class=\"h-column h-column-container d-flex h-col-lg-6 h-col-md-6 h-col-6 style-355-outer style-local-249-c30-outer\">\n                      <div data-colibri-id=\"249-c30\" class=\"d-flex h-flex-basis h-column__inner h-px-lg-0 h-px-md-0 h-px-0 v-inner-lg-0 v-inner-md-0 v-inner-0 style-355 style-local-249-c30 position-relative\">\n                        <!---->\n                        <!---->\n                        <div class=\"w-100 h-y-container h-column__content h-column__v-align flex-basis-100 align-self-lg-start align-self-md-start align-self-start\">\n                          <!---->\n                          <div data-colibri-id=\"249-c31\" class=\"h-global-transition-all h-heading style-356 style-local-249-c31 position-relative h-element\">\n                            <!---->\n                            <div class=\"h-heading__outer style-356 style-local-249-c31\">\n                              <!---->\n                              <!---->\n                              <h5 class=\"\">Per quanto riguarda<\/h5>\n                            <\/div>\n                          <\/div>\n                          <div data-colibri-id=\"249-c32\" class=\"h-text h-text-component style-357 style-local-249-c32 position-relative h-element\">\n                            <!---->\n                            <!---->\n                            <div class=\"\">\n                              <p>&nbsp;governance, il *Conto di deposito a garanzia* deve essere diligentemente adeguato ai requisiti legislativi e regolamentari specifici della giurisdizione applicabile, compreso il rispetto delle norme antiriciclaggio\n                                (AML), dei requisiti di conformit\u00e0 e di altri dettami normativi emessi dalle autorit\u00e0 finanziarie competenti. In uno scenario internazionale, tale assetto fiduciario deve essere armonizzato con i trattati e le convenzioni\n                                internazionali vigenti, osservando scrupolosamente le norme arbitrali e di giurisdizione internazionale in materia.<\/p>\n                            <\/div>\n                          <\/div>\n                        <\/div>\n                      <\/div>\n                    <\/div>\n                    <div class=\"h-column h-column-container d-flex h-col-lg-6 h-col-md-6 h-col-6 style-355-outer style-local-249-c33-outer\">\n                      <div data-colibri-id=\"249-c33\" class=\"d-flex h-flex-basis h-column__inner h-px-lg-0 h-px-md-0 h-px-0 v-inner-lg-0 v-inner-md-0 v-inner-0 style-355 style-local-249-c33 position-relative\">\n                        <!---->\n                        <!---->\n                        <div class=\"w-100 h-y-container h-column__content h-column__v-align flex-basis-100 align-self-lg-start align-self-md-start align-self-start\">\n                          <!---->\n                          <div data-colibri-id=\"249-c34\" class=\"h-global-transition-all h-heading style-356 style-local-249-c34 position-relative h-element\">\n                            <!---->\n                            <div class=\"h-heading__outer style-356 style-local-249-c34\">\n                              <!---->\n                              <!---->\n                              <h5 class=\"\">Questo fascicolo<\/h5>\n                            <\/div>\n                          <\/div>\n                          <div data-colibri-id=\"249-c35\" class=\"h-text h-text-component style-357 style-local-249-c35 position-relative h-element\">\n                            <!---->\n                            <!---->\n                            <div class=\"\">\n                              <p>&nbsp;L&#8217;aspetto legale \u00e8 particolarmente vantaggioso nelle operazioni di fusione e acquisizione (M&amp;A), joint venture, finanziamento di progetti e transazioni immobiliari, dove la custodia e il rilascio controllato di\n                                fondi o beni sono di cruciale importanza. Il *Conto di garanzia* consente di condurre tali operazioni con la massima precisione, garantendo che gli asset vengano liberati solo dopo il rigoroso rispetto delle condizioni\n                                sospensive o risolutive stabilite nei contratti sottostanti, come strumenti di compravendita, contratti di fornitura di servizi, tra gli altri .<\/p>\n                            <\/div>\n                          <\/div>\n                        <\/div>\n                      <\/div>\n                    <\/div>\n                    <div class=\"h-column h-column-container d-flex h-col-lg-6 h-col-md-6 h-col-6 style-355-outer style-local-249-c36-outer\">\n                      <div data-colibri-id=\"249-c36\" class=\"d-flex h-flex-basis h-column__inner h-px-lg-0 h-px-md-0 h-px-0 v-inner-lg-0 v-inner-md-0 v-inner-0 style-355 style-local-249-c36 position-relative\">\n                        <!---->\n                        <!---->\n                        <div class=\"w-100 h-y-container h-column__content h-column__v-align flex-basis-100 align-self-lg-start align-self-md-start align-self-start\">\n                          <!---->\n                          <div data-colibri-id=\"249-c37\" class=\"h-global-transition-all h-heading style-356 style-local-249-c37 position-relative h-element\">\n                            <!---->\n                            <div class=\"h-heading__outer style-356 style-local-249-c37\">\n                              <!---->\n                              <!---->\n                              <h5 class=\"\">Inoltre<\/h5>\n                            <\/div>\n                          <\/div>\n                          <div data-colibri-id=\"249-c38\" class=\"h-text h-text-component style-357 style-local-249-c38 position-relative h-element\">\n                            <!---->\n                            <!---->\n                            <div class=\"\">\n                              <p>&nbsp;, in situazioni di controversia, il *Conto di deposito a garanzia* svolge un ruolo di primo piano, garantendo che i fondi siano tenuti in custodia durante la risoluzione delle controversie, sia attraverso arbitrato,\n                                mediazione o procedimenti giudiziari. La sua flessibilit\u00e0 intrinseca consente una personalizzazione dettagliata delle modalit\u00e0 di pagamento e di rilascio dei beni per soddisfare le esigenze specifiche delle parti coinvolte.<\/p>\n                            <\/div>\n                          <\/div>\n                        <\/div>\n                      <\/div>\n                    <\/div>\n                  <\/div>\n                <\/div>\n              <\/div>\n            <\/div>\n          <\/div>\n          <div class=\"h-column h-column-container d-flex h-col-lg-auto h-col-md-auto h-col-auto style-358-outer style-local-249-c39-outer\">\n            <div data-colibri-id=\"249-c39\" class=\"d-flex h-flex-basis h-column__inner h-ui-empty-state-container h-px-lg-0 h-px-md-0 h-px-0 v-inner-lg-0 v-inner-md-0 v-inner-0 style-358 style-local-249-c39 position-relative\">\n              <!---->\n              <!---->\n              <div class=\"w-100 h-y-container h-column__content h-column__v-align flex-basis-100\">\n                <!---->\n              <\/div>\n            <\/div>\n          <\/div>\n        <\/div>\n      <\/div>\n      <div data-colibri-id=\"249-c40\" class=\"h-row-container gutters-row-lg-2 gutters-row-md-2 gutters-row-0 gutters-row-v-lg-2 gutters-row-v-md-2 gutters-row-v-2 style-359 style-local-249-c40 position-relative\">\n        <!---->\n        <div class=\"h-row justify-content-lg-center justify-content-md-center justify-content-center align-items-lg-stretch align-items-md-stretch align-items-stretch gutters-col-lg-2 gutters-col-md-2 gutters-col-0 gutters-col-v-lg-2 gutters-col-v-md-2 gutters-col-v-2\">\n          <!---->\n          <div class=\"h-column h-column-container d-flex h-col-lg-auto h-col-md-auto h-col-auto style-360-outer style-local-249-c41-outer\">\n            <div data-colibri-id=\"249-c41\" class=\"d-flex h-flex-basis h-column__inner h-px-lg-2 h-px-md-2 h-px-2 v-inner-lg-2 v-inner-md-2 v-inner-2 style-360 style-local-249-c41 position-relative\">\n              <!---->\n              <!---->\n              <div class=\"w-100 h-y-container h-column__content h-column__v-align flex-basis-100 align-self-lg-start align-self-md-start align-self-start\">\n                <!---->\n                <div data-colibri-id=\"249-c42\" class=\"h-text h-text-component style-361 style-local-249-c42 position-relative h-element\">\n                  <!---->\n                  <!---->\n                  <div class=\"\">\n                    <p> In sintesi, il *Conto di garanzia* non solo garantisce l&#8217;esecuzione impeccabile degli obblighi contrattuali, ma si pone anche come simbolo di fiducia e rettitudine in trattative altamente complesse, operando sotto l&#8217;egida dei pi\u00f9 rigorosi\n                      standard di diligenza e conformit\u00e0, sia nell&#8217;ambito della legislazione locale e nel rispetto dei precetti normativi internazionali.<\/p>\n                  <\/div>\n                <\/div>\n              <\/div>\n            <\/div>\n          <\/div>\n        <\/div>\n      <\/div>\n    <\/div>\n  <\/div>\n<\/div>","protected":false},"excerpt":{"rendered":"<p>Conto di deposito a garanzia tranquillit\u00e0 Maggiore flessibilit\u00e0 e sicurezza. I pagamenti vengono effettuati rigorosamente in conformit\u00e0 con i termini contrattuali stabiliti, garantendo la massima tranquillit\u00e0 e conformit\u00e0. beneficiari La registrazione dei conti beneficiari terzi ti consente di personalizzare il processo di pagamento, adattandolo proprio alle tue specifiche esigenze operative. Fiducia Semplificare e accelerare la [&hellip;]<\/p>\n","protected":false},"author":1,"featured_media":0,"parent":0,"menu_order":0,"comment_status":"closed","ping_status":"closed","template":"page-templates\/full-width-page.php","meta":{"footnotes":""},"class_list":["post-249","page","type-page","status-publish","hentry"],"_links":{"self":[{"href":"https:\/\/leandropinto.us\/LP\/it\/wp-json\/wp\/v2\/pages\/249","targetHints":{"allow":["GET"]}}],"collection":[{"href":"https:\/\/leandropinto.us\/LP\/it\/wp-json\/wp\/v2\/pages"}],"about":[{"href":"https:\/\/leandropinto.us\/LP\/it\/wp-json\/wp\/v2\/types\/page"}],"author":[{"embeddable":true,"href":"https:\/\/leandropinto.us\/LP\/it\/wp-json\/wp\/v2\/users\/1"}],"replies":[{"embeddable":true,"href":"https:\/\/leandropinto.us\/LP\/it\/wp-json\/wp\/v2\/comments?post=249"}],"version-history":[{"count":4,"href":"https:\/\/leandropinto.us\/LP\/it\/wp-json\/wp\/v2\/pages\/249\/revisions"}],"predecessor-version":[{"id":271,"href":"https:\/\/leandropinto.us\/LP\/it\/wp-json\/wp\/v2\/pages\/249\/revisions\/271"}],"wp:attachment":[{"href":"https:\/\/leandropinto.us\/LP\/it\/wp-json\/wp\/v2\/media?parent=249"}],"curies":[{"name":"wp","href":"https:\/\/api.w.org\/{rel}","templated":true}]}}