{"id":200,"date":"2024-08-28T22:14:39","date_gmt":"2024-08-28T22:14:39","guid":{"rendered":"https:\/\/leandropinto.us\/LP\/it\/?page_id=200"},"modified":"2024-08-28T22:16:59","modified_gmt":"2024-08-28T22:16:59","slug":"legge-elettorale","status":"publish","type":"page","link":"https:\/\/leandropinto.us\/LP\/it\/legge-elettorale\/","title":{"rendered":"LEGGE ELETTORALE"},"content":{"rendered":"<div data-colibri-id=\"200-c1\" class=\"style-272 style-local-200-c1 position-relative\">\n  <!---->\n  <div data-colibri-component=\"section\" data-colibri-id=\"200-c2\" id=\"custom\" class=\"h-section h-section-global-spacing d-flex align-items-lg-center align-items-md-center align-items-center style-274 style-local-200-c2 position-relative\">\n    <!---->\n    <!---->\n    <div class=\"h-section-grid-container h-section-fluid-container\">\n      <!---->\n      <div data-colibri-id=\"200-c3\" class=\"h-row-container gutters-row-lg-2 gutters-row-md-2 gutters-row-0 gutters-row-v-lg-2 gutters-row-v-md-2 gutters-row-v-2 style-275 style-local-200-c3 position-relative\">\n        <!---->\n        <div class=\"h-row justify-content-lg-center justify-content-md-center justify-content-center align-items-lg-stretch align-items-md-stretch align-items-stretch gutters-col-lg-2 gutters-col-md-2 gutters-col-0 gutters-col-v-lg-2 gutters-col-v-md-2 gutters-col-v-2\">\n          <!---->\n          <div class=\"h-column h-column-container d-flex h-col-lg-auto h-col-md-auto h-col-auto style-276-outer style-local-200-c4-outer\">\n            <div data-colibri-id=\"200-c4\" class=\"d-flex h-flex-basis h-column__inner h-px-lg-2 h-px-md-2 h-px-2 v-inner-lg-2 v-inner-md-2 v-inner-2 style-276 style-local-200-c4 position-relative\">\n              <!---->\n              <!---->\n              <div class=\"w-100 h-y-container h-column__content h-column__v-align flex-basis-100 align-self-lg-start align-self-md-start align-self-start\">\n                <!---->\n                <div data-colibri-id=\"200-c6\" class=\"h-text h-text-component style-278 style-local-200-c6 position-relative h-element\">\n                  <!---->\n                  <!---->\n                  <div class=\"\">\n                    <h1>LEGGE ELETTORALE\n                      <br>\n                      <br>\n                    <\/h1>\n                    <p><strong>Assistenza nelle campagne elettorali<\/strong> , consulenza e contenzioso in tutti gli ambiti (guida sui divieti legislativi, formazione dei team, analisi dei messaggi pre-campagna e campagna elettorale, guida sulla pubblicit\u00e0\n                      sui social media, proposta e difesa di azioni rilevanti per il contenzioso elettorale, prestazioni in materia di responsabilit\u00e0 elettorale );<\/p>\n                    <p><strong>Proposizione e difesa nei processi elettorali in generale<\/strong> (infrazioni nella propaganda elettorale; azione di contestazione del mandato elettivo e azione di indagine elettorale giudiziaria \u2013 abuso di potere economico,\n                      abuso di potere politico e uso improprio dei media; cattura illecita del suffragio; irregolarit\u00e0 nella riscossione e spesa di risorse nelle campagne;<\/p>\n                    <p>Analisi preventiva delle condizioni di ammissibilit\u00e0 e non ammissibilit\u00e0;<\/p>\n                    <p>Contestazione e difesa nei processi di registrazione delle candidature;<\/p>\n                    <p>Proporre e difendere azioni di revoca del diploma o del mandato;<\/p>\n                    <p>Competenza nei processi di giudizio sui conti elettorali;<\/p>\n                    <p>Assistenza alle societ\u00e0 di ricerca elettorale (orientamento sulle regole elettorali e sulle loro scadenze, attivit\u00e0 di difesa nei ricorsi giudiziari);<\/p>\n                    <p>Perizia in procedimenti penali in materia elettorale;<\/p>\n                    <p>Elaborazione di pareri in materia elettorale;<\/p>\n                  <\/div>\n                <\/div>\n              <\/div>\n            <\/div>\n          <\/div>\n          <div class=\"h-column h-column-container d-flex h-col-lg-auto h-col-md-auto h-col-auto style-277-outer style-local-200-c5-outer\">\n            <div data-colibri-id=\"200-c5\" class=\"d-flex h-flex-basis h-column__inner h-px-lg-2 h-px-md-2 h-px-2 v-inner-lg-2 v-inner-md-2 v-inner-2 style-277 style-local-200-c5 position-relative\">\n              <!---->\n              <!---->\n              <div class=\"w-100 h-y-container h-column__content h-column__v-align flex-basis-100 align-self-lg-start align-self-md-start align-self-start\">\n                <!---->\n                <div data-colibri-id=\"200-c9\" class=\"h-text h-text-component style-281 style-local-200-c9 position-relative h-element\">\n                  <!---->\n                  <!---->\n                  <div class=\"\">\n                    <h1>RESPONSABILIT\u00c0 ELETTORALE<\/h1>\n                    <p>Impegno alla trasparenza e alla responsabilit\u00e0 nell&#8217;accountability, ai sensi della Risoluzione n. 23.731.<\/p>\n                    <p> Rispetto rigoroso delle scadenze stabilite dalla Risoluzione n. 23.731 per la consegna delle relazioni sulla responsabilit\u00e0, garantendo cos\u00ec la conformit\u00e0 legale e la trasparenza del processo.<\/p>\n                    <p> Dettagli chiari e trasparenti delle spese della campagna, in conformit\u00e0 con i formati e gli standard definiti nella Risoluzione, garantendo l&#8217;accuratezza e l&#8217;integrit\u00e0 delle informazioni finanziarie.<\/p>\n                    <p>Supporto per audit indipendenti per garantire l&#8217;integrit\u00e0 dei rapporti.<\/p>\n                    <p>\uf0b7Disponibilit\u00e0 di informazioni per la consultazione pubblica ai sensi della Risoluzione.<\/p>\n                    <p> Chiarimento dei dubbi sulle procedure di risoluzione e responsabilit\u00e0.<\/p>\n                    <p>\uf0b7 Basare la campagna su principi etici e trasparenza, nel pieno rispetto delle linee guida e dei requisiti della Risoluzione, rafforzando l&#8217;impegno per l&#8217;equit\u00e0 e l&#8217;integrit\u00e0 delle elezioni.<\/p>\n                    <p> Rigoroso rispetto delle scadenze e degli obblighi volti a garantire la legittimit\u00e0 elettorale.<\/p>\n                  <\/div>\n                <\/div>\n              <\/div>\n            <\/div>\n          <\/div>\n        <\/div>\n      <\/div>\n    <\/div>\n  <\/div>\n<\/div>","protected":false},"excerpt":{"rendered":"<p>LEGGE ELETTORALE Assistenza nelle campagne elettorali , consulenza e contenzioso in tutti gli ambiti (guida sui divieti legislativi, formazione dei team, analisi dei messaggi pre-campagna e campagna elettorale, guida sulla pubblicit\u00e0 sui social media, proposta e difesa di azioni rilevanti per il contenzioso elettorale, prestazioni in materia di responsabilit\u00e0 elettorale ); Proposizione e difesa nei [&hellip;]<\/p>\n","protected":false},"author":1,"featured_media":0,"parent":0,"menu_order":0,"comment_status":"closed","ping_status":"closed","template":"page-templates\/full-width-page.php","meta":{"footnotes":""},"class_list":["post-200","page","type-page","status-publish","hentry"],"_links":{"self":[{"href":"https:\/\/leandropinto.us\/LP\/it\/wp-json\/wp\/v2\/pages\/200","targetHints":{"allow":["GET"]}}],"collection":[{"href":"https:\/\/leandropinto.us\/LP\/it\/wp-json\/wp\/v2\/pages"}],"about":[{"href":"https:\/\/leandropinto.us\/LP\/it\/wp-json\/wp\/v2\/types\/page"}],"author":[{"embeddable":true,"href":"https:\/\/leandropinto.us\/LP\/it\/wp-json\/wp\/v2\/users\/1"}],"replies":[{"embeddable":true,"href":"https:\/\/leandropinto.us\/LP\/it\/wp-json\/wp\/v2\/comments?post=200"}],"version-history":[{"count":2,"href":"https:\/\/leandropinto.us\/LP\/it\/wp-json\/wp\/v2\/pages\/200\/revisions"}],"predecessor-version":[{"id":205,"href":"https:\/\/leandropinto.us\/LP\/it\/wp-json\/wp\/v2\/pages\/200\/revisions\/205"}],"wp:attachment":[{"href":"https:\/\/leandropinto.us\/LP\/it\/wp-json\/wp\/v2\/media?parent=200"}],"curies":[{"name":"wp","href":"https:\/\/api.w.org\/{rel}","templated":true}]}}