{"id":599,"date":"2024-09-14T00:11:12","date_gmt":"2024-09-14T00:11:12","guid":{"rendered":"https:\/\/leandropinto.us\/LP\/es\/?page_id=599"},"modified":"2024-09-14T00:13:41","modified_gmt":"2024-09-14T00:13:41","slug":"politica-de-privacidad-y-cookies","status":"publish","type":"page","link":"https:\/\/leandropinto.us\/LP\/es\/politica-de-privacidad-y-cookies\/","title":{"rendered":"Pol\u00edtica de privacidad y cookies"},"content":{"rendered":"<div data-colibri-id=\"599-c1\" class=\"style-628 style-local-599-c1 position-relative\">\n  <!---->\n  <div data-colibri-component=\"section\" data-colibri-id=\"599-c2\" id=\"custom\" class=\"h-section h-section-global-spacing d-flex align-items-lg-center align-items-md-center align-items-center style-629 style-local-599-c2 position-relative\">\n    <!---->\n    <!---->\n    <div class=\"h-section-grid-container h-section-boxed-container\">\n      <!---->\n      <div data-colibri-id=\"599-c3\" class=\"h-row-container gutters-row-lg-2 gutters-row-md-2 gutters-row-0 gutters-row-v-lg-2 gutters-row-v-md-2 gutters-row-v-2 style-630 style-local-599-c3 position-relative\">\n        <!---->\n        <div class=\"h-row justify-content-lg-center justify-content-md-center justify-content-center align-items-lg-stretch align-items-md-stretch align-items-stretch gutters-col-lg-2 gutters-col-md-2 gutters-col-0 gutters-col-v-lg-2 gutters-col-v-md-2 gutters-col-v-2\">\n          <!---->\n          <div class=\"h-column h-column-container d-flex h-col-lg-auto h-col-md-auto h-col-auto style-631-outer style-local-599-c4-outer\">\n            <div data-colibri-id=\"599-c4\" class=\"d-flex h-flex-basis h-column__inner h-px-lg-2 h-px-md-2 h-px-2 v-inner-lg-2 v-inner-md-2 v-inner-2 style-631 style-local-599-c4 position-relative\">\n              <!---->\n              <!---->\n              <div class=\"w-100 h-y-container h-column__content h-column__v-align flex-basis-100 align-self-lg-start align-self-md-start align-self-start\">\n                <!---->\n                <div data-colibri-id=\"599-c5\" class=\"h-text h-text-component style-632 style-local-599-c5 position-relative h-element\">\n                  <!---->\n                  <!---->\n                  <div class=\"\">\n                    <p>Esta Pol\u00edtica de Privacidad se aplica a la recopilaci\u00f3n, uso y transmisi\u00f3n de datos de y sobre los visitantes del sitio web https:\/\/leandropinto.us\/LP\/ y otros sitios web mantenidos por LEANDRO PINTO LAW FIRM (las \u201cEmpresas\u201d) que tienen\n                      enlaces a esta Pol\u00edtica de privacidad.<\/p>\n                    <h3>Nuestro compromiso con tu privacidad<\/h3>\n                    <p>Gracias por visitar el sitio web de Firmas. Las Firmas se comprometen a proteger y respetar la privacidad de los visitantes de sus sitios web. Esta Pol\u00edtica de Privacidad describe:<\/p>\n                    <ul>\n                      <li>c\u00f3mo y por qu\u00e9 recopilamos cierta informaci\u00f3n suya a trav\u00e9s del sitio web y los servicios en l\u00ednea proporcionados a trav\u00e9s del sitio web;<\/li>\n                      <li>con qui\u00e9n compartimos esta informaci\u00f3n;<\/li>\n                      <li>c\u00f3mo almacenamos esa informaci\u00f3n, incluida informaci\u00f3n sobre c\u00f3mo protegemos la informaci\u00f3n;<\/li>\n                      <li>c\u00f3mo puede acceder y actualizar esta informaci\u00f3n; y<\/li>\n                      <li>otros aspectos relevantes de nuestra pol\u00edtica.<\/li>\n                    <\/ul>\n                    <p>Si tiene alguna pregunta sobre esta Pol\u00edtica de Privacidad o nuestras pr\u00e1cticas de recopilaci\u00f3n y uso de informaci\u00f3n, comun\u00edquese con nosotros utilizando la informaci\u00f3n en la secci\u00f3n \u00abCont\u00e1ctenos\u00bb a continuaci\u00f3n.<\/p>\n                    <h3>Informaci\u00f3n que recopilamos y c\u00f3mo la usamos<\/h3>\n                    <p><strong>Informaci\u00f3n no personal.<\/strong> Al igual que muchos sitios web, podemos recopilar cierta informaci\u00f3n t\u00e9cnica sobre su uso del Sitio y, en general, esta no es informaci\u00f3n que las Compa\u00f1\u00edas puedan usar para identificarlo sin\n                      hacer referencia a otra informaci\u00f3n. Por ejemplo, podemos recopilar su direcci\u00f3n de Protocolo de Internet (IP), tipo de navegador, la identidad de su proveedor de servicios de Internet (ISP), la cantidad y duraci\u00f3n de las visitas\n                      a la p\u00e1gina, c\u00f3mo fue dirigido al Sitio y la cantidad de clics que realiz\u00f3. hacer al utilizar el sitio web. Esto no incluye informaci\u00f3n demogr\u00e1fica sobre usted. Realizamos un seguimiento y hacemos referencia a su informaci\u00f3n de uso,\n                      en conjunto con la informaci\u00f3n de uso de otros visitantes del sitio web, para comprender mejor qu\u00e9 tan efectivo es nuestro sitio web y c\u00f3mo los visitantes interact\u00faan con \u00e9l. Podemos utilizar terceros, como Google y nuestro servidor\n                      de sitios web, para proporcionar servicios de an\u00e1lisis basados \u200b\u200ben estos datos. Por lo general, solo las Empresas y sus proveedores externos pueden acceder al an\u00e1lisis y a los datos subyacentes.<\/p>\n                    <p>Adem\u00e1s, algunas partes de nuestro sitio web pueden utilizar cookies persistentes o de sesi\u00f3n. Una cookie es un archivo que los servidores web colocan en la computadora de un usuario de Internet. Las cookies est\u00e1n dise\u00f1adas para almacenar\n                      informaci\u00f3n b\u00e1sica sobre el usuario y transmitir esta informaci\u00f3n a servidores que las reconocen. Se pueden utilizar para medir el comportamiento de los visitantes en un sitio web y en conexi\u00f3n con \u00e9l, incluso mediante la transmisi\u00f3n\n                      de informaci\u00f3n de uso. Una cookie de sesi\u00f3n permanece en su m\u00e1quina s\u00f3lo mientras su navegador est\u00e9 abierto y ajustado al sitio web que coloc\u00f3 la cookie. Una cookie persistente permanece en su m\u00e1quina despu\u00e9s de cerrar sesi\u00f3n en\n                      su cuenta y se activa nuevamente cuando regresa al sitio web. Algunas partes de nuestro sitio web utilizan cookies como se describe a continuaci\u00f3n. Puede cambiar la configuraci\u00f3n de su navegador de Internet para reflejar su preferencia\n                      a la hora de aceptar, almacenar y\/o eliminar cookies.<\/p>\n                    <p>Tenga en cuenta que las se\u00f1ales de no seguimiento no son efectivas en nuestro sitio web.<\/p>\n                    <h3>Informaci\u00f3n personal<\/h3>\n                    <p>Tiene la oportunidad de enviar informaci\u00f3n personal (como nombre, afiliaci\u00f3n de la empresa, cargo, direcci\u00f3n de correo electr\u00f3nico, n\u00famero de tel\u00e9fono, direcci\u00f3n f\u00edsica y si es o no cliente actual de la Compa\u00f1\u00eda) a trav\u00e9s del sitio\n                      web para los siguientes prop\u00f3sitos:<\/p>\n                    <ul>\n                      <li><strong>Recibir comunicaciones o publicaciones.<\/strong> Si solicita un bolet\u00edn electr\u00f3nico, un documento t\u00e9cnico o una suscripci\u00f3n a un blog, utilizaremos esta informaci\u00f3n para enviarle las publicaciones que solicite. Las Empresas\n                        o sus proveedores de servicios pueden utilizar cookies persistentes para identificarlo como suscriptor y continuar entreg\u00e1ndole contenido.<\/li>\n                      <li><strong>Registrarse como alumno.<\/strong> Si elige registrarse como antiguo alumno de la empresa, utilizaremos esta informaci\u00f3n para enviarle noticias y actualizaciones.<\/li>\n                      <li><strong>Usando la funci\u00f3n Mi carpeta.<\/strong>&nbsp;Si elige registrarse para utilizar la funci\u00f3n \u00abMy Binder\u00bb en este sitio web, utilizaremos esta informaci\u00f3n para crear y permitir el acceso a su cuenta My Binder.&nbsp;&nbsp;<\/li>\n                      <li><strong>Solicitando m\u00e1s informaci\u00f3n.<\/strong> Tiene la oportunidad de enviarnos sus comentarios o hacer preguntas a trav\u00e9s del enlace \u00abCont\u00e1ctenos\u00bb. Utilizamos esta informaci\u00f3n para comunicarnos con usted seg\u00fan lo solicitado.<\/li>\n                    <\/ul>\n                    <h3>Compartiendo tu informaci\u00f3n<\/h3>\n                    <p>Podemos compartir su informaci\u00f3n personal con terceros de una o m\u00e1s de las siguientes maneras:<\/p>\n                    <ul>\n                      <li>Proveedores de servicios externos, como servidores de sitios web: utilizamos terceros para alojar nuestro sitio web. Estos terceros pueden tener acceso a su informaci\u00f3n personal enviada a trav\u00e9s del sitio web de acuerdo con el alojamiento\n                        del sitio web.<\/li>\n                      <li>Organizaciones de terceros que de otro modo ayudan a las Empresas a proporcionar bienes, servicios o informaci\u00f3n, incluidos proveedores de almacenamiento en la nube en el caso de datos de empresas y clientes.<\/li>\n                      <li>Organizaciones sucesoras. En el caso de que las Empresas experimenten una transici\u00f3n comercial (como una fusi\u00f3n o adquisici\u00f3n), podemos transferir su informaci\u00f3n personal a la organizaci\u00f3n sucesora en dicha transacci\u00f3n. Si se producen\n                        cambios importantes en las pr\u00e1cticas de privacidad de las Empresas como resultado de la transici\u00f3n comercial, las Empresas publicar\u00e1n un aviso en el sitio web.<\/li>\n                      <li>Auditores y otros consultores profesionales.<\/li>\n                      <li>Las fuerzas del orden u otras agencias gubernamentales y reguladoras u otros terceros seg\u00fan sea necesario y de conformidad con la ley o regulaci\u00f3n aplicable.<\/li>\n                    <\/ul>\n                    <p>No compartimos ni vendemos informaci\u00f3n de identificaci\u00f3n personal a terceros con fines de marketing comercial.<\/p>\n                    <p>Nos reservamos el derecho de revelar su informaci\u00f3n personal seg\u00fan lo permitan o exijan las leyes o regulaciones.<\/p>\n                    <p>La informaci\u00f3n que podemos recopilar sobre usted puede ser transferida, almacenada y procesada por nosotros en un destino fuera del Espacio Econ\u00f3mico Europeo (el \u00abEEE\u00bb), incluidos los Estados Unidos y pa\u00edses cuyas leyes en materia\n                      de privacidad de datos pueden no ser comparables a las del EEE. jurisdicciones, pero esto s\u00f3lo se har\u00e1 de acuerdo con las leyes aplicables.<\/p>\n                    <h3>C\u00f3mo almacenamos la informaci\u00f3n recopilada de usted<\/h3>\n                    <p>Almacenamos su informaci\u00f3n personal y no personal con los proveedores de hosting y proveedores de almacenamiento en la nube mencionados anteriormente. Nuestros departamentos administrativos pueden almacenar informaci\u00f3n de la solicitud\n                      de acuerdo con las pr\u00e1cticas de retenci\u00f3n firmes.<\/p>\n                    <p>Las Compa\u00f1\u00edas tomar\u00e1n todas las medidas razonablemente necesarias para garantizar que su informaci\u00f3n sea tratada de forma segura y de acuerdo con nuestro procedimiento normal, esta pol\u00edtica y todas las leyes aplicables.<\/p>\n                    <p>Las Firmas utilizan medidas de seguridad administrativas, t\u00e9cnicas y f\u00edsicas razonables para proteger su informaci\u00f3n personal y no personal, en l\u00ednea y fuera de l\u00ednea. Debido a la naturaleza de nuestro sitio web, actualmente no ciframos\n                      ninguna transmisi\u00f3n hacia o desde el sitio web de ninguna manera. Si no se siente c\u00f3modo con la transmisi\u00f3n no cifrada de informaci\u00f3n personal que se describe aqu\u00ed, no nos env\u00ede informaci\u00f3n a trav\u00e9s del Sitio.<\/p>\n                    <p>Nuestros empleados, incluidos los empleados contratados, generalmente est\u00e1n sujetos a restricciones que limitan el uso de la informaci\u00f3n obtenida de las Compa\u00f1\u00edas al prop\u00f3sito comercial de brindarle nuestros servicios.<\/p>\n                    <p>Sin embargo, aunque tomamos precauciones razonables contra posibles violaciones de seguridad del sitio web y de las bases de datos y registros de nuestros clientes, ning\u00fan sitio web o transmisi\u00f3n por Internet es completamente seguro,\n                      y no podemos garantizar que nunca se produzcan accesos no autorizados, pirater\u00eda inform\u00e1tica, p\u00e9rdida de datos u otras violaciones. En general, se recomienda a los propietarios de informaci\u00f3n personal que tomen medidas para mantener\n                      su informaci\u00f3n personal segura en la medida de lo posible.<\/p>\n                    <h3>C\u00f3mo acceder y actualizar su informaci\u00f3n personal<\/h3>\n                    <p>En cualquier momento, podr\u00e1 comunicarse con las Compa\u00f1\u00edas para solicitar que:<\/p>\n                    <ul>\n                      <li>proporcionarle una copia de cualquier dato personal de conformidad con el Art\u00edculo 15 del Reglamento General de Protecci\u00f3n de Datos (UE) 2016\/679 (\u201cGDPR\u201d) y\/o la Secci\u00f3n 45 de la Ley de Protecci\u00f3n de Datos de 2018 (\u201cDPA\u201d) (para en\n                        qu\u00e9 medida se le aplica cada uno de los GDPR y DPA); y\/o<\/li>\n                      <li>realizar cambios en su informaci\u00f3n personal (incluida la eliminaci\u00f3n de esa informaci\u00f3n).<\/li>\n                    <\/ul>\n                    <p>Si solicita que las Empresas actualicen o modifiquen su informaci\u00f3n, modificaremos su informaci\u00f3n personal dentro de un tiempo razonable a partir de su solicitud. Para solicitar modificaciones a la informaci\u00f3n personal que las Empresas\n                      tienen sobre usted, comun\u00edquese con nosotros utilizando la informaci\u00f3n en la secci\u00f3n \u00abCont\u00e1ctenos\u00bb a continuaci\u00f3n.<\/p>\n                    <p>Sin embargo, tenga en cuenta que despu\u00e9s de que se modifique su informaci\u00f3n personal, las Compa\u00f1\u00edas seguir\u00e1n teniendo derecho a almacenar toda la informaci\u00f3n personal recopilada de usted a trav\u00e9s del sitio web (incluida la informaci\u00f3n\n                      personal que ya no est\u00e1 en uso activo debido a su cambio en esta Secci\u00f3n). ) en nuestros archivos y para usar y divulgar dicha informaci\u00f3n personal para ciertos fines permitidos o requeridos por las leyes aplicables, incluso cuando\n                      lo consideremos necesario para cumplir con cualquier ley, regulaci\u00f3n, proceso legal o solicitud gubernamental aplicable, para hacer cumplir nuestros derechos o para proteger la seguridad de nuestro sitio web o de otros usuarios.\n                      Por ejemplo, estamos obligados por ley a conservar cierta informaci\u00f3n de los solicitantes de empleo durante un m\u00ednimo de tres a\u00f1os (aunque, cuando se aplica el RGPD, podemos conservar la informaci\u00f3n de los solicitantes de empleo\n                      durante un per\u00edodo de tiempo m\u00e1s limitado).<\/p>\n                    <h3>Nuestras Pol\u00edticas Respecto a la Informaci\u00f3n de Menores<\/h3>\n                    <p>Este sitio no est\u00e1 destinado a ni\u00f1os menores de trece a\u00f1os y no recopilamos intencionalmente informaci\u00f3n personal de dichos ni\u00f1os. Los ni\u00f1os menores de trece a\u00f1os no deben utilizar nuestro sitio web ni proporcionarnos ninguna informaci\u00f3n\n                      personal.<\/p>\n                    <p>Si descubrimos que hemos recopilado inadvertidamente informaci\u00f3n personal de ni\u00f1os menores de 13 a\u00f1os, haremos esfuerzos razonables para eliminar dicha informaci\u00f3n de nuestros registros.<\/p>\n                    <h3>Cambios en nuestra Pol\u00edtica de Privacidad<\/h3>\n                    <p>Nos reservamos el derecho de modificar o enmendar esta Pol\u00edtica de Privacidad en cualquier momento. Si dicha modificaci\u00f3n incluye alg\u00fan cambio material significativo, le proporcionaremos un aviso de la actualizaci\u00f3n en nuestro sitio\n                      web. Debe visitar el sitio web con frecuencia para mantenerse informado sobre el contenido actual de esta pol\u00edtica.<\/p>\n                    <h3>Cont\u00e1ctenos<\/h3>\n                    <p>Los responsables del tratamiento de los datos son FIRMA DE ABOGADOS LEANDRO PINTO.<\/p>\n                    <p>Si tiene alguna pregunta, comentario o inquietud sobre nuestra Pol\u00edtica de Privacidad y\/o pr\u00e1cticas de datos personales, env\u00ede un correo electr\u00f3nico a law@lenadropinto.us.<\/p>\n                    <p>Esta pol\u00edtica se actualiz\u00f3 por \u00faltima vez el 13 de abril de 2024.<\/p>\n                  <\/div>\n                <\/div>\n              <\/div>\n            <\/div>\n          <\/div>\n        <\/div>\n      <\/div>\n    <\/div>\n  <\/div>\n<\/div>","protected":false},"excerpt":{"rendered":"<p>Esta Pol\u00edtica de Privacidad se aplica a la recopilaci\u00f3n, uso y transmisi\u00f3n de datos de y sobre los visitantes del sitio web https:\/\/leandropinto.us\/LP\/ y otros sitios web mantenidos por LEANDRO PINTO LAW FIRM (las \u201cEmpresas\u201d) que tienen enlaces a esta Pol\u00edtica de privacidad. Nuestro compromiso con tu privacidad Gracias por visitar el sitio web de [&hellip;]<\/p>\n","protected":false},"author":1,"featured_media":0,"parent":0,"menu_order":0,"comment_status":"closed","ping_status":"closed","template":"page-templates\/full-width-page.php","meta":{"footnotes":""},"class_list":["post-599","page","type-page","status-publish","hentry"],"_links":{"self":[{"href":"https:\/\/leandropinto.us\/LP\/es\/wp-json\/wp\/v2\/pages\/599","targetHints":{"allow":["GET"]}}],"collection":[{"href":"https:\/\/leandropinto.us\/LP\/es\/wp-json\/wp\/v2\/pages"}],"about":[{"href":"https:\/\/leandropinto.us\/LP\/es\/wp-json\/wp\/v2\/types\/page"}],"author":[{"embeddable":true,"href":"https:\/\/leandropinto.us\/LP\/es\/wp-json\/wp\/v2\/users\/1"}],"replies":[{"embeddable":true,"href":"https:\/\/leandropinto.us\/LP\/es\/wp-json\/wp\/v2\/comments?post=599"}],"version-history":[{"count":3,"href":"https:\/\/leandropinto.us\/LP\/es\/wp-json\/wp\/v2\/pages\/599\/revisions"}],"predecessor-version":[{"id":611,"href":"https:\/\/leandropinto.us\/LP\/es\/wp-json\/wp\/v2\/pages\/599\/revisions\/611"}],"wp:attachment":[{"href":"https:\/\/leandropinto.us\/LP\/es\/wp-json\/wp\/v2\/media?parent=599"}],"curies":[{"name":"wp","href":"https:\/\/api.w.org\/{rel}","templated":true}]}}