{"id":589,"date":"2024-09-14T00:06:47","date_gmt":"2024-09-14T00:06:47","guid":{"rendered":"https:\/\/leandropinto.us\/LP\/es\/?page_id=589"},"modified":"2024-09-14T00:08:44","modified_gmt":"2024-09-14T00:08:44","slug":"legal","status":"publish","type":"page","link":"https:\/\/leandropinto.us\/LP\/es\/legal\/","title":{"rendered":"LEGAL"},"content":{"rendered":"<div data-colibri-id=\"589-c1\" class=\"style-619 style-local-589-c1 position-relative\">\n  <!---->\n  <div data-colibri-component=\"section\" data-colibri-id=\"589-c2\" id=\"custom\" class=\"h-section h-section-global-spacing d-flex align-items-lg-center align-items-md-center align-items-center style-620 style-local-589-c2 position-relative\">\n    <!---->\n    <!---->\n    <div class=\"h-section-grid-container h-section-boxed-container\">\n      <!---->\n      <div data-colibri-id=\"589-c8\" class=\"h-row-container gutters-row-lg-2 gutters-row-md-2 gutters-row-0 gutters-row-v-lg-2 gutters-row-v-md-2 gutters-row-v-2 style-626 style-local-589-c8 position-relative\">\n        <!---->\n        <div class=\"h-row justify-content-lg-center justify-content-md-center justify-content-center align-items-lg-stretch align-items-md-stretch align-items-stretch gutters-col-lg-2 gutters-col-md-2 gutters-col-0 gutters-col-v-lg-2 gutters-col-v-md-2 gutters-col-v-2\">\n          <!---->\n          <div class=\"h-column h-column-container d-flex h-col-lg-auto h-col-md-auto h-col-auto style-627-outer style-local-589-c9-outer\">\n            <div data-colibri-id=\"589-c9\" class=\"d-flex h-flex-basis h-column__inner h-px-lg-2 h-px-md-2 h-px-2 v-inner-lg-2 v-inner-md-2 v-inner-2 style-627 style-local-589-c9 position-relative\">\n              <!---->\n              <!---->\n              <div class=\"w-100 h-y-container h-column__content h-column__v-align flex-basis-100 align-self-lg-start align-self-md-start align-self-start\">\n                <!---->\n                <div data-colibri-id=\"589-c10\" class=\"h-text h-text-component style-625 style-local-589-c10 position-relative h-element\">\n                  <!---->\n                  <!---->\n                  <div class=\"\">\n                    <p>El material de este sitio web ha sido preparado \u00fanicamente con fines informativos y no constituye asesoramiento legal. La presentaci\u00f3n o transmisi\u00f3n de este sitio web, en parte o en su totalidad, y\/o la comunicaci\u00f3n con LEANDRO PINTO\n                      LAW FIRM (las \u201cFirmas\u201d) por correo electr\u00f3nico o a trav\u00e9s de este sitio web no pretende crear, y la recepci\u00f3n de dicha informaci\u00f3n no crea una relaci\u00f3n abogado-cliente.<\/p>\n                    <p>Cualquier informaci\u00f3n enviada a las Firmas por correo electr\u00f3nico o a trav\u00e9s de este sitio web no es segura y no es confidencial. La informaci\u00f3n contenida en este sitio web se proporciona \u00fanicamente como informaci\u00f3n general que puede\n                      reflejar o no los desarrollos legales m\u00e1s actuales, no se proporciona en el curso de una relaci\u00f3n abogado-cliente y no pretende constituir asesoramiento legal ni reemplazar la obtenci\u00f3n de asesoramiento legal. de una persona debidamente\n                      cualificada y autorizada. Nadie que reciba informaci\u00f3n deber\u00eda actuar en consecuencia sin antes buscar asesoramiento profesional. Las Firmas renuncian expresamente a toda responsabilidad en relaci\u00f3n con las acciones tomadas o no\n                      tomadas en base a cualquiera o todos los contenidos de este sitio web.<\/p>\n                    <p>Las Firmas no necesariamente respaldan ni son responsables del contenido de terceros al que se pueda acceder a trav\u00e9s de este sitio web. Este sitio web puede considerarse publicidad seg\u00fan las leyes y normas \u00e9ticas aplicables.<\/p>\n                  <\/div>\n                <\/div>\n              <\/div>\n            <\/div>\n          <\/div>\n        <\/div>\n      <\/div>\n    <\/div>\n  <\/div>\n<\/div>","protected":false},"excerpt":{"rendered":"<p>El material de este sitio web ha sido preparado \u00fanicamente con fines informativos y no constituye asesoramiento legal. La presentaci\u00f3n o transmisi\u00f3n de este sitio web, en parte o en su totalidad, y\/o la comunicaci\u00f3n con LEANDRO PINTO LAW FIRM (las \u201cFirmas\u201d) por correo electr\u00f3nico o a trav\u00e9s de este sitio web no pretende crear, [&hellip;]<\/p>\n","protected":false},"author":1,"featured_media":0,"parent":0,"menu_order":0,"comment_status":"closed","ping_status":"closed","template":"page-templates\/full-width-page.php","meta":{"footnotes":""},"class_list":["post-589","page","type-page","status-publish","hentry"],"_links":{"self":[{"href":"https:\/\/leandropinto.us\/LP\/es\/wp-json\/wp\/v2\/pages\/589","targetHints":{"allow":["GET"]}}],"collection":[{"href":"https:\/\/leandropinto.us\/LP\/es\/wp-json\/wp\/v2\/pages"}],"about":[{"href":"https:\/\/leandropinto.us\/LP\/es\/wp-json\/wp\/v2\/types\/page"}],"author":[{"embeddable":true,"href":"https:\/\/leandropinto.us\/LP\/es\/wp-json\/wp\/v2\/users\/1"}],"replies":[{"embeddable":true,"href":"https:\/\/leandropinto.us\/LP\/es\/wp-json\/wp\/v2\/comments?post=589"}],"version-history":[{"count":2,"href":"https:\/\/leandropinto.us\/LP\/es\/wp-json\/wp\/v2\/pages\/589\/revisions"}],"predecessor-version":[{"id":594,"href":"https:\/\/leandropinto.us\/LP\/es\/wp-json\/wp\/v2\/pages\/589\/revisions\/594"}],"wp:attachment":[{"href":"https:\/\/leandropinto.us\/LP\/es\/wp-json\/wp\/v2\/media?parent=589"}],"curies":[{"name":"wp","href":"https:\/\/api.w.org\/{rel}","templated":true}]}}