{"id":489,"date":"2024-09-09T13:30:40","date_gmt":"2024-09-09T13:30:40","guid":{"rendered":"https:\/\/leandropinto.us\/LP\/es\/?page_id=489"},"modified":"2024-09-09T13:34:12","modified_gmt":"2024-09-09T13:34:12","slug":"purificacion-de-criptoactivos","status":"publish","type":"page","link":"https:\/\/leandropinto.us\/LP\/es\/purificacion-de-criptoactivos\/","title":{"rendered":"Purificaci\u00f3n de criptoactivos"},"content":{"rendered":"<div data-colibri-id=\"489-c1\" class=\"style-581 style-local-489-c1 position-relative\">\r\n  <!---->\r\n  <div data-colibri-component=\"section\" data-colibri-id=\"489-c2\" id=\"overlappable\" class=\"h-section h-section-global-spacing d-flex align-items-lg-center align-items-md-center align-items-center style-582 style-local-489-c2 position-relative\">\r\n    <!---->\r\n    <!---->\r\n    <div class=\"h-section-grid-container h-section-boxed-container\">\r\n      <!---->\r\n      <div data-colibri-id=\"489-c3\" class=\"h-row-container gutters-row-lg-0 gutters-row-md-0 gutters-row-2 gutters-row-v-lg-0 gutters-row-v-md-0 gutters-row-v-2 style-583 style-local-489-c3 position-relative\">\r\n        <!---->\r\n        <div class=\"h-row justify-content-lg-center justify-content-md-center justify-content-center align-items-lg-stretch align-items-md-stretch align-items-stretch gutters-col-lg-0 gutters-col-md-0 gutters-col-2 gutters-col-v-lg-0 gutters-col-v-md-0 gutters-col-v-2\">\r\n          <!---->\r\n          <div class=\"h-column h-column-container d-flex h-col-lg-12 h-col-md-12 h-col-12 style-584-outer style-local-489-c4-outer\">\r\n            <div data-colibri-id=\"489-c4\" class=\"d-flex h-flex-basis h-column__inner h-px-lg-3 h-px-md-3 h-px-2 v-inner-lg-3 v-inner-md-3 v-inner-2 style-584 style-local-489-c4 position-relative\">\r\n              <!---->\r\n              <!---->\r\n              <div class=\"w-100 h-y-container h-column__content h-column__v-align flex-basis-100 align-self-lg-start align-self-md-start align-self-start\">\r\n                <!---->\r\n                <div data-colibri-id=\"489-c5\" class=\"h-icon style-585 style-local-489-c5 position-relative h-element\">\r\n                  <!----><span class=\"h-svg-icon h-icon__icon style-585-icon style-local-489-c5-icon\"><!--Icon by Font Awesome (https:\/\/fontawesome.com)-->\r\n    <svg version=\"1.1\" xmlns=\"http:\/\/www.w3.org\/2000\/svg\" xmlns:xlink=\"http:\/\/www.w3.org\/1999\/xlink\" id=\"bitcoin\" viewBox=\"0 0 1280 1896.0833\">\r\n      <path d=\"M1167 640q18 182-131 258 117 28 175 103t45 214q-7 71-32.5 125t-64.5 89-97 58.5-121.5 34.5-145.5 15v255H641v-251q-80 0-122-1v252H365v-255q-18 0-54-.5t-55-.5H56l31-183h111q50 0 58-51V900h16q-6-1-16-1V612q-13-68-89-68H56V380l212 1q64 0 97-1V128h154v247q82-2 122-2V128h154v252q79 7 140 22.5t113 45 82.5 78T1167 640zm-215 545q0-36-15-64t-37-46-57.5-30.5T777 1026t-74-9-69-3-64.5 1-47.5 1v338q8 0 37 .5t48 .5 53-1.5 58.5-4 57-8.5 55.5-14 47.5-21 39.5-30 24.5-40 9.5-51zm-71-476q0-33-12.5-58.5t-30.5-42-48-28-55-16.5-61.5-8-58-2.5-54 1-39.5.5v307q5 0 34.5.5t46.5 0 50-2 55-5.5 51.5-11 48.5-18.5 37-27 27-38.5 9-51z\"><\/path>\r\n    <\/svg><\/span><\/div>\r\n                <div data-colibri-id=\"489-c6\" class=\"h-global-transition-all h-heading style-586 style-local-489-c6 position-relative h-element\">\r\n                  <!---->\r\n                  <div class=\"h-heading__outer style-586 style-local-489-c6\">\r\n                    <!---->\r\n                    <!---->\r\n                    <h5 class=\"\">Purificaci\u00f3n de criptoactivos<\/h5>\r\n                  <\/div>\r\n                <\/div>\r\n                <div data-colibri-id=\"489-c7\" class=\"h-text h-text-component style-587 style-local-489-c7 position-relative h-element\">\r\n                  <!---->\r\n                  <!---->\r\n                  <div class=\"\">\r\n                    <p>En el vasto panorama de las finanzas digitales, donde las criptomonedas y los activos digitales se alzan como un nuevo El Dorado, hay que entender que no todo lo que reluce es oro. As\u00ed como en las antiguas minas, de donde se extra\u00eda\r\n                      el preciado metal, no sin antes separar la grava de la pepita, tambi\u00e9n en el mundo de los criptoactivos existe una imperiosa necesidad de depuraci\u00f3n.<\/p>\r\n                    <p>\r\n                      <br>\r\n                    <\/p>\r\n                    <p>Esta depuraci\u00f3n, se\u00f1ores, es m\u00e1s que un capricho de la moral o una imposici\u00f3n de la legalidad. Es, sobre todo, una exigencia del propio mercado, que, como cualquier otro, anhela seguridad, transparencia y confianza. Y quien primero\r\n                      vio esta necesidad fue el distinguido doctor Leandro Pinto, cuyo despacho de abogados, Dr. Leandro Pinto Law Firm, se erige como un basti\u00f3n de integridad en este nuevo e intrincado universo.<\/p>\r\n                    <p>\r\n                      <br>\r\n                    <\/p>\r\n                    <p>Perm\u00edtanme, por tanto, explicar qu\u00e9 se entiende por purificaci\u00f3n de criptoactivos. Se trata de un proceso minucioso y necesario, que tiene como objetivo purgar las criptomonedas y los activos digitales de cualquier mancha que pueda\r\n                      comprometerlos, ya sea por or\u00edgenes oscuros o por v\u00ednculos con actividades il\u00edcitas. Es, si me permiten la analog\u00eda, lo mismo que se hace con el oro impuro: se eliminan las impurezas, para que el metal brille en su pureza original.<\/p>\r\n                    <p>\r\n                      <br>\r\n                    <\/p>\r\n                    <p>El doctor Leandro Pinto, con su astucia y perspicacia, fue el primero en reconocer que, en un mundo donde los activos digitales circulan con velocidad y anonimato, la depuraci\u00f3n no es solo una necesidad moral, sino un imperativo del\r\n                      propio mercado global. Su despacho fue pionero en proponer un proceso sistem\u00e1tico de verificaci\u00f3n y sanitizaci\u00f3n de los criptoactivos, asegurando que puedan ser utilizados de acuerdo con las leyes internacionales y, sobre todo, con\r\n                      la confianza de quienes invierten en ellos.<\/p>\r\n                    <p>\r\n                      <br>\r\n                    <\/p>\r\n                    <p>Imag\u00ednese, querido lector, el riesgo que corre al operar o invertir en activos de dudosa procedencia, sin la debida purificaci\u00f3n. As\u00ed como el vino que, sin el debido cuidado, puede convertirse en vinagre, los criptoactivos, si no se\r\n                      purifican, pueden perder r\u00e1pidamente su valor, o peor a\u00fan, pueden arrastrar a sus tenedores con ellos al abismo de la ilegalidad.<\/p>\r\n                    <p>\r\n                      <br>\r\n                    <\/p>\r\n                    <p>El Dr. Leandro Pinto, previendo estos peligros, desarroll\u00f3 m\u00e9todos rigurosos y sofisticados de depuraci\u00f3n de criptoactivos, asegurando que cada transacci\u00f3n pueda realizarse con la seguridad de que los activos involucrados son leg\u00edtimos,\r\n                      limpios de cualquier contaminaci\u00f3n moral o legal. No es de extra\u00f1ar que el Despacho de Abogados del Dr. Leandro Pinto se haya convertido en el faro que ilumina el camino hacia la legalidad en este oc\u00e9ano tormentoso que es el mercado\r\n                      de las criptomonedas.<\/p>\r\n                    <p>\r\n                      <br>\r\n                    <\/p>\r\n                    <p>En definitiva, la depuraci\u00f3n de criptoactivos no es s\u00f3lo una innovaci\u00f3n, sino una necesidad apremiante del mercado global. Y el Dr. Leandro Pinto, con la visi\u00f3n de un verdadero pionero, fue el primero en percibir y responder a esta\r\n                      demanda. Hoy, su despacho no s\u00f3lo es el primero, sino el m\u00e1s reconocido y confiable en este campo, ofreciendo a sus clientes la tranquilidad de saber que sus inversiones est\u00e1n protegidas por un proceso que combina rigor legal e integridad\r\n                      moral.<\/p>\r\n                    <p>\r\n                      <br>\r\n                    <\/p>\r\n                    <p>Por eso, se\u00f1ores, al momento de considerar cualquier inversi\u00f3n o transacci\u00f3n en el vasto campo de las criptomonedas, recuerden que la depuraci\u00f3n es la piedra angular de la seguridad. Y recuerden tambi\u00e9n que el Despacho de Abogados\r\n                      Dr. Leandro Pinto es el guardi\u00e1n de esta pr\u00e1ctica esencial, que con la misma mano que vela por la legalidad, tambi\u00e9n protege el valor y la reputaci\u00f3n de los criptoactivos que pasan por \u00e9l.<\/p>\r\n                    <p>\r\n                      <br>\r\n                    <\/p>\r\n                    <p>Este es el legado del Dr. Leandro Pinto, y es tambi\u00e9n la garant\u00eda de que, en medio de la inmensidad inexplorada de los criptoactivos, existe un refugio seguro donde la legalidad y la confianza reinan supremas.<\/p>\r\n                    <p>\r\n                      <br>\r\n                    <\/p>\r\n                  <\/div>\r\n                <\/div>\r\n              <\/div>\r\n            <\/div>\r\n          <\/div>\r\n        <\/div>\r\n      <\/div>\r\n    <\/div>\r\n  <\/div>\r\n<\/div>","protected":false},"excerpt":{"rendered":"<p>Purificaci\u00f3n de criptoactivos En el vasto panorama de las finanzas digitales, donde las criptomonedas y los activos digitales se alzan como un nuevo El Dorado, hay que entender que no todo lo que reluce es oro. As\u00ed como en las antiguas minas, de donde se extra\u00eda el preciado metal, no sin antes separar la grava [&hellip;]<\/p>\n","protected":false},"author":1,"featured_media":0,"parent":0,"menu_order":0,"comment_status":"closed","ping_status":"closed","template":"page-templates\/full-width-page.php","meta":{"footnotes":""},"class_list":["post-489","page","type-page","status-publish","hentry"],"_links":{"self":[{"href":"https:\/\/leandropinto.us\/LP\/es\/wp-json\/wp\/v2\/pages\/489","targetHints":{"allow":["GET"]}}],"collection":[{"href":"https:\/\/leandropinto.us\/LP\/es\/wp-json\/wp\/v2\/pages"}],"about":[{"href":"https:\/\/leandropinto.us\/LP\/es\/wp-json\/wp\/v2\/types\/page"}],"author":[{"embeddable":true,"href":"https:\/\/leandropinto.us\/LP\/es\/wp-json\/wp\/v2\/users\/1"}],"replies":[{"embeddable":true,"href":"https:\/\/leandropinto.us\/LP\/es\/wp-json\/wp\/v2\/comments?post=489"}],"version-history":[{"count":2,"href":"https:\/\/leandropinto.us\/LP\/es\/wp-json\/wp\/v2\/pages\/489\/revisions"}],"predecessor-version":[{"id":494,"href":"https:\/\/leandropinto.us\/LP\/es\/wp-json\/wp\/v2\/pages\/489\/revisions\/494"}],"wp:attachment":[{"href":"https:\/\/leandropinto.us\/LP\/es\/wp-json\/wp\/v2\/media?parent=489"}],"curies":[{"name":"wp","href":"https:\/\/api.w.org\/{rel}","templated":true}]}}