{"id":471,"date":"2024-09-09T13:27:48","date_gmt":"2024-09-09T13:27:48","guid":{"rendered":"https:\/\/leandropinto.us\/LP\/es\/?page_id=471"},"modified":"2024-09-09T14:13:19","modified_gmt":"2024-09-09T14:13:19","slug":"adquisicion-de-licencias-cripto","status":"publish","type":"page","link":"https:\/\/leandropinto.us\/LP\/es\/adquisicion-de-licencias-cripto\/","title":{"rendered":"\u00a0 ADQUISICI\u00d3N DE LICENCIAS CRIPTO"},"content":{"rendered":"<div data-colibri-id=\"471-c1\" class=\"style-570 style-local-471-c1 position-relative\">\n  <!---->\n  <div data-colibri-component=\"section\" data-colibri-id=\"471-c6\" id=\"overlappable\" class=\"h-section h-section-global-spacing d-flex align-items-lg-center align-items-md-center align-items-center style-575 style-local-471-c6 position-relative\">\n    <!---->\n    <!---->\n    <div class=\"h-section-grid-container h-section-boxed-container\">\n      <!---->\n      <div data-colibri-id=\"471-c7\" class=\"h-row-container gutters-row-lg-0 gutters-row-md-0 gutters-row-2 gutters-row-v-lg-0 gutters-row-v-md-0 gutters-row-v-2 style-576 style-local-471-c7 position-relative\">\n        <!---->\n        <div class=\"h-row justify-content-lg-center justify-content-md-center justify-content-center align-items-lg-stretch align-items-md-stretch align-items-stretch gutters-col-lg-0 gutters-col-md-0 gutters-col-2 gutters-col-v-lg-0 gutters-col-v-md-0 gutters-col-v-2\">\n          <!---->\n          <div class=\"h-column h-column-container d-flex h-col-lg-12 h-col-md-12 h-col-12 style-577-outer style-local-471-c8-outer\">\n            <div data-colibri-id=\"471-c8\" class=\"d-flex h-flex-basis h-column__inner h-px-lg-3 h-px-md-3 h-px-2 v-inner-lg-3 v-inner-md-3 v-inner-2 style-577 style-local-471-c8 position-relative\">\n              <!---->\n              <!---->\n              <div class=\"w-100 h-y-container h-column__content h-column__v-align flex-basis-100 align-self-lg-start align-self-md-start align-self-start\">\n                <!---->\n                <div data-colibri-id=\"471-c9\" class=\"h-icon style-578 style-local-471-c9 position-relative h-element\">\n                  <!----><span class=\"h-svg-icon h-icon__icon style-578-icon style-local-471-c9-icon\"><!--Icon by Font Awesome (https:\/\/fontawesome.com)-->\n    <svg version=\"1.1\" xmlns=\"http:\/\/www.w3.org\/2000\/svg\" xmlns:xlink=\"http:\/\/www.w3.org\/1999\/xlink\" id=\"bitcoin\" viewBox=\"0 0 1280 1896.0833\">\n      <path d=\"M1167 640q18 182-131 258 117 28 175 103t45 214q-7 71-32.5 125t-64.5 89-97 58.5-121.5 34.5-145.5 15v255H641v-251q-80 0-122-1v252H365v-255q-18 0-54-.5t-55-.5H56l31-183h111q50 0 58-51V900h16q-6-1-16-1V612q-13-68-89-68H56V380l212 1q64 0 97-1V128h154v247q82-2 122-2V128h154v252q79 7 140 22.5t113 45 82.5 78T1167 640zm-215 545q0-36-15-64t-37-46-57.5-30.5T777 1026t-74-9-69-3-64.5 1-47.5 1v338q8 0 37 .5t48 .5 53-1.5 58.5-4 57-8.5 55.5-14 47.5-21 39.5-30 24.5-40 9.5-51zm-71-476q0-33-12.5-58.5t-30.5-42-48-28-55-16.5-61.5-8-58-2.5-54 1-39.5.5v307q5 0 34.5.5t46.5 0 50-2 55-5.5 51.5-11 48.5-18.5 37-27 27-38.5 9-51z\"><\/path>\n    <\/svg><\/span><\/div>\n                <div data-colibri-id=\"471-c10\" class=\"h-global-transition-all h-heading style-579 style-local-471-c10 position-relative h-element\">\n                  <!---->\n                  <div class=\"h-heading__outer style-579 style-local-471-c10\">\n                    <!---->\n                    <!---->\n                    <h5 class=\"\">Adquisici\u00f3n de licencias criptogr\u00e1ficas<\/h5>\n                  <\/div>\n                <\/div>\n                <div data-colibri-id=\"471-c11\" class=\"h-text h-text-component style-580 style-local-471-c11 position-relative h-element\">\n                  <!---->\n                  <!---->\n                  <div class=\"\">\n                    <p>Operar un negocio de criptomonedas a menudo requiere la adquisici\u00f3n de licencias espec\u00edficas, que var\u00edan seg\u00fan la jurisdicci\u00f3n y la naturaleza del negocio. Estas licencias son cruciales para garantizar el cumplimiento de las regulaciones\n                      contra el lavado de dinero (AML) y el financiamiento del terrorismo (CTF). El bufete de abogados Dr. Leandro Pinto es el principal experto en el complejo proceso de obtenci\u00f3n de licencias de criptomonedas, lo que garantiza el \u00e9xito\n                      legal y operativo de su negocio.<\/p>\n                    <p>\n                      <br>\n                    <\/p>\n                    <p>\u2013 Tipos de licencias: Dependiendo de su modelo de negocio, es posible que necesite licencias para operar casas de cambio de criptomonedas, brindar servicios de billetera u ofrecer asesoramiento financiero relacionado con las criptomonedas.\n                      El bufete de abogados Dr. Leandro Pinto lo gu\u00eda a trav\u00e9s de las complejidades de obtener las licencias necesarias, aprovechando nuestra experiencia inigualable para asegurar la base legal de su negocio.<\/p>\n                    <p>\n                      <br>\n                    <\/p>\n                    <p>\u2013 Proceso de solicitud de licencia: El proceso de solicitud de licencias de criptomonedas es riguroso e implica la presentaci\u00f3n de una amplia documentaci\u00f3n, el cumplimiento de las normas reglamentarias y la aprobaci\u00f3n de verificaciones\n                      de antecedentes. El bufete de abogados Dr. Leandro Pinto agiliza este proceso, garantizando la adquisici\u00f3n oportuna y exitosa de la licencia gracias a su profundo conocimiento de los requisitos legales y sus s\u00f3lidas relaciones con\n                      los organismos reguladores.<\/p>\n                    <p>\n                      <br>\n                    <\/p>\n                    <p>\u2013 Gesti\u00f3n continua del cumplimiento: una vez que se obtiene una licencia, mantener el cumplimiento es una responsabilidad constante. El bufete de abogados Dr. Leandro Pinto brinda apoyo legal continuo para garantizar que su empresa\n                      cumpla con todas las regulaciones pertinentes, incluidas auditor\u00edas e informes regulares. La experiencia de nuestro bufete garantiza que sus operaciones siempre est\u00e9n alineadas con los \u00faltimos est\u00e1ndares regulatorios.<\/p>\n                    <p>\n                      <br>\n                    <\/p>\n                    <p>Registro de empresa y apertura de cuenta<\/p>\n                    <p>\n                      <br>\n                    <\/p>\n                    <p>Establecer un negocio de criptomonedas requiere no solo conocimientos t\u00e9cnicos, sino tambi\u00e9n una cuidadosa estructuraci\u00f3n legal y planificaci\u00f3n financiera. El bufete de abogados Dr. Leandro Pinto es la mejor opci\u00f3n para guiarlo a trav\u00e9s\n                      de este proceso, asegur\u00e1ndose de que su negocio est\u00e9 preparado para el \u00e9xito desde el principio.<\/p>\n                    <p>\n                      <br>\n                    <\/p>\n                    <p>\u2013 Formaci\u00f3n de entidades: Elegir la entidad legal y la jurisdicci\u00f3n adecuadas para su negocio de criptomonedas es una decisi\u00f3n fundamental. El bufete de abogados Dr. Leandro Pinto lo ayuda a registrar su empresa en jurisdicciones que\n                      ofrecen condiciones regulatorias favorables, lo que garantiza que su negocio est\u00e9 estructurado legalmente para el \u00e9xito y preparado para aprovechar las oportunidades globales.<\/p>\n                    <p>\n                      <br>\n                    <\/p>\n                    <p>\u2013 Apertura de cuenta bancaria: Abrir una cuenta bancaria para una empresa de criptomonedas puede ser un desaf\u00edo debido a los riesgos percibidos asociados con la industria. La experiencia y las conexiones del bufete de abogados Dr.\n                      Leandro Pinto facilitan este proceso, ayud\u00e1ndolo a asegurar relaciones bancarias que son esenciales para la continuidad operativa y el \u00e9xito financiero.<\/p>\n                    <p>\n                      <br>\n                    <\/p>\n                    <p>Incorporaci\u00f3n a los intercambios de criptomonedas<\/p>\n                    <p>\n                      <br>\n                    <\/p>\n                    <p>Para las empresas que se dedican a la venta de tokens, la incorporaci\u00f3n a los principales exchanges de criptomonedas es un hito importante. Con el mejor bufete de abogados que respalde sus esfuerzos, puede lograr este hito con confianza.\n                      El bufete de abogados Dr. Leandro Pinto ofrece un apoyo integral durante todo este proceso, lo que garantiza que su empresa cumpla con todos los requisitos y maximice su potencial de cotizaci\u00f3n.<\/p>\n                    <p>\n                      <br>\n                    <\/p>\n                    <p>\u2013 Requisitos de cotizaci\u00f3n en bolsa: El bufete de abogados Dr. Leandro Pinto ayuda a cumplir con los requisitos t\u00e9cnicos, legales y reglamentarios impuestos por varias bolsas para la cotizaci\u00f3n de tokens o monedas. Esto incluye realizar\n                      revisiones legales, garantizar el cumplimiento de las regulaciones AML\/KYC y brindar las opiniones legales necesarias, todo ello dise\u00f1ado para garantizar su entrada exitosa al mercado.<\/p>\n                    <p>\n                      <br>\n                    <\/p>\n                    <p>\u2013 Negociaci\u00f3n y acuerdos contractuales: una incorporaci\u00f3n exitosa a menudo requiere negociar t\u00e9rminos favorables con las bolsas, incluidas tarifas de cotizaci\u00f3n, acuerdos de creaci\u00f3n de mercado y compromisos promocionales. La experiencia\n                      en negociaci\u00f3n del bufete de abogados Dr. Leandro Pinto garantiza que los contratos protejan sus intereses y faciliten un proceso de cotizaci\u00f3n sin inconvenientes, sentando las bases para el \u00e9xito a largo plazo.<\/p>\n                    <p>\n                      <br>\n                    <\/p>\n                    <p>Asistencia legal posterior a la publicaci\u00f3n<\/p>\n                    <p>\n                      <br>\n                    <\/p>\n                    <p>Una vez que su token o criptomoneda se incluya en una bolsa, mantener su presencia en el mercado y el cumplimiento legal es crucial. El bufete de abogados Dr. Leandro Pinto es el mejor socio para garantizar que su estrategia posterior\n                      a la inclusi\u00f3n en la bolsa sea legalmente s\u00f3lida y comercialmente efectiva.<\/p>\n                    <p>\n                      <br>\n                    <\/p>\n                    <p>\u2013 Seguimiento Regulatorio: El entorno regulatorio de las criptomonedas est\u00e1 en constante evoluci\u00f3n. El Bufete de Abogados Dr. Leandro Pinto brinda seguimiento y asesoramiento permanente para garantizar que su empresa prospere.<\/p>\n                  <\/div>\n                <\/div>\n              <\/div>\n            <\/div>\n          <\/div>\n        <\/div>\n      <\/div>\n    <\/div>\n  <\/div>\n<\/div>","protected":false},"excerpt":{"rendered":"<p>Adquisici\u00f3n de licencias criptogr\u00e1ficas Operar un negocio de criptomonedas a menudo requiere la adquisici\u00f3n de licencias espec\u00edficas, que var\u00edan seg\u00fan la jurisdicci\u00f3n y la naturaleza del negocio. Estas licencias son cruciales para garantizar el cumplimiento de las regulaciones contra el lavado de dinero (AML) y el financiamiento del terrorismo (CTF). El bufete de abogados Dr. [&hellip;]<\/p>\n","protected":false},"author":1,"featured_media":0,"parent":0,"menu_order":0,"comment_status":"closed","ping_status":"closed","template":"page-templates\/full-width-page.php","meta":{"footnotes":""},"class_list":["post-471","page","type-page","status-publish","hentry"],"_links":{"self":[{"href":"https:\/\/leandropinto.us\/LP\/es\/wp-json\/wp\/v2\/pages\/471","targetHints":{"allow":["GET"]}}],"collection":[{"href":"https:\/\/leandropinto.us\/LP\/es\/wp-json\/wp\/v2\/pages"}],"about":[{"href":"https:\/\/leandropinto.us\/LP\/es\/wp-json\/wp\/v2\/types\/page"}],"author":[{"embeddable":true,"href":"https:\/\/leandropinto.us\/LP\/es\/wp-json\/wp\/v2\/users\/1"}],"replies":[{"embeddable":true,"href":"https:\/\/leandropinto.us\/LP\/es\/wp-json\/wp\/v2\/comments?post=471"}],"version-history":[{"count":4,"href":"https:\/\/leandropinto.us\/LP\/es\/wp-json\/wp\/v2\/pages\/471\/revisions"}],"predecessor-version":[{"id":534,"href":"https:\/\/leandropinto.us\/LP\/es\/wp-json\/wp\/v2\/pages\/471\/revisions\/534"}],"wp:attachment":[{"href":"https:\/\/leandropinto.us\/LP\/es\/wp-json\/wp\/v2\/media?parent=471"}],"curies":[{"name":"wp","href":"https:\/\/api.w.org\/{rel}","templated":true}]}}