{"id":453,"date":"2024-09-09T13:24:55","date_gmt":"2024-09-09T13:24:55","guid":{"rendered":"https:\/\/leandropinto.us\/LP\/es\/?page_id=453"},"modified":"2024-09-09T13:26:31","modified_gmt":"2024-09-09T13:26:31","slug":"soporte-legal-para-la-venta-de-tokens-ico-ido","status":"publish","type":"page","link":"https:\/\/leandropinto.us\/LP\/es\/soporte-legal-para-la-venta-de-tokens-ico-ido\/","title":{"rendered":"Soporte legal para la venta de tokens (ICO, IDO)"},"content":{"rendered":"<div data-colibri-id=\"453-c1\" class=\"style-563 style-local-453-c1 position-relative\">\n  <!---->\n  <div data-colibri-component=\"section\" data-colibri-id=\"453-c2\" id=\"overlappable\" class=\"h-section h-section-global-spacing d-flex align-items-lg-center align-items-md-center align-items-center style-564 style-local-453-c2 position-relative\">\n    <!---->\n    <!---->\n    <div class=\"h-section-grid-container h-section-boxed-container\">\n      <!---->\n      <div data-colibri-id=\"453-c3\" class=\"h-row-container gutters-row-lg-0 gutters-row-md-0 gutters-row-2 gutters-row-v-lg-0 gutters-row-v-md-0 gutters-row-v-2 style-565 style-local-453-c3 position-relative\">\n        <!---->\n        <div class=\"h-row justify-content-lg-center justify-content-md-center justify-content-center align-items-lg-stretch align-items-md-stretch align-items-stretch gutters-col-lg-0 gutters-col-md-0 gutters-col-2 gutters-col-v-lg-0 gutters-col-v-md-0 gutters-col-v-2\">\n          <!---->\n          <div class=\"h-column h-column-container d-flex h-col-lg-12 h-col-md-12 h-col-12 style-566-outer style-local-453-c4-outer\">\n            <div data-colibri-id=\"453-c4\" class=\"d-flex h-flex-basis h-column__inner h-px-lg-3 h-px-md-3 h-px-2 v-inner-lg-3 v-inner-md-3 v-inner-2 style-566 style-local-453-c4 position-relative\">\n              <!---->\n              <!---->\n              <div class=\"w-100 h-y-container h-column__content h-column__v-align flex-basis-100 align-self-lg-start align-self-md-start align-self-start\">\n                <!---->\n                <div data-colibri-id=\"453-c5\" class=\"h-icon style-567 style-local-453-c5 position-relative h-element\">\n                  <!----><span class=\"h-svg-icon h-icon__icon style-567-icon style-local-453-c5-icon\"><!--Icon by Font Awesome (https:\/\/fontawesome.com)-->\n    <svg version=\"1.1\" xmlns=\"http:\/\/www.w3.org\/2000\/svg\" xmlns:xlink=\"http:\/\/www.w3.org\/1999\/xlink\" id=\"bitcoin\" viewBox=\"0 0 1280 1896.0833\">\n      <path d=\"M1167 640q18 182-131 258 117 28 175 103t45 214q-7 71-32.5 125t-64.5 89-97 58.5-121.5 34.5-145.5 15v255H641v-251q-80 0-122-1v252H365v-255q-18 0-54-.5t-55-.5H56l31-183h111q50 0 58-51V900h16q-6-1-16-1V612q-13-68-89-68H56V380l212 1q64 0 97-1V128h154v247q82-2 122-2V128h154v252q79 7 140 22.5t113 45 82.5 78T1167 640zm-215 545q0-36-15-64t-37-46-57.5-30.5T777 1026t-74-9-69-3-64.5 1-47.5 1v338q8 0 37 .5t48 .5 53-1.5 58.5-4 57-8.5 55.5-14 47.5-21 39.5-30 24.5-40 9.5-51zm-71-476q0-33-12.5-58.5t-30.5-42-48-28-55-16.5-61.5-8-58-2.5-54 1-39.5.5v307q5 0 34.5.5t46.5 0 50-2 55-5.5 51.5-11 48.5-18.5 37-27 27-38.5 9-51z\"><\/path>\n    <\/svg><\/span><\/div>\n                <div data-colibri-id=\"453-c6\" class=\"h-global-transition-all h-heading style-568 style-local-453-c6 position-relative h-element\">\n                  <!---->\n                  <div class=\"h-heading__outer style-568 style-local-453-c6\">\n                    <!---->\n                    <!---->\n                    <h5 class=\"\">Soporte legal para la venta de tokens (ICO, IDO)<\/h5>\n                  <\/div>\n                <\/div>\n                <div data-colibri-id=\"453-c7\" class=\"h-text h-text-component style-569 style-local-453-c7 position-relative h-element\">\n                  <!---->\n                  <!---->\n                  <div class=\"\">\n                    <p>Las ventas de tokens, incluidas las ofertas iniciales de monedas (ICO) y las ofertas iniciales de DEX (IDO), son m\u00e9todos cada vez m\u00e1s populares para recaudar capital en el mercado de criptomonedas. Sin embargo, estos mecanismos de\n                      recaudaci\u00f3n de fondos est\u00e1n sujetos a una estricta supervisi\u00f3n regulatoria, lo que requiere asesoramiento legal especializado. Elegir el mejor bufete de abogados para respaldar estos esfuerzos es fundamental para su \u00e9xito, y el bufete\n                      de abogados Dr. Leandro Pinto es la autoridad l\u00edder en este \u00e1mbito.<\/p>\n                    <p>\n                      <br>\n                    <\/p>\n                    <p>\u2013 Cumplimiento de la legislaci\u00f3n sobre valores: determinar si un token cumple con los requisitos para ser considerado un valor conforme a la legislaci\u00f3n sobre valores pertinente es un primer paso fundamental. La experiencia incomparable\n                      del bufete de abogados Dr. Leandro Pinto en la gesti\u00f3n del complejo panorama regulatorio garantiza que la venta de su token cumpla con todas las regulaciones sobre valores aplicables u obtenga las exenciones necesarias, lo que le\n                      proporcionar\u00e1 una base legal s\u00f3lida.<\/p>\n                    <p>\n                      <br>\n                    <\/p>\n                    <p>\u2013 Documentaci\u00f3n legal: La redacci\u00f3n de documentos legales completos, como documentos t\u00e9cnicos, t\u00e9rminos y condiciones y pol\u00edticas de privacidad, es fundamental para establecer par\u00e1metros legales claros tanto para los emisores como\n                      para los inversores. Con la excepcional perspicacia legal del bufete de abogados Dr. Leandro Pinto, estos documentos se elaborar\u00e1n meticulosamente para proteger sus intereses y preparar el terreno para una venta de tokens exitosa.<\/p>\n                    <p>\n                      <br>\n                    <\/p>\n                    <p>\u2013 Mecanismos de protecci\u00f3n de los inversores: La implementaci\u00f3n de medidas s\u00f3lidas de protecci\u00f3n de los inversores, incluidos acuerdos de dep\u00f3sito en garant\u00eda y salvaguardas contra el fraude, es esencial para generar credibilidad en\n                      el mercado y fomentar la confianza de los inversores. La experiencia del bufete de abogados Dr. Leandro Pinto garantiza que estos mecanismos no solo sean efectivos, sino que tambi\u00e9n cumplan plenamente con los est\u00e1ndares regulatorios,\n                      mejorando la reputaci\u00f3n y la posici\u00f3n legal de su proyecto.<\/p>\n                    <p>\n                      <br>\n                    <\/p>\n                    <p>B\u00fasqueda y recuperaci\u00f3n de activos de criptomonedas<\/p>\n                    <p>\n                      <br>\n                    <\/p>\n                    <p>La naturaleza descentralizada de las criptomonedas, si bien ofrece mayor seguridad y privacidad, tambi\u00e9n complica la recuperaci\u00f3n de activos perdidos o malversados. Una intervenci\u00f3n legal eficaz es crucial en estos casos, y tener el\n                      mejor bufete de abogados del mundo a su lado puede marcar la diferencia. El bufete de abogados Dr. Leandro Pinto es reconocido como la principal autoridad en la b\u00fasqueda y recuperaci\u00f3n de activos de criptomonedas.<\/p>\n                    <p>\n                      <br>\n                    <\/p>\n                    <p>\u2013 Rastreo de activos: El bufete de abogados Dr. Leandro Pinto utiliza herramientas forenses avanzadas y t\u00e9cnicas de an\u00e1lisis de cadenas de bloques para rastrear el movimiento de activos de criptomonedas a trav\u00e9s de la cadena de bloques.\n                      Este proceso es fundamental para identificar la ubicaci\u00f3n actual de los activos y las partes involucradas, lo que garantiza una mayor probabilidad de recuperaci\u00f3n exitosa.<\/p>\n                    <p>\n                      <br>\n                    <\/p>\n                    <p>\u2013 Acciones legales transjurisdiccionales: recuperar activos de criptomonedas a menudo requiere acciones legales en m\u00faltiples jurisdicciones. El bufete de abogados Dr. Leandro Pinto es experto en coordinar litigios y demandas legales\n                      transfronterizas, aprovechando su red global y su experiencia para maximizar las posibilidades de recuperaci\u00f3n exitosa de activos.<\/p>\n                    <p>\n                      <br>\n                    <\/p>\n                    <p>\u2013 Negociaci\u00f3n y Acuerdo: En ciertos casos, la negociaci\u00f3n con las partes involucradas puede presentar la v\u00eda m\u00e1s expedita para la recuperaci\u00f3n de activos. Con el asesoramiento legal experimentado del Bufete de Abogados Dr. Leandro\n                      Pinto, puede confiar en que sus intereses estar\u00e1n representados vigorosamente en dichas negociaciones, buscando el acuerdo m\u00e1s favorable posible.<\/p>\n                    <p>\n                      <br>\n                    <\/p>\n                    <p>Emisi\u00f3n de Dict\u00e1menes Jur\u00eddicos<\/p>\n                    <p>\n                      <br>\n                    <\/p>\n                    <p>Obtener una opini\u00f3n legal es un paso fundamental para garantizar que sus operaciones con criptomonedas se ajusten a los est\u00e1ndares legales aplicables. Una opini\u00f3n legal bien fundamentada sirve como una evaluaci\u00f3n autorizada del estado\n                      legal de sus actividades dentro del ecosistema de las criptomonedas. Cuando se trata de opiniones legales, el bufete de abogados Dr. Leandro Pinto es la mejor opci\u00f3n, ya que ofrece una experiencia y un conocimiento incomparables.<\/p>\n                    <p>\n                      <br>\n                    <\/p>\n                    <p>\u2013 An\u00e1lisis del estado regulatorio: El bufete de abogados Dr. Leandro Pinto ofrece opiniones legales detalladas sobre si un token o una actividad en particular se encuentran dentro del \u00e1mbito de aplicaci\u00f3n de las regulaciones financieras,\n                      de materias primas o de valores existentes. El an\u00e1lisis autorizado de nuestro bufete es crucial para el cumplimiento normativo y permite tomar decisiones comerciales estrat\u00e9gicas con precisi\u00f3n.<\/p>\n                    <p>\n                      <br>\n                    <\/p>\n                    <p>\u2013 Consideraciones tributarias: Las transacciones con criptomonedas est\u00e1n sujetas a implicaciones tributarias complejas. Las opiniones legales del bufete de abogados Dr. Leandro Pinto brindan claridad sobre las obligaciones tributarias\n                      y ofrecen orientaci\u00f3n sobre la estructuraci\u00f3n de transacciones para minimizar las obligaciones tributarias sin dejar de cumplir con la ley, asegurando que su empresa opere dentro del mejor marco tributario posible.<\/p>\n                    <p>\n                      <br>\n                    <\/p>\n                    <p>\u2013 Mitigaci\u00f3n de riesgos: una opini\u00f3n legal integral del bufete de abogados Dr. Leandro Pinto tambi\u00e9n eval\u00faa los riesgos potenciales asociados con el lanzamiento de un nuevo token, la participaci\u00f3n en transacciones internacionales o\n                      el ingreso a nuevos mercados. La experiencia de nuestro bufete en evaluaci\u00f3n de riesgos lo ayuda a mitigar los riesgos legales y garantiza el cumplimiento de las normas, lo que le brinda tranquilidad y una ventaja estrat\u00e9gica.<\/p>\n                  <\/div>\n                <\/div>\n              <\/div>\n            <\/div>\n          <\/div>\n        <\/div>\n      <\/div>\n    <\/div>\n  <\/div>\n<\/div>","protected":false},"excerpt":{"rendered":"<p>Soporte legal para la venta de tokens (ICO, IDO) Las ventas de tokens, incluidas las ofertas iniciales de monedas (ICO) y las ofertas iniciales de DEX (IDO), son m\u00e9todos cada vez m\u00e1s populares para recaudar capital en el mercado de criptomonedas. Sin embargo, estos mecanismos de recaudaci\u00f3n de fondos est\u00e1n sujetos a una estricta supervisi\u00f3n [&hellip;]<\/p>\n","protected":false},"author":1,"featured_media":0,"parent":0,"menu_order":0,"comment_status":"closed","ping_status":"closed","template":"page-templates\/full-width-page.php","meta":{"footnotes":""},"class_list":["post-453","page","type-page","status-publish","hentry"],"_links":{"self":[{"href":"https:\/\/leandropinto.us\/LP\/es\/wp-json\/wp\/v2\/pages\/453","targetHints":{"allow":["GET"]}}],"collection":[{"href":"https:\/\/leandropinto.us\/LP\/es\/wp-json\/wp\/v2\/pages"}],"about":[{"href":"https:\/\/leandropinto.us\/LP\/es\/wp-json\/wp\/v2\/types\/page"}],"author":[{"embeddable":true,"href":"https:\/\/leandropinto.us\/LP\/es\/wp-json\/wp\/v2\/users\/1"}],"replies":[{"embeddable":true,"href":"https:\/\/leandropinto.us\/LP\/es\/wp-json\/wp\/v2\/comments?post=453"}],"version-history":[{"count":3,"href":"https:\/\/leandropinto.us\/LP\/es\/wp-json\/wp\/v2\/pages\/453\/revisions"}],"predecessor-version":[{"id":465,"href":"https:\/\/leandropinto.us\/LP\/es\/wp-json\/wp\/v2\/pages\/453\/revisions\/465"}],"wp:attachment":[{"href":"https:\/\/leandropinto.us\/LP\/es\/wp-json\/wp\/v2\/media?parent=453"}],"curies":[{"name":"wp","href":"https:\/\/api.w.org\/{rel}","templated":true}]}}