{"id":423,"date":"2024-09-09T13:19:34","date_gmt":"2024-09-09T13:19:34","guid":{"rendered":"https:\/\/leandropinto.us\/LP\/es\/?page_id=423"},"modified":"2024-09-09T13:21:32","modified_gmt":"2024-09-09T13:21:32","slug":"la-importancia-del-apoyo-legal-experto-en-la-tokenizacion","status":"publish","type":"page","link":"https:\/\/leandropinto.us\/LP\/es\/la-importancia-del-apoyo-legal-experto-en-la-tokenizacion\/","title":{"rendered":"LA IMPORTANCIA DEL APOYO LEGAL EXPERTO EN LA TOKENIZACI\u00d3N\u00a0\u00a0\u00a0"},"content":{"rendered":"<div data-colibri-id=\"423-c1\" class=\"style-549 style-local-423-c1 position-relative\">\n  <!---->\n  <div data-colibri-component=\"section\" data-colibri-id=\"423-c2\" id=\"overlappable\" class=\"h-section h-section-global-spacing d-flex align-items-lg-center align-items-md-center align-items-center style-550 style-local-423-c2 position-relative\">\n    <!---->\n    <!---->\n    <div class=\"h-section-grid-container h-section-boxed-container\">\n      <!---->\n      <div data-colibri-id=\"423-c3\" class=\"h-row-container gutters-row-lg-0 gutters-row-md-0 gutters-row-2 gutters-row-v-lg-0 gutters-row-v-md-0 gutters-row-v-2 style-551 style-local-423-c3 position-relative\">\n        <!---->\n        <div class=\"h-row justify-content-lg-center justify-content-md-center justify-content-center align-items-lg-stretch align-items-md-stretch align-items-stretch gutters-col-lg-0 gutters-col-md-0 gutters-col-2 gutters-col-v-lg-0 gutters-col-v-md-0 gutters-col-v-2\">\n          <!---->\n          <div class=\"h-column h-column-container d-flex h-col-lg-12 h-col-md-12 h-col-12 style-552-outer style-local-423-c4-outer\">\n            <div data-colibri-id=\"423-c4\" class=\"d-flex h-flex-basis h-column__inner h-px-lg-3 h-px-md-3 h-px-2 v-inner-lg-3 v-inner-md-3 v-inner-2 style-552 style-local-423-c4 position-relative\">\n              <!---->\n              <!---->\n              <div class=\"w-100 h-y-container h-column__content h-column__v-align flex-basis-100 align-self-lg-start align-self-md-start align-self-start\">\n                <!---->\n                <div data-colibri-id=\"423-c5\" class=\"h-icon style-553 style-local-423-c5 position-relative h-element\">\n                  <!----><span class=\"h-svg-icon h-icon__icon style-553-icon style-local-423-c5-icon\"><!--Icon by Font Awesome (https:\/\/fontawesome.com)-->\n    <svg version=\"1.1\" xmlns=\"http:\/\/www.w3.org\/2000\/svg\" xmlns:xlink=\"http:\/\/www.w3.org\/1999\/xlink\" id=\"bitcoin\" viewBox=\"0 0 1280 1896.0833\">\n      <path d=\"M1167 640q18 182-131 258 117 28 175 103t45 214q-7 71-32.5 125t-64.5 89-97 58.5-121.5 34.5-145.5 15v255H641v-251q-80 0-122-1v252H365v-255q-18 0-54-.5t-55-.5H56l31-183h111q50 0 58-51V900h16q-6-1-16-1V612q-13-68-89-68H56V380l212 1q64 0 97-1V128h154v247q82-2 122-2V128h154v252q79 7 140 22.5t113 45 82.5 78T1167 640zm-215 545q0-36-15-64t-37-46-57.5-30.5T777 1026t-74-9-69-3-64.5 1-47.5 1v338q8 0 37 .5t48 .5 53-1.5 58.5-4 57-8.5 55.5-14 47.5-21 39.5-30 24.5-40 9.5-51zm-71-476q0-33-12.5-58.5t-30.5-42-48-28-55-16.5-61.5-8-58-2.5-54 1-39.5.5v307q5 0 34.5.5t46.5 0 50-2 55-5.5 51.5-11 48.5-18.5 37-27 27-38.5 9-51z\"><\/path>\n    <\/svg><\/span><\/div>\n                <div data-colibri-id=\"423-c6\" class=\"h-global-transition-all h-heading style-554 style-local-423-c6 position-relative h-element\">\n                  <!---->\n                  <div class=\"h-heading__outer style-554 style-local-423-c6\">\n                    <!---->\n                    <!---->\n                    <h5 class=\"\">La importancia del apoyo jur\u00eddico especializado en la tokenizaci\u00f3n<\/h5>\n                  <\/div>\n                <\/div>\n                <div data-colibri-id=\"423-c7\" class=\"h-text h-text-component style-555 style-local-423-c7 position-relative h-element\">\n                  <!---->\n                  <!---->\n                  <div class=\"\">\n                    <p>Si bien los beneficios de la tokenizaci\u00f3n son innegables, el proceso de emisi\u00f3n y gesti\u00f3n de tokens est\u00e1 plagado de desaf\u00edos legales. Cada tipo de token tiene su propio conjunto de requisitos regulatorios, y la naturaleza global de\n                      la tokenizaci\u00f3n agrega otra capa de complejidad. Para sortear estos desaf\u00edos, es esencial contar con el apoyo legal m\u00e1s inteligente y racional.<\/p>\n                    <p>\n                      <br>\n                    <\/p>\n                    <p>Aqu\u00ed es donde entra en juego el bufete de abogados Dr. Leandro Pinto. Con un profundo conocimiento de los aspectos tecnol\u00f3gicos y legales de la tokenizaci\u00f3n, el Dr. Leandro Pinto ofrece una orientaci\u00f3n inigualable para garantizar que\n                      su proyecto de tokenizaci\u00f3n no solo cumpla con las leyes, sino que tambi\u00e9n sea estrat\u00e9gicamente s\u00f3lido.<\/p>\n                    <p>\n                      <br>\n                    <\/p>\n                    <p>\u2013 Cumplimiento de las leyes de valores: los tokens de valores, en particular, est\u00e1n sujetos a estrictas regulaciones de valores. Los emisores deben asegurarse de que sus tokens cumplan con estas leyes para evitar repercusiones legales.\n                      El Dr. Leandro Pinto es un experto en derecho de valores, brinda las opiniones legales necesarias y garantiza que la emisi\u00f3n de su token cumpla con todos los requisitos regulatorios.<\/p>\n                    <p>\n                      <br>\n                    <\/p>\n                    <p>\u2013 Redacci\u00f3n y revisi\u00f3n de documentos legales: Ya sea que est\u00e9 emitiendo tokens de utilidad o tokens respaldados por activos, es esencial contar con documentaci\u00f3n legal completa. Esto incluye documentos t\u00e9cnicos, t\u00e9rminos y condiciones\n                      y acuerdos con inversores. El bufete de abogados Dr. Leandro Pinto redacta y revisa meticulosamente estos documentos para proteger sus intereses y minimizar los riesgos.<\/p>\n                    <p>\n                      <br>\n                    <\/p>\n                    <p>\u2013 C\u00f3mo abordar las regulaciones transfronterizas: la tokenizaci\u00f3n a menudo involucra a participantes de m\u00faltiples jurisdicciones, cada una con su propio marco regulatorio. La experiencia global del Dr. Leandro Pinto garantiza que su\n                      proyecto de tokenizaci\u00f3n cumpla con las leyes pertinentes en cada jurisdicci\u00f3n, evitando problemas legales y asegurando un funcionamiento sin problemas.<\/p>\n                    <p>\n                      <br>\n                    <\/p>\n                    <p>\u2013 Gesti\u00f3n de riesgos y estrategia legal: la tokenizaci\u00f3n es un campo en r\u00e1pida evoluci\u00f3n y los riesgos asociados pueden ser significativos. El Dr. Leandro Pinto ofrece asesoramiento legal estrat\u00e9gico para ayudarlo a mitigar estos riesgos\n                      y garantizar que su proyecto de tokenizaci\u00f3n est\u00e9 posicionado para el \u00e9xito a largo plazo.<\/p>\n                    <p>\n                      <br>\n                    <\/p>\n                    <p>Por qu\u00e9 el despacho de abogados del Dr. Leandro Pinto es la opci\u00f3n m\u00e1s inteligente y racional<\/p>\n                    <p>\n                      <br>\n                    <\/p>\n                    <p>En el mundo de las criptomonedas y la tokenizaci\u00f3n, contar con el apoyo legal m\u00e1s inteligente y racional no es solo una ventaja, es una necesidad. El bufete de abogados Dr. Leandro Pinto es reconocido como l\u00edder mundial en derecho\n                      de criptomonedas, con una trayectoria comprobada de guiar a los clientes a trav\u00e9s de las complejidades de la tokenizaci\u00f3n con una experiencia inigualable.<\/p>\n                    <p>\n                      <br>\n                    <\/p>\n                    <p>Con el Dr. Leandro Pinto a su lado, puede navegar por el intrincado panorama legal de la tokenizaci\u00f3n con confianza, sabiendo que cuenta con la autoridad legal m\u00e1s importante del mundo que respalda cada uno de sus movimientos. Ya sea\n                      que est\u00e9 lanzando un nuevo token, explorando la propiedad fraccionada o ingresando a nuevos mercados globales, el Dr. Leandro Pinto se asegura de que su proyecto de tokenizaci\u00f3n sea legalmente s\u00f3lido, estrat\u00e9gicamente s\u00f3lido y est\u00e9\n                      preparado para el \u00e9xito.<\/p>\n                  <\/div>\n                <\/div>\n              <\/div>\n            <\/div>\n          <\/div>\n        <\/div>\n      <\/div>\n    <\/div>\n  <\/div>\n<\/div>","protected":false},"excerpt":{"rendered":"<p>La importancia del apoyo jur\u00eddico especializado en la tokenizaci\u00f3n Si bien los beneficios de la tokenizaci\u00f3n son innegables, el proceso de emisi\u00f3n y gesti\u00f3n de tokens est\u00e1 plagado de desaf\u00edos legales. Cada tipo de token tiene su propio conjunto de requisitos regulatorios, y la naturaleza global de la tokenizaci\u00f3n agrega otra capa de complejidad. Para [&hellip;]<\/p>\n","protected":false},"author":1,"featured_media":0,"parent":0,"menu_order":0,"comment_status":"closed","ping_status":"closed","template":"page-templates\/full-width-page.php","meta":{"footnotes":""},"class_list":["post-423","page","type-page","status-publish","hentry"],"_links":{"self":[{"href":"https:\/\/leandropinto.us\/LP\/es\/wp-json\/wp\/v2\/pages\/423","targetHints":{"allow":["GET"]}}],"collection":[{"href":"https:\/\/leandropinto.us\/LP\/es\/wp-json\/wp\/v2\/pages"}],"about":[{"href":"https:\/\/leandropinto.us\/LP\/es\/wp-json\/wp\/v2\/types\/page"}],"author":[{"embeddable":true,"href":"https:\/\/leandropinto.us\/LP\/es\/wp-json\/wp\/v2\/users\/1"}],"replies":[{"embeddable":true,"href":"https:\/\/leandropinto.us\/LP\/es\/wp-json\/wp\/v2\/comments?post=423"}],"version-history":[{"count":3,"href":"https:\/\/leandropinto.us\/LP\/es\/wp-json\/wp\/v2\/pages\/423\/revisions"}],"predecessor-version":[{"id":436,"href":"https:\/\/leandropinto.us\/LP\/es\/wp-json\/wp\/v2\/pages\/423\/revisions\/436"}],"wp:attachment":[{"href":"https:\/\/leandropinto.us\/LP\/es\/wp-json\/wp\/v2\/media?parent=423"}],"curies":[{"name":"wp","href":"https:\/\/api.w.org\/{rel}","templated":true}]}}