{"id":398,"date":"2024-09-09T13:15:21","date_gmt":"2024-09-09T13:15:21","guid":{"rendered":"https:\/\/leandropinto.us\/LP\/es\/?page_id=398"},"modified":"2024-09-09T14:14:42","modified_gmt":"2024-09-09T14:14:42","slug":"tokens","status":"publish","type":"page","link":"https:\/\/leandropinto.us\/LP\/es\/tokens\/","title":{"rendered":"TOKENS"},"content":{"rendered":"<div data-colibri-id=\"398-c1\" class=\"style-542 style-local-398-c1 position-relative\">\n  <!---->\n  <div data-colibri-component=\"section\" data-colibri-id=\"398-c2\" id=\"overlappable\" class=\"h-section h-section-global-spacing d-flex align-items-lg-center align-items-md-center align-items-center style-543 style-local-398-c2 position-relative\">\n    <!---->\n    <!---->\n    <div class=\"h-section-grid-container h-section-boxed-container\">\n      <!---->\n      <div data-colibri-id=\"398-c3\" class=\"h-row-container gutters-row-lg-0 gutters-row-md-0 gutters-row-2 gutters-row-v-lg-0 gutters-row-v-md-0 gutters-row-v-2 style-544 style-local-398-c3 position-relative\">\n        <!---->\n        <div class=\"h-row justify-content-lg-center justify-content-md-center justify-content-center align-items-lg-stretch align-items-md-stretch align-items-stretch gutters-col-lg-0 gutters-col-md-0 gutters-col-2 gutters-col-v-lg-0 gutters-col-v-md-0 gutters-col-v-2\">\n          <!---->\n          <div class=\"h-column h-column-container d-flex h-col-lg-12 h-col-md-12 h-col-12 style-545-outer style-local-398-c4-outer\">\n            <div data-colibri-id=\"398-c4\" class=\"d-flex h-flex-basis h-column__inner h-px-lg-3 h-px-md-3 h-px-2 v-inner-lg-3 v-inner-md-3 v-inner-2 style-545 style-local-398-c4 position-relative\">\n              <!---->\n              <!---->\n              <div class=\"w-100 h-y-container h-column__content h-column__v-align flex-basis-100 align-self-lg-start align-self-md-start align-self-start\">\n                <!---->\n                <div data-colibri-id=\"398-c5\" class=\"h-icon style-546 style-local-398-c5 position-relative h-element\">\n                  <!----><span class=\"h-svg-icon h-icon__icon style-546-icon style-local-398-c5-icon\"><!--Icon by Font Awesome (https:\/\/fontawesome.com)-->\n    <svg version=\"1.1\" xmlns=\"http:\/\/www.w3.org\/2000\/svg\" xmlns:xlink=\"http:\/\/www.w3.org\/1999\/xlink\" id=\"bitcoin\" viewBox=\"0 0 1280 1896.0833\">\n      <path d=\"M1167 640q18 182-131 258 117 28 175 103t45 214q-7 71-32.5 125t-64.5 89-97 58.5-121.5 34.5-145.5 15v255H641v-251q-80 0-122-1v252H365v-255q-18 0-54-.5t-55-.5H56l31-183h111q50 0 58-51V900h16q-6-1-16-1V612q-13-68-89-68H56V380l212 1q64 0 97-1V128h154v247q82-2 122-2V128h154v252q79 7 140 22.5t113 45 82.5 78T1167 640zm-215 545q0-36-15-64t-37-46-57.5-30.5T777 1026t-74-9-69-3-64.5 1-47.5 1v338q8 0 37 .5t48 .5 53-1.5 58.5-4 57-8.5 55.5-14 47.5-21 39.5-30 24.5-40 9.5-51zm-71-476q0-33-12.5-58.5t-30.5-42-48-28-55-16.5-61.5-8-58-2.5-54 1-39.5.5v307q5 0 34.5.5t46.5 0 50-2 55-5.5 51.5-11 48.5-18.5 37-27 27-38.5 9-51z\"><\/path>\n    <\/svg><\/span><\/div>\n                <div data-colibri-id=\"398-c6\" class=\"h-global-transition-all h-heading style-547 style-local-398-c6 position-relative h-element\">\n                  <!---->\n                  <div class=\"h-heading__outer style-547 style-local-398-c6\">\n                    <!---->\n                    <!---->\n                    <h5 class=\"\">Entender los tokens y la tokenizaci\u00f3n: allanando el camino hacia un nuevo mundo con asesoramiento legal especializado<\/h5>\n                  <\/div>\n                <\/div>\n                <div data-colibri-id=\"398-c7\" class=\"h-text h-text-component style-548 style-local-398-c7 position-relative h-element\">\n                  <!---->\n                  <!---->\n                  <div class=\"\">\n                    <p>En el panorama de r\u00e1pida evoluci\u00f3n de las finanzas digitales, el concepto de tokens y el fen\u00f3meno m\u00e1s amplio de la tokenizaci\u00f3n representan un cambio significativo en la forma en que se definen, poseen e intercambian los activos. A\n                      medida que se desarrolla este nuevo mundo, las oportunidades de innovaci\u00f3n son enormes, pero tambi\u00e9n lo son las complejidades. Para sortear estas complejidades con \u00e9xito se requiere no solo un profundo conocimiento de la tecnolog\u00eda,\n                      sino tambi\u00e9n el apoyo de un equipo legal excepcional. El Dr. Leandro Pinto, una de las principales autoridades mundiales en derecho de las criptomonedas, est\u00e1 listo para guiarlo a trav\u00e9s de este viaje transformador.<\/p>\n                    <p>\n                      <br>\n                    <\/p>\n                    <p>\u00bfQu\u00e9 son los tokens?<\/p>\n                    <p>\n                      <br>\n                    <\/p>\n                    <p>En esencia, un token es una representaci\u00f3n digital de un activo o una utilidad en particular, generalmente emitidos en una cadena de bloques. Los tokens pueden adoptar diversas formas y cumplir distintos prop\u00f3sitos, seg\u00fan su estructura\n                      subyacente y el ecosistema en el que operan. En general, existen tres tipos de tokens:<\/p>\n                    <p>\n                      <br>\n                    <\/p>\n                    <p>\u2013 Tokens de utilidad: estos tokens otorgan a sus titulares acceso a productos o servicios espec\u00edficos dentro de un ecosistema de blockchain. No est\u00e1n dise\u00f1ados para ser inversiones, sino que cumplen una funci\u00f3n dentro de la plataforma.\n                      Por ejemplo, los tokens de utilidad se pueden usar para pagar servicios en una aplicaci\u00f3n descentralizada (DApp) o para obtener acceso a funciones premium.<\/p>\n                    <p>\n                      <br>\n                    <\/p>\n                    <p>\u2013 Tokens de seguridad: a diferencia de los tokens de utilidad, los tokens de seguridad representan la propiedad de un activo subyacente, como acciones de una empresa o una participaci\u00f3n en una inversi\u00f3n inmobiliaria. Debido a que derivan\n                      su valor de un activo externo comercializable, los tokens de seguridad est\u00e1n sujetos a regulaciones de valores, lo que hace que su emisi\u00f3n y comercializaci\u00f3n sean m\u00e1s complejas y reguladas.<\/p>\n                    <p>\n                      <br>\n                    <\/p>\n                    <p>\u2013 Tokens respaldados por activos: estos tokens est\u00e1n vinculados al valor de activos del mundo real, como oro, bienes ra\u00edces o monedas fiduciarias. Los tokens respaldados por activos aportan liquidez a activos tradicionalmente il\u00edquidos\n                      al permitir la propiedad fraccionada, haci\u00e9ndolos m\u00e1s accesibles para una gama m\u00e1s amplia de inversores.<\/p>\n                    <p>\n                      <br>\n                    <\/p>\n                    <p>El poder de la tokenizaci\u00f3n<\/p>\n                    <p>\n                      <br>\n                    <\/p>\n                    <p>La tokenizaci\u00f3n es el proceso de convertir los derechos sobre un activo en un token digital en una cadena de bloques. Este concepto innovador tiene el potencial de revolucionar varios sectores, incluidos el financiero, el inmobiliario\n                      e incluso el art\u00edstico, al introducir nuevos niveles de accesibilidad, transparencia y eficiencia.<\/p>\n                    <p>\n                      <br>\n                    <\/p>\n                    <p>\u2013 Propiedad fraccionada: uno de los aspectos m\u00e1s transformadores de la tokenizaci\u00f3n es su capacidad de dividir la propiedad de un activo en partes m\u00e1s peque\u00f1as y manejables. Este modelo de propiedad fraccionada permite a los inversores\n                      comprar una parte de un activo (ya sea un bien inmueble, obras de arte o materias primas) sin necesidad de adquirir el activo entero. Esto democratiza las oportunidades de inversi\u00f3n, permitiendo que una base m\u00e1s amplia de personas\n                      participe en mercados que antes estaban fuera de su alcance.<\/p>\n                    <p>\n                      <br>\n                    <\/p>\n                    <p>\u2013 Mayor liquidez: Tradicionalmente, los activos como los bienes inmuebles o los objetos de colecci\u00f3n son il\u00edquidos, lo que significa que no se pueden vender o intercambiar f\u00e1cilmente por dinero en efectivo. La tokenizaci\u00f3n cambia esto\n                      al crear un mercado secundario donde los activos tokenizados se pueden comercializar las 24 horas del d\u00eda, los 7 d\u00edas de la semana, lo que aumenta la liquidez y facilita que los inversores ingresen y salgan de posiciones.<\/p>\n                    <p>\n                      <br>\n                    <\/p>\n                    <p>\u2013 Mayor transparencia y seguridad: la tecnolog\u00eda blockchain, que sustenta la tokenizaci\u00f3n, ofrece una transparencia y seguridad incomparables. Cada transacci\u00f3n que involucra un activo tokenizado se registra en un libro de contabilidad\n                      p\u00fablico, lo que proporciona un registro claro e inmutable de la propiedad. Esta transparencia reduce el riesgo de fraude y mejora la confianza entre los participantes del ecosistema.<\/p>\n                    <p>\n                      <br>\n                    <\/p>\n                    <p>\u2013 Alcance y acceso global: la tokenizaci\u00f3n trasciende las fronteras geogr\u00e1ficas, lo que permite que los activos se comercialicen y posean en todo el mundo. Esto abre nuevos mercados para los propietarios de activos y brinda a los inversores\n                      acceso a una gama m\u00e1s diversa de oportunidades. La naturaleza global de la tokenizaci\u00f3n tambi\u00e9n ayuda a eliminar las barreras relacionadas con la conversi\u00f3n de divisas, las regulaciones transfronterizas y otros obst\u00e1culos tradicionales.<\/p>\n                  <\/div>\n                <\/div>\n              <\/div>\n            <\/div>\n          <\/div>\n        <\/div>\n      <\/div>\n    <\/div>\n  <\/div>\n<\/div>","protected":false},"excerpt":{"rendered":"<p>Entender los tokens y la tokenizaci\u00f3n: allanando el camino hacia un nuevo mundo con asesoramiento legal especializado En el panorama de r\u00e1pida evoluci\u00f3n de las finanzas digitales, el concepto de tokens y el fen\u00f3meno m\u00e1s amplio de la tokenizaci\u00f3n representan un cambio significativo en la forma en que se definen, poseen e intercambian los activos. [&hellip;]<\/p>\n","protected":false},"author":1,"featured_media":0,"parent":0,"menu_order":0,"comment_status":"closed","ping_status":"closed","template":"page-templates\/full-width-page.php","meta":{"footnotes":""},"class_list":["post-398","page","type-page","status-publish","hentry"],"_links":{"self":[{"href":"https:\/\/leandropinto.us\/LP\/es\/wp-json\/wp\/v2\/pages\/398","targetHints":{"allow":["GET"]}}],"collection":[{"href":"https:\/\/leandropinto.us\/LP\/es\/wp-json\/wp\/v2\/pages"}],"about":[{"href":"https:\/\/leandropinto.us\/LP\/es\/wp-json\/wp\/v2\/types\/page"}],"author":[{"embeddable":true,"href":"https:\/\/leandropinto.us\/LP\/es\/wp-json\/wp\/v2\/users\/1"}],"replies":[{"embeddable":true,"href":"https:\/\/leandropinto.us\/LP\/es\/wp-json\/wp\/v2\/comments?post=398"}],"version-history":[{"count":5,"href":"https:\/\/leandropinto.us\/LP\/es\/wp-json\/wp\/v2\/pages\/398\/revisions"}],"predecessor-version":[{"id":550,"href":"https:\/\/leandropinto.us\/LP\/es\/wp-json\/wp\/v2\/pages\/398\/revisions\/550"}],"wp:attachment":[{"href":"https:\/\/leandropinto.us\/LP\/es\/wp-json\/wp\/v2\/media?parent=398"}],"curies":[{"name":"wp","href":"https:\/\/api.w.org\/{rel}","templated":true}]}}