{"id":218,"date":"2024-08-29T17:21:47","date_gmt":"2024-08-29T17:21:47","guid":{"rendered":"https:\/\/leandropinto.us\/LP\/es\/?page_id=218"},"modified":"2024-08-29T17:31:17","modified_gmt":"2024-08-29T17:31:17","slug":"servicios-de-patrimonio-privado","status":"publish","type":"page","link":"https:\/\/leandropinto.us\/LP\/es\/servicios-de-patrimonio-privado\/","title":{"rendered":"Servicios de patrimonio privado"},"content":{"rendered":"<div data-colibri-id=\"218-c1\" class=\"style-496 style-local-218-c1 position-relative\">\n  <!---->\n  <div data-colibri-component=\"section\" data-colibri-id=\"218-c2\" id=\"content\" class=\"h-section h-section-global-spacing d-flex align-items-lg-center align-items-md-center align-items-center style-497 style-local-218-c2 position-relative\">\n    <!---->\n    <!---->\n    <div class=\"h-section-grid-container h-section-boxed-container\">\n      <div data-colibri-id=\"218-c6\" class=\"h-row-container gutters-row-lg-2 gutters-row-md-2 gutters-row-2 gutters-row-v-lg-2 gutters-row-v-md-2 gutters-row-v-2 style-501 style-local-218-c6 position-relative\">\n        <!---->\n        <div class=\"h-row justify-content-lg-center justify-content-md-center justify-content-center align-items-lg-stretch align-items-md-stretch align-items-stretch gutters-col-lg-2 gutters-col-md-2 gutters-col-2 gutters-col-v-lg-2 gutters-col-v-md-2 gutters-col-v-2\">\n          <!---->\n          <div class=\"h-column h-column-container d-flex h-col-lg-auto h-col-md-auto h-col-auto style-502-outer style-local-218-c7-outer\">\n            <div data-colibri-id=\"218-c7\" class=\"d-flex h-flex-basis h-column__inner h-px-lg-2 h-px-md-2 h-px-0 v-inner-lg-2 v-inner-md-2 v-inner-0 style-502 style-local-218-c7 position-relative\">\n              <!---->\n              <!---->\n              <div class=\"w-100 h-y-container h-column__content h-column__v-align flex-basis-100 align-self-lg-start align-self-md-start align-self-start\">\n                <!---->\n                <div data-colibri-id=\"218-c8\" class=\"h-global-transition-all h-heading style-503 style-local-218-c8 position-relative h-element\">\n                  <!---->\n                  <div class=\"h-heading__outer style-503 style-local-218-c8\">\n                    <!---->\n                    <!---->\n                    <h2 class=\"\">Servicios de patrimonio privado<\/h2>\n                  <\/div>\n                <\/div>\n                <div data-colibri-id=\"218-c9\" class=\"h-lead h-text h-text-component style-504 style-local-218-c9 position-relative h-element\">\n                  <!---->\n                  <!---->\n                  <div class=\"\">\n                    <p>El equipo de servicios de capital privado de LEANDRO PINTO LAW FIRM tiene la experiencia y el alcance internacional necesarios para garantizar que sus activos globales sean gestionados, protegidos, preservados y administrados de acuerdo\n                      con sus expectativas y objetivos estrat\u00e9gicos.<\/p>\n                    <p>Trabajando junto con sus consultores, desarrollamos un servicio personalizado que satisfaga sus necesidades espec\u00edficas. Te beneficiar\u00e1s de una gesti\u00f3n eficiente de tus activos que cumpla con la normativa vigente. Nuestro equipo se\n                      adapta r\u00e1pidamente a circunstancias particulares y condiciones regulatorias en evoluci\u00f3n.<\/p>\n                  <\/div>\n                <\/div>\n              <\/div>\n            <\/div>\n          <\/div>\n        <\/div>\n      <\/div>\n      <div data-colibri-id=\"218-c3\" class=\"h-row-container gutters-row-lg-2 gutters-row-md-2 gutters-row-2 gutters-row-v-lg-2 gutters-row-v-md-2 gutters-row-v-2 style-498 style-local-218-c3 position-relative\">\n        <!---->\n        <div class=\"h-row justify-content-lg-center justify-content-md-center justify-content-center align-items-lg-stretch align-items-md-stretch align-items-stretch gutters-col-lg-2 gutters-col-md-2 gutters-col-2 gutters-col-v-lg-2 gutters-col-v-md-2 gutters-col-v-2\">\n          <!---->\n          <div class=\"h-column h-column-container d-flex h-col-lg-auto h-col-md-auto h-col-auto style-499-outer style-local-218-c4-outer\">\n            <div data-colibri-id=\"218-c4\" class=\"d-flex h-flex-basis h-column__inner h-px-lg-0 h-px-md-0 h-px-0 v-inner-lg-0 v-inner-md-0 v-inner-0 style-499 style-local-218-c4 position-relative\">\n              <!---->\n              <!---->\n              <div class=\"w-100 h-y-container h-column__content h-column__v-align flex-basis-100 align-self-lg-start align-self-md-start align-self-start\">\n                <!---->\n                <div data-colibri-id=\"218-c5\" class=\"d-block style-500 style-local-218-c5 position-relative h-element\">\n                  <!---->\n                  <div class=\"h-image__frame-container-outer\">\n                    <div class=\"h-image__frame-container\">\n                      <!---->\n                      <!---->\n                      <img decoding=\"async\" width=\"680\" height=\"340\" data-src=\"http:\/\/leandropinto.us\/LP\/es\/wp-content\/uploads\/sites\/6\/2024\/08\/cropped-Screenshot-2024-08-28-at-15-39-18-Private-Equity-Services-\u2013-DR-LEANDRO-PINTO-LAW-FIRM.png\" class=\"wp-image-220 style-500-image style-local-218-c5-image lazyload\" alt=\"\" data-srcset=\"https:\/\/leandropinto.us\/LP\/es\/wp-content\/uploads\/sites\/6\/2024\/08\/cropped-Screenshot-2024-08-28-at-15-39-18-Private-Equity-Services-\u2013-DR-LEANDRO-PINTO-LAW-FIRM.png 680w, https:\/\/leandropinto.us\/LP\/es\/wp-content\/uploads\/sites\/6\/2024\/08\/cropped-Screenshot-2024-08-28-at-15-39-18-Private-Equity-Services-\u2013-DR-LEANDRO-PINTO-LAW-FIRM-300x150.png 300w\" data-sizes=\"(max-width: 680px) 100vw, 680px\" src=\"data:image\/svg+xml;base64,PHN2ZyB3aWR0aD0iMSIgaGVpZ2h0PSIxIiB4bWxucz0iaHR0cDovL3d3dy53My5vcmcvMjAwMC9zdmciPjwvc3ZnPg==\" style=\"--smush-placeholder-width: 680px; --smush-placeholder-aspect-ratio: 680\/340;\" \/>\n                      <div class=\"h-image__frame style-500-frameImage style-local-218-c5-frameImage\"><\/div>\n                    <\/div>\n                  <\/div>\n                <\/div>\n              <\/div>\n            <\/div>\n          <\/div>\n        <\/div>\n      <\/div>\n    <\/div>\n  <\/div>\n<\/div>","protected":false},"excerpt":{"rendered":"<p>Servicios de patrimonio privado El equipo de servicios de capital privado de LEANDRO PINTO LAW FIRM tiene la experiencia y el alcance internacional necesarios para garantizar que sus activos globales sean gestionados, protegidos, preservados y administrados de acuerdo con sus expectativas y objetivos estrat\u00e9gicos. Trabajando junto con sus consultores, desarrollamos un servicio personalizado que satisfaga [&hellip;]<\/p>\n","protected":false},"author":1,"featured_media":0,"parent":0,"menu_order":0,"comment_status":"closed","ping_status":"closed","template":"page-templates\/full-width-page.php","meta":{"footnotes":""},"class_list":["post-218","page","type-page","status-publish","hentry"],"_links":{"self":[{"href":"https:\/\/leandropinto.us\/LP\/es\/wp-json\/wp\/v2\/pages\/218","targetHints":{"allow":["GET"]}}],"collection":[{"href":"https:\/\/leandropinto.us\/LP\/es\/wp-json\/wp\/v2\/pages"}],"about":[{"href":"https:\/\/leandropinto.us\/LP\/es\/wp-json\/wp\/v2\/types\/page"}],"author":[{"embeddable":true,"href":"https:\/\/leandropinto.us\/LP\/es\/wp-json\/wp\/v2\/users\/1"}],"replies":[{"embeddable":true,"href":"https:\/\/leandropinto.us\/LP\/es\/wp-json\/wp\/v2\/comments?post=218"}],"version-history":[{"count":6,"href":"https:\/\/leandropinto.us\/LP\/es\/wp-json\/wp\/v2\/pages\/218\/revisions"}],"predecessor-version":[{"id":260,"href":"https:\/\/leandropinto.us\/LP\/es\/wp-json\/wp\/v2\/pages\/218\/revisions\/260"}],"wp:attachment":[{"href":"https:\/\/leandropinto.us\/LP\/es\/wp-json\/wp\/v2\/media?parent=218"}],"curies":[{"name":"wp","href":"https:\/\/api.w.org\/{rel}","templated":true}]}}