{"id":207,"date":"2024-08-29T17:16:50","date_gmt":"2024-08-29T17:16:50","guid":{"rendered":"https:\/\/leandropinto.us\/LP\/es\/?page_id=207"},"modified":"2024-08-29T17:21:15","modified_gmt":"2024-08-29T17:21:15","slug":"servicios-de-fondo","status":"publish","type":"page","link":"https:\/\/leandropinto.us\/LP\/es\/servicios-de-fondo\/","title":{"rendered":"SERVICIOS DE FONDO"},"content":{"rendered":"<div data-colibri-id=\"207-c1\" class=\"style-478 style-local-207-c1 position-relative\">\n  <!---->\n  <div data-colibri-component=\"section\" data-colibri-id=\"207-c2\" id=\"custom\" class=\"h-section h-section-global-spacing d-flex align-items-lg-center align-items-md-center align-items-center style-479 style-local-207-c2 position-relative\">\n    <!---->\n    <!---->\n    <div class=\"h-section-grid-container h-section-boxed-container\">\n      <!---->\n      <div data-colibri-id=\"207-c5\" class=\"h-row-container gutters-row-lg-2 gutters-row-md-2 gutters-row-0 gutters-row-v-lg-2 gutters-row-v-md-2 gutters-row-v-2 style-482 style-local-207-c5 position-relative\">\n        <!---->\n        <div class=\"h-row justify-content-lg-center justify-content-md-center justify-content-center align-items-lg-stretch align-items-md-stretch align-items-stretch gutters-col-lg-2 gutters-col-md-2 gutters-col-0 gutters-col-v-lg-2 gutters-col-v-md-2 gutters-col-v-2\">\n          <!---->\n          <div class=\"h-column h-column-container d-flex h-col-lg-auto h-col-md-auto h-col-auto style-483-outer style-local-207-c6-outer\">\n            <div data-colibri-id=\"207-c6\" class=\"d-flex h-flex-basis h-column__inner h-px-lg-2 h-px-md-2 h-px-2 v-inner-lg-2 v-inner-md-2 v-inner-2 style-483 style-local-207-c6 position-relative\">\n              <!---->\n              <!---->\n              <div class=\"w-100 h-y-container h-column__content h-column__v-align flex-basis-100 align-self-lg-start align-self-md-start align-self-start\">\n                <!---->\n                <div data-colibri-id=\"207-c7\" class=\"h-text h-text-component style-484 style-local-207-c7 position-relative h-element\">\n                  <!---->\n                  <!---->\n                  <div class=\"\">\n                    <p> Brindamos soporte a los administradores de fondos a trav\u00e9s de nuestros equipos de expertos en 86 jurisdicciones alrededor del mundo.<\/p>\n                    <p>Nuestras soluciones de servicios de fondos globales est\u00e1n personalizadas para cada cliente y administradas localmente por expertos que hablan su idioma.<\/p>\n                    <h1> Nuestra soluci\u00f3n de financiaci\u00f3n<\/h1>\n                    <p> <\/p>\n                    <p> <\/p>\n                    <h2> Brindamos soporte integral a nuestros clientes dondequiera que operen, independientemente de d\u00f3nde est\u00e9 invertido su capital.<\/h2>\n                    <p>Nuestras soluciones para gestores cubren todo el ciclo de vida de su fondo. Le ayudaremos a ejecutar su estrategia y expandir su empresa en cada etapa:<\/p>\n                    <ul>\n                      <li>Establezca sus entidades de fondos y obtenga capital<\/li>\n                      <li>Adquisici\u00f3n y estructuraci\u00f3n de activos<\/li>\n                      <li>Preparar informes precisos sobre cuentas y socios comanditarios (LP)<\/li>\n                      <li>Servicios recurrentes y ad hoc<\/li>\n                    <\/ul>\n                    <p>\n                      <br>\n                    <\/p>\n                  <\/div>\n                <\/div>\n              <\/div>\n            <\/div>\n          <\/div>\n        <\/div>\n      <\/div>\n    <\/div>\n  <\/div>\n  <div data-colibri-component=\"section\" data-colibri-id=\"207-c8\" id=\"content\" class=\"h-section h-section-global-spacing d-flex align-items-lg-center align-items-md-center align-items-center style-485 style-local-207-c8 h-overflow-hidden position-relative\">\n    <!---->\n    <!---->\n    <div class=\"h-section-grid-container h-section-fluid-container\">\n      <!---->\n      <div data-colibri-id=\"207-c9\" class=\"h-row-container gutters-row-lg-0 gutters-row-md-0 gutters-row-2 gutters-row-v-lg-0 gutters-row-v-md-0 gutters-row-v-2 style-486 style-local-207-c9 position-relative\">\n        <!---->\n        <div class=\"h-row justify-content-lg-center justify-content-md-center justify-content-center align-items-lg-stretch align-items-md-stretch align-items-stretch gutters-col-lg-0 gutters-col-md-0 gutters-col-2 gutters-col-v-lg-0 gutters-col-v-md-0 gutters-col-v-2\">\n          <!---->\n          <div class=\"h-column h-column-container d-flex h-col-lg-auto h-col-md-auto h-col-auto style-487-outer style-local-207-c10-outer\">\n            <div data-colibri-id=\"207-c10\" class=\"d-flex h-flex-basis h-column__inner h-ui-empty-state-container h-px-lg-0 h-px-md-0 h-px-0 v-inner-lg-0 v-inner-md-0 v-inner-0 style-487 style-local-207-c10 position-relative\">\n              <!---->\n              <!---->\n              <div class=\"w-100 h-y-container h-column__content h-column__v-align flex-basis-100\">\n                <!---->\n              <\/div>\n            <\/div>\n          <\/div>\n          <div class=\"h-column h-column-container d-flex h-col-lg-auto h-col-md-auto h-col-auto style-488-outer style-local-207-c11-outer\">\n            <div data-colibri-id=\"207-c11\" class=\"d-flex h-flex-basis h-column__inner h-px-lg-0 h-px-md-0 h-px-0 v-inner-lg-0 v-inner-md-0 v-inner-0 style-488 style-local-207-c11 position-relative\">\n              <!---->\n              <!---->\n              <div class=\"w-100 h-y-container h-column__content h-column__v-align flex-basis-100 align-self-lg-start align-self-md-start align-self-start\">\n                <!---->\n                <div data-colibri-id=\"207-c12\" class=\"h-global-transition-all h-heading style-489 style-local-207-c12 position-relative h-element\">\n                  <!---->\n                  <div class=\"h-heading__outer style-489 style-local-207-c12\">\n                    <!---->\n                    <!---->\n                    <h4 class=\"\">\u00bfC\u00f3mo podemos ayudarte?<\/h4>\n                  <\/div>\n                <\/div>\n                <div data-colibri-id=\"207-c15\" class=\"h-row-container gutters-row-lg-2 gutters-row-md-2 gutters-row-0 gutters-row-v-lg-2 gutters-row-v-md-2 gutters-row-v-0 style-492 style-local-207-c15 position-relative\">\n                  <!---->\n                  <div class=\"h-row justify-content-lg-center justify-content-md-center justify-content-center align-items-lg-stretch align-items-md-stretch align-items-stretch gutters-col-lg-2 gutters-col-md-2 gutters-col-0 gutters-col-v-lg-2 gutters-col-v-md-2 gutters-col-v-0\">\n                    <!---->\n                    <div class=\"h-column h-column-container d-flex h-col-lg-6 h-col-md-6 h-col-6 style-493-outer style-local-207-c16-outer\">\n                      <div data-colibri-id=\"207-c16\" class=\"d-flex h-flex-basis h-column__inner h-px-lg-0 h-px-md-0 h-px-2 v-inner-lg-0 v-inner-md-0 v-inner-2 style-493 style-local-207-c16 position-relative\">\n                        <!---->\n                        <!---->\n                        <div class=\"w-100 h-y-container h-column__content h-column__v-align flex-basis-100 align-self-lg-start align-self-md-start align-self-start\">\n                          <!---->\n                          <div data-colibri-id=\"207-c17\" class=\"h-global-transition-all h-heading style-494 style-local-207-c17 position-relative h-element\">\n                            <!---->\n                            <div class=\"h-heading__outer style-494 style-local-207-c17\">\n                              <!---->\n                              <!---->\n                              <h5 class=\"\"> Seg\u00fan la directriz<\/h5>\n                            <\/div>\n                          <\/div>\n                          <div data-colibri-id=\"207-c18\" class=\"h-text h-text-component style-495 style-local-207-c18 position-relative h-element\">\n                            <!---->\n                            <!---->\n                            <div class=\"\">\n                              <p>Seg\u00fan la Directiva Europea de Gestores de Fondos de Inversi\u00f3n Alternativa (AIFMD), un fondo establecido o comercializado en la Uni\u00f3n Europea debe designar un AIFM, tambi\u00e9n conocido como \u201cManCo\u201d, para proporcionar servicios\n                                detallados de gesti\u00f3n de riesgos y cartera.<\/p>\n                              <p>Tenemos licencia para ofrecer servicios externos, desde AIFM hasta fondos, a trav\u00e9s de estructuras de clientes dedicadas. Estos servicios incluyen demandas administrativas de cartera y gesti\u00f3n de riesgos, donde nuestros expertos\n                                establecen el perfil de riesgo para cada FIA y garantizan que usted cumplir\u00e1 con todos los requisitos.&nbsp;<\/p>\n                              <p>Tambi\u00e9n respaldamos sus actividades de distribuci\u00f3n y marketing y elaboramos informes del Anexo IV, as\u00ed como otros servicios auxiliares, para que pueda maximizar su capacidad de llegar a inversores europeos.<\/p>\n                            <\/div>\n                          <\/div>\n                        <\/div>\n                      <\/div>\n                    <\/div>\n                    <div class=\"h-column h-column-container d-flex h-col-lg-6 h-col-md-6 h-col-6 style-493-outer style-local-207-c19-outer\">\n                      <div data-colibri-id=\"207-c19\" class=\"d-flex h-flex-basis h-column__inner h-px-lg-0 h-px-md-0 h-px-2 v-inner-lg-0 v-inner-md-0 v-inner-2 style-493 style-local-207-c19 position-relative\">\n                        <!---->\n                        <!---->\n                        <div class=\"w-100 h-y-container h-column__content h-column__v-align flex-basis-100 align-self-lg-start align-self-md-start align-self-start\">\n                          <!---->\n                          <div data-colibri-id=\"207-c20\" class=\"h-global-transition-all h-heading style-494 style-local-207-c20 position-relative h-element\">\n                            <!---->\n                            <div class=\"h-heading__outer style-494 style-local-207-c20\">\n                              <!---->\n                              <!---->\n                              <h5 class=\"\">Gesti\u00f3n de activos<\/h5>\n                            <\/div>\n                          <\/div>\n                          <div data-colibri-id=\"207-c21\" class=\"h-text h-text-component style-495 style-local-207-c21 position-relative h-element\">\n                            <!---->\n                            <!---->\n                            <div class=\"\">\n                              <p>Ya sea para mantenerlo cumpliendo con toda la gama de regulaciones, brindarle soluciones de contabilidad corporativa o ayudarlo a identificar nuevas oportunidades, ofrecemos un paquete completo de servicios cuando se trata\n                                de sus demandas de gesti\u00f3n de activos.&nbsp;<\/p>\n                            <\/div>\n                          <\/div>\n                        <\/div>\n                      <\/div>\n                    <\/div>\n                    <div class=\"h-column h-column-container d-flex h-col-lg-6 h-col-md-6 h-col-6 style-493-outer style-local-207-c22-outer\">\n                      <div data-colibri-id=\"207-c22\" class=\"d-flex h-flex-basis h-column__inner h-px-lg-0 h-px-md-0 h-px-2 v-inner-lg-0 v-inner-md-0 v-inner-2 style-493 style-local-207-c22 position-relative\">\n                        <!---->\n                        <!---->\n                        <div class=\"w-100 h-y-container h-column__content h-column__v-align flex-basis-100 align-self-lg-start align-self-md-start align-self-start\">\n                          <!---->\n                          <div data-colibri-id=\"207-c23\" class=\"h-global-transition-all h-heading style-494 style-local-207-c23 position-relative h-element\">\n                            <!---->\n                            <div class=\"h-heading__outer style-494 style-local-207-c23\">\n                              <!---->\n                              <!---->\n                              <h5 class=\"\">Servicios de deposito<\/h5>\n                            <\/div>\n                          <\/div>\n                          <div data-colibri-id=\"207-c24\" class=\"h-text h-text-component style-495 style-local-207-c24 position-relative h-element\">\n                            <!---->\n                            <!---->\n                            <div class=\"\">\n                              <p>Somos una empresa con licencia para actuar como depositario que sigue la Directiva Europea de Gestores de Fondos de Inversi\u00f3n Alternativos \u2013 AIFMD. Nuestros equipos experimentados y multiling\u00fces ofrecen servicios de custodia\n                                optimizados que ayudan a los administradores de fondos inmobiliarios a garantizar que sus estructuras cumplan con las normas para garantizar la protecci\u00f3n de los inversores.&nbsp;<\/p>\n                              <p>Proporcionamos monitoreo del flujo de caja para verificar que la contabilidad financiera se est\u00e9 realizando correctamente e identificar cualquier movimiento inconsistente. Llevamos a cabo todos los procesos obligatorios de\n                                debida diligencia y controles de propiedad de los activos tan pronto como surgen, manteniendo un registro actualizado de los activos del fondo.<\/p>\n                              <p>Tambi\u00e9n determinamos la exactitud de la distribuci\u00f3n de ingresos de los Fondos de Inversi\u00f3n Alternativos (AIF), supervisamos los procedimientos operativos apropiados, monitoreamos el cumplimiento de las restricciones de inversi\u00f3n\n                                y monitoreamos la validaci\u00f3n adecuada de unidades y acciones.&nbsp;<\/p>\n                            <\/div>\n                          <\/div>\n                        <\/div>\n                      <\/div>\n                    <\/div>\n                    <div class=\"h-column h-column-container d-flex h-col-lg-6 h-col-md-6 h-col-6 style-493-outer style-local-207-c25-outer\">\n                      <div data-colibri-id=\"207-c25\" class=\"d-flex h-flex-basis h-column__inner h-px-lg-0 h-px-md-0 h-px-2 v-inner-lg-0 v-inner-md-0 v-inner-2 style-493 style-local-207-c25 position-relative\">\n                        <!---->\n                        <!---->\n                        <div class=\"w-100 h-y-container h-column__content h-column__v-align flex-basis-100 align-self-lg-start align-self-md-start align-self-start\">\n                          <!---->\n                          <div data-colibri-id=\"207-c26\" class=\"h-global-transition-all h-heading style-494 style-local-207-c26 position-relative h-element\">\n                            <!---->\n                            <div class=\"h-heading__outer style-494 style-local-207-c26\">\n                              <!---->\n                              <!---->\n                              <h5 class=\"\">Servicios de administraci\u00f3n de fondos<\/h5>\n                            <\/div>\n                          <\/div>\n                          <div data-colibri-id=\"207-c27\" class=\"h-text h-text-component style-495 style-local-207-c27 position-relative h-element\">\n                            <!---->\n                            <!---->\n                            <div class=\"\">\n                              <p>Le ayudamos a crear fondos y otras entidades desde una perspectiva financiera, legal y de valores para minimizar riesgos y optimizar la gobernanza y el control.\n                                <br>\n                                <br>Nos encargamos de la gesti\u00f3n de fondos para que usted pueda centrarse en su negocio principal: ejecutar su estrategia de fon<\/p>\n                            <\/div>\n                          <\/div>\n                        <\/div>\n                      <\/div>\n                    <\/div>\n                  <\/div>\n                <\/div>\n              <\/div>\n            <\/div>\n          <\/div>\n        <\/div>\n      <\/div>\n    <\/div>\n  <\/div>\n<\/div>","protected":false},"excerpt":{"rendered":"<p>Brindamos soporte a los administradores de fondos a trav\u00e9s de nuestros equipos de expertos en 86 jurisdicciones alrededor del mundo. Nuestras soluciones de servicios de fondos globales est\u00e1n personalizadas para cada cliente y administradas localmente por expertos que hablan su idioma. Nuestra soluci\u00f3n de financiaci\u00f3n Brindamos soporte integral a nuestros clientes dondequiera que operen, independientemente [&hellip;]<\/p>\n","protected":false},"author":1,"featured_media":0,"parent":0,"menu_order":0,"comment_status":"closed","ping_status":"closed","template":"page-templates\/full-width-page.php","meta":{"footnotes":""},"class_list":["post-207","page","type-page","status-publish","hentry"],"_links":{"self":[{"href":"https:\/\/leandropinto.us\/LP\/es\/wp-json\/wp\/v2\/pages\/207","targetHints":{"allow":["GET"]}}],"collection":[{"href":"https:\/\/leandropinto.us\/LP\/es\/wp-json\/wp\/v2\/pages"}],"about":[{"href":"https:\/\/leandropinto.us\/LP\/es\/wp-json\/wp\/v2\/types\/page"}],"author":[{"embeddable":true,"href":"https:\/\/leandropinto.us\/LP\/es\/wp-json\/wp\/v2\/users\/1"}],"replies":[{"embeddable":true,"href":"https:\/\/leandropinto.us\/LP\/es\/wp-json\/wp\/v2\/comments?post=207"}],"version-history":[{"count":2,"href":"https:\/\/leandropinto.us\/LP\/es\/wp-json\/wp\/v2\/pages\/207\/revisions"}],"predecessor-version":[{"id":213,"href":"https:\/\/leandropinto.us\/LP\/es\/wp-json\/wp\/v2\/pages\/207\/revisions\/213"}],"wp:attachment":[{"href":"https:\/\/leandropinto.us\/LP\/es\/wp-json\/wp\/v2\/media?parent=207"}],"curies":[{"name":"wp","href":"https:\/\/api.w.org\/{rel}","templated":true}]}}