{"id":194,"date":"2024-08-29T17:12:03","date_gmt":"2024-08-29T17:12:03","guid":{"rendered":"https:\/\/leandropinto.us\/LP\/es\/?page_id=194"},"modified":"2024-08-29T17:15:49","modified_gmt":"2024-08-29T17:15:49","slug":"contabilidad-e-impuestos","status":"publish","type":"page","link":"https:\/\/leandropinto.us\/LP\/es\/contabilidad-e-impuestos\/","title":{"rendered":"Contabilidad e impuestos"},"content":{"rendered":"<div data-colibri-id=\"194-c1\" class=\"style-463 style-local-194-c1 position-relative\">\n  <!---->\n  <div data-colibri-component=\"section\" data-colibri-id=\"194-c2\" id=\"features\" class=\"h-section h-section-global-spacing d-flex align-items-lg-center align-items-md-center align-items-center style-464 style-local-194-c2 position-relative\">\n    <!---->\n    <!---->\n    <div class=\"h-section-grid-container h-section-boxed-container\">\n      <div data-colibri-id=\"194-c28\" class=\"h-row-container gutters-row-lg-2 gutters-row-md-2 gutters-row-0 gutters-row-v-lg-2 gutters-row-v-md-2 gutters-row-v-2 style-474 style-local-194-c28 position-relative\">\n        <!---->\n        <div class=\"h-row justify-content-lg-center justify-content-md-center justify-content-center align-items-lg-stretch align-items-md-stretch align-items-stretch gutters-col-lg-2 gutters-col-md-2 gutters-col-0 gutters-col-v-lg-2 gutters-col-v-md-2 gutters-col-v-2\">\n          <!---->\n          <div class=\"h-column h-column-container d-flex h-col-lg-auto h-col-md-auto h-col-auto style-475-outer style-local-194-c29-outer\">\n            <div data-colibri-id=\"194-c29\" class=\"d-flex h-flex-basis h-column__inner h-px-lg-2 h-px-md-2 h-px-2 v-inner-lg-2 v-inner-md-2 v-inner-2 style-475 style-local-194-c29 position-relative\">\n              <!---->\n              <!---->\n              <div class=\"w-100 h-y-container h-column__content h-column__v-align flex-basis-100 align-self-lg-start align-self-md-start align-self-start\">\n                <!---->\n                <div data-colibri-id=\"194-c30\" class=\"h-global-transition-all h-heading style-476 style-local-194-c30 position-relative h-element\">\n                  <!---->\n                  <div class=\"h-heading__outer style-476 style-local-194-c30\">\n                    <!---->\n                    <!---->\n                    <h2 class=\"\">Contabilidad e impuestos<\/h2>\n                  <\/div>\n                <\/div>\n                <div data-colibri-id=\"194-c31\" class=\"h-lead h-text h-text-component style-477 style-local-194-c31 position-relative h-element\">\n                  <!---->\n                  <!---->\n                  <div class=\"\">\n                    <p>LEANDRO PINTO LAW FIRM ofrece una gama completa de servicios contables y tributarios que aseguran el cumplimiento de los est\u00e1ndares locales e internacionales.<\/p>\n                    <p>Estamos preparados para apoyarte en todas las fases de tu transformaci\u00f3n financiera. Nuestros servicios incluyen soporte de contabilidad transaccional, contabilidad legal local, asistencia fiscal y soluciones de asesoramiento contable\n                      y fiscal, adaptadas para satisfacer las necesidades espec\u00edficas de su organizaci\u00f3n.<\/p>\n                  <\/div>\n                <\/div>\n              <\/div>\n            <\/div>\n          <\/div>\n        <\/div>\n      <\/div>\n      <div data-colibri-id=\"194-c3\" class=\"h-row-container gutters-row-lg-2 gutters-row-md-2 gutters-row-2 gutters-row-v-lg-2 gutters-row-v-md-2 gutters-row-v-2 style-465 style-local-194-c3 position-relative\">\n        <!---->\n        <div class=\"h-row justify-content-lg-center justify-content-md-center justify-content-center align-items-lg-stretch align-items-md-stretch align-items-stretch gutters-col-lg-2 gutters-col-md-2 gutters-col-2 gutters-col-v-lg-2 gutters-col-v-md-2 gutters-col-v-2\">\n          <!---->\n          <div class=\"h-column h-column-container d-flex h-col-lg-4 h-col-md-6 h-col-12 style-466-outer style-local-194-c4-outer\">\n            <div data-colibri-id=\"194-c4\" class=\"d-flex h-flex-basis h-column__inner h-px-lg-0 h-px-md-0 h-px-0 v-inner-lg-0 v-inner-md-0 v-inner-0 style-466 style-local-194-c4 position-relative\">\n              <!---->\n              <!---->\n              <div class=\"w-100 h-y-container h-column__content h-column__v-align flex-basis-100 align-self-lg-start align-self-md-start align-self-start\">\n                <!---->\n                <div data-colibri-id=\"194-c5\" class=\"d-block style-467 style-local-194-c5 position-relative h-element\">\n                  <!---->\n                  <div class=\"h-image__frame-container-outer\">\n                    <div class=\"h-image__frame-container\">\n                      <!---->\n                      <!---->\n                      <img decoding=\"async\" width=\"379\" height=\"379\" data-src=\"http:\/\/leandropinto.us\/LP\/es\/wp-content\/uploads\/sites\/6\/2024\/08\/cropped-Screenshot-2024-08-28-at-15-23-26-Accounting-and-taxes-\u2013-DR-LEANDRO-PINTO-LAW-FIRM.png\" class=\"wp-image-196 style-467-image style-local-194-c5-image lazyload\" alt=\"\" data-srcset=\"https:\/\/leandropinto.us\/LP\/es\/wp-content\/uploads\/sites\/6\/2024\/08\/cropped-Screenshot-2024-08-28-at-15-23-26-Accounting-and-taxes-\u2013-DR-LEANDRO-PINTO-LAW-FIRM.png 379w, https:\/\/leandropinto.us\/LP\/es\/wp-content\/uploads\/sites\/6\/2024\/08\/cropped-Screenshot-2024-08-28-at-15-23-26-Accounting-and-taxes-\u2013-DR-LEANDRO-PINTO-LAW-FIRM-300x300.png 300w, https:\/\/leandropinto.us\/LP\/es\/wp-content\/uploads\/sites\/6\/2024\/08\/cropped-Screenshot-2024-08-28-at-15-23-26-Accounting-and-taxes-\u2013-DR-LEANDRO-PINTO-LAW-FIRM-150x150.png 150w\" data-sizes=\"(max-width: 379px) 100vw, 379px\" src=\"data:image\/svg+xml;base64,PHN2ZyB3aWR0aD0iMSIgaGVpZ2h0PSIxIiB4bWxucz0iaHR0cDovL3d3dy53My5vcmcvMjAwMC9zdmciPjwvc3ZnPg==\" style=\"--smush-placeholder-width: 379px; --smush-placeholder-aspect-ratio: 379\/379;\" \/>\n                      <div class=\"h-image__frame h-hide-lg h-hide-md h-hide-sm style-467-frameImage style-local-194-c5-frameImage\"><\/div>\n                    <\/div>\n                  <\/div>\n                <\/div>\n                <div data-colibri-id=\"194-c6\" class=\"h-row-container gutters-row-lg-0 gutters-row-md-0 gutters-row-2 gutters-row-v-lg-0 gutters-row-v-md-0 gutters-row-v-2 style-468 style-local-194-c6 position-relative\">\n                  <!---->\n                  <div class=\"h-row justify-content-lg-center justify-content-md-center justify-content-center align-items-lg-stretch align-items-md-stretch align-items-stretch gutters-col-lg-0 gutters-col-md-0 gutters-col-2 gutters-col-v-lg-0 gutters-col-v-md-0 gutters-col-v-2\">\n                    <!---->\n                    <div class=\"h-column h-column-container d-flex h-col-lg-auto h-col-md-auto h-col-auto style-469-outer style-local-194-c7-outer\">\n                      <div data-colibri-id=\"194-c7\" class=\"d-flex h-flex-basis h-column__inner h-px-lg-2 h-px-md-3 h-px-2 v-inner-lg-2 v-inner-md-3 v-inner-2 style-469 style-local-194-c7 position-relative\">\n                        <!---->\n                        <!---->\n                        <div class=\"w-100 h-y-container h-column__content h-column__v-align flex-basis-100 align-self-lg-start align-self-md-start align-self-start\">\n                          <!---->\n                          <div data-colibri-id=\"194-c8\" class=\"h-global-transition-all h-heading style-470 style-local-194-c8 position-relative h-element\">\n                            <!---->\n                            <div class=\"h-heading__outer style-470 style-local-194-c8\">\n                              <!---->\n                              <!---->\n                              <h4 class=\"\">Servicios de contabilidad transaccional<\/h4>\n                            <\/div>\n                          <\/div>\n                          <div data-colibri-id=\"194-c9\" class=\"h-text h-text-component style-471 style-local-194-c9 position-relative h-element\">\n                            <!---->\n                            <!---->\n                            <div class=\"\">\n                              <p>Ofrecemos soporte contable completo para transacciones centralizadas y locales, cubriendo pagos, facturaci\u00f3n y cobros.<\/p>\n                              <ul>\n                                <li>Procesamiento de transacciones en sistemas locales.<\/li>\n                                <li>Procesamiento de transacciones en sistemas centralizados.<\/li>\n                                <li>Pagos<\/li>\n                                <li>Facturaci\u00f3n<\/li>\n                              <\/ul>\n                              <p>\n                                <br>\n                              <\/p>\n                            <\/div>\n                          <\/div>\n                        <\/div>\n                      <\/div>\n                    <\/div>\n                  <\/div>\n                <\/div>\n              <\/div>\n            <\/div>\n          <\/div>\n          <div class=\"h-column h-column-container d-flex h-col-lg-4 h-col-md-6 h-col-12 style-466-outer style-local-194-c12-outer\">\n            <div data-colibri-id=\"194-c12\" class=\"d-flex h-flex-basis h-column__inner h-px-lg-0 h-px-md-0 h-px-0 v-inner-lg-0 v-inner-md-0 v-inner-0 style-466 style-local-194-c12 position-relative\">\n              <!---->\n              <!---->\n              <div class=\"w-100 h-y-container h-column__content h-column__v-align flex-basis-100 align-self-lg-start align-self-md-start align-self-start\">\n                <!---->\n                <div data-colibri-id=\"194-c13\" class=\"d-block style-467 style-local-194-c13 position-relative h-element\">\n                  <!---->\n                  <div class=\"h-image__frame-container-outer\">\n                    <div class=\"h-image__frame-container\">\n                      <!---->\n                      <!---->\n                      <img decoding=\"async\" width=\"343\" height=\"343\" data-src=\"http:\/\/leandropinto.us\/LP\/es\/wp-content\/uploads\/sites\/6\/2024\/08\/cropped-Screenshot-2024-08-28-at-15-23-31-Accounting-and-taxes-\u2013-DR-LEANDRO-PINTO-LAW-FIRM.png\" class=\"wp-image-197 style-467-image style-local-194-c13-image lazyload\" alt=\"\" data-srcset=\"https:\/\/leandropinto.us\/LP\/es\/wp-content\/uploads\/sites\/6\/2024\/08\/cropped-Screenshot-2024-08-28-at-15-23-31-Accounting-and-taxes-\u2013-DR-LEANDRO-PINTO-LAW-FIRM.png 343w, https:\/\/leandropinto.us\/LP\/es\/wp-content\/uploads\/sites\/6\/2024\/08\/cropped-Screenshot-2024-08-28-at-15-23-31-Accounting-and-taxes-\u2013-DR-LEANDRO-PINTO-LAW-FIRM-300x300.png 300w, https:\/\/leandropinto.us\/LP\/es\/wp-content\/uploads\/sites\/6\/2024\/08\/cropped-Screenshot-2024-08-28-at-15-23-31-Accounting-and-taxes-\u2013-DR-LEANDRO-PINTO-LAW-FIRM-150x150.png 150w\" data-sizes=\"(max-width: 343px) 100vw, 343px\" src=\"data:image\/svg+xml;base64,PHN2ZyB3aWR0aD0iMSIgaGVpZ2h0PSIxIiB4bWxucz0iaHR0cDovL3d3dy53My5vcmcvMjAwMC9zdmciPjwvc3ZnPg==\" style=\"--smush-placeholder-width: 343px; --smush-placeholder-aspect-ratio: 343\/343;\" \/>\n                      <div class=\"h-image__frame h-hide-lg h-hide-md h-hide-sm style-467-frameImage style-local-194-c13-frameImage\"><\/div>\n                    <\/div>\n                  <\/div>\n                <\/div>\n                <div data-colibri-id=\"194-c14\" class=\"h-row-container gutters-row-lg-0 gutters-row-md-0 gutters-row-2 gutters-row-v-lg-0 gutters-row-v-md-0 gutters-row-v-2 style-468 style-local-194-c14 position-relative\">\n                  <!---->\n                  <div class=\"h-row justify-content-lg-center justify-content-md-center justify-content-center align-items-lg-stretch align-items-md-stretch align-items-stretch gutters-col-lg-0 gutters-col-md-0 gutters-col-2 gutters-col-v-lg-0 gutters-col-v-md-0 gutters-col-v-2\">\n                    <!---->\n                    <div class=\"h-column h-column-container d-flex h-col-lg-auto h-col-md-auto h-col-auto style-469-outer style-local-194-c15-outer\">\n                      <div data-colibri-id=\"194-c15\" class=\"d-flex h-flex-basis h-column__inner h-px-lg-2 h-px-md-3 h-px-2 v-inner-lg-2 v-inner-md-3 v-inner-2 style-469 style-local-194-c15 position-relative\">\n                        <!---->\n                        <!---->\n                        <div class=\"w-100 h-y-container h-column__content h-column__v-align flex-basis-100 align-self-lg-start align-self-md-start align-self-start\">\n                          <!---->\n                          <div data-colibri-id=\"194-c16\" class=\"h-global-transition-all h-heading style-470 style-local-194-c16 position-relative h-element\">\n                            <!---->\n                            <div class=\"h-heading__outer style-470 style-local-194-c16\">\n                              <!---->\n                              <!---->\n                              <h4 class=\"\">Soporte contable y fiscal reglamentario<\/h4>\n                            <\/div>\n                          <\/div>\n                          <div data-colibri-id=\"194-c17\" class=\"h-text h-text-component style-471 style-local-194-c17 position-relative h-element\">\n                            <!---->\n                            <!---->\n                            <div class=\"\">\n                              <p><strong>Servicios reglamentarios y reglamentarios globales y locales<\/strong><\/p>\n                              <p>Brindamos soporte integral en servicios legales y regulatorios, incluida la presentaci\u00f3n, presentaci\u00f3n de informes y preparaci\u00f3n de declaraciones.<\/p>\n                              <ul>\n                                <li>Servicios fiscales locales reglamentarios<\/li>\n                                <li>Servicios globales de contabilidad y cumplimiento tributario<\/li>\n                                <li>Servicios de impuestos sobre primas de seguros (IPT)<\/li>\n                              <\/ul>\n                              <p>\n                                <br>\n                              <\/p>\n                            <\/div>\n                          <\/div>\n                        <\/div>\n                      <\/div>\n                    <\/div>\n                  <\/div>\n                <\/div>\n              <\/div>\n            <\/div>\n          <\/div>\n          <div class=\"h-column h-column-container d-flex h-col-lg-4 h-col-md-6 h-col-12 style-466-outer style-local-194-c20-outer\">\n            <div data-colibri-id=\"194-c20\" class=\"d-flex h-flex-basis h-column__inner h-px-lg-0 h-px-md-0 h-px-0 v-inner-lg-0 v-inner-md-0 v-inner-0 style-466 style-local-194-c20 position-relative\">\n              <!---->\n              <!---->\n              <div class=\"w-100 h-y-container h-column__content h-column__v-align flex-basis-100 align-self-lg-start align-self-md-start align-self-start\">\n                <!---->\n                <div data-colibri-id=\"194-c21\" class=\"d-block style-467 style-local-194-c21 position-relative h-element\">\n                  <!---->\n                  <div class=\"h-image__frame-container-outer\">\n                    <div class=\"h-image__frame-container\">\n                      <!---->\n                      <!---->\n                      <img decoding=\"async\" width=\"379\" height=\"379\" data-src=\"http:\/\/leandropinto.us\/LP\/es\/wp-content\/uploads\/sites\/6\/2024\/08\/cropped-Screenshot-2024-08-28-at-15-23-36-Accounting-and-taxes-\u2013-DR-LEANDRO-PINTO-LAW-FIRM.png\" class=\"wp-image-198 style-467-image style-local-194-c21-image lazyload\" alt=\"\" data-srcset=\"https:\/\/leandropinto.us\/LP\/es\/wp-content\/uploads\/sites\/6\/2024\/08\/cropped-Screenshot-2024-08-28-at-15-23-36-Accounting-and-taxes-\u2013-DR-LEANDRO-PINTO-LAW-FIRM.png 379w, https:\/\/leandropinto.us\/LP\/es\/wp-content\/uploads\/sites\/6\/2024\/08\/cropped-Screenshot-2024-08-28-at-15-23-36-Accounting-and-taxes-\u2013-DR-LEANDRO-PINTO-LAW-FIRM-300x300.png 300w, https:\/\/leandropinto.us\/LP\/es\/wp-content\/uploads\/sites\/6\/2024\/08\/cropped-Screenshot-2024-08-28-at-15-23-36-Accounting-and-taxes-\u2013-DR-LEANDRO-PINTO-LAW-FIRM-150x150.png 150w\" data-sizes=\"(max-width: 379px) 100vw, 379px\" src=\"data:image\/svg+xml;base64,PHN2ZyB3aWR0aD0iMSIgaGVpZ2h0PSIxIiB4bWxucz0iaHR0cDovL3d3dy53My5vcmcvMjAwMC9zdmciPjwvc3ZnPg==\" style=\"--smush-placeholder-width: 379px; --smush-placeholder-aspect-ratio: 379\/379;\" \/>\n                      <div class=\"h-image__frame h-hide-lg h-hide-md h-hide-sm style-467-frameImage style-local-194-c21-frameImage\"><\/div>\n                    <\/div>\n                  <\/div>\n                <\/div>\n                <div data-colibri-id=\"194-c22\" class=\"h-row-container gutters-row-lg-0 gutters-row-md-0 gutters-row-2 gutters-row-v-lg-0 gutters-row-v-md-0 gutters-row-v-2 style-468 style-local-194-c22 position-relative\">\n                  <!---->\n                  <div class=\"h-row justify-content-lg-center justify-content-md-center justify-content-center align-items-lg-stretch align-items-md-stretch align-items-stretch gutters-col-lg-0 gutters-col-md-0 gutters-col-2 gutters-col-v-lg-0 gutters-col-v-md-0 gutters-col-v-2\">\n                    <!---->\n                    <div class=\"h-column h-column-container d-flex h-col-lg-auto h-col-md-auto h-col-auto style-469-outer style-local-194-c23-outer\">\n                      <div data-colibri-id=\"194-c23\" class=\"d-flex h-flex-basis h-column__inner h-px-lg-2 h-px-md-3 h-px-2 v-inner-lg-2 v-inner-md-3 v-inner-2 style-469 style-local-194-c23 position-relative\">\n                        <!---->\n                        <!---->\n                        <div class=\"w-100 h-y-container h-column__content h-column__v-align flex-basis-100 align-self-lg-start align-self-md-start align-self-start\">\n                          <!---->\n                          <div data-colibri-id=\"194-c24\" class=\"h-global-transition-all h-heading style-470 style-local-194-c24 position-relative h-element\">\n                            <!---->\n                            <div class=\"h-heading__outer style-470 style-local-194-c24\">\n                              <!---->\n                              <!---->\n                              <h4 class=\"\">Servicios de Asesor\u00eda Contable y Fiscal<\/h4>\n                            <\/div>\n                          <\/div>\n                          <div data-colibri-id=\"194-c25\" class=\"h-text h-text-component style-471 style-local-194-c25 position-relative h-element\">\n                            <!---->\n                            <!---->\n                            <div class=\"\">\n                              <p><strong>&nbsp;<\/strong>Brindamos orientaci\u00f3n experta sobre transformaci\u00f3n financiera, todas las cuestiones contables y fiscales, as\u00ed como soporte para la localizaci\u00f3n de sistemas ERP.<\/p>\n                              <ul>\n                                <li>Transformaci\u00f3n financiera<\/li>\n                                <li>Asesor\u00eda fiscal<\/li>\n                                <li>Localizaci\u00f3n de sistemas ERP.<\/li>\n                              <\/ul>\n                              <p>\n                                <br>\n                              <\/p>\n                            <\/div>\n                          <\/div>\n                        <\/div>\n                      <\/div>\n                    <\/div>\n                  <\/div>\n                <\/div>\n              <\/div>\n            <\/div>\n          <\/div>\n        <\/div>\n      <\/div>\n    <\/div>\n  <\/div>\n<\/div>","protected":false},"excerpt":{"rendered":"<p>Contabilidad e impuestos LEANDRO PINTO LAW FIRM ofrece una gama completa de servicios contables y tributarios que aseguran el cumplimiento de los est\u00e1ndares locales e internacionales. Estamos preparados para apoyarte en todas las fases de tu transformaci\u00f3n financiera. Nuestros servicios incluyen soporte de contabilidad transaccional, contabilidad legal local, asistencia fiscal y soluciones de asesoramiento contable [&hellip;]<\/p>\n","protected":false},"author":1,"featured_media":0,"parent":0,"menu_order":0,"comment_status":"closed","ping_status":"closed","template":"page-templates\/full-width-page.php","meta":{"footnotes":""},"class_list":["post-194","page","type-page","status-publish","hentry"],"_links":{"self":[{"href":"https:\/\/leandropinto.us\/LP\/es\/wp-json\/wp\/v2\/pages\/194","targetHints":{"allow":["GET"]}}],"collection":[{"href":"https:\/\/leandropinto.us\/LP\/es\/wp-json\/wp\/v2\/pages"}],"about":[{"href":"https:\/\/leandropinto.us\/LP\/es\/wp-json\/wp\/v2\/types\/page"}],"author":[{"embeddable":true,"href":"https:\/\/leandropinto.us\/LP\/es\/wp-json\/wp\/v2\/users\/1"}],"replies":[{"embeddable":true,"href":"https:\/\/leandropinto.us\/LP\/es\/wp-json\/wp\/v2\/comments?post=194"}],"version-history":[{"count":2,"href":"https:\/\/leandropinto.us\/LP\/es\/wp-json\/wp\/v2\/pages\/194\/revisions"}],"predecessor-version":[{"id":202,"href":"https:\/\/leandropinto.us\/LP\/es\/wp-json\/wp\/v2\/pages\/194\/revisions\/202"}],"wp:attachment":[{"href":"https:\/\/leandropinto.us\/LP\/es\/wp-json\/wp\/v2\/media?parent=194"}],"curies":[{"name":"wp","href":"https:\/\/api.w.org\/{rel}","templated":true}]}}