{"id":181,"date":"2024-08-29T17:08:12","date_gmt":"2024-08-29T17:08:12","guid":{"rendered":"https:\/\/leandropinto.us\/LP\/es\/?page_id=181"},"modified":"2024-08-29T17:11:11","modified_gmt":"2024-08-29T17:11:11","slug":"nuestros-servicios-globales","status":"publish","type":"page","link":"https:\/\/leandropinto.us\/LP\/es\/nuestros-servicios-globales\/","title":{"rendered":"Nuestros servicios globales"},"content":{"rendered":"<div data-colibri-id=\"181-c1\" class=\"style-448 style-local-181-c1 position-relative\">\n  <!---->\n  <div data-colibri-component=\"section\" data-colibri-id=\"181-c2\" id=\"features\" class=\"h-section h-section-global-spacing d-flex align-items-lg-center align-items-md-center align-items-center style-449 style-local-181-c2 position-relative\">\n    <!---->\n    <!---->\n    <div class=\"h-section-grid-container h-section-boxed-container\">\n      <div data-colibri-id=\"181-c28\" class=\"h-row-container gutters-row-lg-2 gutters-row-md-2 gutters-row-0 gutters-row-v-lg-2 gutters-row-v-md-2 gutters-row-v-2 style-459 style-local-181-c28 position-relative\">\n        <!---->\n        <div class=\"h-row justify-content-lg-center justify-content-md-center justify-content-center align-items-lg-stretch align-items-md-stretch align-items-stretch gutters-col-lg-2 gutters-col-md-2 gutters-col-0 gutters-col-v-lg-2 gutters-col-v-md-2 gutters-col-v-2\">\n          <!---->\n          <div class=\"h-column h-column-container d-flex h-col-lg-auto h-col-md-auto h-col-auto style-460-outer style-local-181-c29-outer\">\n            <div data-colibri-id=\"181-c29\" class=\"d-flex h-flex-basis h-column__inner h-px-lg-2 h-px-md-2 h-px-2 v-inner-lg-2 v-inner-md-2 v-inner-2 style-460 style-local-181-c29 position-relative\">\n              <!---->\n              <!---->\n              <div class=\"w-100 h-y-container h-column__content h-column__v-align flex-basis-100 align-self-lg-start align-self-md-start align-self-start\">\n                <!---->\n                <div data-colibri-id=\"181-c30\" class=\"h-global-transition-all h-heading style-461 style-local-181-c30 position-relative h-element\">\n                  <!---->\n                  <div class=\"h-heading__outer style-461 style-local-181-c30\">\n                    <!---->\n                    <!---->\n                    <h2 class=\"\">Nuestros servicios globales<\/h2>\n                  <\/div>\n                <\/div>\n                <div data-colibri-id=\"181-c31\" class=\"h-lead h-text h-text-component style-462 style-local-181-c31 position-relative h-element\">\n                  <!---->\n                  <!---->\n                  <div class=\"\">\n                    <p>LEANDRO PINTO LAW FIRM es un proveedor l\u00edder de servicios administrativos, dedicado a ayudar a los clientes a invertir y operar de forma segura a escala global.<\/p>\n                  <\/div>\n                <\/div>\n              <\/div>\n            <\/div>\n          <\/div>\n        <\/div>\n      <\/div>\n      <div data-colibri-id=\"181-c3\" class=\"h-row-container gutters-row-lg-2 gutters-row-md-2 gutters-row-2 gutters-row-v-lg-2 gutters-row-v-md-2 gutters-row-v-2 style-450 style-local-181-c3 position-relative\">\n        <!---->\n        <div class=\"h-row justify-content-lg-center justify-content-md-center justify-content-center align-items-lg-stretch align-items-md-stretch align-items-stretch gutters-col-lg-2 gutters-col-md-2 gutters-col-2 gutters-col-v-lg-2 gutters-col-v-md-2 gutters-col-v-2\">\n          <!---->\n          <div class=\"h-column h-column-container d-flex h-col-lg-4 h-col-md-6 h-col-12 style-451-outer style-local-181-c4-outer\">\n            <div data-colibri-id=\"181-c4\" class=\"d-flex h-flex-basis h-column__inner h-px-lg-0 h-px-md-0 h-px-0 v-inner-lg-0 v-inner-md-0 v-inner-0 style-451 style-local-181-c4 position-relative\">\n              <!---->\n              <!---->\n              <div class=\"w-100 h-y-container h-column__content h-column__v-align flex-basis-100 align-self-lg-start align-self-md-start align-self-start\">\n                <!---->\n                <div data-colibri-id=\"181-c5\" class=\"d-block style-452 style-local-181-c5 position-relative h-element\">\n                  <!---->\n                  <div class=\"h-image__frame-container-outer\">\n                    <div class=\"h-image__frame-container\">\n                      <!---->\n                      <!---->\n                      <img decoding=\"async\" data-src=\"http:\/\/leandropinto.us\/LP\/es\/wp-content\/uploads\/sites\/6\/2024\/08\/colibri-image-33.png\" class=\"wp-image-829 style-452-image style-local-181-c5-image lazyload\" alt=\"\" src=\"data:image\/svg+xml;base64,PHN2ZyB3aWR0aD0iMSIgaGVpZ2h0PSIxIiB4bWxucz0iaHR0cDovL3d3dy53My5vcmcvMjAwMC9zdmciPjwvc3ZnPg==\" style=\"--smush-placeholder-width: 640px; --smush-placeholder-aspect-ratio: 640\/426;\" \/>\n                      <div class=\"h-image__frame h-hide-lg h-hide-md h-hide-sm style-452-frameImage style-local-181-c5-frameImage\"><\/div>\n                    <\/div>\n                  <\/div>\n                <\/div>\n                <div data-colibri-id=\"181-c6\" class=\"h-row-container gutters-row-lg-0 gutters-row-md-0 gutters-row-2 gutters-row-v-lg-0 gutters-row-v-md-0 gutters-row-v-2 style-453 style-local-181-c6 position-relative\">\n                  <!---->\n                  <div class=\"h-row justify-content-lg-center justify-content-md-center justify-content-center align-items-lg-stretch align-items-md-stretch align-items-stretch gutters-col-lg-0 gutters-col-md-0 gutters-col-2 gutters-col-v-lg-0 gutters-col-v-md-0 gutters-col-v-2\">\n                    <!---->\n                    <div class=\"h-column h-column-container d-flex h-col-lg-auto h-col-md-auto h-col-auto style-454-outer style-local-181-c7-outer\">\n                      <div data-colibri-id=\"181-c7\" class=\"d-flex h-flex-basis h-column__inner h-px-lg-2 h-px-md-3 h-px-2 v-inner-lg-2 v-inner-md-3 v-inner-2 style-454 style-local-181-c7 position-relative\">\n                        <!---->\n                        <!---->\n                        <div class=\"w-100 h-y-container h-column__content h-column__v-align flex-basis-100 align-self-lg-start align-self-md-start align-self-start\">\n                          <!---->\n                          <div data-colibri-id=\"181-c9\" class=\"h-text h-text-component style-456 style-local-181-c9 position-relative h-element\">\n                            <!---->\n                            <!---->\n                            <div class=\"\">\n                              <p>Los servicios que brindamos se agrupan en ocho \u00e1reas principales de administraci\u00f3n de empresas. Nuestro modelo de entrega global \u00fanico significa que podemos cubrir una amplia gama de sectores diversos.<\/p>\n                            <\/div>\n                          <\/div>\n                        <\/div>\n                      <\/div>\n                    <\/div>\n                  <\/div>\n                <\/div>\n              <\/div>\n            <\/div>\n          <\/div>\n          <div class=\"h-column h-column-container d-flex h-col-lg-4 h-col-md-6 h-col-12 style-451-outer style-local-181-c12-outer\">\n            <div data-colibri-id=\"181-c12\" class=\"d-flex h-flex-basis h-column__inner h-px-lg-0 h-px-md-0 h-px-0 v-inner-lg-0 v-inner-md-0 v-inner-0 style-451 style-local-181-c12 position-relative\">\n              <!---->\n              <!---->\n              <div class=\"w-100 h-y-container h-column__content h-column__v-align flex-basis-100 align-self-lg-start align-self-md-start align-self-start\">\n                <!---->\n                <div data-colibri-id=\"181-c13\" class=\"d-block style-452 style-local-181-c13 position-relative h-element\">\n                  <!---->\n                  <div class=\"h-image__frame-container-outer\">\n                    <div class=\"h-image__frame-container\">\n                      <!---->\n                      <!---->\n                      <img decoding=\"async\" data-src=\"http:\/\/leandropinto.us\/LP\/es\/wp-content\/uploads\/sites\/6\/2024\/08\/colibri-image-34.png\" class=\"wp-image-810 style-452-image style-local-181-c13-image lazyload\" alt=\"\" src=\"data:image\/svg+xml;base64,PHN2ZyB3aWR0aD0iMSIgaGVpZ2h0PSIxIiB4bWxucz0iaHR0cDovL3d3dy53My5vcmcvMjAwMC9zdmciPjwvc3ZnPg==\" style=\"--smush-placeholder-width: 640px; --smush-placeholder-aspect-ratio: 640\/426;\" \/>\n                      <div class=\"h-image__frame h-hide-lg h-hide-md h-hide-sm style-452-frameImage style-local-181-c13-frameImage\"><\/div>\n                    <\/div>\n                  <\/div>\n                <\/div>\n                <div data-colibri-id=\"181-c14\" class=\"h-row-container gutters-row-lg-0 gutters-row-md-0 gutters-row-2 gutters-row-v-lg-0 gutters-row-v-md-0 gutters-row-v-2 style-453 style-local-181-c14 position-relative\">\n                  <!---->\n                  <div class=\"h-row justify-content-lg-center justify-content-md-center justify-content-center align-items-lg-stretch align-items-md-stretch align-items-stretch gutters-col-lg-0 gutters-col-md-0 gutters-col-2 gutters-col-v-lg-0 gutters-col-v-md-0 gutters-col-v-2\">\n                    <!---->\n                    <div class=\"h-column h-column-container d-flex h-col-lg-auto h-col-md-auto h-col-auto style-454-outer style-local-181-c15-outer\">\n                      <div data-colibri-id=\"181-c15\" class=\"d-flex h-flex-basis h-column__inner h-px-lg-2 h-px-md-3 h-px-2 v-inner-lg-2 v-inner-md-3 v-inner-2 style-454 style-local-181-c15 position-relative\">\n                        <!---->\n                        <!---->\n                        <div class=\"w-100 h-y-container h-column__content h-column__v-align flex-basis-100 align-self-lg-start align-self-md-start align-self-start\">\n                          <!---->\n                          <div data-colibri-id=\"181-c17\" class=\"h-text h-text-component style-456 style-local-181-c17 position-relative h-element\">\n                            <!---->\n                            <!---->\n                            <div class=\"\">\n                              <h2>\n                                <br>\n                              <\/h2>\n                              <p>Nuestro modelo de servicio global y nuestra plataforma tecnol\u00f3gica ponen a nuestros clientes en control de su cartera de entidades y ubicaciones globales. Los datos que proporcionamos nos mantienen informados sobre las regulaciones\n                                emergentes, el estado de su propio negocio y cualquier punto de riesgo.\n                                <br>\n                                <br>Atendemos a empresas, instituciones financieras, gestores de activos, inversores de capital privado e inmobiliario y family offices. Nuestros clientes incluyen la mayor\u00eda de las firmas de capital privado Fortune Global\n                                500, FTSE 100 y Top 300.<\/p>\n                            <\/div>\n                          <\/div>\n                        <\/div>\n                      <\/div>\n                    <\/div>\n                  <\/div>\n                <\/div>\n              <\/div>\n            <\/div>\n          <\/div>\n          <div class=\"h-column h-column-container d-flex h-col-lg-4 h-col-md-6 h-col-12 style-451-outer style-local-181-c20-outer\">\n            <div data-colibri-id=\"181-c20\" class=\"d-flex h-flex-basis h-column__inner h-px-lg-0 h-px-md-0 h-px-0 v-inner-lg-0 v-inner-md-0 v-inner-0 style-451 style-local-181-c20 position-relative\">\n              <!---->\n              <!---->\n              <div class=\"w-100 h-y-container h-column__content h-column__v-align flex-basis-100 align-self-lg-start align-self-md-start align-self-start\">\n                <!---->\n                <div data-colibri-id=\"181-c21\" class=\"d-block style-452 style-local-181-c21 position-relative h-element\">\n                  <!---->\n                  <div class=\"h-image__frame-container-outer\">\n                    <div class=\"h-image__frame-container\">\n                      <!---->\n                      <!---->\n                      <img decoding=\"async\" data-src=\"http:\/\/leandropinto.us\/LP\/es\/wp-content\/uploads\/sites\/6\/2024\/08\/colibri-image-32.png\" class=\"wp-image-827 style-452-image style-local-181-c21-image lazyload\" alt=\"\" src=\"data:image\/svg+xml;base64,PHN2ZyB3aWR0aD0iMSIgaGVpZ2h0PSIxIiB4bWxucz0iaHR0cDovL3d3dy53My5vcmcvMjAwMC9zdmciPjwvc3ZnPg==\" style=\"--smush-placeholder-width: 1920px; --smush-placeholder-aspect-ratio: 1920\/1280;\" \/>\n                      <div class=\"h-image__frame h-hide-lg h-hide-md h-hide-sm style-452-frameImage style-local-181-c21-frameImage\"><\/div>\n                    <\/div>\n                  <\/div>\n                <\/div>\n                <div data-colibri-id=\"181-c22\" class=\"h-row-container gutters-row-lg-0 gutters-row-md-0 gutters-row-2 gutters-row-v-lg-0 gutters-row-v-md-0 gutters-row-v-2 style-453 style-local-181-c22 position-relative\">\n                  <!---->\n                  <div class=\"h-row justify-content-lg-center justify-content-md-center justify-content-center align-items-lg-stretch align-items-md-stretch align-items-stretch gutters-col-lg-0 gutters-col-md-0 gutters-col-2 gutters-col-v-lg-0 gutters-col-v-md-0 gutters-col-v-2\">\n                    <!---->\n                    <div class=\"h-column h-column-container d-flex h-col-lg-auto h-col-md-auto h-col-auto style-454-outer style-local-181-c23-outer\">\n                      <div data-colibri-id=\"181-c23\" class=\"d-flex h-flex-basis h-column__inner h-px-lg-2 h-px-md-3 h-px-2 v-inner-lg-2 v-inner-md-3 v-inner-2 style-454 style-local-181-c23 position-relative\">\n                        <!---->\n                        <!---->\n                        <div class=\"w-100 h-y-container h-column__content h-column__v-align flex-basis-100 align-self-lg-start align-self-md-start align-self-start\">\n                          <!---->\n                          <div data-colibri-id=\"181-c24\" class=\"h-global-transition-all h-heading style-455 style-local-181-c24 position-relative h-element\">\n                            <!---->\n                            <div class=\"h-heading__outer style-455 style-local-181-c24\">\n                              <!---->\n                              <!---->\n                              <h4 class=\"\">Alcance global, conocimiento local<\/h4>\n                            <\/div>\n                          <\/div>\n                          <div data-colibri-id=\"181-c25\" class=\"h-text h-text-component style-456 style-local-181-c25 position-relative h-element\">\n                            <!---->\n                            <!---->\n                            <div class=\"\">\n                              <p>Con m\u00e1s de 11.000 colegas en m\u00e1s de 125 oficinas en 87 jurisdicciones, todos trabajando con los mismos altos est\u00e1ndares de servicio y seguridad, brindamos a nuestros clientes experiencia local donde m\u00e1s se necesita. Nuestras\n                                ubicaciones cubren el 92% del PIB mundial y el 95% del flujo de IED.\n                                <br>\n                                <br>Somos un actor fundamental en el gobierno de nuestros clientes, brindando servicios de contabilidad, impuestos, n\u00f3mina, administraci\u00f3n de fondos y gesti\u00f3n de personas jur\u00eddicas esenciales para su \u00e9xito. Nos aseguramos de\n                                que se sigan las reglas, se proteja la reputaci\u00f3n y se mantenga el cumplimiento operativo.<\/p>\n                            <\/div>\n                          <\/div>\n                        <\/div>\n                      <\/div>\n                    <\/div>\n                  <\/div>\n                <\/div>\n              <\/div>\n            <\/div>\n          <\/div>\n        <\/div>\n      <\/div>\n    <\/div>\n  <\/div>\n<\/div>","protected":false},"excerpt":{"rendered":"<p>Nuestros servicios globales LEANDRO PINTO LAW FIRM es un proveedor l\u00edder de servicios administrativos, dedicado a ayudar a los clientes a invertir y operar de forma segura a escala global. Los servicios que brindamos se agrupan en ocho \u00e1reas principales de administraci\u00f3n de empresas. Nuestro modelo de entrega global \u00fanico significa que podemos cubrir una [&hellip;]<\/p>\n","protected":false},"author":1,"featured_media":0,"parent":0,"menu_order":0,"comment_status":"closed","ping_status":"closed","template":"page-templates\/full-width-page.php","meta":{"footnotes":""},"class_list":["post-181","page","type-page","status-publish","hentry"],"_links":{"self":[{"href":"https:\/\/leandropinto.us\/LP\/es\/wp-json\/wp\/v2\/pages\/181","targetHints":{"allow":["GET"]}}],"collection":[{"href":"https:\/\/leandropinto.us\/LP\/es\/wp-json\/wp\/v2\/pages"}],"about":[{"href":"https:\/\/leandropinto.us\/LP\/es\/wp-json\/wp\/v2\/types\/page"}],"author":[{"embeddable":true,"href":"https:\/\/leandropinto.us\/LP\/es\/wp-json\/wp\/v2\/users\/1"}],"replies":[{"embeddable":true,"href":"https:\/\/leandropinto.us\/LP\/es\/wp-json\/wp\/v2\/comments?post=181"}],"version-history":[{"count":2,"href":"https:\/\/leandropinto.us\/LP\/es\/wp-json\/wp\/v2\/pages\/181\/revisions"}],"predecessor-version":[{"id":189,"href":"https:\/\/leandropinto.us\/LP\/es\/wp-json\/wp\/v2\/pages\/181\/revisions\/189"}],"wp:attachment":[{"href":"https:\/\/leandropinto.us\/LP\/es\/wp-json\/wp\/v2\/media?parent=181"}],"curies":[{"name":"wp","href":"https:\/\/api.w.org\/{rel}","templated":true}]}}