{"id":170,"date":"2024-08-29T17:01:20","date_gmt":"2024-08-29T17:01:20","guid":{"rendered":"https:\/\/leandropinto.us\/LP\/es\/?page_id=170"},"modified":"2024-08-29T17:07:40","modified_gmt":"2024-08-29T17:07:40","slug":"escrow-account","status":"publish","type":"page","link":"https:\/\/leandropinto.us\/LP\/es\/escrow-account\/","title":{"rendered":"Escrow Account"},"content":{"rendered":"<div data-colibri-id=\"170-c1\" class=\"style-424 style-local-170-c1 position-relative\">\n  <!---->\n  <div data-colibri-component=\"section\" data-colibri-id=\"170-c2\" id=\"overlappable\" class=\"h-section h-section-global-spacing d-flex align-items-lg-center align-items-md-center align-items-center style-425 style-local-170-c2 position-relative\">\n    <!---->\n    <!---->\n    <div class=\"h-section-grid-container h-section-boxed-container\">\n      <!---->\n      <div data-colibri-id=\"170-c16\" class=\"h-row-container gutters-row-lg-2 gutters-row-md-2 gutters-row-0 gutters-row-v-lg-2 gutters-row-v-md-2 gutters-row-v-2 style-431 style-local-170-c16 position-relative\">\n        <!---->\n        <div class=\"h-row justify-content-lg-center justify-content-md-center justify-content-center align-items-lg-stretch align-items-md-stretch align-items-stretch gutters-col-lg-2 gutters-col-md-2 gutters-col-0 gutters-col-v-lg-2 gutters-col-v-md-2 gutters-col-v-2\">\n          <!---->\n          <div class=\"h-column h-column-container d-flex h-col-lg-auto h-col-md-auto h-col-auto style-432-outer style-local-170-c17-outer\">\n            <div data-colibri-id=\"170-c17\" class=\"d-flex h-flex-basis h-column__inner h-px-lg-2 h-px-md-2 h-px-2 v-inner-lg-2 v-inner-md-2 v-inner-2 style-432 style-local-170-c17 position-relative\">\n              <!---->\n              <!---->\n              <div class=\"w-100 h-y-container h-column__content h-column__v-align flex-basis-100 align-self-lg-start align-self-md-start align-self-start\">\n                <!---->\n                <div data-colibri-id=\"170-c18\" class=\"h-text h-text-component style-433 style-local-170-c18 position-relative h-element\">\n                  <!---->\n                  <!---->\n                  <div class=\"\">\n                    <h2>\n                      <br>Cuenta de dep\u00f3sito en garant\u00eda<\/h2>\n                    <p>\n                      <br>\n                    <\/p>\n                  <\/div>\n                <\/div>\n              <\/div>\n            <\/div>\n          <\/div>\n        <\/div>\n      <\/div>\n      <div data-colibri-id=\"170-c3\" class=\"h-row-container gutters-row-lg-2 gutters-row-md-0 gutters-row-2 gutters-row-v-lg-2 gutters-row-v-md-0 gutters-row-v-2 style-426 style-local-170-c3 position-relative\">\n        <!---->\n        <div class=\"h-row justify-content-lg-center justify-content-md-center justify-content-center align-items-lg-stretch align-items-md-stretch align-items-stretch gutters-col-lg-2 gutters-col-md-0 gutters-col-2 gutters-col-v-lg-2 gutters-col-v-md-0 gutters-col-v-2\">\n          <!---->\n          <div class=\"h-column h-column-container d-flex h-col-lg-4 h-col-md-4 h-col-12 style-427-outer style-local-170-c4-outer\">\n            <div data-colibri-id=\"170-c4\" class=\"d-flex h-flex-basis h-column__inner h-px-lg-2 h-px-md-3 h-px-2 v-inner-lg-0 v-inner-md-3 v-inner-2 style-427 style-local-170-c4 position-relative\">\n              <!---->\n              <!---->\n              <div class=\"w-100 h-y-container h-column__content h-column__v-align flex-basis-100 align-self-lg-start align-self-md-start align-self-start\">\n                <!---->\n                <div data-colibri-id=\"170-c5\" class=\"h-icon style-428 style-local-170-c5 position-relative h-element\">\n                  <!----><span class=\"h-svg-icon h-icon__icon style-428-icon style-local-170-c5-icon\"><!--Icon by Font Awesome (https:\/\/fontawesome.com)-->\n    <svg version=\"1.1\" xmlns=\"http:\/\/www.w3.org\/2000\/svg\" xmlns:xlink=\"http:\/\/www.w3.org\/1999\/xlink\" id=\"refresh\" viewBox=\"0 0 1536 1896.0833\">\n      <path d=\"M1511 1056q0 5-1 7-64 268-268 434.5T764 1664q-146 0-282.5-55T238 1452l-129 129q-19 19-45 19t-45-19-19-45v-448q0-26 19-45t45-19h448q26 0 45 19t19 45-19 45l-137 137q71 66 161 102t187 36q134 0 250-65t186-179q11-17 53-117 8-23 30-23h192q13 0 22.5 9.5t9.5 22.5zm25-800v448q0 26-19 45t-45 19h-448q-26 0-45-19t-19-45 19-45l138-138Q969 384 768 384q-134 0-250 65T332 628q-11 17-53 117-8 23-30 23H50q-13 0-22.5-9.5T18 736v-7q65-268 270-434.5T768 128q146 0 284 55.5T1297 340l130-129q19-19 45-19t45 19 19 45z\"><\/path>\n    <\/svg><\/span><\/div>\n                <div data-colibri-id=\"170-c6\" class=\"h-global-transition-all h-heading style-429 style-local-170-c6 position-relative h-element\">\n                  <!---->\n                  <div class=\"h-heading__outer style-429 style-local-170-c6\">\n                    <!---->\n                    <!---->\n                    <h5 class=\"\">tranquilidad<\/h5>\n                  <\/div>\n                <\/div>\n                <div data-colibri-id=\"170-c7\" class=\"h-text h-text-component style-430 style-local-170-c7 position-relative h-element\">\n                  <!---->\n                  <!---->\n                  <div class=\"\">\n                    <p>Mayor flexibilidad y seguridad. Los pagos se realizan estrictamente de acuerdo con los t\u00e9rminos contractuales establecidos, brindando total tranquilidad y cumplimiento.<\/p>\n                  <\/div>\n                <\/div>\n              <\/div>\n            <\/div>\n          <\/div>\n          <div class=\"h-column h-column-container d-flex h-col-lg-4 h-col-md-4 h-col-12 style-427-outer style-local-170-c8-outer\">\n            <div data-colibri-id=\"170-c8\" class=\"d-flex h-flex-basis h-column__inner h-px-lg-2 h-px-md-3 h-px-2 v-inner-lg-0 v-inner-md-3 v-inner-2 style-427 style-local-170-c8 position-relative\">\n              <!---->\n              <!---->\n              <div class=\"w-100 h-y-container h-column__content h-column__v-align flex-basis-100 align-self-lg-start align-self-md-start align-self-start\">\n                <!---->\n                <div data-colibri-id=\"170-c9\" class=\"h-icon style-428 style-local-170-c9 position-relative h-element\">\n                  <!----><span class=\"h-svg-icon h-icon__icon style-428-icon style-local-170-c9-icon\"><!--Icon by Font Awesome (https:\/\/fontawesome.com)-->\n    <svg version=\"1.1\" xmlns=\"http:\/\/www.w3.org\/2000\/svg\" xmlns:xlink=\"http:\/\/www.w3.org\/1999\/xlink\" id=\"check\" viewBox=\"0 0 1792 1896.0833\">\n      <path d=\"M1671 566q0 40-28 68l-724 724-136 136q-28 28-68 28t-68-28l-136-136-362-362q-28-28-28-68t28-68l136-136q28-28 68-28t68 28l294 295 656-657q28-28 68-28t68 28l136 136q28 28 28 68z\"><\/path>\n    <\/svg><\/span><\/div>\n                <div data-colibri-id=\"170-c10\" class=\"h-global-transition-all h-heading style-429 style-local-170-c10 position-relative h-element\">\n                  <!---->\n                  <div class=\"h-heading__outer style-429 style-local-170-c10\">\n                    <!---->\n                    <!---->\n                    <h5 class=\"\">beneficiarios<\/h5>\n                  <\/div>\n                <\/div>\n                <div data-colibri-id=\"170-c11\" class=\"h-text h-text-component style-430 style-local-170-c11 position-relative h-element\">\n                  <!---->\n                  <!---->\n                  <div class=\"\">\n                    <p>El registro de cuentas de beneficiarios de terceros le permite personalizar el proceso de pago, adapt\u00e1ndolo con precisi\u00f3n a sus necesidades operativas espec\u00edficas.<\/p>\n                  <\/div>\n                <\/div>\n              <\/div>\n            <\/div>\n          <\/div>\n          <div class=\"h-column h-column-container d-flex h-col-lg-4 h-col-md-4 h-col-12 style-427-outer style-local-170-c12-outer\">\n            <div data-colibri-id=\"170-c12\" class=\"d-flex h-flex-basis h-column__inner h-px-lg-2 h-px-md-3 h-px-2 v-inner-lg-0 v-inner-md-3 v-inner-2 style-427 style-local-170-c12 position-relative\">\n              <!---->\n              <!---->\n              <div class=\"w-100 h-y-container h-column__content h-column__v-align flex-basis-100 align-self-lg-start align-self-md-start align-self-start\">\n                <!---->\n                <div data-colibri-id=\"170-c13\" class=\"h-icon style-428 style-local-170-c13 position-relative h-element\">\n                  <!----><span class=\"h-svg-icon h-icon__icon style-428-icon style-local-170-c13-icon\"><!--Icon by Font Awesome (https:\/\/fontawesome.com)-->\n    <svg version=\"1.1\" xmlns=\"http:\/\/www.w3.org\/2000\/svg\" xmlns:xlink=\"http:\/\/www.w3.org\/1999\/xlink\" id=\"user\" viewBox=\"0 0 1354.8114 1896.0833\">\n      <path d=\"M1280 1399q0 109-62.5 187t-150.5 78H213q-88 0-150.5-78T0 1399q0-85 8.5-160.5t31.5-152 58.5-131 94-89T327 832q131 128 313 128t313-128q76 0 134.5 34.5t94 89 58.5 131 31.5 152 8.5 160.5zm-256-887q0 159-112.5 271.5T640 896 368.5 783.5 256 512t112.5-271.5T640 128t271.5 112.5T1024 512z\"><\/path>\n    <\/svg><\/span><\/div>\n                <div data-colibri-id=\"170-c14\" class=\"h-global-transition-all h-heading style-429 style-local-170-c14 position-relative h-element\">\n                  <!---->\n                  <div class=\"h-heading__outer style-429 style-local-170-c14\">\n                    <!---->\n                    <!---->\n                    <h5 class=\"\">confianza<\/h5>\n                  <\/div>\n                <\/div>\n                <div data-colibri-id=\"170-c15\" class=\"h-text h-text-component style-430 style-local-170-c15 position-relative h-element\">\n                  <!---->\n                  <!---->\n                  <div class=\"\">\n                    <p>Simplifique y acelere la gesti\u00f3n de los beneficiarios financieros, al tiempo que fortalece la confianza entre las partes involucradas.<\/p>\n                  <\/div>\n                <\/div>\n              <\/div>\n            <\/div>\n          <\/div>\n        <\/div>\n      <\/div>\n    <\/div>\n  <\/div>\n  <div data-colibri-component=\"section\" data-colibri-id=\"170-c19\" id=\"content\" class=\"h-section h-section-global-spacing d-flex align-items-lg-center align-items-md-center align-items-center style-434 style-local-170-c19 position-relative\">\n    <!---->\n    <!---->\n    <div class=\"h-section-grid-container h-section-fluid-container\">\n      <!---->\n      <div data-colibri-id=\"170-c20\" class=\"h-row-container gutters-row-lg-0 gutters-row-md-0 gutters-row-2 gutters-row-v-lg-0 gutters-row-v-md-0 gutters-row-v-2 style-435 style-local-170-c20 position-relative\">\n        <!---->\n        <div class=\"h-row justify-content-lg-center justify-content-md-center justify-content-center align-items-lg-stretch align-items-md-stretch align-items-stretch gutters-col-lg-0 gutters-col-md-0 gutters-col-2 gutters-col-v-lg-0 gutters-col-v-md-0 gutters-col-v-2\">\n          <!---->\n          <div class=\"h-column h-column-container d-flex h-col-lg-auto h-col-md-auto h-col-auto style-436-outer style-local-170-c21-outer\">\n            <div data-colibri-id=\"170-c21\" class=\"d-flex h-flex-basis h-column__inner h-px-lg-0 h-px-md-0 h-px-0 v-inner-lg-0 v-inner-md-0 v-inner-0 style-436 style-local-170-c21 position-relative\">\n              <!---->\n              <!---->\n              <div class=\"w-100 h-y-container h-column__content h-column__v-align flex-basis-100 align-self-lg-start align-self-md-start align-self-start\">\n                <!---->\n                <div data-colibri-id=\"170-c22\" class=\"h-global-transition-all h-heading style-437 style-local-170-c22 position-relative h-element\">\n                  <!---->\n                  <div class=\"h-heading__outer style-437 style-local-170-c22\">\n                    <!---->\n                    <!---->\n                    <h4 class=\"\">Cuenta de dep\u00f3sito en garant\u00eda<\/h4>\n                  <\/div>\n                <\/div>\n                <div data-colibri-id=\"170-c23\" class=\"h-global-transition-all h-heading style-438 style-local-170-c23 position-relative h-element\">\n                  <!---->\n                  <div class=\"h-heading__outer style-438 style-local-170-c23\">\n                    <!---->\n                    <!---->\n                    <h2 class=\"\">The Secret of Success<\/h2>\n                  <\/div>\n                <\/div>\n                <div data-colibri-id=\"170-c24\" class=\"h-text h-text-component style-439 style-local-170-c24 position-relative h-element\">\n                  <!---->\n                  <!---->\n                  <div class=\"\">\n                    <p>La *Cuenta Escrow* es un instrumento fiduciario de incomparable complejidad y erudici\u00f3n, imbuido de flexibilidad jur\u00eddica y seguridad incomparable, ampliamente sancionado y utilizado en las m\u00e1s prestigiosas jurisdicciones, tanto a\n                      nivel nacional como internacional. Este mecanismo fiduciario opera como un baluarte imparcial, asegurando la ejecuci\u00f3n meticulosa e inmaculada de transacciones financieras y comerciales, perfectamente adaptable a diversas estructuras\n                      de gobernanza legal, ya sea en el contexto nacional o transfronterizo.<\/p>\n                  <\/div>\n                <\/div>\n                <div data-colibri-id=\"170-c25\" class=\"h-row-container gutters-row-lg-2 gutters-row-md-2 gutters-row-0 gutters-row-v-lg-2 gutters-row-v-md-2 gutters-row-v-0 style-440 style-local-170-c25 position-relative\">\n                  <!---->\n                  <div class=\"h-row justify-content-lg-center justify-content-md-center justify-content-center align-items-lg-stretch align-items-md-stretch align-items-stretch gutters-col-lg-2 gutters-col-md-2 gutters-col-0 gutters-col-v-lg-2 gutters-col-v-md-2 gutters-col-v-0\">\n                    <!---->\n                    <div class=\"h-column h-column-container d-flex h-col-lg-6 h-col-md-6 h-col-6 style-441-outer style-local-170-c26-outer\">\n                      <div data-colibri-id=\"170-c26\" class=\"d-flex h-flex-basis h-column__inner h-px-lg-0 h-px-md-0 h-px-0 v-inner-lg-0 v-inner-md-0 v-inner-0 style-441 style-local-170-c26 position-relative\">\n                        <!---->\n                        <!---->\n                        <div class=\"w-100 h-y-container h-column__content h-column__v-align flex-basis-100 align-self-lg-start align-self-md-start align-self-start\">\n                          <!---->\n                          <div data-colibri-id=\"170-c27\" class=\"h-global-transition-all h-heading style-442 style-local-170-c27 position-relative h-element\">\n                            <!---->\n                            <div class=\"h-heading__outer style-442 style-local-170-c27\">\n                              <!---->\n                              <!---->\n                              <h5 class=\"\">Bajo<\/h5>\n                            <\/div>\n                          <\/div>\n                          <div data-colibri-id=\"170-c28\" class=\"h-text h-text-component style-443 style-local-170-c28 position-relative h-element\">\n                            <!---->\n                            <!---->\n                            <div class=\"\">\n                              <p>Al amparo de esta disposici\u00f3n, los desembolsos se realizan con estricta sujeci\u00f3n a acuerdos contractuales previamente celebrados, asegurando indiscutiblemente el cumplimiento de las obligaciones estipuladas y otorgando a\n                                las partes involucradas una serenidad inconmensurable y un cumplimiento absoluto. La *Cuenta Escrow* trasciende su funci\u00f3n tradicional, estableci\u00e9ndose como una salvaguarda esencial para preservar la integridad y la buena\n                                fe en transacciones altamente complejas.<\/p>\n                            <\/div>\n                          <\/div>\n                        <\/div>\n                      <\/div>\n                    <\/div>\n                    <div class=\"h-column h-column-container d-flex h-col-lg-6 h-col-md-6 h-col-6 style-441-outer style-local-170-c29-outer\">\n                      <div data-colibri-id=\"170-c29\" class=\"d-flex h-flex-basis h-column__inner h-px-lg-0 h-px-md-0 h-px-0 v-inner-lg-0 v-inner-md-0 v-inner-0 style-441 style-local-170-c29 position-relative\">\n                        <!---->\n                        <!---->\n                        <div class=\"w-100 h-y-container h-column__content h-column__v-align flex-basis-100 align-self-lg-start align-self-md-start align-self-start\">\n                          <!---->\n                          <div data-colibri-id=\"170-c30\" class=\"h-global-transition-all h-heading style-442 style-local-170-c30 position-relative h-element\">\n                            <!---->\n                            <div class=\"h-heading__outer style-442 style-local-170-c30\">\n                              <!---->\n                              <!---->\n                              <h5 class=\"\">Acerca de<\/h5>\n                            <\/div>\n                          <\/div>\n                          <div data-colibri-id=\"170-c31\" class=\"h-text h-text-component style-443 style-local-170-c31 position-relative h-element\">\n                            <!---->\n                            <!---->\n                            <div class=\"\">\n                              <p>&nbsp;gobernanza, la *Cuenta de dep\u00f3sito en garant\u00eda* debe ajustarse diligentemente a los requisitos legislativos y regulatorios espec\u00edficos de la jurisdicci\u00f3n aplicable, abarcando el cumplimiento de las reglas contra el\n                                lavado de dinero (AML), los requisitos de cumplimiento y otros dictados regulatorios emitidos por las autoridades financieras competentes. En un escenario internacional, este marco fiduciario debe armonizarse con los tratados\n                                y convenios internacionales vigentes, observando escrupulosamente los est\u00e1ndares pertinentes de arbitraje y jurisdicci\u00f3n internacional.<\/p>\n                            <\/div>\n                          <\/div>\n                        <\/div>\n                      <\/div>\n                    <\/div>\n                    <div class=\"h-column h-column-container d-flex h-col-lg-6 h-col-md-6 h-col-6 style-441-outer style-local-170-c32-outer\">\n                      <div data-colibri-id=\"170-c32\" class=\"d-flex h-flex-basis h-column__inner h-px-lg-0 h-px-md-0 h-px-0 v-inner-lg-0 v-inner-md-0 v-inner-0 style-441 style-local-170-c32 position-relative\">\n                        <!---->\n                        <!---->\n                        <div class=\"w-100 h-y-container h-column__content h-column__v-align flex-basis-100 align-self-lg-start align-self-md-start align-self-start\">\n                          <!---->\n                          <div data-colibri-id=\"170-c33\" class=\"h-global-transition-all h-heading style-442 style-local-170-c33 position-relative h-element\">\n                            <!---->\n                            <div class=\"h-heading__outer style-442 style-local-170-c33\">\n                              <!---->\n                              <!---->\n                              <h5 class=\"\">este archivo<\/h5>\n                            <\/div>\n                          <\/div>\n                          <div data-colibri-id=\"170-c34\" class=\"h-text h-text-component style-443 style-local-170-c34 position-relative h-element\">\n                            <!---->\n                            <!---->\n                            <div class=\"\">\n                              <p>&nbsp;Lo legal es especialmente ventajoso en operaciones de fusiones y adquisiciones (M&amp;A), empresas conjuntas, financiaci\u00f3n de proyectos y transacciones inmobiliarias, donde la custodia y liberaci\u00f3n controlada de fondos\n                                o activos son de crucial importancia. La *Cuenta Escrow* permite realizar dichas operaciones con la m\u00e1s alta precisi\u00f3n, asegurando que los activos sean liberados s\u00f3lo despu\u00e9s del estricto cumplimiento de las condiciones\n                                suspensivas o resolutorias establecidas en los contratos subyacentes, tales como instrumentos de compra y venta, contratos de prestaci\u00f3n de servicios, entre otros. .<\/p>\n                            <\/div>\n                          <\/div>\n                        <\/div>\n                      <\/div>\n                    <\/div>\n                    <div class=\"h-column h-column-container d-flex h-col-lg-6 h-col-md-6 h-col-6 style-441-outer style-local-170-c35-outer\">\n                      <div data-colibri-id=\"170-c35\" class=\"d-flex h-flex-basis h-column__inner h-px-lg-0 h-px-md-0 h-px-0 v-inner-lg-0 v-inner-md-0 v-inner-0 style-441 style-local-170-c35 position-relative\">\n                        <!---->\n                        <!---->\n                        <div class=\"w-100 h-y-container h-column__content h-column__v-align flex-basis-100 align-self-lg-start align-self-md-start align-self-start\">\n                          <!---->\n                          <div data-colibri-id=\"170-c36\" class=\"h-global-transition-all h-heading style-442 style-local-170-c36 position-relative h-element\">\n                            <!---->\n                            <div class=\"h-heading__outer style-442 style-local-170-c36\">\n                              <!---->\n                              <!---->\n                              <h5 class=\"\">Adem\u00e1s<\/h5>\n                            <\/div>\n                          <\/div>\n                          <div data-colibri-id=\"170-c37\" class=\"h-text h-text-component style-443 style-local-170-c37 position-relative h-element\">\n                            <!---->\n                            <!---->\n                            <div class=\"\">\n                              <p>&nbsp;, en situaciones de disputa, la *Cuenta de dep\u00f3sito en garant\u00eda* juega un papel principal, asegurando que los fondos se mantengan en custodia segura durante la resoluci\u00f3n de disputas, ya sea a trav\u00e9s de arbitraje, mediaci\u00f3n\n                                o procedimientos judiciales. Su flexibilidad intr\u00ednseca permite una personalizaci\u00f3n detallada de los acuerdos de pago y liberaci\u00f3n de activos para satisfacer las necesidades espec\u00edficas de las partes involucradas.<\/p>\n                            <\/div>\n                          <\/div>\n                        <\/div>\n                      <\/div>\n                    <\/div>\n                  <\/div>\n                <\/div>\n              <\/div>\n            <\/div>\n          <\/div>\n          <div class=\"h-column h-column-container d-flex h-col-lg-auto h-col-md-auto h-col-auto style-444-outer style-local-170-c38-outer\">\n            <div data-colibri-id=\"170-c38\" class=\"d-flex h-flex-basis h-column__inner h-ui-empty-state-container h-px-lg-0 h-px-md-0 h-px-0 v-inner-lg-0 v-inner-md-0 v-inner-0 style-444 style-local-170-c38 position-relative\">\n              <!---->\n              <!---->\n              <div class=\"w-100 h-y-container h-column__content h-column__v-align flex-basis-100\">\n                <!---->\n              <\/div>\n            <\/div>\n          <\/div>\n        <\/div>\n      <\/div>\n      <div data-colibri-id=\"170-c39\" class=\"h-row-container gutters-row-lg-2 gutters-row-md-2 gutters-row-0 gutters-row-v-lg-2 gutters-row-v-md-2 gutters-row-v-2 style-445 style-local-170-c39 position-relative\">\n        <!---->\n        <div class=\"h-row justify-content-lg-center justify-content-md-center justify-content-center align-items-lg-stretch align-items-md-stretch align-items-stretch gutters-col-lg-2 gutters-col-md-2 gutters-col-0 gutters-col-v-lg-2 gutters-col-v-md-2 gutters-col-v-2\">\n          <!---->\n          <div class=\"h-column h-column-container d-flex h-col-lg-auto h-col-md-auto h-col-auto style-446-outer style-local-170-c40-outer\">\n            <div data-colibri-id=\"170-c40\" class=\"d-flex h-flex-basis h-column__inner h-px-lg-2 h-px-md-2 h-px-2 v-inner-lg-2 v-inner-md-2 v-inner-2 style-446 style-local-170-c40 position-relative\">\n              <!---->\n              <!---->\n              <div class=\"w-100 h-y-container h-column__content h-column__v-align flex-basis-100 align-self-lg-start align-self-md-start align-self-start\">\n                <!---->\n                <div data-colibri-id=\"170-c41\" class=\"h-text h-text-component style-447 style-local-170-c41 position-relative h-element\">\n                  <!---->\n                  <!---->\n                  <div class=\"\">\n                    <p> En definitiva, la *Cuenta Escrow* no s\u00f3lo garantiza la impecable ejecuci\u00f3n de las obligaciones contractuales, sino que tambi\u00e9n se erige como s\u00edmbolo de confianza y rectitud en negociaciones de alta complejidad, operando bajo los auspicios\n                      de los m\u00e1s rigurosos est\u00e1ndares de diligencia y cumplimiento, tanto en su alcance de la legislaci\u00f3n local y en cumplimiento de los preceptos normativos internacionales.<\/p>\n                  <\/div>\n                <\/div>\n              <\/div>\n            <\/div>\n          <\/div>\n        <\/div>\n      <\/div>\n    <\/div>\n  <\/div>\n<\/div>","protected":false},"excerpt":{"rendered":"<p>Cuenta de dep\u00f3sito en garant\u00eda tranquilidad Mayor flexibilidad y seguridad. Los pagos se realizan estrictamente de acuerdo con los t\u00e9rminos contractuales establecidos, brindando total tranquilidad y cumplimiento. beneficiarios El registro de cuentas de beneficiarios de terceros le permite personalizar el proceso de pago, adapt\u00e1ndolo con precisi\u00f3n a sus necesidades operativas espec\u00edficas. confianza Simplifique y acelere [&hellip;]<\/p>\n","protected":false},"author":1,"featured_media":0,"parent":0,"menu_order":0,"comment_status":"closed","ping_status":"closed","template":"page-templates\/full-width-page.php","meta":{"footnotes":""},"class_list":["post-170","page","type-page","status-publish","hentry"],"_links":{"self":[{"href":"https:\/\/leandropinto.us\/LP\/es\/wp-json\/wp\/v2\/pages\/170","targetHints":{"allow":["GET"]}}],"collection":[{"href":"https:\/\/leandropinto.us\/LP\/es\/wp-json\/wp\/v2\/pages"}],"about":[{"href":"https:\/\/leandropinto.us\/LP\/es\/wp-json\/wp\/v2\/types\/page"}],"author":[{"embeddable":true,"href":"https:\/\/leandropinto.us\/LP\/es\/wp-json\/wp\/v2\/users\/1"}],"replies":[{"embeddable":true,"href":"https:\/\/leandropinto.us\/LP\/es\/wp-json\/wp\/v2\/comments?post=170"}],"version-history":[{"count":2,"href":"https:\/\/leandropinto.us\/LP\/es\/wp-json\/wp\/v2\/pages\/170\/revisions"}],"predecessor-version":[{"id":176,"href":"https:\/\/leandropinto.us\/LP\/es\/wp-json\/wp\/v2\/pages\/170\/revisions\/176"}],"wp:attachment":[{"href":"https:\/\/leandropinto.us\/LP\/es\/wp-json\/wp\/v2\/media?parent=170"}],"curies":[{"name":"wp","href":"https:\/\/api.w.org\/{rel}","templated":true}]}}