{"id":142,"date":"2024-08-29T16:46:19","date_gmt":"2024-08-29T16:46:19","guid":{"rendered":"https:\/\/leandropinto.us\/LP\/es\/?page_id=142"},"modified":"2024-08-29T16:51:21","modified_gmt":"2024-08-29T16:51:21","slug":"comercio","status":"publish","type":"page","link":"https:\/\/leandropinto.us\/LP\/es\/comercio\/","title":{"rendered":"COMERCIO"},"content":{"rendered":"<div data-colibri-id=\"142-c1\" class=\"style-371 style-local-142-c1 position-relative\">\n  <!---->\n  <div data-colibri-component=\"section\" data-colibri-id=\"142-c2\" id=\"custom\" class=\"h-section h-section-global-spacing d-flex align-items-lg-center align-items-md-center align-items-center style-372 style-local-142-c2 position-relative\">\n    <!---->\n    <!---->\n    <div class=\"h-section-grid-container h-section-boxed-container\">\n      <!---->\n      <div data-colibri-id=\"142-c5\" class=\"h-row-container gutters-row-lg-2 gutters-row-md-2 gutters-row-0 gutters-row-v-lg-2 gutters-row-v-md-2 gutters-row-v-2 style-375 style-local-142-c5 position-relative\">\n        <!---->\n        <div class=\"h-row justify-content-lg-center justify-content-md-center justify-content-center align-items-lg-stretch align-items-md-stretch align-items-stretch gutters-col-lg-2 gutters-col-md-2 gutters-col-0 gutters-col-v-lg-2 gutters-col-v-md-2 gutters-col-v-2\">\n          <!---->\n          <div class=\"h-column h-column-container d-flex h-col-lg-auto h-col-md-auto h-col-auto style-376-outer style-local-142-c6-outer\">\n            <div data-colibri-id=\"142-c6\" class=\"d-flex h-flex-basis h-column__inner h-px-lg-2 h-px-md-2 h-px-2 v-inner-lg-2 v-inner-md-2 v-inner-2 style-376 style-local-142-c6 position-relative\">\n              <!---->\n              <!---->\n              <div class=\"w-100 h-y-container h-column__content h-column__v-align flex-basis-100 align-self-lg-start align-self-md-start align-self-start\">\n                <!---->\n                <div data-colibri-id=\"142-c7\" class=\"h-text h-text-component style-377 style-local-142-c7 position-relative h-element\">\n                  <!---->\n                  <!---->\n                  <div class=\"\">\n                    <h1>NUEVAS REGLAS DE NEGOCIO<\/h1>\n                    <p><strong>\u00a1Haciendo la negociaci\u00f3n m\u00e1s f\u00e1cil para empresas de todos los tama\u00f1os!<\/strong><\/p>\n                    <p>En LEANDRO PINTO LAW FIRM hacemos accesible la negociaci\u00f3n organizada a empresas de cualquier tama\u00f1o. Celebramos contratos en tiempo real, transformando sus productos en ganancias y adquisiciones en un proceso transparente y sencillo.<\/p>\n                    <p>Trabajamos estrictamente de acuerdo con la Ley Federal del 21 de noviembre de 2011 No. 325-FZ \u201cSobre Licitaciones Organizadas\u201d.<\/p>\n                    <p>\u00a1Experimente una nueva era de comercio efectivo y seguro con nosotros!<\/p>\n                    <p><strong>\u00bfC\u00d3MO EMPEZAR A TRABAJAR?<\/strong><\/p>\n                  <\/div>\n                <\/div>\n              <\/div>\n            <\/div>\n          <\/div>\n        <\/div>\n      <\/div>\n    <\/div>\n  <\/div>\n  <div data-colibri-component=\"section\" data-colibri-id=\"142-c8\" id=\"custom-2\" class=\"h-section h-section-global-spacing d-flex align-items-lg-center align-items-md-center align-items-center style-378 style-local-142-c8 position-relative\">\n    <!---->\n    <!---->\n    <div class=\"h-section-grid-container h-section-boxed-container\">\n      <!---->\n      <div data-colibri-id=\"142-c9\" class=\"h-row-container gutters-row-lg-2 gutters-row-md-2 gutters-row-0 gutters-row-v-lg-2 gutters-row-v-md-2 gutters-row-v-2 style-379 style-local-142-c9 position-relative\">\n        <!---->\n        <div class=\"h-row justify-content-lg-center justify-content-md-center justify-content-center align-items-lg-stretch align-items-md-stretch align-items-stretch gutters-col-lg-2 gutters-col-md-2 gutters-col-0 gutters-col-v-lg-2 gutters-col-v-md-2 gutters-col-v-2\">\n          <!---->\n          <div class=\"h-column h-column-container d-flex h-col-lg-auto h-col-md-auto h-col-auto style-380-outer style-local-142-c10-outer\">\n            <div data-colibri-id=\"142-c10\" class=\"d-flex h-flex-basis h-column__inner h-px-lg-2 h-px-md-2 h-px-2 v-inner-lg-2 v-inner-md-2 v-inner-2 style-380 style-local-142-c10 position-relative\">\n              <!---->\n              <!---->\n              <div class=\"w-100 h-y-container h-column__content h-column__v-align flex-basis-100 align-self-lg-start align-self-md-start align-self-start\">\n                <!---->\n                <div data-colibri-id=\"142-c16\" class=\"d-block style-386 style-local-142-c16 position-relative h-element\">\n                  <!---->\n                  <div class=\"h-image__frame-container-outer\">\n                    <div class=\"h-image__frame-container\">\n                      <!---->\n                      <!---->\n                      <img decoding=\"async\" width=\"456\" height=\"260\" data-src=\"http:\/\/leandropinto.us\/LP\/es\/wp-content\/uploads\/sites\/6\/2024\/08\/cropped-1.png\" class=\"wp-image-144 style-386-image style-local-142-c16-image lazyload\" alt=\"\" data-srcset=\"https:\/\/leandropinto.us\/LP\/es\/wp-content\/uploads\/sites\/6\/2024\/08\/cropped-1.png 456w, https:\/\/leandropinto.us\/LP\/es\/wp-content\/uploads\/sites\/6\/2024\/08\/cropped-1-300x171.png 300w\" data-sizes=\"(max-width: 456px) 100vw, 456px\" src=\"data:image\/svg+xml;base64,PHN2ZyB3aWR0aD0iMSIgaGVpZ2h0PSIxIiB4bWxucz0iaHR0cDovL3d3dy53My5vcmcvMjAwMC9zdmciPjwvc3ZnPg==\" style=\"--smush-placeholder-width: 456px; --smush-placeholder-aspect-ratio: 456\/260;\" \/>\n                      <div class=\"h-image__frame h-hide-lg h-hide-md h-hide-sm style-386-frameImage style-local-142-c16-frameImage\"><\/div>\n                    <\/div>\n                  <\/div>\n                <\/div>\n                <div data-colibri-id=\"142-c24\" class=\"h-text h-text-component style-394 style-local-142-c24 position-relative h-element\">\n                  <!---->\n                  <!---->\n                  <div class=\"\">\n                    <p>REGISTRO DE UNA EMPRESA<\/p>\n                  <\/div>\n                <\/div>\n              <\/div>\n            <\/div>\n          <\/div>\n          <div class=\"h-column h-column-container d-flex h-col-lg-auto h-col-md-auto h-col-auto style-381-outer style-local-142-c11-outer\">\n            <div data-colibri-id=\"142-c11\" class=\"d-flex h-flex-basis h-column__inner h-px-lg-2 h-px-md-2 h-px-2 v-inner-lg-2 v-inner-md-2 v-inner-2 style-381 style-local-142-c11 position-relative\">\n              <!---->\n              <!---->\n              <div class=\"w-100 h-y-container h-column__content h-column__v-align flex-basis-100 align-self-lg-start align-self-md-start align-self-start\">\n                <!---->\n                <div data-colibri-id=\"142-c19\" class=\"d-block style-389 style-local-142-c19 position-relative h-element\">\n                  <!---->\n                  <div class=\"h-image__frame-container-outer\">\n                    <div class=\"h-image__frame-container\">\n                      <!---->\n                      <!---->\n                      <img decoding=\"async\" width=\"456\" height=\"260\" data-src=\"http:\/\/leandropinto.us\/LP\/es\/wp-content\/uploads\/sites\/6\/2024\/08\/cropped-2.png\" class=\"wp-image-145 style-389-image style-local-142-c19-image lazyload\" alt=\"\" data-srcset=\"https:\/\/leandropinto.us\/LP\/es\/wp-content\/uploads\/sites\/6\/2024\/08\/cropped-2.png 456w, https:\/\/leandropinto.us\/LP\/es\/wp-content\/uploads\/sites\/6\/2024\/08\/cropped-2-300x171.png 300w\" data-sizes=\"(max-width: 456px) 100vw, 456px\" src=\"data:image\/svg+xml;base64,PHN2ZyB3aWR0aD0iMSIgaGVpZ2h0PSIxIiB4bWxucz0iaHR0cDovL3d3dy53My5vcmcvMjAwMC9zdmciPjwvc3ZnPg==\" style=\"--smush-placeholder-width: 456px; --smush-placeholder-aspect-ratio: 456\/260;\" \/>\n                      <div class=\"h-image__frame h-hide-lg h-hide-md h-hide-sm style-389-frameImage style-local-142-c19-frameImage\"><\/div>\n                    <\/div>\n                  <\/div>\n                <\/div>\n                <div data-colibri-id=\"142-c25\" class=\"h-text h-text-component style-395 style-local-142-c25 position-relative h-element\">\n                  <!---->\n                  <!---->\n                  <div class=\"\">\n                    <p>CONCLUIR UN ACUERDO<\/p>\n                  <\/div>\n                <\/div>\n              <\/div>\n            <\/div>\n          <\/div>\n          <div class=\"h-column h-column-container d-flex h-col-lg-auto h-col-md-auto h-col-auto style-382-outer style-local-142-c12-outer\">\n            <div data-colibri-id=\"142-c12\" class=\"d-flex h-flex-basis h-column__inner h-px-lg-2 h-px-md-2 h-px-2 v-inner-lg-2 v-inner-md-2 v-inner-2 style-382 style-local-142-c12 position-relative\">\n              <!---->\n              <!---->\n              <div class=\"w-100 h-y-container h-column__content h-column__v-align flex-basis-100 align-self-lg-start align-self-md-start align-self-start\">\n                <!---->\n                <div data-colibri-id=\"142-c20\" class=\"d-block style-390 style-local-142-c20 position-relative h-element\">\n                  <!---->\n                  <div class=\"h-image__frame-container-outer\">\n                    <div class=\"h-image__frame-container\">\n                      <!---->\n                      <!---->\n                      <img decoding=\"async\" width=\"456\" height=\"260\" data-src=\"http:\/\/leandropinto.us\/LP\/es\/wp-content\/uploads\/sites\/6\/2024\/08\/cropped-3.png\" class=\"wp-image-146 style-390-image style-local-142-c20-image lazyload\" alt=\"\" data-srcset=\"https:\/\/leandropinto.us\/LP\/es\/wp-content\/uploads\/sites\/6\/2024\/08\/cropped-3.png 456w, https:\/\/leandropinto.us\/LP\/es\/wp-content\/uploads\/sites\/6\/2024\/08\/cropped-3-300x171.png 300w\" data-sizes=\"(max-width: 456px) 100vw, 456px\" src=\"data:image\/svg+xml;base64,PHN2ZyB3aWR0aD0iMSIgaGVpZ2h0PSIxIiB4bWxucz0iaHR0cDovL3d3dy53My5vcmcvMjAwMC9zdmciPjwvc3ZnPg==\" style=\"--smush-placeholder-width: 456px; --smush-placeholder-aspect-ratio: 456\/260;\" \/>\n                      <div class=\"h-image__frame h-hide-lg h-hide-md h-hide-sm style-390-frameImage style-local-142-c20-frameImage\"><\/div>\n                    <\/div>\n                  <\/div>\n                <\/div>\n                <div data-colibri-id=\"142-c26\" class=\"h-text h-text-component style-396 style-local-142-c26 position-relative h-element\">\n                  <!---->\n                  <!---->\n                  <div class=\"\">\n                    <p>AGREGA TUS PRODUCTOS<\/p>\n                  <\/div>\n                <\/div>\n              <\/div>\n            <\/div>\n          <\/div>\n          <div class=\"h-column h-column-container d-flex h-col-lg-auto h-col-md-auto h-col-auto style-383-outer style-local-142-c13-outer\">\n            <div data-colibri-id=\"142-c13\" class=\"d-flex h-flex-basis h-column__inner h-px-lg-2 h-px-md-2 h-px-2 v-inner-lg-2 v-inner-md-2 v-inner-2 style-383 style-local-142-c13 position-relative\">\n              <!---->\n              <!---->\n              <div class=\"w-100 h-y-container h-column__content h-column__v-align flex-basis-100 align-self-lg-start align-self-md-start align-self-start\">\n                <!---->\n                <div data-colibri-id=\"142-c23\" class=\"d-block style-393 style-local-142-c23 position-relative h-element\">\n                  <!---->\n                  <div class=\"h-image__frame-container-outer\">\n                    <div class=\"h-image__frame-container\">\n                      <!---->\n                      <!---->\n                      <img decoding=\"async\" width=\"456\" height=\"260\" data-src=\"http:\/\/leandropinto.us\/LP\/es\/wp-content\/uploads\/sites\/6\/2024\/08\/cropped-4.png\" class=\"wp-image-147 style-393-image style-local-142-c23-image lazyload\" alt=\"\" data-srcset=\"https:\/\/leandropinto.us\/LP\/es\/wp-content\/uploads\/sites\/6\/2024\/08\/cropped-4.png 456w, https:\/\/leandropinto.us\/LP\/es\/wp-content\/uploads\/sites\/6\/2024\/08\/cropped-4-300x171.png 300w\" data-sizes=\"(max-width: 456px) 100vw, 456px\" src=\"data:image\/svg+xml;base64,PHN2ZyB3aWR0aD0iMSIgaGVpZ2h0PSIxIiB4bWxucz0iaHR0cDovL3d3dy53My5vcmcvMjAwMC9zdmciPjwvc3ZnPg==\" style=\"--smush-placeholder-width: 456px; --smush-placeholder-aspect-ratio: 456\/260;\" \/>\n                      <div class=\"h-image__frame h-hide-lg h-hide-md h-hide-sm style-393-frameImage style-local-142-c23-frameImage\"><\/div>\n                    <\/div>\n                  <\/div>\n                <\/div>\n                <div data-colibri-id=\"142-c27\" class=\"h-text h-text-component style-397 style-local-142-c27 position-relative h-element\">\n                  <!---->\n                  <!---->\n                  <div class=\"\">\n                    <p>PARTICIPAMOS EN NEGOCIOS<\/p>\n                  <\/div>\n                <\/div>\n              <\/div>\n            <\/div>\n          <\/div>\n        <\/div>\n      <\/div>\n    <\/div>\n  <\/div>\n<\/div>","protected":false},"excerpt":{"rendered":"<p>NUEVAS REGLAS DE NEGOCIO \u00a1Haciendo la negociaci\u00f3n m\u00e1s f\u00e1cil para empresas de todos los tama\u00f1os! En LEANDRO PINTO LAW FIRM hacemos accesible la negociaci\u00f3n organizada a empresas de cualquier tama\u00f1o. Celebramos contratos en tiempo real, transformando sus productos en ganancias y adquisiciones en un proceso transparente y sencillo. Trabajamos estrictamente de acuerdo con la Ley [&hellip;]<\/p>\n","protected":false},"author":1,"featured_media":0,"parent":0,"menu_order":0,"comment_status":"closed","ping_status":"closed","template":"page-templates\/full-width-page.php","meta":{"footnotes":""},"class_list":["post-142","page","type-page","status-publish","hentry"],"_links":{"self":[{"href":"https:\/\/leandropinto.us\/LP\/es\/wp-json\/wp\/v2\/pages\/142","targetHints":{"allow":["GET"]}}],"collection":[{"href":"https:\/\/leandropinto.us\/LP\/es\/wp-json\/wp\/v2\/pages"}],"about":[{"href":"https:\/\/leandropinto.us\/LP\/es\/wp-json\/wp\/v2\/types\/page"}],"author":[{"embeddable":true,"href":"https:\/\/leandropinto.us\/LP\/es\/wp-json\/wp\/v2\/users\/1"}],"replies":[{"embeddable":true,"href":"https:\/\/leandropinto.us\/LP\/es\/wp-json\/wp\/v2\/comments?post=142"}],"version-history":[{"count":2,"href":"https:\/\/leandropinto.us\/LP\/es\/wp-json\/wp\/v2\/pages\/142\/revisions"}],"predecessor-version":[{"id":151,"href":"https:\/\/leandropinto.us\/LP\/es\/wp-json\/wp\/v2\/pages\/142\/revisions\/151"}],"wp:attachment":[{"href":"https:\/\/leandropinto.us\/LP\/es\/wp-json\/wp\/v2\/media?parent=142"}],"curies":[{"name":"wp","href":"https:\/\/api.w.org\/{rel}","templated":true}]}}