{"id":132,"date":"2024-08-29T16:44:17","date_gmt":"2024-08-29T16:44:17","guid":{"rendered":"https:\/\/leandropinto.us\/LP\/es\/?page_id=132"},"modified":"2024-08-29T16:45:36","modified_gmt":"2024-08-29T16:45:36","slug":"ley-electoral","status":"publish","type":"page","link":"https:\/\/leandropinto.us\/LP\/es\/ley-electoral\/","title":{"rendered":"LEY ELECTORAL"},"content":{"rendered":"<div data-colibri-id=\"132-c1\" class=\"style-362 style-local-132-c1 position-relative\">\n  <!---->\n  <div data-colibri-component=\"section\" data-colibri-id=\"132-c2\" id=\"custom\" class=\"h-section h-section-global-spacing d-flex align-items-lg-center align-items-md-center align-items-center style-363 style-local-132-c2 position-relative\">\n    <!---->\n    <!---->\n    <div class=\"h-section-grid-container h-section-boxed-container\">\n      <!---->\n      <div data-colibri-id=\"132-c3\" class=\"h-row-container gutters-row-lg-2 gutters-row-md-2 gutters-row-0 gutters-row-v-lg-2 gutters-row-v-md-2 gutters-row-v-2 style-364 style-local-132-c3 position-relative\">\n        <!---->\n        <div class=\"h-row justify-content-lg-center justify-content-md-center justify-content-center align-items-lg-stretch align-items-md-stretch align-items-stretch gutters-col-lg-2 gutters-col-md-2 gutters-col-0 gutters-col-v-lg-2 gutters-col-v-md-2 gutters-col-v-2\">\n          <!---->\n          <div class=\"h-column h-column-container d-flex h-col-lg-auto h-col-md-auto h-col-auto style-365-outer style-local-132-c4-outer\">\n            <div data-colibri-id=\"132-c4\" class=\"d-flex h-flex-basis h-column__inner h-px-lg-2 h-px-md-2 h-px-2 v-inner-lg-2 v-inner-md-2 v-inner-2 style-365 style-local-132-c4 position-relative\">\n              <!---->\n              <!---->\n              <div class=\"w-100 h-y-container h-column__content h-column__v-align flex-basis-100 align-self-lg-start align-self-md-start align-self-start\">\n                <!---->\n                <div data-colibri-id=\"132-c6\" class=\"h-text h-text-component style-367 style-local-132-c6 position-relative h-element\">\n                  <!---->\n                  <!---->\n                  <div class=\"\">\n                    <h1>LEY ELECTORAL\n                      <br>\n                      <br>\n                    <\/h1>\n                    <p><strong>Asistencia en campa\u00f1as electorales<\/strong> , consultor\u00eda y litigio en todas las \u00e1reas (orientaci\u00f3n sobre prohibiciones legislativas, capacitaci\u00f3n de equipos, an\u00e1lisis de mensajes de precampa\u00f1a y campa\u00f1a electoral, orientaci\u00f3n\n                      sobre publicidad en redes sociales, propuesta y defensa de acciones relevantes para la disputa electoral, desempe\u00f1o en rendici\u00f3n de cuentas electorales. );<\/p>\n                    <p><strong>Proposici\u00f3n y defensa en procesos electorales en general<\/strong> (infracciones en propaganda electoral; acci\u00f3n de impugnaci\u00f3n de mandato electivo y acci\u00f3n de investigaci\u00f3n judicial electoral \u2013 abuso de poder econ\u00f3mico, abuso\n                      de poder pol\u00edtico y uso indebido de los medios de comunicaci\u00f3n; captura il\u00edcita de sufragio; irregularidades en la recaudaci\u00f3n). y gasto de recursos en campa\u00f1as;<\/p>\n                    <p>An\u00e1lisis previo de las condiciones de elegibilidad e inelegibilidad;<\/p>\n                    <p>Impugnaci\u00f3n y defensa en procesos de inscripci\u00f3n de candidaturas;<\/p>\n                    <p>Proponer y defender acciones para revocar un t\u00edtulo o mandato;<\/p>\n                    <p>Experiencia en procesos de juicio de cuentas electorales;<\/p>\n                    <p>Asistencia a empresas de investigaci\u00f3n electoral (orientaci\u00f3n sobre reglas electorales y sus plazos, labores de defensa en impugnaciones judiciales);<\/p>\n                    <p>Experiencia en procesos penales en materia electoral;<\/p>\n                    <p>Elaboraci\u00f3n de dict\u00e1menes en materia electoral;<\/p>\n                  <\/div>\n                <\/div>\n              <\/div>\n            <\/div>\n          <\/div>\n          <div class=\"h-column h-column-container d-flex h-col-lg-auto h-col-md-auto h-col-auto style-366-outer style-local-132-c5-outer\">\n            <div data-colibri-id=\"132-c5\" class=\"d-flex h-flex-basis h-column__inner h-px-lg-2 h-px-md-2 h-px-2 v-inner-lg-2 v-inner-md-2 v-inner-2 style-366 style-local-132-c5 position-relative\">\n              <!---->\n              <!---->\n              <div class=\"w-100 h-y-container h-column__content h-column__v-align flex-basis-100 align-self-lg-start align-self-md-start align-self-start\">\n                <!---->\n                <div data-colibri-id=\"132-c9\" class=\"h-text h-text-component style-370 style-local-132-c9 position-relative h-element\">\n                  <!---->\n                  <!---->\n                  <div class=\"\">\n                    <h1>RESPONSABILIDAD ELECTORAL<\/h1>\n                    <p>Compromiso con la transparencia y responsabilidad en la rendici\u00f3n de cuentas, de acuerdo con la Resoluci\u00f3n N\u00b0 23.731.<\/p>\n                    <p>\uf0b7 Estricto cumplimiento de los plazos establecidos por la Resoluci\u00f3n N\u00b0 23.731 para la entrega de informes de rendici\u00f3n de cuentas, asegurando as\u00ed el cumplimiento legal y la transparencia en el proceso.<\/p>\n                    <p>\uf0b7 Detalle claro y transparente de los gastos de campa\u00f1a, de acuerdo con los formatos y est\u00e1ndares definidos en la Resoluci\u00f3n, asegurando la exactitud e integridad de la informaci\u00f3n financiera.<\/p>\n                    <p>\uf0b7 Apoyo a auditor\u00edas independientes para garantizar la integridad de los informes.<\/p>\n                    <p>\uf0b7 Disponibilidad de informaci\u00f3n para consulta p\u00fablica de conformidad con la Resoluci\u00f3n.<\/p>\n                    <p>\uf0b7 Aclaraci\u00f3n de dudas sobre los procedimientos de Resoluci\u00f3n y rendici\u00f3n de cuentas.<\/p>\n                    <p>\uf0b7 Basar la campa\u00f1a en principios \u00e9ticos y de transparencia, en pleno cumplimiento de los lineamientos y requisitos de la Resoluci\u00f3n, reforzando el compromiso con la equidad e integridad de la elecci\u00f3n.<\/p>\n                    <p>\uf0b7 Estricto cumplimiento de plazos y obligaciones para garantizar la legitimidad electoral.<\/p>\n                  <\/div>\n                <\/div>\n              <\/div>\n            <\/div>\n          <\/div>\n        <\/div>\n      <\/div>\n    <\/div>\n  <\/div>\n<\/div>","protected":false},"excerpt":{"rendered":"<p>LEY ELECTORAL Asistencia en campa\u00f1as electorales , consultor\u00eda y litigio en todas las \u00e1reas (orientaci\u00f3n sobre prohibiciones legislativas, capacitaci\u00f3n de equipos, an\u00e1lisis de mensajes de precampa\u00f1a y campa\u00f1a electoral, orientaci\u00f3n sobre publicidad en redes sociales, propuesta y defensa de acciones relevantes para la disputa electoral, desempe\u00f1o en rendici\u00f3n de cuentas electorales. ); Proposici\u00f3n y defensa [&hellip;]<\/p>\n","protected":false},"author":1,"featured_media":0,"parent":0,"menu_order":0,"comment_status":"closed","ping_status":"closed","template":"page-templates\/full-width-page.php","meta":{"footnotes":""},"class_list":["post-132","page","type-page","status-publish","hentry"],"_links":{"self":[{"href":"https:\/\/leandropinto.us\/LP\/es\/wp-json\/wp\/v2\/pages\/132","targetHints":{"allow":["GET"]}}],"collection":[{"href":"https:\/\/leandropinto.us\/LP\/es\/wp-json\/wp\/v2\/pages"}],"about":[{"href":"https:\/\/leandropinto.us\/LP\/es\/wp-json\/wp\/v2\/types\/page"}],"author":[{"embeddable":true,"href":"https:\/\/leandropinto.us\/LP\/es\/wp-json\/wp\/v2\/users\/1"}],"replies":[{"embeddable":true,"href":"https:\/\/leandropinto.us\/LP\/es\/wp-json\/wp\/v2\/comments?post=132"}],"version-history":[{"count":2,"href":"https:\/\/leandropinto.us\/LP\/es\/wp-json\/wp\/v2\/pages\/132\/revisions"}],"predecessor-version":[{"id":137,"href":"https:\/\/leandropinto.us\/LP\/es\/wp-json\/wp\/v2\/pages\/132\/revisions\/137"}],"wp:attachment":[{"href":"https:\/\/leandropinto.us\/LP\/es\/wp-json\/wp\/v2\/media?parent=132"}],"curies":[{"name":"wp","href":"https:\/\/api.w.org\/{rel}","templated":true}]}}